{"id":10392,"date":"2023-11-07T11:17:59","date_gmt":"2023-11-07T11:17:59","guid":{"rendered":"https:\/\/raubonys.lt\/?page_id=10392"},"modified":"2023-11-09T11:02:45","modified_gmt":"2023-11-09T09:02:45","slug":"bendruomenes-renginiai","status":"publish","type":"page","link":"https:\/\/raubonys.lt\/en\/bendruomenes-renginiai\/","title":{"rendered":"Bendruomen\u0117s renginiai"},"content":{"rendered":"<div data-elementor-type=\"wp-page\" data-elementor-id=\"10392\" class=\"elementor elementor-10392\">\n\t\t\t\t\t\t<section class=\"elementor-section elementor-top-section elementor-element elementor-element-78f1e4a elementor-section-boxed elementor-section-height-default elementor-section-height-default\" data-id=\"78f1e4a\" data-element_type=\"section\" data-e-type=\"section\">\n\t\t\t\t\t\t<div class=\"elementor-container elementor-column-gap-default\">\n\t\t\t\t\t<div class=\"elementor-column elementor-col-100 elementor-top-column elementor-element elementor-element-aeac613\" data-id=\"aeac613\" data-element_type=\"column\" data-e-type=\"column\">\n\t\t\t<div class=\"elementor-widget-wrap elementor-element-populated\">\n\t\t\t\t\t\t<div class=\"elementor-element elementor-element-ca263f8 elementor-widget elementor-widget-ova_heading\" data-id=\"ca263f8\" data-element_type=\"widget\" data-e-type=\"widget\" data-widget_type=\"ova_heading.default\">\n\t\t\t\t<div class=\"elementor-widget-container\">\n\t\t\t\t\t\t\t<div class=\"ova-heading\">\n\t\t\t\n\t\t\t\t\t\t\t<h3 class=\"title second_font\">Community events archive<\/h3>\n\t\t\t\n\t\t\t\n\t\t<\/div>\n\t\t\t\t\t\t<\/div>\n\t\t\t\t<\/div>\n\t\t\t\t\t<\/div>\n\t\t<\/div>\n\t\t\t\t\t<\/div>\n\t\t<\/section>\n\t\t\t\t<section class=\"elementor-section elementor-top-section elementor-element elementor-element-1aeb960 elementor-section-boxed elementor-section-height-default elementor-section-height-default\" data-id=\"1aeb960\" data-element_type=\"section\" data-e-type=\"section\">\n\t\t\t\t\t\t<div class=\"elementor-container elementor-column-gap-default\">\n\t\t\t\t\t<div class=\"elementor-column elementor-col-25 elementor-top-column elementor-element elementor-element-09950ec\" data-id=\"09950ec\" data-element_type=\"column\" data-e-type=\"column\">\n\t\t\t<div class=\"elementor-widget-wrap elementor-element-populated\">\n\t\t\t\t\t\t<div class=\"elementor-element elementor-element-0011924 elementor-widget__width-auto elementor-widget elementor-widget-ova_feature_box\" data-id=\"0011924\" data-element_type=\"widget\" data-e-type=\"widget\" data-widget_type=\"ova_feature_box.default\">\n\t\t\t\t<div class=\"elementor-widget-container\">\n\t\t\t\t\t\t\t<div class=\"ova_feature_box version_2\">\n\t\t\t<div class=\"ova-image\">\n\t\t\t\t<a href=\"https:\/\/raubonys.lt\/en\/bendruomenes-renginiai-2020\/\" title=\"Renginiai 2020 m.\">\n\t\t\t\t\t\t\t\t\t\t\t\t\t\t\t\t<span class=\"lnr lnr-menu-circle\"><\/span>\n\t\t\t\t\t\t\t\t\t<\/a>\n\t\t\t<\/div>\n\t\t\t<div class=\"ova-content\">\n\t\t\t\t<h3 class=\"title\">\n\t\t\t\t\t<a href=\"https:\/\/raubonys.lt\/en\/bendruomenes-renginiai-2020\/\">\n\t\t\t\t\t\tRenginiai 2020 m.\t\t\t\t\t<\/a>\n\t\t\t\t<\/h3>\n\t\t\t\t\t\t\t\t\t\t\t\t<\/div>\n\n\t\t<\/div>\n\t\t\t\t\t\t<\/div>\n\t\t\t\t<\/div>\n\t\t\t\t\t<\/div>\n\t\t<\/div>\n\t\t\t\t<div class=\"elementor-column elementor-col-25 elementor-top-column elementor-element elementor-element-d2870bb\" data-id=\"d2870bb\" data-element_type=\"column\" data-e-type=\"column\">\n\t\t\t<div class=\"elementor-widget-wrap elementor-element-populated\">\n\t\t\t\t\t\t<div class=\"elementor-element elementor-element-e42b7a6 elementor-widget__width-auto elementor-widget elementor-widget-ova_feature_box\" data-id=\"e42b7a6\" data-element_type=\"widget\" data-e-type=\"widget\" data-widget_type=\"ova_feature_box.default\">\n\t\t\t\t<div class=\"elementor-widget-container\">\n\t\t\t\t\t\t\t<div class=\"ova_feature_box version_2\">\n\t\t\t<div class=\"ova-image\">\n\t\t\t\t<a href=\"https:\/\/raubonys.lt\/en\/bendruomenes-renginiai-2019\/\" title=\"Renginiai 2019 m.\">\n\t\t\t\t\t\t\t\t\t\t\t\t\t\t\t\t<span class=\"lnr lnr-menu-circle\"><\/span>\n\t\t\t\t\t\t\t\t\t<\/a>\n\t\t\t<\/div>\n\t\t\t<div class=\"ova-content\">\n\t\t\t\t<h3 class=\"title\">\n\t\t\t\t\t<a href=\"https:\/\/raubonys.lt\/en\/bendruomenes-renginiai-2019\/\">\n\t\t\t\t\t\tRenginiai 2019 m.\t\t\t\t\t<\/a>\n\t\t\t\t<\/h3>\n\t\t\t\t\t\t\t\t\t\t\t\t<\/div>\n\n\t\t<\/div>\n\t\t\t\t\t\t<\/div>\n\t\t\t\t<\/div>\n\t\t\t\t\t<\/div>\n\t\t<\/div>\n\t\t\t\t<div class=\"elementor-column elementor-col-25 elementor-top-column elementor-element elementor-element-c85cb1f\" data-id=\"c85cb1f\" data-element_type=\"column\" data-e-type=\"column\">\n\t\t\t<div class=\"elementor-widget-wrap elementor-element-populated\">\n\t\t\t\t\t\t<div class=\"elementor-element elementor-element-0496bc5 elementor-widget__width-auto elementor-widget elementor-widget-ova_feature_box\" data-id=\"0496bc5\" data-element_type=\"widget\" data-e-type=\"widget\" data-widget_type=\"ova_feature_box.default\">\n\t\t\t\t<div class=\"elementor-widget-container\">\n\t\t\t\t\t\t\t<div class=\"ova_feature_box version_2\">\n\t\t\t<div class=\"ova-image\">\n\t\t\t\t<a href=\"https:\/\/raubonys.lt\/en\/bendruomenes-renginiai-2018\/\" title=\"Renginiai 2018 m.\">\n\t\t\t\t\t\t\t\t\t\t\t\t\t\t\t\t<span class=\"lnr lnr-menu-circle\"><\/span>\n\t\t\t\t\t\t\t\t\t<\/a>\n\t\t\t<\/div>\n\t\t\t<div class=\"ova-content\">\n\t\t\t\t<h3 class=\"title\">\n\t\t\t\t\t<a href=\"https:\/\/raubonys.lt\/en\/bendruomenes-renginiai-2018\/\">\n\t\t\t\t\t\tRenginiai 2018 m.\t\t\t\t\t<\/a>\n\t\t\t\t<\/h3>\n\t\t\t\t\t\t\t\t\t\t\t\t<\/div>\n\n\t\t<\/div>\n\t\t\t\t\t\t<\/div>\n\t\t\t\t<\/div>\n\t\t\t\t\t<\/div>\n\t\t<\/div>\n\t\t\t\t<div class=\"elementor-column elementor-col-25 elementor-top-column elementor-element elementor-element-ab29f4c\" data-id=\"ab29f4c\" data-element_type=\"column\" data-e-type=\"column\">\n\t\t\t<div class=\"elementor-widget-wrap elementor-element-populated\">\n\t\t\t\t\t\t<div class=\"elementor-element elementor-element-594f05e elementor-widget__width-auto elementor-widget elementor-widget-ova_feature_box\" data-id=\"594f05e\" data-element_type=\"widget\" data-e-type=\"widget\" data-widget_type=\"ova_feature_box.default\">\n\t\t\t\t<div class=\"elementor-widget-container\">\n\t\t\t\t\t\t\t<div class=\"ova_feature_box version_2\">\n\t\t\t<div class=\"ova-image\">\n\t\t\t\t<a href=\"https:\/\/raubonys.lt\/en\/bendruomenes-renginiai-2017\/\" title=\"Renginiai 2017 m.\">\n\t\t\t\t\t\t\t\t\t\t\t\t\t\t\t\t<span class=\"lnr lnr-menu-circle\"><\/span>\n\t\t\t\t\t\t\t\t\t<\/a>\n\t\t\t<\/div>\n\t\t\t<div class=\"ova-content\">\n\t\t\t\t<h3 class=\"title\">\n\t\t\t\t\t<a href=\"https:\/\/raubonys.lt\/en\/bendruomenes-renginiai-2017\/\">\n\t\t\t\t\t\tRenginiai 2017 m.\t\t\t\t\t<\/a>\n\t\t\t\t<\/h3>\n\t\t\t\t\t\t\t\t\t\t\t\t<\/div>\n\n\t\t<\/div>\n\t\t\t\t\t\t<\/div>\n\t\t\t\t<\/div>\n\t\t\t\t\t<\/div>\n\t\t<\/div>\n\t\t\t\t\t<\/div>\n\t\t<\/section>\n\t\t\t\t<section class=\"elementor-section elementor-top-section elementor-element elementor-element-0261366 elementor-section-boxed elementor-section-height-default elementor-section-height-default\" data-id=\"0261366\" data-element_type=\"section\" data-e-type=\"section\">\n\t\t\t\t\t\t<div class=\"elementor-container elementor-column-gap-default\">\n\t\t\t\t\t<div class=\"elementor-column elementor-col-25 elementor-top-column elementor-element elementor-element-672026d\" data-id=\"672026d\" data-element_type=\"column\" data-e-type=\"column\">\n\t\t\t<div class=\"elementor-widget-wrap elementor-element-populated\">\n\t\t\t\t\t\t<div class=\"elementor-element elementor-element-056962a elementor-widget__width-auto elementor-widget elementor-widget-ova_feature_box\" data-id=\"056962a\" data-element_type=\"widget\" data-e-type=\"widget\" data-widget_type=\"ova_feature_box.default\">\n\t\t\t\t<div class=\"elementor-widget-container\">\n\t\t\t\t\t\t\t<div class=\"ova_feature_box version_2\">\n\t\t\t<div class=\"ova-image\">\n\t\t\t\t<a href=\"https:\/\/raubonys.lt\/en\/bendruomenes-renginiai-2016\/\" title=\"Renginiai 2016 m.\">\n\t\t\t\t\t\t\t\t\t\t\t\t\t\t\t\t<span class=\"lnr lnr-menu-circle\"><\/span>\n\t\t\t\t\t\t\t\t\t<\/a>\n\t\t\t<\/div>\n\t\t\t<div class=\"ova-content\">\n\t\t\t\t<h3 class=\"title\">\n\t\t\t\t\t<a href=\"https:\/\/raubonys.lt\/en\/bendruomenes-renginiai-2016\/\">\n\t\t\t\t\t\tRenginiai 2016 m.\t\t\t\t\t<\/a>\n\t\t\t\t<\/h3>\n\t\t\t\t\t\t\t\t\t\t\t\t<\/div>\n\n\t\t<\/div>\n\t\t\t\t\t\t<\/div>\n\t\t\t\t<\/div>\n\t\t\t\t\t<\/div>\n\t\t<\/div>\n\t\t\t\t<div class=\"elementor-column elementor-col-25 elementor-top-column elementor-element elementor-element-3d37eda\" data-id=\"3d37eda\" data-element_type=\"column\" data-e-type=\"column\">\n\t\t\t<div class=\"elementor-widget-wrap elementor-element-populated\">\n\t\t\t\t\t\t<div class=\"elementor-element elementor-element-37e34e1 elementor-widget__width-auto elementor-widget elementor-widget-ova_feature_box\" data-id=\"37e34e1\" data-element_type=\"widget\" data-e-type=\"widget\" data-widget_type=\"ova_feature_box.default\">\n\t\t\t\t<div class=\"elementor-widget-container\">\n\t\t\t\t\t\t\t<div class=\"ova_feature_box version_2\">\n\t\t\t<div class=\"ova-image\">\n\t\t\t\t<a href=\"https:\/\/raubonys.lt\/en\/bendruomenes-renginiai-2015\/\" title=\"Renginiai 2015 m.\">\n\t\t\t\t\t\t\t\t\t\t\t\t\t\t\t\t<span class=\"lnr lnr-menu-circle\"><\/span>\n\t\t\t\t\t\t\t\t\t<\/a>\n\t\t\t<\/div>\n\t\t\t<div class=\"ova-content\">\n\t\t\t\t<h3 class=\"title\">\n\t\t\t\t\t<a href=\"https:\/\/raubonys.lt\/en\/bendruomenes-renginiai-2015\/\">\n\t\t\t\t\t\tRenginiai 2015 m.\t\t\t\t\t<\/a>\n\t\t\t\t<\/h3>\n\t\t\t\t\t\t\t\t\t\t\t\t<\/div>\n\n\t\t<\/div>\n\t\t\t\t\t\t<\/div>\n\t\t\t\t<\/div>\n\t\t\t\t\t<\/div>\n\t\t<\/div>\n\t\t\t\t<div class=\"elementor-column elementor-col-25 elementor-top-column elementor-element elementor-element-8b82ab1\" data-id=\"8b82ab1\" data-element_type=\"column\" data-e-type=\"column\">\n\t\t\t<div class=\"elementor-widget-wrap elementor-element-populated\">\n\t\t\t\t\t\t<div class=\"elementor-element elementor-element-8cfb0fa elementor-widget__width-auto elementor-widget elementor-widget-ova_feature_box\" data-id=\"8cfb0fa\" data-element_type=\"widget\" data-e-type=\"widget\" data-widget_type=\"ova_feature_box.default\">\n\t\t\t\t<div class=\"elementor-widget-container\">\n\t\t\t\t\t\t\t<div class=\"ova_feature_box version_2\">\n\t\t\t<div class=\"ova-image\">\n\t\t\t\t<a href=\"https:\/\/raubonys.lt\/en\/bendruomenes-renginiai-2014\/\" title=\"Renginiai 2014 m.\">\n\t\t\t\t\t\t\t\t\t\t\t\t\t\t\t\t<span class=\"lnr lnr-menu-circle\"><\/span>\n\t\t\t\t\t\t\t\t\t<\/a>\n\t\t\t<\/div>\n\t\t\t<div class=\"ova-content\">\n\t\t\t\t<h3 class=\"title\">\n\t\t\t\t\t<a href=\"https:\/\/raubonys.lt\/en\/bendruomenes-renginiai-2014\/\">\n\t\t\t\t\t\tRenginiai 2014 m.\t\t\t\t\t<\/a>\n\t\t\t\t<\/h3>\n\t\t\t\t\t\t\t\t\t\t\t\t<\/div>\n\n\t\t<\/div>\n\t\t\t\t\t\t<\/div>\n\t\t\t\t<\/div>\n\t\t\t\t\t<\/div>\n\t\t<\/div>\n\t\t\t\t<div class=\"elementor-column elementor-col-25 elementor-top-column elementor-element elementor-element-00635ed\" data-id=\"00635ed\" data-element_type=\"column\" data-e-type=\"column\">\n\t\t\t<div class=\"elementor-widget-wrap elementor-element-populated\">\n\t\t\t\t\t\t<div class=\"elementor-element elementor-element-49b9b9f elementor-widget__width-auto elementor-widget elementor-widget-ova_feature_box\" data-id=\"49b9b9f\" data-element_type=\"widget\" data-e-type=\"widget\" data-widget_type=\"ova_feature_box.default\">\n\t\t\t\t<div class=\"elementor-widget-container\">\n\t\t\t\t\t\t\t<div class=\"ova_feature_box version_2\">\n\t\t\t<div class=\"ova-image\">\n\t\t\t\t<a href=\"https:\/\/raubonys.lt\/en\/bendruomenes-renginiai-2013\/\" title=\"Renginiai 2013 m.\">\n\t\t\t\t\t\t\t\t\t\t\t\t\t\t\t\t<span class=\"lnr lnr-menu-circle\"><\/span>\n\t\t\t\t\t\t\t\t\t<\/a>\n\t\t\t<\/div>\n\t\t\t<div class=\"ova-content\">\n\t\t\t\t<h3 class=\"title\">\n\t\t\t\t\t<a href=\"https:\/\/raubonys.lt\/en\/bendruomenes-renginiai-2013\/\">\n\t\t\t\t\t\tRenginiai 2013 m.\t\t\t\t\t<\/a>\n\t\t\t\t<\/h3>\n\t\t\t\t\t\t\t\t\t\t\t\t<\/div>\n\n\t\t<\/div>\n\t\t\t\t\t\t<\/div>\n\t\t\t\t<\/div>\n\t\t\t\t\t<\/div>\n\t\t<\/div>\n\t\t\t\t\t<\/div>\n\t\t<\/section>\n\t\t\t\t<section class=\"elementor-section elementor-top-section elementor-element elementor-element-c00a6da elementor-section-boxed elementor-section-height-default elementor-section-height-default\" data-id=\"c00a6da\" data-element_type=\"section\" data-e-type=\"section\">\n\t\t\t\t\t\t<div class=\"elementor-container elementor-column-gap-default\">\n\t\t\t\t\t<div class=\"elementor-column elementor-col-25 elementor-top-column elementor-element elementor-element-ed49e77\" data-id=\"ed49e77\" data-element_type=\"column\" data-e-type=\"column\">\n\t\t\t<div class=\"elementor-widget-wrap elementor-element-populated\">\n\t\t\t\t\t\t<div class=\"elementor-element elementor-element-42227fb elementor-widget__width-auto elementor-widget elementor-widget-ova_feature_box\" data-id=\"42227fb\" data-element_type=\"widget\" data-e-type=\"widget\" data-widget_type=\"ova_feature_box.default\">\n\t\t\t\t<div class=\"elementor-widget-container\">\n\t\t\t\t\t\t\t<div class=\"ova_feature_box version_2\">\n\t\t\t<div class=\"ova-image\">\n\t\t\t\t<a href=\"https:\/\/raubonys.lt\/en\/bendruomenes-renginiai-2012\/\" title=\"Renginiai 2012 m.\">\n\t\t\t\t\t\t\t\t\t\t\t\t\t\t\t\t<span class=\"lnr lnr-menu-circle\"><\/span>\n\t\t\t\t\t\t\t\t\t<\/a>\n\t\t\t<\/div>\n\t\t\t<div class=\"ova-content\">\n\t\t\t\t<h3 class=\"title\">\n\t\t\t\t\t<a href=\"https:\/\/raubonys.lt\/en\/bendruomenes-renginiai-2012\/\">\n\t\t\t\t\t\tRenginiai 2012 m.\t\t\t\t\t<\/a>\n\t\t\t\t<\/h3>\n\t\t\t\t\t\t\t\t\t\t\t\t<\/div>\n\n\t\t<\/div>\n\t\t\t\t\t\t<\/div>\n\t\t\t\t<\/div>\n\t\t\t\t\t<\/div>\n\t\t<\/div>\n\t\t\t\t<div class=\"elementor-column elementor-col-25 elementor-top-column elementor-element elementor-element-2a1a6cf\" data-id=\"2a1a6cf\" data-element_type=\"column\" data-e-type=\"column\">\n\t\t\t<div class=\"elementor-widget-wrap elementor-element-populated\">\n\t\t\t\t\t\t<div class=\"elementor-element elementor-element-e347821 elementor-widget__width-auto elementor-widget elementor-widget-ova_feature_box\" data-id=\"e347821\" data-element_type=\"widget\" data-e-type=\"widget\" data-widget_type=\"ova_feature_box.default\">\n\t\t\t\t<div class=\"elementor-widget-container\">\n\t\t\t\t\t\t\t<div class=\"ova_feature_box version_2\">\n\t\t\t<div class=\"ova-image\">\n\t\t\t\t<a href=\"https:\/\/raubonys.lt\/en\/bendruomenes-renginiai-2011\/\" title=\"Renginiai 2011 m.\">\n\t\t\t\t\t\t\t\t\t\t\t\t\t\t\t\t<span class=\"lnr lnr-menu-circle\"><\/span>\n\t\t\t\t\t\t\t\t\t<\/a>\n\t\t\t<\/div>\n\t\t\t<div class=\"ova-content\">\n\t\t\t\t<h3 class=\"title\">\n\t\t\t\t\t<a href=\"https:\/\/raubonys.lt\/en\/bendruomenes-renginiai-2011\/\">\n\t\t\t\t\t\tRenginiai 2011 m.\t\t\t\t\t<\/a>\n\t\t\t\t<\/h3>\n\t\t\t\t\t\t\t\t\t\t\t\t<\/div>\n\n\t\t<\/div>\n\t\t\t\t\t\t<\/div>\n\t\t\t\t<\/div>\n\t\t\t\t\t<\/div>\n\t\t<\/div>\n\t\t\t\t<div class=\"elementor-column elementor-col-25 elementor-top-column elementor-element elementor-element-d028a04\" data-id=\"d028a04\" data-element_type=\"column\" data-e-type=\"column\">\n\t\t\t<div class=\"elementor-widget-wrap\">\n\t\t\t\t\t\t\t<\/div>\n\t\t<\/div>\n\t\t\t\t<div class=\"elementor-column elementor-col-25 elementor-top-column elementor-element elementor-element-633b7b4\" data-id=\"633b7b4\" data-element_type=\"column\" data-e-type=\"column\">\n\t\t\t<div class=\"elementor-widget-wrap\">\n\t\t\t\t\t\t\t<\/div>\n\t\t<\/div>\n\t\t\t\t\t<\/div>\n\t\t<\/section>\n\t\t\t\t<\/div>","protected":false},"excerpt":{"rendered":"<p>Bendruomen\u0117s rengini\u0173 archyvas Renginiai 2020 m. Renginiai 2019 m. Renginiai 2018 m. Renginiai 2017 m. Renginiai 2016 m. Renginiai 2015 m. Renginiai 2014 m. Renginiai 2013 m. Renginiai 2012 m. Renginiai 2011 m.<\/p>","protected":false},"author":1,"featured_media":5865,"parent":0,"menu_order":0,"comment_status":"closed","ping_status":"closed","template":"elementor_header_footer","meta":{"cybocfi_hide_featured_image":"","footnotes":""},"class_list":["post-10392","page","type-page","status-publish","has-post-thumbnail","hentry"],"yoast_head":"<!-- This site is optimized with the Yoast SEO plugin v27.0 - https:\/\/yoast.com\/product\/yoast-seo-wordpress\/ -->\n<title>Bendruomen\u0117s renginiai - Rauboni\u0173 bendruomen\u0117 ir kult\u016bros namai<\/title>\n<meta name=\"robots\" content=\"index, follow, max-snippet:-1, max-image-preview:large, max-video-preview:-1\" \/>\n<link rel=\"canonical\" href=\"https:\/\/raubonys.lt\/en\/bendruomenes-renginiai\/\" \/>\n<meta property=\"og:locale\" content=\"en_GB\" \/>\n<meta property=\"og:type\" content=\"article\" \/>\n<meta property=\"og:title\" content=\"Bendruomen\u0117s renginiai - Rauboni\u0173 bendruomen\u0117 ir kult\u016bros namai\" \/>\n<meta property=\"og:description\" content=\"Bendruomen\u0117s rengini\u0173 archyvas Renginiai 2020 m. Renginiai 2019 m. Renginiai 2018 m. Renginiai 2017 m. Renginiai 2016 m. Renginiai 2015 m. Renginiai 2014 m. Renginiai 2013 m. Renginiai 2012 m. Renginiai 2011 m.\" \/>\n<meta property=\"og:url\" content=\"https:\/\/raubonys.lt\/en\/bendruomenes-renginiai\/\" \/>\n<meta property=\"og:site_name\" content=\"Rauboni\u0173 bendruomen\u0117 ir kult\u016bros namai\" \/>\n<meta property=\"article:publisher\" content=\"https:\/\/www.facebook.com\/raubonys\/\" \/>\n<meta property=\"article:modified_time\" content=\"2023-11-09T09:02:45+00:00\" \/>\n<meta property=\"og:image\" content=\"https:\/\/raubonys.lt\/wp-content\/uploads\/2023\/10\/Rauboniu-malunas-XX-a.-4-des-scaled.jpg\" \/>\n\t<meta property=\"og:image:width\" content=\"2560\" \/>\n\t<meta property=\"og:image:height\" content=\"1564\" \/>\n\t<meta property=\"og:image:type\" content=\"image\/jpeg\" \/>\n<meta name=\"twitter:card\" content=\"summary_large_image\" \/>\n<meta name=\"twitter:label1\" content=\"Estimated reading time\" \/>\n\t<meta name=\"twitter:data1\" content=\"1 minute\" \/>\n<script type=\"application\/ld+json\" class=\"yoast-schema-graph\">{\"@context\":\"https:\/\/schema.org\",\"@graph\":[{\"@type\":\"WebPage\",\"@id\":\"https:\/\/raubonys.lt\/bendruomenes-renginiai\/\",\"url\":\"https:\/\/raubonys.lt\/bendruomenes-renginiai\/\",\"name\":\"Bendruomen\u0117s renginiai - Rauboni\u0173 bendruomen\u0117 ir kult\u016bros namai\",\"isPartOf\":{\"@id\":\"https:\/\/raubonys.lt\/#website\"},\"primaryImageOfPage\":{\"@id\":\"https:\/\/raubonys.lt\/bendruomenes-renginiai\/#primaryimage\"},\"image\":{\"@id\":\"https:\/\/raubonys.lt\/bendruomenes-renginiai\/#primaryimage\"},\"thumbnailUrl\":\"https:\/\/raubonys.lt\/wp-content\/uploads\/2023\/10\/Rauboniu-malunas-XX-a.-4-des-scaled.jpg\",\"datePublished\":\"2023-11-07T11:17:59+00:00\",\"dateModified\":\"2023-11-09T09:02:45+00:00\",\"breadcrumb\":{\"@id\":\"https:\/\/raubonys.lt\/bendruomenes-renginiai\/#breadcrumb\"},\"inLanguage\":\"en-GB\",\"potentialAction\":[{\"@type\":\"ReadAction\",\"target\":[\"https:\/\/raubonys.lt\/bendruomenes-renginiai\/\"]}]},{\"@type\":\"ImageObject\",\"inLanguage\":\"en-GB\",\"@id\":\"https:\/\/raubonys.lt\/bendruomenes-renginiai\/#primaryimage\",\"url\":\"https:\/\/raubonys.lt\/wp-content\/uploads\/2023\/10\/Rauboniu-malunas-XX-a.-4-des-scaled.jpg\",\"contentUrl\":\"https:\/\/raubonys.lt\/wp-content\/uploads\/2023\/10\/Rauboniu-malunas-XX-a.-4-des-scaled.jpg\",\"width\":2560,\"height\":1564},{\"@type\":\"BreadcrumbList\",\"@id\":\"https:\/\/raubonys.lt\/bendruomenes-renginiai\/#breadcrumb\",\"itemListElement\":[{\"@type\":\"ListItem\",\"position\":1,\"name\":\"Prad\u017eia\",\"item\":\"https:\/\/raubonys.lt\/\"},{\"@type\":\"ListItem\",\"position\":2,\"name\":\"Bendruomen\u0117s renginiai\"}]},{\"@type\":\"WebSite\",\"@id\":\"https:\/\/raubonys.lt\/#website\",\"url\":\"https:\/\/raubonys.lt\/\",\"name\":\"Rauboni\u0173 bendruomen\u0117 ir kult\u016bros namai\",\"description\":\"Raubonys.lt\",\"publisher\":{\"@id\":\"https:\/\/raubonys.lt\/#organization\"},\"alternateName\":\"Raubonys.lt\",\"potentialAction\":[{\"@type\":\"SearchAction\",\"target\":{\"@type\":\"EntryPoint\",\"urlTemplate\":\"https:\/\/raubonys.lt\/?s={search_term_string}\"},\"query-input\":{\"@type\":\"PropertyValueSpecification\",\"valueRequired\":true,\"valueName\":\"search_term_string\"}}],\"inLanguage\":\"en-GB\"},{\"@type\":\"Organization\",\"@id\":\"https:\/\/raubonys.lt\/#organization\",\"name\":\"Raubonys.lt\",\"url\":\"https:\/\/raubonys.lt\/\",\"logo\":{\"@type\":\"ImageObject\",\"inLanguage\":\"en-GB\",\"@id\":\"https:\/\/raubonys.lt\/#\/schema\/logo\/image\/\",\"url\":\"https:\/\/raubonys.lt\/wp-content\/uploads\/2023\/10\/raubonys.lt_logo_black.png\",\"contentUrl\":\"https:\/\/raubonys.lt\/wp-content\/uploads\/2023\/10\/raubonys.lt_logo_black.png\",\"width\":3508,\"height\":931,\"caption\":\"Raubonys.lt\"},\"image\":{\"@id\":\"https:\/\/raubonys.lt\/#\/schema\/logo\/image\/\"},\"sameAs\":[\"https:\/\/www.facebook.com\/raubonys\/\"]}]}<\/script>\n<!-- \/ Yoast SEO plugin. -->","yoast_head_json":{"title":"Bendruomen\u0117s renginiai - Rauboni\u0173 bendruomen\u0117 ir kult\u016bros namai","robots":{"index":"index","follow":"follow","max-snippet":"max-snippet:-1","max-image-preview":"max-image-preview:large","max-video-preview":"max-video-preview:-1"},"canonical":"https:\/\/raubonys.lt\/en\/bendruomenes-renginiai\/","og_locale":"en_GB","og_type":"article","og_title":"Bendruomen\u0117s renginiai - Rauboni\u0173 bendruomen\u0117 ir kult\u016bros namai","og_description":"Bendruomen\u0117s rengini\u0173 archyvas Renginiai 2020 m. Renginiai 2019 m. Renginiai 2018 m. Renginiai 2017 m. Renginiai 2016 m. Renginiai 2015 m. Renginiai 2014 m. Renginiai 2013 m. Renginiai 2012 m. Renginiai 2011 m.","og_url":"https:\/\/raubonys.lt\/en\/bendruomenes-renginiai\/","og_site_name":"Rauboni\u0173 bendruomen\u0117 ir kult\u016bros namai","article_publisher":"https:\/\/www.facebook.com\/raubonys\/","article_modified_time":"2023-11-09T09:02:45+00:00","og_image":[{"width":2560,"height":1564,"url":"https:\/\/raubonys.lt\/wp-content\/uploads\/2023\/10\/Rauboniu-malunas-XX-a.-4-des-scaled.jpg","type":"image\/jpeg"}],"twitter_card":"summary_large_image","twitter_misc":{"Estimated reading time":"1 minute"},"schema":{"@context":"https:\/\/schema.org","@graph":[{"@type":"WebPage","@id":"https:\/\/raubonys.lt\/bendruomenes-renginiai\/","url":"https:\/\/raubonys.lt\/bendruomenes-renginiai\/","name":"Bendruomen\u0117s renginiai - Rauboni\u0173 bendruomen\u0117 ir kult\u016bros namai","isPartOf":{"@id":"https:\/\/raubonys.lt\/#website"},"primaryImageOfPage":{"@id":"https:\/\/raubonys.lt\/bendruomenes-renginiai\/#primaryimage"},"image":{"@id":"https:\/\/raubonys.lt\/bendruomenes-renginiai\/#primaryimage"},"thumbnailUrl":"https:\/\/raubonys.lt\/wp-content\/uploads\/2023\/10\/Rauboniu-malunas-XX-a.-4-des-scaled.jpg","datePublished":"2023-11-07T11:17:59+00:00","dateModified":"2023-11-09T09:02:45+00:00","breadcrumb":{"@id":"https:\/\/raubonys.lt\/bendruomenes-renginiai\/#breadcrumb"},"inLanguage":"en-GB","potentialAction":[{"@type":"ReadAction","target":["https:\/\/raubonys.lt\/bendruomenes-renginiai\/"]}]},{"@type":"ImageObject","inLanguage":"en-GB","@id":"https:\/\/raubonys.lt\/bendruomenes-renginiai\/#primaryimage","url":"https:\/\/raubonys.lt\/wp-content\/uploads\/2023\/10\/Rauboniu-malunas-XX-a.-4-des-scaled.jpg","contentUrl":"https:\/\/raubonys.lt\/wp-content\/uploads\/2023\/10\/Rauboniu-malunas-XX-a.-4-des-scaled.jpg","width":2560,"height":1564},{"@type":"BreadcrumbList","@id":"https:\/\/raubonys.lt\/bendruomenes-renginiai\/#breadcrumb","itemListElement":[{"@type":"ListItem","position":1,"name":"Prad\u017eia","item":"https:\/\/raubonys.lt\/"},{"@type":"ListItem","position":2,"name":"Bendruomen\u0117s renginiai"}]},{"@type":"WebSite","@id":"https:\/\/raubonys.lt\/#website","url":"https:\/\/raubonys.lt\/","name":"Rauboni\u0173 bendruomen\u0117 ir kult\u016bros namai","description":"Raubonys.lt","publisher":{"@id":"https:\/\/raubonys.lt\/#organization"},"alternateName":"Raubonys.lt","potentialAction":[{"@type":"SearchAction","target":{"@type":"EntryPoint","urlTemplate":"https:\/\/raubonys.lt\/?s={search_term_string}"},"query-input":{"@type":"PropertyValueSpecification","valueRequired":true,"valueName":"search_term_string"}}],"inLanguage":"en-GB"},{"@type":"Organization","@id":"https:\/\/raubonys.lt\/#organization","name":"Raubonys.lt","url":"https:\/\/raubonys.lt\/","logo":{"@type":"ImageObject","inLanguage":"en-GB","@id":"https:\/\/raubonys.lt\/#\/schema\/logo\/image\/","url":"https:\/\/raubonys.lt\/wp-content\/uploads\/2023\/10\/raubonys.lt_logo_black.png","contentUrl":"https:\/\/raubonys.lt\/wp-content\/uploads\/2023\/10\/raubonys.lt_logo_black.png","width":3508,"height":931,"caption":"Raubonys.lt"},"image":{"@id":"https:\/\/raubonys.lt\/#\/schema\/logo\/image\/"},"sameAs":["https:\/\/www.facebook.com\/raubonys\/"]}]}},"_links":{"self":[{"href":"https:\/\/raubonys.lt\/en\/wp-json\/wp\/v2\/pages\/10392","targetHints":{"allow":["GET"]}}],"collection":[{"href":"https:\/\/raubonys.lt\/en\/wp-json\/wp\/v2\/pages"}],"about":[{"href":"https:\/\/raubonys.lt\/en\/wp-json\/wp\/v2\/types\/page"}],"author":[{"embeddable":true,"href":"https:\/\/raubonys.lt\/en\/wp-json\/wp\/v2\/users\/1"}],"replies":[{"embeddable":true,"href":"https:\/\/raubonys.lt\/en\/wp-json\/wp\/v2\/comments?post=10392"}],"version-history":[{"count":0,"href":"https:\/\/raubonys.lt\/en\/wp-json\/wp\/v2\/pages\/10392\/revisions"}],"wp:featuredmedia":[{"embeddable":true,"href":"https:\/\/raubonys.lt\/en\/wp-json\/wp\/v2\/media\/5865"}],"wp:attachment":[{"href":"https:\/\/raubonys.lt\/en\/wp-json\/wp\/v2\/media?parent=10392"}],"curies":[{"name":"wp","href":"https:\/\/api.w.org\/{rel}","templated":true}]}}