{"id":1115,"date":"2020-03-13T19:35:01","date_gmt":"2020-03-13T19:35:01","guid":{"rendered":"http:\/\/raubonys.lt\/?page_id=1115"},"modified":"2023-11-06T20:57:51","modified_gmt":"2023-11-06T20:57:51","slug":"kultura-renginiai-2019","status":"publish","type":"page","link":"https:\/\/raubonys.lt\/en\/kultura-renginiai-2019\/","title":{"rendered":"Kult\u016bros renginiai | 2019 m."},"content":{"rendered":"<hr class=\"wp-block-separator has-css-opacity is-style-dots\"\/>\n\n\n\n<p class=\"has-text-align-center\"><strong>10-asis met\u0173 Pad\u0117kos vakaras \u201e\u0160irdyje ne\u0161uosi gerum\u0105\u201c<\/strong><\/p>\n\n\n\n<p> Skai\u010diuojant paskutini\u0105sias met\u0173 dienas, puikus metas atsigr\u0119\u017eti atgal, pasid\u017eiaugti nuveiktais darbais, svarbiais \u012fvykiais&#8230; Gruod\u017eio 28 dienos vakar\u0105, jau de\u0161imt\u0105j\u012f kart\u0105 Raubonyse gruod\u017eio pabaigoje vyko tradicinis Pad\u0117kos vakaras. A\u010cI\u016a Jums visiems, mielieji, kurie dovanojate aplinkiniams \u0161irdies gerum\u0105, kilniadvasi\u0161kum\u0105, puo\u0161iate, gerinate, gra\u017einate gimt\u0105j\u012f kra\u0161t\u0105.<br>D\u0116KOJAME Ramunei ir Vilmai u\u017e melodingas dainas ir nuo\u0161ird\u017ei\u0105 draugyst\u0119\u00a0\ud83d\udc97, \u0161auniosioms vakaro ved\u0117joms u\u017e \u0161maik\u0161t\u0173 \u017eod\u012f ir ger\u0105 nuotaik\u0105\u00a0\ud83d\udc2d, Rauboni\u0173 meno kolektyvams u\u017e sukurt\u0105 \u0161vent\u0119\u00a0\ud83c\udf84\ud83c\udfbc\ud83c\udf89!<br>Laiming\u0173, prasming\u0173 ir kuo geriausi\u0173 ateinan\u010di\u0173 2020-\u0173j\u0173!!! <\/p>\n\n\n\n<figure class=\"wp-block-image size-full\"><img fetchpriority=\"high\" decoding=\"async\" width=\"960\" height=\"540\" src=\"https:\/\/raubonys.lt\/wp-content\/uploads\/2023\/11\/1.webp\" alt=\"\" class=\"wp-image-9798\" srcset=\"https:\/\/raubonys.lt\/wp-content\/uploads\/2023\/11\/1.webp 960w, https:\/\/raubonys.lt\/wp-content\/uploads\/2023\/11\/1-300x169.webp 300w, https:\/\/raubonys.lt\/wp-content\/uploads\/2023\/11\/1-768x432.webp 768w, https:\/\/raubonys.lt\/wp-content\/uploads\/2023\/11\/1-350x197.webp 350w, https:\/\/raubonys.lt\/wp-content\/uploads\/2023\/11\/1-370x208.webp 370w, https:\/\/raubonys.lt\/wp-content\/uploads\/2023\/11\/1-255x143.webp 255w, https:\/\/raubonys.lt\/wp-content\/uploads\/2023\/11\/1-285x160.webp 285w, https:\/\/raubonys.lt\/wp-content\/uploads\/2023\/11\/1-600x338.webp 600w, https:\/\/raubonys.lt\/wp-content\/uploads\/2023\/11\/1-560x315.webp 560w\" sizes=\"(max-width: 960px) 100vw, 960px\" \/><\/figure>\n\n\n\n<hr class=\"wp-block-separator has-css-opacity is-style-dots\"\/>\n\n\n\n<p class=\"has-text-align-center\"><strong> Advento \u0161viesos \u0161vent\u0117 \u201eSugr\u012f\u017etuv\u0117s\u201c <\/strong><\/p>\n\n\n\n<p>Gruod\u017eio 15 dien\u0105, ramiai bet spalvingai nuskub\u0117jo advento \u0161viesos \u0161vent\u0117 &#8222;Sugr\u012f\u017etuv\u0117s&#8221;. U\u017e paslapting\u0105 sutartini\u0173 darn\u0105, neskubri\u0105 dain\u0173 t\u0117km\u0119 ir instrument\u0173 skambes\u012f d\u0117kojame Linai ir Albertui Barta\u0161iams, bei j\u0173 sutartini\u0173 giedotoj\u0173 grupei. A\u010di\u016b visiems prekeiviams, kurie gausiai nukrov\u0117 stalus, dosniems pirk\u0117jams ir \u017ei\u016brovams.<\/p>\n\n\n\n<hr class=\"wp-block-separator has-css-opacity is-style-dots\"\/>\n\n\n\n<p class=\"has-text-align-center\"><strong>Poezijos, apm\u0105stym\u0173 ir giesmi\u0173 vakaras \u201e\u017dmogau, esi reikalingas\u201c<\/strong><\/p>\n\n\n\n<p> Lapkri\u010dio 8 dienos vakar\u0105 Rauboni\u0173 kult\u016bros namuose skamb\u0117jo netradicin\u0117s dainos &#8211; giesm\u0117s. \u010cia buvo galima i\u0161girsti kaip giesm\u0117 lydi \u017emog\u0173 i\u0161tisus metus, kaip ji keit\u0117si nuo &#8222;kanti\u010dkinio&#8221; giedojimo iki \u0161i\u0173 dien\u0173. Vakaro metu koncertavo Joni\u0161kio KC Kirnai\u010di\u0173 kult\u016bros nam\u0173 grup\u0117 \u201eKaimo giedoriai\u201c, Kyburi\u0173 parapijos ansamblis \u201eVingioryk\u0161t\u0117\u201c ir Pasvalio KC Rauboni\u0173 skyriaus kolektyvai.<\/p>\n\n\n\n<hr class=\"wp-block-separator has-css-opacity is-style-dots\"\/>\n\n\n\n<p class=\"has-text-align-center\"><strong>IV amat\u0173 ir muzikos festivalis \u201eVilnon\u0117s dienos\u201c<\/strong><\/p>\n\n\n\n<p> Rugs\u0117jo 9-10 dienomis Raubonyse nukleg\u0117jo, nu\u0161urmuliavo, numirg\u0117jo, nuskamb\u0117jo IV-asis amat\u0173 ir muzikos festivalis &#8222;Vilnon\u0117s dienos&#8221;, padovanoj\u0119s nepamir\u0161tamus \u012fsp\u016bd\u017eius, geras emocijas, \u0161ypsenas, \u0161ird\u017ei\u0173 ir pir\u010di\u0173 \u0161ilum\u0105.<br>Kuo nuo\u0161ird\u017eiausiai d\u0117kojame visiems sve\u010diams, draugams, pad\u0117j\u0117jams, amatininkams, festivalio dalyviams, folkloro ansambliams, sutartini\u0173 giedotojoms, grupei &#8222;\u017dalvarinis&#8221;, ugnies \u0161ou, Pasvalio Gintaro Kutkausko teatrui, Aivarui u\u017e \u012fgarsinim\u0105, Gra\u017evydui u\u017e \u017einias, Raimondai u\u017e dirigavim\u0105 renginiui, Au\u0161rai u\u017e nuotraukas, Vaidui ir Gintarei u\u017e ry\u017et\u0105 akyse ir begalines svajones!<br>Iki kit\u0173 gra\u017ei\u0173 pasimatym\u0173!!!! <\/p>\n\n\n\n<hr class=\"wp-block-separator has-css-opacity is-style-dots\"\/>\n\n\n\n<p class=\"has-text-align-center\"><strong>Baltijos kelio 30-metis<\/strong><\/p>\n\n\n\n<p> Paprasta, tikra, nuo\u0161irdu, nesuvaidinta&#8230; Skamb\u0117jo dainos, liejosi prisiminimai apie Baltijos keli\u0105&#8230;Regis, tik kelios akimirkos nuplauk\u0117 laiko t\u0117kme, o jau 30 met\u0173&#8230;<br>Visiems skeptikams, kurie vengia toki\u0173 rengini\u0173, norisi pasakyti &#8211; labai gaila, kad J\u016bs ne\u017einote to vienyb\u0117s, bendrumo jausmo, kai jauti \u0161alia esan\u010dio rank\u0105, artum\u0105, \u0161ilum\u0105 ir j\u0117g\u0105! A\u010di\u016b u\u017e \u012fd\u0117t\u0105 tri\u016bs\u0105 kuriant kompozicij\u0105, a\u010di\u016b Seimo Pirmininkui Viktorui Pranskie\u010diui, kad pasibuvo su mumis. A\u010di\u016b visiems, kurie \u0161vent\u0117 kartu, a\u010di\u016b u\u017e a\u0161ar\u0105 mo\u010diut\u0117s aky, nuried\u0117jusi\u0105 klausant dain\u0173&#8230;<br>Vardan Tos&#8230;<\/p>\n\n\n\n<hr class=\"wp-block-separator has-css-opacity is-style-dots\"\/>\n\n\n\n<p class=\"has-text-align-center\"><strong>Lietuvi\u0161ko kino naktis <\/strong><\/p>\n\n\n\n<p> Rugpj\u016b\u010dio 5 dien\u0105 Lietuvoje ir u\u017esienyje vyko \u201eLietuvi\u0161ko kino naktis\u201c, kurios metu i\u0161vydome vien\u0105 gra\u017eiausi\u0173 lietuvi\u0161k\u0173 film\u0173 \u2013 restauruot\u0105 Ar\u016bno \u017debri\u016bno \u201eRie\u0161ut\u0173 duon\u0105\u201c (1978 m.). Renginio \u0161irdimi buvo pasirinkta Vilniaus Katedros aik\u0161t\u0117, ta\u010diau \u0161i\u0105 kino klasik\u0105 tuo pa\u010diu metu \u017ei\u016br\u0117jome daugelyje miest\u0173, miesteli\u0173 ir kaim\u0173. <\/p>\n\n\n\n<hr class=\"wp-block-separator has-css-opacity is-style-dots\"\/>\n\n\n\n<p class=\"has-text-align-center\"><strong>Liepos 6 d. min\u0117jimas<\/strong><\/p>\n\n\n\n<p> Pakiliai ir d\u017eiugiai nuskamb\u0117jo Tauti\u0161ka giesm\u0117 Raubonyse. A\u010di\u016b \u0161auniesiems &#8222;Tibi-Dibi-Dachams&#8221; u\u017e padovanot\u0105 ger\u0105 nuotaik\u0105, d\u0117kojame visiems u\u017e bendryst\u0119, nuo\u0161irdum\u0105, skambias dainas!&nbsp;\ud83d\udc9b\ud83d\udc9a\u2764\ufe0f <\/p>\n\n\n\n<hr class=\"wp-block-separator has-css-opacity is-style-dots\"\/>\n\n\n\n<p class=\"has-text-align-center\"><strong>Jonin\u0117s<\/strong> <strong>prie Tatulos<\/strong><\/p>\n\n\n\n<p>Ech, t\u0173 Jonini\u0173 smagum\u0117lis&#8230; net nebuvo laiko fotografuoti. Gerai, kad gelbsti i\u0161maniosios technologijos, tad susirinkom nuotraukas i\u0161 dalyvi\u0173.<br>Kas buvo &#8211; pasilinksmino, prisi\u0161oko, i\u0161band\u0117 vilnon\u0119 pirt\u012f ir net saul\u0117s sulauk\u0117, o kas nebuvo&#8230; laukiam kit\u0105met!<\/p>\n\n\n\n<hr class=\"wp-block-separator has-css-opacity is-style-dots\"\/>\n\n\n\n<p class=\"has-text-align-center\"><strong> Literat\u016brinis vakaras \u201eTeka \u017eodis lyg tyras vanduo\u201c <\/strong><\/p>\n\n\n\n<p> Gegu\u017e\u0117s 31 dien\u0105, vyko jau 2-asis literat\u016brinis vakaras \u201eTeka \u017eodis lyg tyras vanduo\u201c.  \u017dmogus ne vien duona gyvas&#8230; Kaip gera kartais pakilti vir\u0161 kasdienyb\u0117s, leisti sielai i\u0161skleisti sparnus&#8230; Tokia \u0161irdies atgaiva lauk\u0117 vis\u0173 poezijos ir muzikos \u0161vent\u0117je.<\/p>\n\n\n\n<hr class=\"wp-block-separator has-css-opacity is-style-dots\"\/>\n\n\n\n<p class=\"has-text-align-center\"><strong>Motinos dienos min\u0117jimas<\/strong><\/p>\n\n\n\n<p>Gegu\u017e\u0117s 3 dien\u0105, susirinkusias mamas jautriu ir nuo\u0161ird\u017eiu koncertu sveikino Pasvalio KC Mikoli\u0161kio skyriaus moter\u0173 vokalinis ansamblis \u201eRasa\u201c (vad. Rasa And\u017eiuvien\u0119).<\/p>\n\n\n\n<hr class=\"wp-block-separator has-css-opacity is-style-dots\"\/>\n\n\n\n<p class=\"has-text-align-center\"><strong>Atvelykio \u0161vent\u0117<\/strong><\/p>\n\n\n\n<div class=\"fb-video\" data-href=\"https:\/\/www.facebook.com\/rauboniu.kulturos.namai\/videos\/2178208285620425\/\" data-width=\"500\" data-show-text=\"false\"><blockquote cite=\"https:\/\/developers.facebook.com\/rauboniu.kulturos.namai\/videos\/2178208285620425\/\" class=\"fb-xfbml-parse-ignore\"><a href=\"https:\/\/developers.facebook.com\/rauboniu.kulturos.namai\/videos\/2178208285620425\/\">Atvelykio \u0161vent\u0117<\/a><p><\/p>Posted by <a href=\"https:\/\/www.facebook.com\/rauboniu.kulturos.namai\/\">Rauboniai House of Culture<\/a> on 2019 m. gegu\u017e\u0117s 2 d., ketvirtadienis<\/blockquote><\/div>\n\n\n\n<hr class=\"wp-block-separator has-css-opacity is-style-dots\"\/>\n\n\n\n<p class=\"has-text-align-center\"><strong>Retro vakaras \u201eAtsiliepk manoj dainoj&#8230;\u201c<\/strong><\/p>\n\n\n\n<p> Kovo 23 dien\u0105, nuotaikingai ir smagiai, skambant visiems puikiai \u017einomoms dainomis, nuaid\u0117jo retro vakaras. Buvo \u012fdomu sugr\u012f\u017eti kelet\u0105 de\u0161imtme\u010di\u0173 atgal, prisiminti to laikotarpio madas, \u0161ukuosenas, \u0161okius, buit\u012f ir tai kuo gyvenome. A\u010di\u016b visoms, kurios \u012f parod\u0105 atne\u0161\u0117 jaunyst\u0117s sukneles, papuo\u0161alus. D\u0117kojame visiems, kurie dainavo, k\u016br\u0117 vakaro atmosfer\u0105, mieliems \u017ei\u016brovams u\u017e aplodismentus. Iki kit\u0173 susitikim\u0173! <\/p>\n\n\n\n<hr class=\"wp-block-separator has-css-opacity is-style-dots\"\/>\n\n\n\n<p class=\"has-text-align-center\"> <strong>\u0160ventinis koncertas &#8222;V\u0117rinys Lietuvai&#8221; <\/strong><\/p>\n\n\n\n<p> Nuostabus pavasari\u0161kas oras puikiai der\u0117jo su \u0161venti\u0161ka Vasario 16-osios nuotaika. \u0160v\u0119sti Lietuvos valstyb\u0117s atk\u016brimo dien\u0105 susirinko gausus b\u016brys raubonie\u010di\u0173 ir sve\u010di\u0173. D\u017eiugiai ir i\u0161kilmingai sugiedoj\u0119 Tauti\u0161k\u0105 giesm\u0119 klaus\u0117m\u0117s nuotaikingo Pasvalio KC Va\u0161k\u0173 skyriaus \u201eVa\u0161k\u0173\u201c liaudi\u0161kos muzikos kapelos koncerto. <\/p>","protected":false},"excerpt":{"rendered":"<p>10-asis met\u0173 Pad\u0117kos vakaras \u201e\u0160irdyje ne\u0161uosi gerum\u0105\u201c Skai\u010diuojant paskutini\u0105sias met\u0173 dienas, puikus metas atsigr\u0119\u017eti atgal, pasid\u017eiaugti nuveiktais darbais, svarbiais \u012fvykiais&#8230; Gruod\u017eio 28 dienos vakar\u0105, jau de\u0161imt\u0105j\u012f kart\u0105 Raubonyse gruod\u017eio pabaigoje vyko tradicinis Pad\u0117kos vakaras. A\u010cI\u016a Jums visiems, mielieji, kurie dovanojate aplinkiniams \u0161irdies gerum\u0105, kilniadvasi\u0161kum\u0105, puo\u0161iate, gerinate, gra\u017einate gimt\u0105j\u012f kra\u0161t\u0105.D\u0116KOJAME Ramunei ir Vilmai u\u017e melodingas dainas [&hellip;]<\/p>\n","protected":false},"author":1,"featured_media":0,"parent":0,"menu_order":0,"comment_status":"closed","ping_status":"closed","template":"","meta":{"cybocfi_hide_featured_image":"","footnotes":""},"class_list":["post-1115","page","type-page","status-publish","hentry"],"yoast_head":"<!-- This site is optimized with the Yoast SEO plugin v27.0 - https:\/\/yoast.com\/product\/yoast-seo-wordpress\/ -->\n<title>Kult\u016bros renginiai | 2019 m. - Rauboni\u0173 bendruomen\u0117 ir kult\u016bros namai<\/title>\n<meta name=\"robots\" content=\"index, follow, max-snippet:-1, max-image-preview:large, max-video-preview:-1\" \/>\n<link rel=\"canonical\" href=\"https:\/\/raubonys.lt\/en\/kultura-renginiai-2019\/\" \/>\n<meta property=\"og:locale\" content=\"en_GB\" \/>\n<meta property=\"og:type\" content=\"article\" \/>\n<meta property=\"og:title\" content=\"Kult\u016bros renginiai | 2019 m. - Rauboni\u0173 bendruomen\u0117 ir kult\u016bros namai\" \/>\n<meta property=\"og:description\" content=\"10-asis met\u0173 Pad\u0117kos vakaras \u201e\u0160irdyje ne\u0161uosi gerum\u0105\u201c Skai\u010diuojant paskutini\u0105sias met\u0173 dienas, puikus metas atsigr\u0119\u017eti atgal, pasid\u017eiaugti nuveiktais darbais, svarbiais \u012fvykiais&#8230; Gruod\u017eio 28 dienos vakar\u0105, jau de\u0161imt\u0105j\u012f kart\u0105 Raubonyse gruod\u017eio pabaigoje vyko tradicinis Pad\u0117kos vakaras. A\u010cI\u016a Jums visiems, mielieji, kurie dovanojate aplinkiniams \u0161irdies gerum\u0105, kilniadvasi\u0161kum\u0105, puo\u0161iate, gerinate, gra\u017einate gimt\u0105j\u012f kra\u0161t\u0105.D\u0116KOJAME Ramunei ir Vilmai u\u017e melodingas dainas [&hellip;]\" \/>\n<meta property=\"og:url\" content=\"https:\/\/raubonys.lt\/en\/kultura-renginiai-2019\/\" \/>\n<meta property=\"og:site_name\" content=\"Rauboni\u0173 bendruomen\u0117 ir kult\u016bros namai\" \/>\n<meta property=\"article:publisher\" content=\"https:\/\/www.facebook.com\/raubonys\/\" \/>\n<meta property=\"article:modified_time\" content=\"2023-11-06T20:57:51+00:00\" \/>\n<meta property=\"og:image\" content=\"https:\/\/raubonys.lt\/wp-content\/uploads\/2023\/11\/1.webp\" \/>\n<meta name=\"twitter:card\" content=\"summary_large_image\" \/>\n<meta name=\"twitter:label1\" content=\"Estimated reading time\" \/>\n\t<meta name=\"twitter:data1\" content=\"4 minutes\" \/>\n<script type=\"application\/ld+json\" class=\"yoast-schema-graph\">{\"@context\":\"https:\/\/schema.org\",\"@graph\":[{\"@type\":\"WebPage\",\"@id\":\"https:\/\/raubonys.lt\/kultura-renginiai-2019\/\",\"url\":\"https:\/\/raubonys.lt\/kultura-renginiai-2019\/\",\"name\":\"Kult\u016bros renginiai | 2019 m. - Rauboni\u0173 bendruomen\u0117 ir kult\u016bros namai\",\"isPartOf\":{\"@id\":\"https:\/\/raubonys.lt\/#website\"},\"primaryImageOfPage\":{\"@id\":\"https:\/\/raubonys.lt\/kultura-renginiai-2019\/#primaryimage\"},\"image\":{\"@id\":\"https:\/\/raubonys.lt\/kultura-renginiai-2019\/#primaryimage\"},\"thumbnailUrl\":\"https:\/\/raubonys.lt\/wp-content\/uploads\/2023\/11\/1.webp\",\"datePublished\":\"2020-03-13T19:35:01+00:00\",\"dateModified\":\"2023-11-06T20:57:51+00:00\",\"breadcrumb\":{\"@id\":\"https:\/\/raubonys.lt\/kultura-renginiai-2019\/#breadcrumb\"},\"inLanguage\":\"en-GB\",\"potentialAction\":[{\"@type\":\"ReadAction\",\"target\":[\"https:\/\/raubonys.lt\/kultura-renginiai-2019\/\"]}]},{\"@type\":\"ImageObject\",\"inLanguage\":\"en-GB\",\"@id\":\"https:\/\/raubonys.lt\/kultura-renginiai-2019\/#primaryimage\",\"url\":\"https:\/\/raubonys.lt\/wp-content\/uploads\/2023\/11\/1.webp\",\"contentUrl\":\"https:\/\/raubonys.lt\/wp-content\/uploads\/2023\/11\/1.webp\"},{\"@type\":\"BreadcrumbList\",\"@id\":\"https:\/\/raubonys.lt\/kultura-renginiai-2019\/#breadcrumb\",\"itemListElement\":[{\"@type\":\"ListItem\",\"position\":1,\"name\":\"Prad\u017eia\",\"item\":\"https:\/\/raubonys.lt\/\"},{\"@type\":\"ListItem\",\"position\":2,\"name\":\"Kult\u016bros renginiai | 2019 m.\"}]},{\"@type\":\"WebSite\",\"@id\":\"https:\/\/raubonys.lt\/#website\",\"url\":\"https:\/\/raubonys.lt\/\",\"name\":\"Rauboni\u0173 bendruomen\u0117 ir kult\u016bros namai\",\"description\":\"Raubonys.lt\",\"publisher\":{\"@id\":\"https:\/\/raubonys.lt\/#organization\"},\"alternateName\":\"Raubonys.lt\",\"potentialAction\":[{\"@type\":\"SearchAction\",\"target\":{\"@type\":\"EntryPoint\",\"urlTemplate\":\"https:\/\/raubonys.lt\/?s={search_term_string}\"},\"query-input\":{\"@type\":\"PropertyValueSpecification\",\"valueRequired\":true,\"valueName\":\"search_term_string\"}}],\"inLanguage\":\"en-GB\"},{\"@type\":\"Organization\",\"@id\":\"https:\/\/raubonys.lt\/#organization\",\"name\":\"Raubonys.lt\",\"url\":\"https:\/\/raubonys.lt\/\",\"logo\":{\"@type\":\"ImageObject\",\"inLanguage\":\"en-GB\",\"@id\":\"https:\/\/raubonys.lt\/#\/schema\/logo\/image\/\",\"url\":\"https:\/\/raubonys.lt\/wp-content\/uploads\/2023\/10\/raubonys.lt_logo_black.png\",\"contentUrl\":\"https:\/\/raubonys.lt\/wp-content\/uploads\/2023\/10\/raubonys.lt_logo_black.png\",\"width\":3508,\"height\":931,\"caption\":\"Raubonys.lt\"},\"image\":{\"@id\":\"https:\/\/raubonys.lt\/#\/schema\/logo\/image\/\"},\"sameAs\":[\"https:\/\/www.facebook.com\/raubonys\/\"]}]}<\/script>\n<!-- \/ Yoast SEO plugin. -->","yoast_head_json":{"title":"Kult\u016bros renginiai | 2019 m. - Rauboni\u0173 bendruomen\u0117 ir kult\u016bros namai","robots":{"index":"index","follow":"follow","max-snippet":"max-snippet:-1","max-image-preview":"max-image-preview:large","max-video-preview":"max-video-preview:-1"},"canonical":"https:\/\/raubonys.lt\/en\/kultura-renginiai-2019\/","og_locale":"en_GB","og_type":"article","og_title":"Kult\u016bros renginiai | 2019 m. - Rauboni\u0173 bendruomen\u0117 ir kult\u016bros namai","og_description":"10-asis met\u0173 Pad\u0117kos vakaras \u201e\u0160irdyje ne\u0161uosi gerum\u0105\u201c Skai\u010diuojant paskutini\u0105sias met\u0173 dienas, puikus metas atsigr\u0119\u017eti atgal, pasid\u017eiaugti nuveiktais darbais, svarbiais \u012fvykiais&#8230; Gruod\u017eio 28 dienos vakar\u0105, jau de\u0161imt\u0105j\u012f kart\u0105 Raubonyse gruod\u017eio pabaigoje vyko tradicinis Pad\u0117kos vakaras. A\u010cI\u016a Jums visiems, mielieji, kurie dovanojate aplinkiniams \u0161irdies gerum\u0105, kilniadvasi\u0161kum\u0105, puo\u0161iate, gerinate, gra\u017einate gimt\u0105j\u012f kra\u0161t\u0105.D\u0116KOJAME Ramunei ir Vilmai u\u017e melodingas dainas [&hellip;]","og_url":"https:\/\/raubonys.lt\/en\/kultura-renginiai-2019\/","og_site_name":"Rauboni\u0173 bendruomen\u0117 ir kult\u016bros namai","article_publisher":"https:\/\/www.facebook.com\/raubonys\/","article_modified_time":"2023-11-06T20:57:51+00:00","og_image":[{"url":"https:\/\/raubonys.lt\/wp-content\/uploads\/2023\/11\/1.webp","type":"","width":"","height":""}],"twitter_card":"summary_large_image","twitter_misc":{"Estimated reading time":"4 minutes"},"schema":{"@context":"https:\/\/schema.org","@graph":[{"@type":"WebPage","@id":"https:\/\/raubonys.lt\/kultura-renginiai-2019\/","url":"https:\/\/raubonys.lt\/kultura-renginiai-2019\/","name":"Kult\u016bros renginiai | 2019 m. - Rauboni\u0173 bendruomen\u0117 ir kult\u016bros namai","isPartOf":{"@id":"https:\/\/raubonys.lt\/#website"},"primaryImageOfPage":{"@id":"https:\/\/raubonys.lt\/kultura-renginiai-2019\/#primaryimage"},"image":{"@id":"https:\/\/raubonys.lt\/kultura-renginiai-2019\/#primaryimage"},"thumbnailUrl":"https:\/\/raubonys.lt\/wp-content\/uploads\/2023\/11\/1.webp","datePublished":"2020-03-13T19:35:01+00:00","dateModified":"2023-11-06T20:57:51+00:00","breadcrumb":{"@id":"https:\/\/raubonys.lt\/kultura-renginiai-2019\/#breadcrumb"},"inLanguage":"en-GB","potentialAction":[{"@type":"ReadAction","target":["https:\/\/raubonys.lt\/kultura-renginiai-2019\/"]}]},{"@type":"ImageObject","inLanguage":"en-GB","@id":"https:\/\/raubonys.lt\/kultura-renginiai-2019\/#primaryimage","url":"https:\/\/raubonys.lt\/wp-content\/uploads\/2023\/11\/1.webp","contentUrl":"https:\/\/raubonys.lt\/wp-content\/uploads\/2023\/11\/1.webp"},{"@type":"BreadcrumbList","@id":"https:\/\/raubonys.lt\/kultura-renginiai-2019\/#breadcrumb","itemListElement":[{"@type":"ListItem","position":1,"name":"Prad\u017eia","item":"https:\/\/raubonys.lt\/"},{"@type":"ListItem","position":2,"name":"Kult\u016bros renginiai | 2019 m."}]},{"@type":"WebSite","@id":"https:\/\/raubonys.lt\/#website","url":"https:\/\/raubonys.lt\/","name":"Rauboni\u0173 bendruomen\u0117 ir kult\u016bros namai","description":"Raubonys.lt","publisher":{"@id":"https:\/\/raubonys.lt\/#organization"},"alternateName":"Raubonys.lt","potentialAction":[{"@type":"SearchAction","target":{"@type":"EntryPoint","urlTemplate":"https:\/\/raubonys.lt\/?s={search_term_string}"},"query-input":{"@type":"PropertyValueSpecification","valueRequired":true,"valueName":"search_term_string"}}],"inLanguage":"en-GB"},{"@type":"Organization","@id":"https:\/\/raubonys.lt\/#organization","name":"Raubonys.lt","url":"https:\/\/raubonys.lt\/","logo":{"@type":"ImageObject","inLanguage":"en-GB","@id":"https:\/\/raubonys.lt\/#\/schema\/logo\/image\/","url":"https:\/\/raubonys.lt\/wp-content\/uploads\/2023\/10\/raubonys.lt_logo_black.png","contentUrl":"https:\/\/raubonys.lt\/wp-content\/uploads\/2023\/10\/raubonys.lt_logo_black.png","width":3508,"height":931,"caption":"Raubonys.lt"},"image":{"@id":"https:\/\/raubonys.lt\/#\/schema\/logo\/image\/"},"sameAs":["https:\/\/www.facebook.com\/raubonys\/"]}]}},"_links":{"self":[{"href":"https:\/\/raubonys.lt\/en\/wp-json\/wp\/v2\/pages\/1115","targetHints":{"allow":["GET"]}}],"collection":[{"href":"https:\/\/raubonys.lt\/en\/wp-json\/wp\/v2\/pages"}],"about":[{"href":"https:\/\/raubonys.lt\/en\/wp-json\/wp\/v2\/types\/page"}],"author":[{"embeddable":true,"href":"https:\/\/raubonys.lt\/en\/wp-json\/wp\/v2\/users\/1"}],"replies":[{"embeddable":true,"href":"https:\/\/raubonys.lt\/en\/wp-json\/wp\/v2\/comments?post=1115"}],"version-history":[{"count":0,"href":"https:\/\/raubonys.lt\/en\/wp-json\/wp\/v2\/pages\/1115\/revisions"}],"wp:attachment":[{"href":"https:\/\/raubonys.lt\/en\/wp-json\/wp\/v2\/media?parent=1115"}],"curies":[{"name":"wp","href":"https:\/\/api.w.org\/{rel}","templated":true}]}}