{"id":11268,"date":"2024-02-15T22:20:58","date_gmt":"2024-02-15T20:20:58","guid":{"rendered":"https:\/\/raubonys.lt\/?page_id=11268"},"modified":"2024-04-29T20:09:49","modified_gmt":"2024-04-29T18:09:49","slug":"galerija","status":"publish","type":"page","link":"https:\/\/raubonys.lt\/en\/galerija\/","title":{"rendered":"Photo gallery"},"content":{"rendered":"<div data-elementor-type=\"wp-page\" data-elementor-id=\"11268\" class=\"elementor elementor-11268\">\n\t\t\t\t\t\t<section class=\"elementor-section elementor-top-section elementor-element elementor-element-eab2fed elementor-section-boxed elementor-section-height-default elementor-section-height-default\" data-id=\"eab2fed\" data-element_type=\"section\" data-e-type=\"section\">\n\t\t\t\t\t\t<div class=\"elementor-container elementor-column-gap-default\">\n\t\t\t\t\t<div class=\"elementor-column elementor-col-100 elementor-top-column elementor-element elementor-element-5d5b64c\" data-id=\"5d5b64c\" data-element_type=\"column\" data-e-type=\"column\">\n\t\t\t<div class=\"elementor-widget-wrap elementor-element-populated\">\n\t\t\t\t\t\t<div class=\"elementor-element elementor-element-d7beca1 elementor-widget elementor-widget-slides\" data-id=\"d7beca1\" data-element_type=\"widget\" data-e-type=\"widget\" data-widget_type=\"slides.default\">\n\t\t\t\t<div class=\"elementor-widget-container\">\n\t\t\t\t\t \t\t\t\t<\/div>\n\t\t\t\t<\/div>\n\t\t\t\t<section class=\"elementor-section elementor-inner-section elementor-element elementor-element-e7d9c71 elementor-section-boxed elementor-section-height-default elementor-section-height-default\" data-id=\"e7d9c71\" data-element_type=\"section\" data-e-type=\"section\">\n\t\t\t\t\t\t<div class=\"elementor-container elementor-column-gap-default\">\n\t\t\t\t\t<div class=\"elementor-column elementor-col-50 elementor-inner-column elementor-element elementor-element-664dcf2\" data-id=\"664dcf2\" data-element_type=\"column\" data-e-type=\"column\">\n\t\t\t<div class=\"elementor-widget-wrap elementor-element-populated\">\n\t\t\t\t\t\t<div class=\"elementor-element elementor-element-fc2961e elementor-widget elementor-widget-slides\" data-id=\"fc2961e\" data-element_type=\"widget\" data-e-type=\"widget\" data-widget_type=\"slides.default\">\n\t\t\t\t<div class=\"elementor-widget-container\">\n\t\t\t\t\t \t\t\t\t<\/div>\n\t\t\t\t<\/div>\n\t\t\t\t\t<\/div>\n\t\t<\/div>\n\t\t\t\t<div class=\"elementor-column elementor-col-50 elementor-inner-column elementor-element elementor-element-b7d77ab\" data-id=\"b7d77ab\" data-element_type=\"column\" data-e-type=\"column\">\n\t\t\t<div class=\"elementor-widget-wrap elementor-element-populated\">\n\t\t\t\t\t\t<div class=\"elementor-element elementor-element-9871b38 elementor-widget elementor-widget-slides\" data-id=\"9871b38\" data-element_type=\"widget\" data-e-type=\"widget\" data-widget_type=\"slides.default\">\n\t\t\t\t<div class=\"elementor-widget-container\">\n\t\t\t\t\t \t\t\t\t<\/div>\n\t\t\t\t<\/div>\n\t\t\t\t\t<\/div>\n\t\t<\/div>\n\t\t\t\t\t<\/div>\n\t\t<\/section>\n\t\t\t\t<section class=\"elementor-section elementor-inner-section elementor-element elementor-element-741d0a1 elementor-section-boxed elementor-section-height-default elementor-section-height-default\" data-id=\"741d0a1\" data-element_type=\"section\" data-e-type=\"section\">\n\t\t\t\t\t\t<div class=\"elementor-container elementor-column-gap-default\">\n\t\t\t\t\t<div class=\"elementor-column elementor-col-50 elementor-inner-column elementor-element elementor-element-e9e24a3\" data-id=\"e9e24a3\" data-element_type=\"column\" data-e-type=\"column\">\n\t\t\t<div class=\"elementor-widget-wrap elementor-element-populated\">\n\t\t\t\t\t\t<div class=\"elementor-element elementor-element-dcefe9d elementor-widget elementor-widget-slides\" data-id=\"dcefe9d\" data-element_type=\"widget\" data-e-type=\"widget\" data-widget_type=\"slides.default\">\n\t\t\t\t<div class=\"elementor-widget-container\">\n\t\t\t\t\t \t\t\t\t<\/div>\n\t\t\t\t<\/div>\n\t\t\t\t\t<\/div>\n\t\t<\/div>\n\t\t\t\t<div class=\"elementor-column elementor-col-50 elementor-inner-column elementor-element elementor-element-66aee98\" data-id=\"66aee98\" data-element_type=\"column\" data-e-type=\"column\">\n\t\t\t<div class=\"elementor-widget-wrap elementor-element-populated\">\n\t\t\t\t\t\t<div class=\"elementor-element elementor-element-bff8418 elementor-widget elementor-widget-slides\" data-id=\"bff8418\" data-element_type=\"widget\" data-e-type=\"widget\" data-widget_type=\"slides.default\">\n\t\t\t\t<div class=\"elementor-widget-container\">\n\t\t\t\t\t \t\t\t\t<\/div>\n\t\t\t\t<\/div>\n\t\t\t\t\t<\/div>\n\t\t<\/div>\n\t\t\t\t\t<\/div>\n\t\t<\/section>\n\t\t\t\t\t<\/div>\n\t\t<\/div>\n\t\t\t\t\t<\/div>\n\t\t<\/section>\n\t\t\t\t<\/div>","protected":false},"excerpt":{"rendered":"<p>Pavasaris | 2024 m.\/ L. Simsono nuotr. \/ Bendruomen\u0117s 20-asis jubiliejus | 2023 m.\/ L. Simsono nuotr. \/ Sodybos | 2022 m.\/ L. Simsono nuotr. \/ Pavasaris | 2023 m.\/ L. Simsono nuotr. \/ \u017diema | 2021 m.\/ L. Simsono nuotr. \/<\/p>","protected":false},"author":1,"featured_media":10525,"parent":0,"menu_order":0,"comment_status":"closed","ping_status":"closed","template":"elementor_header_footer","meta":{"cybocfi_hide_featured_image":"","footnotes":""},"class_list":["post-11268","page","type-page","status-publish","has-post-thumbnail","hentry"],"yoast_head":"<!-- This site is optimized with the Yoast SEO plugin v27.4 - https:\/\/yoast.com\/product\/yoast-seo-wordpress\/ -->\n<title>Nuotrauk\u0173 galerija - Rauboni\u0173 bendruomen\u0117 ir kult\u016bros namai<\/title>\n<meta name=\"robots\" content=\"index, follow, max-snippet:-1, max-image-preview:large, max-video-preview:-1\" \/>\n<link rel=\"canonical\" href=\"https:\/\/raubonys.lt\/en\/galerija\/\" \/>\n<meta property=\"og:locale\" content=\"en_GB\" \/>\n<meta property=\"og:type\" content=\"article\" \/>\n<meta property=\"og:title\" content=\"Nuotrauk\u0173 galerija - Rauboni\u0173 bendruomen\u0117 ir kult\u016bros namai\" \/>\n<meta property=\"og:description\" content=\"Pavasaris | 2024 m.\/ L. Simsono nuotr. \/ Bendruomen\u0117s 20-asis jubiliejus | 2023 m.\/ L. Simsono nuotr. \/ Sodybos | 2022 m.\/ L. Simsono nuotr. \/ Pavasaris | 2023 m.\/ L. Simsono nuotr. \/ \u017diema | 2021 m.\/ L. Simsono nuotr. \/\" \/>\n<meta property=\"og:url\" content=\"https:\/\/raubonys.lt\/en\/galerija\/\" \/>\n<meta property=\"og:site_name\" content=\"Rauboni\u0173 bendruomen\u0117 ir kult\u016bros namai\" \/>\n<meta property=\"article:publisher\" content=\"https:\/\/www.facebook.com\/raubonys\/\" \/>\n<meta property=\"article:modified_time\" content=\"2024-04-29T18:09:49+00:00\" \/>\n<meta property=\"og:image\" content=\"https:\/\/raubonys.lt\/wp-content\/uploads\/2020\/07\/DJI_0260-gigapixel-standard-scale-2_00x-scaled.jpg\" \/>\n\t<meta property=\"og:image:width\" content=\"2560\" \/>\n\t<meta property=\"og:image:height\" content=\"1707\" \/>\n\t<meta property=\"og:image:type\" content=\"image\/jpeg\" \/>\n<meta name=\"twitter:card\" content=\"summary_large_image\" \/>\n<meta name=\"twitter:label1\" content=\"Estimated reading time\" \/>\n\t<meta name=\"twitter:data1\" content=\"1 minute\" \/>\n<script type=\"application\/ld+json\" class=\"yoast-schema-graph\">{\"@context\":\"https:\\\/\\\/schema.org\",\"@graph\":[{\"@type\":\"WebPage\",\"@id\":\"https:\\\/\\\/raubonys.lt\\\/galerija\\\/\",\"url\":\"https:\\\/\\\/raubonys.lt\\\/galerija\\\/\",\"name\":\"Nuotrauk\u0173 galerija - Rauboni\u0173 bendruomen\u0117 ir kult\u016bros namai\",\"isPartOf\":{\"@id\":\"https:\\\/\\\/raubonys.lt\\\/#website\"},\"primaryImageOfPage\":{\"@id\":\"https:\\\/\\\/raubonys.lt\\\/galerija\\\/#primaryimage\"},\"image\":{\"@id\":\"https:\\\/\\\/raubonys.lt\\\/galerija\\\/#primaryimage\"},\"thumbnailUrl\":\"https:\\\/\\\/raubonys.lt\\\/wp-content\\\/uploads\\\/2020\\\/07\\\/DJI_0260-gigapixel-standard-scale-2_00x-scaled.jpg\",\"datePublished\":\"2024-02-15T20:20:58+00:00\",\"dateModified\":\"2024-04-29T18:09:49+00:00\",\"breadcrumb\":{\"@id\":\"https:\\\/\\\/raubonys.lt\\\/galerija\\\/#breadcrumb\"},\"inLanguage\":\"en-GB\",\"potentialAction\":[{\"@type\":\"ReadAction\",\"target\":[\"https:\\\/\\\/raubonys.lt\\\/galerija\\\/\"]}]},{\"@type\":\"ImageObject\",\"inLanguage\":\"en-GB\",\"@id\":\"https:\\\/\\\/raubonys.lt\\\/galerija\\\/#primaryimage\",\"url\":\"https:\\\/\\\/raubonys.lt\\\/wp-content\\\/uploads\\\/2020\\\/07\\\/DJI_0260-gigapixel-standard-scale-2_00x-scaled.jpg\",\"contentUrl\":\"https:\\\/\\\/raubonys.lt\\\/wp-content\\\/uploads\\\/2020\\\/07\\\/DJI_0260-gigapixel-standard-scale-2_00x-scaled.jpg\",\"width\":2560,\"height\":1707},{\"@type\":\"BreadcrumbList\",\"@id\":\"https:\\\/\\\/raubonys.lt\\\/galerija\\\/#breadcrumb\",\"itemListElement\":[{\"@type\":\"ListItem\",\"position\":1,\"name\":\"Prad\u017eia\",\"item\":\"https:\\\/\\\/raubonys.lt\\\/\"},{\"@type\":\"ListItem\",\"position\":2,\"name\":\"Nuotrauk\u0173 galerija\"}]},{\"@type\":\"WebSite\",\"@id\":\"https:\\\/\\\/raubonys.lt\\\/#website\",\"url\":\"https:\\\/\\\/raubonys.lt\\\/\",\"name\":\"Rauboni\u0173 bendruomen\u0117 ir kult\u016bros namai\",\"description\":\"Raubonys.lt\",\"publisher\":{\"@id\":\"https:\\\/\\\/raubonys.lt\\\/#organization\"},\"alternateName\":\"Raubonys.lt\",\"potentialAction\":[{\"@type\":\"SearchAction\",\"target\":{\"@type\":\"EntryPoint\",\"urlTemplate\":\"https:\\\/\\\/raubonys.lt\\\/?s={search_term_string}\"},\"query-input\":{\"@type\":\"PropertyValueSpecification\",\"valueRequired\":true,\"valueName\":\"search_term_string\"}}],\"inLanguage\":\"en-GB\"},{\"@type\":\"Organization\",\"@id\":\"https:\\\/\\\/raubonys.lt\\\/#organization\",\"name\":\"Raubonys.lt\",\"url\":\"https:\\\/\\\/raubonys.lt\\\/\",\"logo\":{\"@type\":\"ImageObject\",\"inLanguage\":\"en-GB\",\"@id\":\"https:\\\/\\\/raubonys.lt\\\/#\\\/schema\\\/logo\\\/image\\\/\",\"url\":\"https:\\\/\\\/raubonys.lt\\\/wp-content\\\/uploads\\\/2023\\\/10\\\/raubonys.lt_logo_black.png\",\"contentUrl\":\"https:\\\/\\\/raubonys.lt\\\/wp-content\\\/uploads\\\/2023\\\/10\\\/raubonys.lt_logo_black.png\",\"width\":3508,\"height\":931,\"caption\":\"Raubonys.lt\"},\"image\":{\"@id\":\"https:\\\/\\\/raubonys.lt\\\/#\\\/schema\\\/logo\\\/image\\\/\"},\"sameAs\":[\"https:\\\/\\\/www.facebook.com\\\/raubonys\\\/\"]}]}<\/script>\n<!-- \/ Yoast SEO plugin. -->","yoast_head_json":{"title":"Nuotrauk\u0173 galerija - Rauboni\u0173 bendruomen\u0117 ir kult\u016bros namai","robots":{"index":"index","follow":"follow","max-snippet":"max-snippet:-1","max-image-preview":"max-image-preview:large","max-video-preview":"max-video-preview:-1"},"canonical":"https:\/\/raubonys.lt\/en\/galerija\/","og_locale":"en_GB","og_type":"article","og_title":"Nuotrauk\u0173 galerija - Rauboni\u0173 bendruomen\u0117 ir kult\u016bros namai","og_description":"Pavasaris | 2024 m.\/ L. Simsono nuotr. \/ Bendruomen\u0117s 20-asis jubiliejus | 2023 m.\/ L. Simsono nuotr. \/ Sodybos | 2022 m.\/ L. Simsono nuotr. \/ Pavasaris | 2023 m.\/ L. Simsono nuotr. \/ \u017diema | 2021 m.\/ L. Simsono nuotr. \/","og_url":"https:\/\/raubonys.lt\/en\/galerija\/","og_site_name":"Rauboni\u0173 bendruomen\u0117 ir kult\u016bros namai","article_publisher":"https:\/\/www.facebook.com\/raubonys\/","article_modified_time":"2024-04-29T18:09:49+00:00","og_image":[{"width":2560,"height":1707,"url":"https:\/\/raubonys.lt\/wp-content\/uploads\/2020\/07\/DJI_0260-gigapixel-standard-scale-2_00x-scaled.jpg","type":"image\/jpeg"}],"twitter_card":"summary_large_image","twitter_misc":{"Estimated reading time":"1 minute"},"schema":{"@context":"https:\/\/schema.org","@graph":[{"@type":"WebPage","@id":"https:\/\/raubonys.lt\/galerija\/","url":"https:\/\/raubonys.lt\/galerija\/","name":"Nuotrauk\u0173 galerija - Rauboni\u0173 bendruomen\u0117 ir kult\u016bros namai","isPartOf":{"@id":"https:\/\/raubonys.lt\/#website"},"primaryImageOfPage":{"@id":"https:\/\/raubonys.lt\/galerija\/#primaryimage"},"image":{"@id":"https:\/\/raubonys.lt\/galerija\/#primaryimage"},"thumbnailUrl":"https:\/\/raubonys.lt\/wp-content\/uploads\/2020\/07\/DJI_0260-gigapixel-standard-scale-2_00x-scaled.jpg","datePublished":"2024-02-15T20:20:58+00:00","dateModified":"2024-04-29T18:09:49+00:00","breadcrumb":{"@id":"https:\/\/raubonys.lt\/galerija\/#breadcrumb"},"inLanguage":"en-GB","potentialAction":[{"@type":"ReadAction","target":["https:\/\/raubonys.lt\/galerija\/"]}]},{"@type":"ImageObject","inLanguage":"en-GB","@id":"https:\/\/raubonys.lt\/galerija\/#primaryimage","url":"https:\/\/raubonys.lt\/wp-content\/uploads\/2020\/07\/DJI_0260-gigapixel-standard-scale-2_00x-scaled.jpg","contentUrl":"https:\/\/raubonys.lt\/wp-content\/uploads\/2020\/07\/DJI_0260-gigapixel-standard-scale-2_00x-scaled.jpg","width":2560,"height":1707},{"@type":"BreadcrumbList","@id":"https:\/\/raubonys.lt\/galerija\/#breadcrumb","itemListElement":[{"@type":"ListItem","position":1,"name":"Prad\u017eia","item":"https:\/\/raubonys.lt\/"},{"@type":"ListItem","position":2,"name":"Nuotrauk\u0173 galerija"}]},{"@type":"WebSite","@id":"https:\/\/raubonys.lt\/#website","url":"https:\/\/raubonys.lt\/","name":"Rauboni\u0173 bendruomen\u0117 ir kult\u016bros namai","description":"Raubonys.lt","publisher":{"@id":"https:\/\/raubonys.lt\/#organization"},"alternateName":"Raubonys.lt","potentialAction":[{"@type":"SearchAction","target":{"@type":"EntryPoint","urlTemplate":"https:\/\/raubonys.lt\/?s={search_term_string}"},"query-input":{"@type":"PropertyValueSpecification","valueRequired":true,"valueName":"search_term_string"}}],"inLanguage":"en-GB"},{"@type":"Organization","@id":"https:\/\/raubonys.lt\/#organization","name":"Raubonys.lt","url":"https:\/\/raubonys.lt\/","logo":{"@type":"ImageObject","inLanguage":"en-GB","@id":"https:\/\/raubonys.lt\/#\/schema\/logo\/image\/","url":"https:\/\/raubonys.lt\/wp-content\/uploads\/2023\/10\/raubonys.lt_logo_black.png","contentUrl":"https:\/\/raubonys.lt\/wp-content\/uploads\/2023\/10\/raubonys.lt_logo_black.png","width":3508,"height":931,"caption":"Raubonys.lt"},"image":{"@id":"https:\/\/raubonys.lt\/#\/schema\/logo\/image\/"},"sameAs":["https:\/\/www.facebook.com\/raubonys\/"]}]}},"_links":{"self":[{"href":"https:\/\/raubonys.lt\/en\/wp-json\/wp\/v2\/pages\/11268","targetHints":{"allow":["GET"]}}],"collection":[{"href":"https:\/\/raubonys.lt\/en\/wp-json\/wp\/v2\/pages"}],"about":[{"href":"https:\/\/raubonys.lt\/en\/wp-json\/wp\/v2\/types\/page"}],"author":[{"embeddable":true,"href":"https:\/\/raubonys.lt\/en\/wp-json\/wp\/v2\/users\/1"}],"replies":[{"embeddable":true,"href":"https:\/\/raubonys.lt\/en\/wp-json\/wp\/v2\/comments?post=11268"}],"version-history":[{"count":0,"href":"https:\/\/raubonys.lt\/en\/wp-json\/wp\/v2\/pages\/11268\/revisions"}],"wp:featuredmedia":[{"embeddable":true,"href":"https:\/\/raubonys.lt\/en\/wp-json\/wp\/v2\/media\/10525"}],"wp:attachment":[{"href":"https:\/\/raubonys.lt\/en\/wp-json\/wp\/v2\/media?parent=11268"}],"curies":[{"name":"wp","href":"https:\/\/api.w.org\/{rel}","templated":true}]}}