{"id":11275,"date":"2024-02-15T22:23:34","date_gmt":"2024-02-15T20:23:34","guid":{"rendered":"https:\/\/raubonys.lt\/?page_id=11275"},"modified":"2024-03-17T12:16:48","modified_gmt":"2024-03-17T10:16:48","slug":"sodybos-2022-m","status":"publish","type":"page","link":"https:\/\/raubonys.lt\/en\/galerija\/sodybos-2022-m\/","title":{"rendered":"Sodybos | 2022 m."},"content":{"rendered":"<div data-elementor-type=\"wp-page\" data-elementor-id=\"11275\" class=\"elementor elementor-11275\">\n\t\t\t\t\t\t<section class=\"elementor-section elementor-top-section elementor-element elementor-element-f8e248f elementor-section-boxed elementor-section-height-default elementor-section-height-default\" data-id=\"f8e248f\" data-element_type=\"section\" data-e-type=\"section\">\n\t\t\t\t\t\t<div class=\"elementor-container elementor-column-gap-default\">\n\t\t\t\t\t<div class=\"elementor-column elementor-col-100 elementor-top-column elementor-element elementor-element-627e0a1\" data-id=\"627e0a1\" data-element_type=\"column\" data-e-type=\"column\">\n\t\t\t<div class=\"elementor-widget-wrap elementor-element-populated\">\n\t\t\t\t\t\t<div class=\"elementor-element elementor-element-c2513a9 elementor-widget elementor-widget-shortcode\" data-id=\"c2513a9\" data-element_type=\"widget\" data-e-type=\"widget\" data-widget_type=\"shortcode.default\">\n\t\t\t\t<div class=\"elementor-widget-container\">\n\t\t\t\t\t\t\t<div class=\"elementor-shortcode\">                <div class=\"igd igd-shortcode-wrap igd-shortcode-gallery\"\n                     data-shortcode-data=\"eyJpZCI6ImlnZF8xNzMyZjFhNjQ1OGQ1Y2I0MWMwNjdlNTEwMjJiZWQyNiIsInN0YXR1cyI6Im9uIiwidGl0bGUiOiJTb2R5Ym9zIHwgMjAyMiBtLiIsInR5cGUiOiJnYWxsZXJ5IiwiYWxsRm9sZGVycyI6ZmFsc2UsImZvbGRlcnMiOltdLCJwcml2YXRlRm9sZGVycyI6ZmFsc2UsImFsbG93RXh0ZW5zaW9ucyI6bnVsbCwiYWxsb3dBbGxFeHRlbnNpb25zIjpmYWxzZSwiYWxsb3dFeGNlcHRFeHRlbnNpb25zIjpudWxsLCJhbGxvd05hbWVzIjpudWxsLCJhbGxvd0FsbE5hbWVzIjpmYWxzZSwiYWxsb3dFeGNlcHROYW1lcyI6bnVsbCwibmFtZUZpbHRlck9wdGlvbnMiOlsiZmlsZXMiXSwic2hvd0ZpbGVzIjp0cnVlLCJzaG93Rm9sZGVycyI6dHJ1ZSwiZmlsZU51bWJlcnMiOiIiLCJlbWJlZFdpZHRoIjoiMTAwJSIsImVtYmVkSGVpZ2h0IjoiNDgwcHgiLCJzb3J0Ijp7InNvcnRCeSI6Im5hbWUiLCJzb3J0RGlyZWN0aW9uIjoiYXNjIn0sInZpZXciOiJsaXN0IiwibGF6eUxvYWQiOnRydWUsImxhenlMb2FkTnVtYmVyIjoxMDAsIm1heEZpbGVTaXplIjoiIiwibWluRmlsZVNpemUiOiIiLCJlbmFibGVGb2xkZXJVcGxvYWQiOmZhbHNlLCJvcGVuTmV3VGFiIjp0cnVlLCJzaG93VXBsb2FkTGFiZWwiOnRydWUsInVwbG9hZExhYmVsVGV4dCI6IlVwbG9hZCBGaWxlcyIsImFsbG93RW1iZWRQb3BvdXQiOnRydWUsInRodW1ibmFpbENhcHRpb24iOnRydWUsInByZXZpZXciOnRydWUsImRvd25sb2FkIjpmYWxzZSwiZGlzcGxheUZvciI6ImV2ZXJ5b25lIiwiZGlzcGxheVVzZXJzIjpbImV2ZXJ5b25lIl0sImRpc3BsYXlFdmVyeW9uZSI6ZmFsc2UsImRpc3BsYXlFeGNlcHQiOltdLCJnYWxsZXJ5T3ZlcmxheSI6ZmFsc2UsInNob3dIZWFkZXIiOmZhbHNlLCJub25jZSI6ImYyZDgzMmM0NjIiLCJjYW5EZWxldGUiOmZhbHNlLCJyZW5hbWUiOmZhbHNlLCJ1cGxvYWQiOmZhbHNlLCJuZXdGb2xkZXIiOmZhbHNlLCJtb3ZlQ29weSI6ZmFsc2UsImFsbG93U2hhcmUiOmZhbHNlLCJhbGxvd1NlYXJjaCI6ZmFsc2UsImNyZWF0ZURvYyI6ZmFsc2UsImVkaXQiOmZhbHNlLCJjb3B5TGluayI6ZmFsc2UsImRldGFpbHMiOmZhbHNlLCJjb21tZW50IjpmYWxzZSwicGhvdG9Qcm9vZiI6ZmFsc2UsImZpbHRlcnMiOnsiYWxsb3dFeHRlbnNpb25zIjoiIiwiYWxsb3dBbGxFeHRlbnNpb25zIjpmYWxzZSwiYWxsb3dFeGNlcHRFeHRlbnNpb25zIjoiIiwiYWxsb3dOYW1lcyI6IiIsImFsbG93QWxsTmFtZXMiOmZhbHNlLCJhbGxvd0V4Y2VwdE5hbWVzIjoiIiwibmFtZUZpbHRlck9wdGlvbnMiOlsiZmlsZXMiXSwic2hvd0ZpbGVzIjp0cnVlLCJzaG93Rm9sZGVycyI6dHJ1ZSwiaXNHYWxsZXJ5Ijp0cnVlfSwiaW5pdFBhcmVudEZvbGRlciI6eyJpZCI6IjFnZTVvZHU3enNPeUZfNTVRbjduekNJSDRzTXhtZXJYQSIsIm5hbWUiOiJTb2R5Ym9zIHwgMjAyMiBtLiIsInR5cGUiOiJhcHBsaWNhdGlvblwvdm5kLmdvb2dsZS1hcHBzLmZvbGRlciIsInNpemUiOm51bGwsImljb25MaW5rIjoiaHR0cHM6XC9cL2RyaXZlLXRoaXJkcGFydHkuZ29vZ2xldXNlcmNvbnRlbnQuY29tXC8xNlwvdHlwZVwvYXBwbGljYXRpb25cL3ZuZC5nb29nbGUtYXBwcy5mb2xkZXIiLCJ0aHVtYm5haWxMaW5rIjpudWxsLCJ3ZWJWaWV3TGluayI6Imh0dHBzOlwvXC9kcml2ZS5nb29nbGUuY29tXC9kcml2ZVwvZm9sZGVyc1wvMWdlNW9kdTd6c095Rl81NVFuN256Q0lINHNNeG1lclhBIiwid2ViQ29udGVudExpbmsiOm51bGwsImNyZWF0ZWQiOiIyMDI0LTAxLTIxVDExOjI0OjEzLjMzNVoiLCJ1cGRhdGVkIjoiMjAyNC0wMS0yMVQxMToyNDoxMy4zMzVaIiwiZGVzY3JpcHRpb24iOm51bGwsInBhcmVudHMiOlsiMEFFN3pzWGkxM3dEcVVrOVBWQSJdLCJzaGFyZWQiOmZhbHNlLCJzaGFyZWRXaXRoTWVUaW1lIjpudWxsLCJleHRlbnNpb24iOm51bGwsInJlc291cmNlS2V5IjpudWxsLCJjb3B5UmVxdWlyZXNXcml0ZXJQZXJtaXNzaW9uIjpmYWxzZSwic3RhcnJlZCI6bnVsbCwiZXhwb3J0TGlua3MiOm51bGwsImFjY291bnRJZCI6IjE3MTIzMzE3MDQ2MTgwMDEzMzMyIiwicGVybWlzc2lvbnMiOnsiY2FuUHJldmlldyI6dHJ1ZSwiY2FuRG93bmxvYWQiOmZhbHNlLCJjYW5FZGl0IjpmYWxzZSwiY2FuRGVsZXRlIjp0cnVlLCJjYW5UcmFzaCI6dHJ1ZSwiY2FuTW92ZSI6dHJ1ZSwiY2FuUmVuYW1lIjp0cnVlLCJjYW5TaGFyZSI6dHJ1ZSwiY29weVJlcXVpcmVzV3JpdGVyUGVybWlzc2lvbiI6ZmFsc2UsImNhbkNoYW5nZUNvcHlSZXF1aXJlc1dyaXRlclBlcm1pc3Npb24iOm51bGwsInVzZXJzIjp7IjE3MTIzMzE3MDQ2MTgwMDEzMzMyIjp7InR5cGUiOiJ1c2VyIiwicm9sZSI6Im93bmVyIiwiZG9tYWluIjpudWxsfX19LCJleHBvcnRBcyI6W10sImlzRm9sZGVyIjp0cnVlLCJwYWdlTnVtYmVyIjoxfSwiYWNjb3VudHMiOnsiMTcxMjMzMTcwNDYxODAwMTMzMzIiOnsiaWQiOiIxNzEyMzMxNzA0NjE4MDAxMzMzMiIsIm5hbWUiOiIiLCJlbWFpbCI6IiIsInBob3RvIjoiaHR0cHM6XC9cL2xoMy5nb29nbGV1c2VyY29udGVudC5jb21cL2FcL0FDZzhvY0xsNXY2ZHZYX1h1Y3dUV1ZLaDIzZmZQZmY0NXhjZml3NUtDb0k1aFpoWUtNcz1zNjQiLCJzdG9yYWdlIjp7InVzYWdlIjoiNzI2NjAzMjgyIiwibGltaXQiOiIxNjEwNjEyNzM2MCJ9LCJyb290X2lkIjoiMEFFN3pzWGkxM3dEcVVrOVBWQSIsImxvc3QiOmZhbHNlLCJ1c2VyX2lkIjpbImFkbWluIl19fSwiYWNjb3VudCI6eyJpZCI6IjE3MTIzMzE3MDQ2MTgwMDEzMzMyIiwibmFtZSI6IiIsImVtYWlsIjoiIiwicGhvdG8iOiJodHRwczpcL1wvbGgzLmdvb2dsZXVzZXJjb250ZW50LmNvbVwvYVwvQUNnOG9jTGw1djZkdlhfWHVjd1RXVktoMjNmZlBmZjQ1eGNmaXc1S0NvSTVoWmhZS01zPXM2NCIsInN0b3JhZ2UiOnsidXNhZ2UiOiI3MjY2MDMyODIiLCJsaW1pdCI6IjE2MTA2MTI3MzYwIn0sInJvb3RfaWQiOiIwQUU3enNYaTEzd0RxVWs5UFZBIiwibG9zdCI6ZmFsc2UsInVzZXJfaWQiOlsiYWRtaW4iXX19\"\n                     style=\"--module-width: 100%; --module-height: ;\"\n                ><\/div>\n                <\/div>\n\t\t\t\t\t\t<\/div>\n\t\t\t\t<\/div>\n\t\t\t\t\t<\/div>\n\t\t<\/div>\n\t\t\t\t\t<\/div>\n\t\t<\/section>\n\t\t\t\t<\/div>","protected":false},"excerpt":{"rendered":"","protected":false},"author":1,"featured_media":8571,"parent":11268,"menu_order":0,"comment_status":"closed","ping_status":"closed","template":"elementor_header_footer","meta":{"cybocfi_hide_featured_image":"","footnotes":""},"class_list":["post-11275","page","type-page","status-publish","has-post-thumbnail","hentry"],"yoast_head":"<!-- This site is optimized with the Yoast SEO plugin v27.0 - https:\/\/yoast.com\/product\/yoast-seo-wordpress\/ -->\n<title>Sodybos | 2022 m. - Rauboni\u0173 bendruomen\u0117 ir kult\u016bros namai<\/title>\n<meta name=\"robots\" content=\"index, follow, max-snippet:-1, max-image-preview:large, max-video-preview:-1\" \/>\n<link rel=\"canonical\" href=\"https:\/\/raubonys.lt\/en\/galerija\/sodybos-2022-m\/\" \/>\n<meta property=\"og:locale\" content=\"en_GB\" \/>\n<meta property=\"og:type\" content=\"article\" \/>\n<meta property=\"og:title\" content=\"Sodybos | 2022 m. - Rauboni\u0173 bendruomen\u0117 ir kult\u016bros namai\" \/>\n<meta property=\"og:url\" content=\"https:\/\/raubonys.lt\/en\/galerija\/sodybos-2022-m\/\" \/>\n<meta property=\"og:site_name\" content=\"Rauboni\u0173 bendruomen\u0117 ir kult\u016bros namai\" \/>\n<meta property=\"article:publisher\" content=\"https:\/\/www.facebook.com\/raubonys\/\" \/>\n<meta property=\"article:modified_time\" content=\"2024-03-17T10:16:48+00:00\" \/>\n<meta property=\"og:image\" content=\"https:\/\/raubonys.lt\/wp-content\/uploads\/2023\/10\/DSC_3584-scaled.webp\" \/>\n\t<meta property=\"og:image:width\" content=\"2560\" \/>\n\t<meta property=\"og:image:height\" content=\"1707\" \/>\n\t<meta property=\"og:image:type\" content=\"image\/webp\" \/>\n<meta name=\"twitter:card\" content=\"summary_large_image\" \/>\n<script type=\"application\/ld+json\" class=\"yoast-schema-graph\">{\"@context\":\"https:\/\/schema.org\",\"@graph\":[{\"@type\":\"WebPage\",\"@id\":\"https:\/\/raubonys.lt\/galerija\/sodybos-2022-m\/\",\"url\":\"https:\/\/raubonys.lt\/galerija\/sodybos-2022-m\/\",\"name\":\"Sodybos | 2022 m. - Rauboni\u0173 bendruomen\u0117 ir kult\u016bros namai\",\"isPartOf\":{\"@id\":\"https:\/\/raubonys.lt\/#website\"},\"primaryImageOfPage\":{\"@id\":\"https:\/\/raubonys.lt\/galerija\/sodybos-2022-m\/#primaryimage\"},\"image\":{\"@id\":\"https:\/\/raubonys.lt\/galerija\/sodybos-2022-m\/#primaryimage\"},\"thumbnailUrl\":\"https:\/\/raubonys.lt\/wp-content\/uploads\/2023\/10\/DSC_3584-scaled.webp\",\"datePublished\":\"2024-02-15T20:23:34+00:00\",\"dateModified\":\"2024-03-17T10:16:48+00:00\",\"breadcrumb\":{\"@id\":\"https:\/\/raubonys.lt\/galerija\/sodybos-2022-m\/#breadcrumb\"},\"inLanguage\":\"en-GB\",\"potentialAction\":[{\"@type\":\"ReadAction\",\"target\":[\"https:\/\/raubonys.lt\/galerija\/sodybos-2022-m\/\"]}]},{\"@type\":\"ImageObject\",\"inLanguage\":\"en-GB\",\"@id\":\"https:\/\/raubonys.lt\/galerija\/sodybos-2022-m\/#primaryimage\",\"url\":\"https:\/\/raubonys.lt\/wp-content\/uploads\/2023\/10\/DSC_3584-scaled.webp\",\"contentUrl\":\"https:\/\/raubonys.lt\/wp-content\/uploads\/2023\/10\/DSC_3584-scaled.webp\",\"width\":2560,\"height\":1707},{\"@type\":\"BreadcrumbList\",\"@id\":\"https:\/\/raubonys.lt\/galerija\/sodybos-2022-m\/#breadcrumb\",\"itemListElement\":[{\"@type\":\"ListItem\",\"position\":1,\"name\":\"Prad\u017eia\",\"item\":\"https:\/\/raubonys.lt\/\"},{\"@type\":\"ListItem\",\"position\":2,\"name\":\"Nuotrauk\u0173 galerija\",\"item\":\"https:\/\/raubonys.lt\/galerija\/\"},{\"@type\":\"ListItem\",\"position\":3,\"name\":\"Sodybos | 2022 m.\"}]},{\"@type\":\"WebSite\",\"@id\":\"https:\/\/raubonys.lt\/#website\",\"url\":\"https:\/\/raubonys.lt\/\",\"name\":\"Rauboni\u0173 bendruomen\u0117 ir kult\u016bros namai\",\"description\":\"Raubonys.lt\",\"publisher\":{\"@id\":\"https:\/\/raubonys.lt\/#organization\"},\"alternateName\":\"Raubonys.lt\",\"potentialAction\":[{\"@type\":\"SearchAction\",\"target\":{\"@type\":\"EntryPoint\",\"urlTemplate\":\"https:\/\/raubonys.lt\/?s={search_term_string}\"},\"query-input\":{\"@type\":\"PropertyValueSpecification\",\"valueRequired\":true,\"valueName\":\"search_term_string\"}}],\"inLanguage\":\"en-GB\"},{\"@type\":\"Organization\",\"@id\":\"https:\/\/raubonys.lt\/#organization\",\"name\":\"Raubonys.lt\",\"url\":\"https:\/\/raubonys.lt\/\",\"logo\":{\"@type\":\"ImageObject\",\"inLanguage\":\"en-GB\",\"@id\":\"https:\/\/raubonys.lt\/#\/schema\/logo\/image\/\",\"url\":\"https:\/\/raubonys.lt\/wp-content\/uploads\/2023\/10\/raubonys.lt_logo_black.png\",\"contentUrl\":\"https:\/\/raubonys.lt\/wp-content\/uploads\/2023\/10\/raubonys.lt_logo_black.png\",\"width\":3508,\"height\":931,\"caption\":\"Raubonys.lt\"},\"image\":{\"@id\":\"https:\/\/raubonys.lt\/#\/schema\/logo\/image\/\"},\"sameAs\":[\"https:\/\/www.facebook.com\/raubonys\/\"]}]}<\/script>\n<!-- \/ Yoast SEO plugin. -->","yoast_head_json":{"title":"Sodybos | 2022 m. - Rauboni\u0173 bendruomen\u0117 ir kult\u016bros namai","robots":{"index":"index","follow":"follow","max-snippet":"max-snippet:-1","max-image-preview":"max-image-preview:large","max-video-preview":"max-video-preview:-1"},"canonical":"https:\/\/raubonys.lt\/en\/galerija\/sodybos-2022-m\/","og_locale":"en_GB","og_type":"article","og_title":"Sodybos | 2022 m. - Rauboni\u0173 bendruomen\u0117 ir kult\u016bros namai","og_url":"https:\/\/raubonys.lt\/en\/galerija\/sodybos-2022-m\/","og_site_name":"Rauboni\u0173 bendruomen\u0117 ir kult\u016bros namai","article_publisher":"https:\/\/www.facebook.com\/raubonys\/","article_modified_time":"2024-03-17T10:16:48+00:00","og_image":[{"width":2560,"height":1707,"url":"https:\/\/raubonys.lt\/wp-content\/uploads\/2023\/10\/DSC_3584-scaled.webp","type":"image\/webp"}],"twitter_card":"summary_large_image","schema":{"@context":"https:\/\/schema.org","@graph":[{"@type":"WebPage","@id":"https:\/\/raubonys.lt\/galerija\/sodybos-2022-m\/","url":"https:\/\/raubonys.lt\/galerija\/sodybos-2022-m\/","name":"Sodybos | 2022 m. - Rauboni\u0173 bendruomen\u0117 ir kult\u016bros namai","isPartOf":{"@id":"https:\/\/raubonys.lt\/#website"},"primaryImageOfPage":{"@id":"https:\/\/raubonys.lt\/galerija\/sodybos-2022-m\/#primaryimage"},"image":{"@id":"https:\/\/raubonys.lt\/galerija\/sodybos-2022-m\/#primaryimage"},"thumbnailUrl":"https:\/\/raubonys.lt\/wp-content\/uploads\/2023\/10\/DSC_3584-scaled.webp","datePublished":"2024-02-15T20:23:34+00:00","dateModified":"2024-03-17T10:16:48+00:00","breadcrumb":{"@id":"https:\/\/raubonys.lt\/galerija\/sodybos-2022-m\/#breadcrumb"},"inLanguage":"en-GB","potentialAction":[{"@type":"ReadAction","target":["https:\/\/raubonys.lt\/galerija\/sodybos-2022-m\/"]}]},{"@type":"ImageObject","inLanguage":"en-GB","@id":"https:\/\/raubonys.lt\/galerija\/sodybos-2022-m\/#primaryimage","url":"https:\/\/raubonys.lt\/wp-content\/uploads\/2023\/10\/DSC_3584-scaled.webp","contentUrl":"https:\/\/raubonys.lt\/wp-content\/uploads\/2023\/10\/DSC_3584-scaled.webp","width":2560,"height":1707},{"@type":"BreadcrumbList","@id":"https:\/\/raubonys.lt\/galerija\/sodybos-2022-m\/#breadcrumb","itemListElement":[{"@type":"ListItem","position":1,"name":"Prad\u017eia","item":"https:\/\/raubonys.lt\/"},{"@type":"ListItem","position":2,"name":"Nuotrauk\u0173 galerija","item":"https:\/\/raubonys.lt\/galerija\/"},{"@type":"ListItem","position":3,"name":"Sodybos | 2022 m."}]},{"@type":"WebSite","@id":"https:\/\/raubonys.lt\/#website","url":"https:\/\/raubonys.lt\/","name":"Rauboni\u0173 bendruomen\u0117 ir kult\u016bros namai","description":"Raubonys.lt","publisher":{"@id":"https:\/\/raubonys.lt\/#organization"},"alternateName":"Raubonys.lt","potentialAction":[{"@type":"SearchAction","target":{"@type":"EntryPoint","urlTemplate":"https:\/\/raubonys.lt\/?s={search_term_string}"},"query-input":{"@type":"PropertyValueSpecification","valueRequired":true,"valueName":"search_term_string"}}],"inLanguage":"en-GB"},{"@type":"Organization","@id":"https:\/\/raubonys.lt\/#organization","name":"Raubonys.lt","url":"https:\/\/raubonys.lt\/","logo":{"@type":"ImageObject","inLanguage":"en-GB","@id":"https:\/\/raubonys.lt\/#\/schema\/logo\/image\/","url":"https:\/\/raubonys.lt\/wp-content\/uploads\/2023\/10\/raubonys.lt_logo_black.png","contentUrl":"https:\/\/raubonys.lt\/wp-content\/uploads\/2023\/10\/raubonys.lt_logo_black.png","width":3508,"height":931,"caption":"Raubonys.lt"},"image":{"@id":"https:\/\/raubonys.lt\/#\/schema\/logo\/image\/"},"sameAs":["https:\/\/www.facebook.com\/raubonys\/"]}]}},"_links":{"self":[{"href":"https:\/\/raubonys.lt\/en\/wp-json\/wp\/v2\/pages\/11275","targetHints":{"allow":["GET"]}}],"collection":[{"href":"https:\/\/raubonys.lt\/en\/wp-json\/wp\/v2\/pages"}],"about":[{"href":"https:\/\/raubonys.lt\/en\/wp-json\/wp\/v2\/types\/page"}],"author":[{"embeddable":true,"href":"https:\/\/raubonys.lt\/en\/wp-json\/wp\/v2\/users\/1"}],"replies":[{"embeddable":true,"href":"https:\/\/raubonys.lt\/en\/wp-json\/wp\/v2\/comments?post=11275"}],"version-history":[{"count":0,"href":"https:\/\/raubonys.lt\/en\/wp-json\/wp\/v2\/pages\/11275\/revisions"}],"up":[{"embeddable":true,"href":"https:\/\/raubonys.lt\/en\/wp-json\/wp\/v2\/pages\/11268"}],"wp:featuredmedia":[{"embeddable":true,"href":"https:\/\/raubonys.lt\/en\/wp-json\/wp\/v2\/media\/8571"}],"wp:attachment":[{"href":"https:\/\/raubonys.lt\/en\/wp-json\/wp\/v2\/media?parent=11275"}],"curies":[{"name":"wp","href":"https:\/\/api.w.org\/{rel}","templated":true}]}}