{"id":11369,"date":"2024-03-17T12:34:45","date_gmt":"2024-03-17T10:34:45","guid":{"rendered":"https:\/\/raubonys.lt\/?page_id=11369"},"modified":"2024-03-17T12:38:35","modified_gmt":"2024-03-17T10:38:35","slug":"ziema-2021-m","status":"publish","type":"page","link":"https:\/\/raubonys.lt\/en\/galerija\/ziema-2021-m\/","title":{"rendered":"\u017diema | 2021 m."},"content":{"rendered":"<div data-elementor-type=\"wp-page\" data-elementor-id=\"11369\" class=\"elementor elementor-11369\">\n\t\t\t\t\t\t<section class=\"elementor-section elementor-top-section elementor-element elementor-element-f8e248f elementor-section-boxed elementor-section-height-default elementor-section-height-default\" data-id=\"f8e248f\" data-element_type=\"section\" data-e-type=\"section\">\n\t\t\t\t\t\t<div class=\"elementor-container elementor-column-gap-default\">\n\t\t\t\t\t<div class=\"elementor-column elementor-col-100 elementor-top-column elementor-element elementor-element-627e0a1\" data-id=\"627e0a1\" data-element_type=\"column\" data-e-type=\"column\">\n\t\t\t<div class=\"elementor-widget-wrap elementor-element-populated\">\n\t\t\t\t\t\t<div class=\"elementor-element elementor-element-c2513a9 elementor-widget elementor-widget-shortcode\" data-id=\"c2513a9\" data-element_type=\"widget\" data-e-type=\"widget\" data-widget_type=\"shortcode.default\">\n\t\t\t\t<div class=\"elementor-widget-container\">\n\t\t\t\t\t\t\t<div class=\"elementor-shortcode\">                <div class=\"igd igd-shortcode-wrap igd-shortcode-gallery\"\n                     data-shortcode-data=\"eyJpZCI6Miwic3RhdHVzIjoib24iLCJ0aXRsZSI6Ilx1MDE3ZGllbWEgfCAyMDIxIG0uIiwidHlwZSI6ImdhbGxlcnkiLCJhbGxGb2xkZXJzIjpmYWxzZSwiZm9sZGVycyI6W10sInByaXZhdGVGb2xkZXJzIjpmYWxzZSwiYWxsb3dFeHRlbnNpb25zIjpudWxsLCJhbGxvd0FsbEV4dGVuc2lvbnMiOmZhbHNlLCJhbGxvd0V4Y2VwdEV4dGVuc2lvbnMiOm51bGwsImFsbG93TmFtZXMiOm51bGwsImFsbG93QWxsTmFtZXMiOmZhbHNlLCJhbGxvd0V4Y2VwdE5hbWVzIjpudWxsLCJuYW1lRmlsdGVyT3B0aW9ucyI6WyJmaWxlcyJdLCJzaG93RmlsZXMiOnRydWUsInNob3dGb2xkZXJzIjp0cnVlLCJmaWxlTnVtYmVycyI6IiIsImVtYmVkV2lkdGgiOiIxMDAlIiwiZW1iZWRIZWlnaHQiOiI0ODBweCIsInNvcnQiOnsic29ydEJ5IjoibmFtZSIsInNvcnREaXJlY3Rpb24iOiJhc2MifSwidmlldyI6Imxpc3QiLCJsYXp5TG9hZCI6dHJ1ZSwibGF6eUxvYWROdW1iZXIiOjEwMCwibWF4RmlsZVNpemUiOiIiLCJtaW5GaWxlU2l6ZSI6IiIsImVuYWJsZUZvbGRlclVwbG9hZCI6ZmFsc2UsIm9wZW5OZXdUYWIiOnRydWUsInNob3dVcGxvYWRMYWJlbCI6dHJ1ZSwidXBsb2FkTGFiZWxUZXh0IjoiVXBsb2FkIEZpbGVzIiwiYWxsb3dFbWJlZFBvcG91dCI6dHJ1ZSwidGh1bWJuYWlsQ2FwdGlvbiI6dHJ1ZSwicHJldmlldyI6dHJ1ZSwiZG93bmxvYWQiOmZhbHNlLCJkaXNwbGF5Rm9yIjoiZXZlcnlvbmUiLCJkaXNwbGF5VXNlcnMiOlsiZXZlcnlvbmUiXSwiZGlzcGxheUV2ZXJ5b25lIjpmYWxzZSwiZGlzcGxheUV4Y2VwdCI6W10sImdhbGxlcnlPdmVybGF5IjpmYWxzZSwic2hvd0hlYWRlciI6ZmFsc2UsIm5vbmNlIjoiNTgzMWVhMTM4NiIsImNhbkRlbGV0ZSI6ZmFsc2UsInJlbmFtZSI6ZmFsc2UsInVwbG9hZCI6ZmFsc2UsIm5ld0ZvbGRlciI6ZmFsc2UsIm1vdmVDb3B5IjpmYWxzZSwiYWxsb3dTaGFyZSI6ZmFsc2UsImFsbG93U2VhcmNoIjpmYWxzZSwiY3JlYXRlRG9jIjpmYWxzZSwiZWRpdCI6ZmFsc2UsImNvcHlMaW5rIjpmYWxzZSwiZGV0YWlscyI6ZmFsc2UsImNvbW1lbnQiOmZhbHNlLCJwaG90b1Byb29mIjpmYWxzZSwiZmlsdGVycyI6eyJhbGxvd0V4dGVuc2lvbnMiOiIiLCJhbGxvd0FsbEV4dGVuc2lvbnMiOmZhbHNlLCJhbGxvd0V4Y2VwdEV4dGVuc2lvbnMiOiIiLCJhbGxvd05hbWVzIjoiIiwiYWxsb3dBbGxOYW1lcyI6ZmFsc2UsImFsbG93RXhjZXB0TmFtZXMiOiIiLCJuYW1lRmlsdGVyT3B0aW9ucyI6WyJmaWxlcyJdLCJzaG93RmlsZXMiOnRydWUsInNob3dGb2xkZXJzIjp0cnVlLCJpc0dhbGxlcnkiOnRydWV9LCJpbml0UGFyZW50Rm9sZGVyIjp7ImlkIjoiMXhLU3d1bVNaR0hTaGVDTEFRT0pqVmlKRE0xM1V2UU43IiwibmFtZSI6Ilx1MDE3ZGllbWEgfCAyMDIxIG0uIiwidHlwZSI6ImFwcGxpY2F0aW9uXC92bmQuZ29vZ2xlLWFwcHMuZm9sZGVyIiwic2l6ZSI6bnVsbCwiaWNvbkxpbmsiOiJodHRwczpcL1wvZHJpdmUtdGhpcmRwYXJ0eS5nb29nbGV1c2VyY29udGVudC5jb21cLzE2XC90eXBlXC9hcHBsaWNhdGlvblwvdm5kLmdvb2dsZS1hcHBzLmZvbGRlciIsInRodW1ibmFpbExpbmsiOm51bGwsIndlYlZpZXdMaW5rIjoiaHR0cHM6XC9cL2RyaXZlLmdvb2dsZS5jb21cL2RyaXZlXC9mb2xkZXJzXC8xeEtTd3VtU1pHSFNoZUNMQVFPSmpWaUpETTEzVXZRTjciLCJ3ZWJDb250ZW50TGluayI6bnVsbCwiY3JlYXRlZCI6IjIwMjQtMDMtMTdUMTA6Mjc6MDEuMzQwWiIsInVwZGF0ZWQiOiIyMDI0LTAzLTE3VDEwOjI3OjAxLjM0MFoiLCJkZXNjcmlwdGlvbiI6bnVsbCwicGFyZW50cyI6WyIwQUU3enNYaTEzd0RxVWs5UFZBIl0sInNoYXJlZCI6ZmFsc2UsInNoYXJlZFdpdGhNZVRpbWUiOm51bGwsImV4dGVuc2lvbiI6bnVsbCwicmVzb3VyY2VLZXkiOm51bGwsImNvcHlSZXF1aXJlc1dyaXRlclBlcm1pc3Npb24iOmZhbHNlLCJzdGFycmVkIjpudWxsLCJleHBvcnRMaW5rcyI6bnVsbCwiYWNjb3VudElkIjoiMTcxMjMzMTcwNDYxODAwMTMzMzIiLCJwZXJtaXNzaW9ucyI6eyJjYW5QcmV2aWV3Ijp0cnVlLCJjYW5Eb3dubG9hZCI6ZmFsc2UsImNhbkVkaXQiOmZhbHNlLCJjYW5EZWxldGUiOnRydWUsImNhblRyYXNoIjp0cnVlLCJjYW5Nb3ZlIjp0cnVlLCJjYW5SZW5hbWUiOnRydWUsImNhblNoYXJlIjp0cnVlLCJjb3B5UmVxdWlyZXNXcml0ZXJQZXJtaXNzaW9uIjpmYWxzZSwiY2FuQ2hhbmdlQ29weVJlcXVpcmVzV3JpdGVyUGVybWlzc2lvbiI6bnVsbCwidXNlcnMiOnsiMTcxMjMzMTcwNDYxODAwMTMzMzIiOnsidHlwZSI6InVzZXIiLCJyb2xlIjoib3duZXIiLCJkb21haW4iOm51bGx9fX0sImV4cG9ydEFzIjpbXSwiaXNGb2xkZXIiOnRydWUsInBhZ2VOdW1iZXIiOjF9LCJhY2NvdW50cyI6eyIxNzEyMzMxNzA0NjE4MDAxMzMzMiI6eyJpZCI6IjE3MTIzMzE3MDQ2MTgwMDEzMzMyIiwibmFtZSI6IiIsImVtYWlsIjoiIiwicGhvdG8iOiJodHRwczpcL1wvbGgzLmdvb2dsZXVzZXJjb250ZW50LmNvbVwvYVwvQUNnOG9jTGw1djZkdlhfWHVjd1RXVktoMjNmZlBmZjQ1eGNmaXc1S0NvSTVoWmhZS01zPXM2NCIsInN0b3JhZ2UiOnsidXNhZ2UiOiI3MjY2MDMyODIiLCJsaW1pdCI6IjE2MTA2MTI3MzYwIn0sInJvb3RfaWQiOiIwQUU3enNYaTEzd0RxVWs5UFZBIiwibG9zdCI6ZmFsc2UsInVzZXJfaWQiOlsiYWRtaW4iXX19LCJhY2NvdW50Ijp7ImlkIjoiMTcxMjMzMTcwNDYxODAwMTMzMzIiLCJuYW1lIjoiIiwiZW1haWwiOiIiLCJwaG90byI6Imh0dHBzOlwvXC9saDMuZ29vZ2xldXNlcmNvbnRlbnQuY29tXC9hXC9BQ2c4b2NMbDV2NmR2WF9YdWN3VFdWS2gyM2ZmUGZmNDV4Y2ZpdzVLQ29JNWhaaFlLTXM9czY0Iiwic3RvcmFnZSI6eyJ1c2FnZSI6IjcyNjYwMzI4MiIsImxpbWl0IjoiMTYxMDYxMjczNjAifSwicm9vdF9pZCI6IjBBRTd6c1hpMTN3RHFVazlQVkEiLCJsb3N0IjpmYWxzZSwidXNlcl9pZCI6WyJhZG1pbiJdfX0=\"\n                     style=\"--module-width: 100%; --module-height: ;\"\n                ><\/div>\n                <\/div>\n\t\t\t\t\t\t<\/div>\n\t\t\t\t<\/div>\n\t\t\t\t\t<\/div>\n\t\t<\/div>\n\t\t\t\t\t<\/div>\n\t\t<\/section>\n\t\t\t\t<\/div>","protected":false},"excerpt":{"rendered":"","protected":false},"author":1,"featured_media":11371,"parent":11268,"menu_order":0,"comment_status":"closed","ping_status":"closed","template":"elementor_header_footer","meta":{"cybocfi_hide_featured_image":"","footnotes":""},"class_list":["post-11369","page","type-page","status-publish","has-post-thumbnail","hentry"],"yoast_head":"<!-- This site is optimized with the Yoast SEO plugin v27.0 - https:\/\/yoast.com\/product\/yoast-seo-wordpress\/ -->\n<title>\u017diema | 2021 m. - Rauboni\u0173 bendruomen\u0117 ir kult\u016bros namai<\/title>\n<meta name=\"robots\" content=\"index, follow, max-snippet:-1, max-image-preview:large, max-video-preview:-1\" \/>\n<link rel=\"canonical\" href=\"https:\/\/raubonys.lt\/en\/galerija\/ziema-2021-m\/\" \/>\n<meta property=\"og:locale\" content=\"en_GB\" \/>\n<meta property=\"og:type\" content=\"article\" \/>\n<meta property=\"og:title\" content=\"\u017diema | 2021 m. - Rauboni\u0173 bendruomen\u0117 ir kult\u016bros namai\" \/>\n<meta property=\"og:url\" content=\"https:\/\/raubonys.lt\/en\/galerija\/ziema-2021-m\/\" \/>\n<meta property=\"og:site_name\" content=\"Rauboni\u0173 bendruomen\u0117 ir kult\u016bros namai\" \/>\n<meta property=\"article:publisher\" content=\"https:\/\/www.facebook.com\/raubonys\/\" \/>\n<meta property=\"article:modified_time\" content=\"2024-03-17T10:38:35+00:00\" \/>\n<meta property=\"og:image\" content=\"https:\/\/raubonys.lt\/wp-content\/uploads\/2024\/03\/DSC_0638-scaled.jpg\" \/>\n\t<meta property=\"og:image:width\" content=\"2560\" \/>\n\t<meta property=\"og:image:height\" content=\"1707\" \/>\n\t<meta property=\"og:image:type\" content=\"image\/jpeg\" \/>\n<meta name=\"twitter:card\" content=\"summary_large_image\" \/>\n<script type=\"application\/ld+json\" class=\"yoast-schema-graph\">{\"@context\":\"https:\/\/schema.org\",\"@graph\":[{\"@type\":\"WebPage\",\"@id\":\"https:\/\/raubonys.lt\/galerija\/ziema-2021-m\/\",\"url\":\"https:\/\/raubonys.lt\/galerija\/ziema-2021-m\/\",\"name\":\"\u017diema | 2021 m. - Rauboni\u0173 bendruomen\u0117 ir kult\u016bros namai\",\"isPartOf\":{\"@id\":\"https:\/\/raubonys.lt\/#website\"},\"primaryImageOfPage\":{\"@id\":\"https:\/\/raubonys.lt\/galerija\/ziema-2021-m\/#primaryimage\"},\"image\":{\"@id\":\"https:\/\/raubonys.lt\/galerija\/ziema-2021-m\/#primaryimage\"},\"thumbnailUrl\":\"https:\/\/raubonys.lt\/wp-content\/uploads\/2024\/03\/DSC_0638-scaled.jpg\",\"datePublished\":\"2024-03-17T10:34:45+00:00\",\"dateModified\":\"2024-03-17T10:38:35+00:00\",\"breadcrumb\":{\"@id\":\"https:\/\/raubonys.lt\/galerija\/ziema-2021-m\/#breadcrumb\"},\"inLanguage\":\"en-GB\",\"potentialAction\":[{\"@type\":\"ReadAction\",\"target\":[\"https:\/\/raubonys.lt\/galerija\/ziema-2021-m\/\"]}]},{\"@type\":\"ImageObject\",\"inLanguage\":\"en-GB\",\"@id\":\"https:\/\/raubonys.lt\/galerija\/ziema-2021-m\/#primaryimage\",\"url\":\"https:\/\/raubonys.lt\/wp-content\/uploads\/2024\/03\/DSC_0638-scaled.jpg\",\"contentUrl\":\"https:\/\/raubonys.lt\/wp-content\/uploads\/2024\/03\/DSC_0638-scaled.jpg\",\"width\":2560,\"height\":1707},{\"@type\":\"BreadcrumbList\",\"@id\":\"https:\/\/raubonys.lt\/galerija\/ziema-2021-m\/#breadcrumb\",\"itemListElement\":[{\"@type\":\"ListItem\",\"position\":1,\"name\":\"Prad\u017eia\",\"item\":\"https:\/\/raubonys.lt\/\"},{\"@type\":\"ListItem\",\"position\":2,\"name\":\"Nuotrauk\u0173 galerija\",\"item\":\"https:\/\/raubonys.lt\/galerija\/\"},{\"@type\":\"ListItem\",\"position\":3,\"name\":\"\u017diema | 2021 m.\"}]},{\"@type\":\"WebSite\",\"@id\":\"https:\/\/raubonys.lt\/#website\",\"url\":\"https:\/\/raubonys.lt\/\",\"name\":\"Rauboni\u0173 bendruomen\u0117 ir kult\u016bros namai\",\"description\":\"Raubonys.lt\",\"publisher\":{\"@id\":\"https:\/\/raubonys.lt\/#organization\"},\"alternateName\":\"Raubonys.lt\",\"potentialAction\":[{\"@type\":\"SearchAction\",\"target\":{\"@type\":\"EntryPoint\",\"urlTemplate\":\"https:\/\/raubonys.lt\/?s={search_term_string}\"},\"query-input\":{\"@type\":\"PropertyValueSpecification\",\"valueRequired\":true,\"valueName\":\"search_term_string\"}}],\"inLanguage\":\"en-GB\"},{\"@type\":\"Organization\",\"@id\":\"https:\/\/raubonys.lt\/#organization\",\"name\":\"Raubonys.lt\",\"url\":\"https:\/\/raubonys.lt\/\",\"logo\":{\"@type\":\"ImageObject\",\"inLanguage\":\"en-GB\",\"@id\":\"https:\/\/raubonys.lt\/#\/schema\/logo\/image\/\",\"url\":\"https:\/\/raubonys.lt\/wp-content\/uploads\/2023\/10\/raubonys.lt_logo_black.png\",\"contentUrl\":\"https:\/\/raubonys.lt\/wp-content\/uploads\/2023\/10\/raubonys.lt_logo_black.png\",\"width\":3508,\"height\":931,\"caption\":\"Raubonys.lt\"},\"image\":{\"@id\":\"https:\/\/raubonys.lt\/#\/schema\/logo\/image\/\"},\"sameAs\":[\"https:\/\/www.facebook.com\/raubonys\/\"]}]}<\/script>\n<!-- \/ Yoast SEO plugin. -->","yoast_head_json":{"title":"\u017diema | 2021 m. - Rauboni\u0173 bendruomen\u0117 ir kult\u016bros namai","robots":{"index":"index","follow":"follow","max-snippet":"max-snippet:-1","max-image-preview":"max-image-preview:large","max-video-preview":"max-video-preview:-1"},"canonical":"https:\/\/raubonys.lt\/en\/galerija\/ziema-2021-m\/","og_locale":"en_GB","og_type":"article","og_title":"\u017diema | 2021 m. - Rauboni\u0173 bendruomen\u0117 ir kult\u016bros namai","og_url":"https:\/\/raubonys.lt\/en\/galerija\/ziema-2021-m\/","og_site_name":"Rauboni\u0173 bendruomen\u0117 ir kult\u016bros namai","article_publisher":"https:\/\/www.facebook.com\/raubonys\/","article_modified_time":"2024-03-17T10:38:35+00:00","og_image":[{"width":2560,"height":1707,"url":"https:\/\/raubonys.lt\/wp-content\/uploads\/2024\/03\/DSC_0638-scaled.jpg","type":"image\/jpeg"}],"twitter_card":"summary_large_image","schema":{"@context":"https:\/\/schema.org","@graph":[{"@type":"WebPage","@id":"https:\/\/raubonys.lt\/galerija\/ziema-2021-m\/","url":"https:\/\/raubonys.lt\/galerija\/ziema-2021-m\/","name":"\u017diema | 2021 m. - Rauboni\u0173 bendruomen\u0117 ir kult\u016bros namai","isPartOf":{"@id":"https:\/\/raubonys.lt\/#website"},"primaryImageOfPage":{"@id":"https:\/\/raubonys.lt\/galerija\/ziema-2021-m\/#primaryimage"},"image":{"@id":"https:\/\/raubonys.lt\/galerija\/ziema-2021-m\/#primaryimage"},"thumbnailUrl":"https:\/\/raubonys.lt\/wp-content\/uploads\/2024\/03\/DSC_0638-scaled.jpg","datePublished":"2024-03-17T10:34:45+00:00","dateModified":"2024-03-17T10:38:35+00:00","breadcrumb":{"@id":"https:\/\/raubonys.lt\/galerija\/ziema-2021-m\/#breadcrumb"},"inLanguage":"en-GB","potentialAction":[{"@type":"ReadAction","target":["https:\/\/raubonys.lt\/galerija\/ziema-2021-m\/"]}]},{"@type":"ImageObject","inLanguage":"en-GB","@id":"https:\/\/raubonys.lt\/galerija\/ziema-2021-m\/#primaryimage","url":"https:\/\/raubonys.lt\/wp-content\/uploads\/2024\/03\/DSC_0638-scaled.jpg","contentUrl":"https:\/\/raubonys.lt\/wp-content\/uploads\/2024\/03\/DSC_0638-scaled.jpg","width":2560,"height":1707},{"@type":"BreadcrumbList","@id":"https:\/\/raubonys.lt\/galerija\/ziema-2021-m\/#breadcrumb","itemListElement":[{"@type":"ListItem","position":1,"name":"Prad\u017eia","item":"https:\/\/raubonys.lt\/"},{"@type":"ListItem","position":2,"name":"Nuotrauk\u0173 galerija","item":"https:\/\/raubonys.lt\/galerija\/"},{"@type":"ListItem","position":3,"name":"\u017diema | 2021 m."}]},{"@type":"WebSite","@id":"https:\/\/raubonys.lt\/#website","url":"https:\/\/raubonys.lt\/","name":"Rauboni\u0173 bendruomen\u0117 ir kult\u016bros namai","description":"Raubonys.lt","publisher":{"@id":"https:\/\/raubonys.lt\/#organization"},"alternateName":"Raubonys.lt","potentialAction":[{"@type":"SearchAction","target":{"@type":"EntryPoint","urlTemplate":"https:\/\/raubonys.lt\/?s={search_term_string}"},"query-input":{"@type":"PropertyValueSpecification","valueRequired":true,"valueName":"search_term_string"}}],"inLanguage":"en-GB"},{"@type":"Organization","@id":"https:\/\/raubonys.lt\/#organization","name":"Raubonys.lt","url":"https:\/\/raubonys.lt\/","logo":{"@type":"ImageObject","inLanguage":"en-GB","@id":"https:\/\/raubonys.lt\/#\/schema\/logo\/image\/","url":"https:\/\/raubonys.lt\/wp-content\/uploads\/2023\/10\/raubonys.lt_logo_black.png","contentUrl":"https:\/\/raubonys.lt\/wp-content\/uploads\/2023\/10\/raubonys.lt_logo_black.png","width":3508,"height":931,"caption":"Raubonys.lt"},"image":{"@id":"https:\/\/raubonys.lt\/#\/schema\/logo\/image\/"},"sameAs":["https:\/\/www.facebook.com\/raubonys\/"]}]}},"_links":{"self":[{"href":"https:\/\/raubonys.lt\/en\/wp-json\/wp\/v2\/pages\/11369","targetHints":{"allow":["GET"]}}],"collection":[{"href":"https:\/\/raubonys.lt\/en\/wp-json\/wp\/v2\/pages"}],"about":[{"href":"https:\/\/raubonys.lt\/en\/wp-json\/wp\/v2\/types\/page"}],"author":[{"embeddable":true,"href":"https:\/\/raubonys.lt\/en\/wp-json\/wp\/v2\/users\/1"}],"replies":[{"embeddable":true,"href":"https:\/\/raubonys.lt\/en\/wp-json\/wp\/v2\/comments?post=11369"}],"version-history":[{"count":0,"href":"https:\/\/raubonys.lt\/en\/wp-json\/wp\/v2\/pages\/11369\/revisions"}],"up":[{"embeddable":true,"href":"https:\/\/raubonys.lt\/en\/wp-json\/wp\/v2\/pages\/11268"}],"wp:featuredmedia":[{"embeddable":true,"href":"https:\/\/raubonys.lt\/en\/wp-json\/wp\/v2\/media\/11371"}],"wp:attachment":[{"href":"https:\/\/raubonys.lt\/en\/wp-json\/wp\/v2\/media?parent=11369"}],"curies":[{"name":"wp","href":"https:\/\/api.w.org\/{rel}","templated":true}]}}