{"id":11382,"date":"2024-03-17T12:44:28","date_gmt":"2024-03-17T10:44:28","guid":{"rendered":"https:\/\/raubonys.lt\/?page_id=11382"},"modified":"2024-03-17T12:45:16","modified_gmt":"2024-03-17T10:45:16","slug":"pavasaris-2023-m","status":"publish","type":"page","link":"https:\/\/raubonys.lt\/en\/galerija\/pavasaris-2023-m\/","title":{"rendered":"Pavasaris | 2023 m."},"content":{"rendered":"<div data-elementor-type=\"wp-page\" data-elementor-id=\"11382\" class=\"elementor elementor-11382\">\n\t\t\t\t\t\t<section class=\"elementor-section elementor-top-section elementor-element elementor-element-f8e248f elementor-section-boxed elementor-section-height-default elementor-section-height-default\" data-id=\"f8e248f\" data-element_type=\"section\" data-e-type=\"section\">\n\t\t\t\t\t\t<div class=\"elementor-container elementor-column-gap-default\">\n\t\t\t\t\t<div class=\"elementor-column elementor-col-100 elementor-top-column elementor-element elementor-element-627e0a1\" data-id=\"627e0a1\" data-element_type=\"column\" data-e-type=\"column\">\n\t\t\t<div class=\"elementor-widget-wrap elementor-element-populated\">\n\t\t\t\t\t\t<div class=\"elementor-element elementor-element-c2513a9 elementor-widget elementor-widget-shortcode\" data-id=\"c2513a9\" data-element_type=\"widget\" data-e-type=\"widget\" data-widget_type=\"shortcode.default\">\n\t\t\t\t<div class=\"elementor-widget-container\">\n\t\t\t\t\t\t\t<div class=\"elementor-shortcode\">                <div class=\"igd igd-shortcode-wrap igd-shortcode-gallery\"\n                     data-shortcode-data=\"eyJpZCI6Mywic3RhdHVzIjoib24iLCJ0aXRsZSI6IlBhdmFzYXJpcyB8IDIwMjMgbS4iLCJ0eXBlIjoiZ2FsbGVyeSIsImFsbEZvbGRlcnMiOmZhbHNlLCJmb2xkZXJzIjpbXSwicHJpdmF0ZUZvbGRlcnMiOmZhbHNlLCJhbGxvd0V4dGVuc2lvbnMiOm51bGwsImFsbG93QWxsRXh0ZW5zaW9ucyI6ZmFsc2UsImFsbG93RXhjZXB0RXh0ZW5zaW9ucyI6bnVsbCwiYWxsb3dOYW1lcyI6bnVsbCwiYWxsb3dBbGxOYW1lcyI6ZmFsc2UsImFsbG93RXhjZXB0TmFtZXMiOm51bGwsIm5hbWVGaWx0ZXJPcHRpb25zIjpbImZpbGVzIl0sInNob3dGaWxlcyI6dHJ1ZSwic2hvd0ZvbGRlcnMiOnRydWUsImZpbGVOdW1iZXJzIjoiIiwiZW1iZWRXaWR0aCI6IjEwMCUiLCJlbWJlZEhlaWdodCI6IjQ4MHB4Iiwic29ydCI6eyJzb3J0QnkiOiJuYW1lIiwic29ydERpcmVjdGlvbiI6ImFzYyJ9LCJ2aWV3IjoibGlzdCIsImxhenlMb2FkIjp0cnVlLCJsYXp5TG9hZE51bWJlciI6MTAwLCJtYXhGaWxlU2l6ZSI6IiIsIm1pbkZpbGVTaXplIjoiIiwiZW5hYmxlRm9sZGVyVXBsb2FkIjpmYWxzZSwib3Blbk5ld1RhYiI6dHJ1ZSwic2hvd1VwbG9hZExhYmVsIjp0cnVlLCJ1cGxvYWRMYWJlbFRleHQiOiJVcGxvYWQgRmlsZXMiLCJhbGxvd0VtYmVkUG9wb3V0Ijp0cnVlLCJ0aHVtYm5haWxDYXB0aW9uIjp0cnVlLCJwcmV2aWV3Ijp0cnVlLCJkb3dubG9hZCI6ZmFsc2UsImRpc3BsYXlGb3IiOiJldmVyeW9uZSIsImRpc3BsYXlVc2VycyI6WyJldmVyeW9uZSJdLCJkaXNwbGF5RXZlcnlvbmUiOmZhbHNlLCJkaXNwbGF5RXhjZXB0IjpbXSwiZ2FsbGVyeU92ZXJsYXkiOmZhbHNlLCJzaG93SGVhZGVyIjpmYWxzZSwibm9uY2UiOiJmMmQ4MzJjNDYyIiwiY2FuRGVsZXRlIjpmYWxzZSwicmVuYW1lIjpmYWxzZSwidXBsb2FkIjpmYWxzZSwibmV3Rm9sZGVyIjpmYWxzZSwibW92ZUNvcHkiOmZhbHNlLCJhbGxvd1NoYXJlIjpmYWxzZSwiYWxsb3dTZWFyY2giOmZhbHNlLCJjcmVhdGVEb2MiOmZhbHNlLCJlZGl0IjpmYWxzZSwiY29weUxpbmsiOmZhbHNlLCJkZXRhaWxzIjpmYWxzZSwiY29tbWVudCI6ZmFsc2UsInBob3RvUHJvb2YiOmZhbHNlLCJmaWx0ZXJzIjp7ImFsbG93RXh0ZW5zaW9ucyI6IiIsImFsbG93QWxsRXh0ZW5zaW9ucyI6ZmFsc2UsImFsbG93RXhjZXB0RXh0ZW5zaW9ucyI6IiIsImFsbG93TmFtZXMiOiIiLCJhbGxvd0FsbE5hbWVzIjpmYWxzZSwiYWxsb3dFeGNlcHROYW1lcyI6IiIsIm5hbWVGaWx0ZXJPcHRpb25zIjpbImZpbGVzIl0sInNob3dGaWxlcyI6dHJ1ZSwic2hvd0ZvbGRlcnMiOnRydWUsImlzR2FsbGVyeSI6dHJ1ZX0sImluaXRQYXJlbnRGb2xkZXIiOnsiaWQiOiIxbWpnbHpKenAxWWR5Rk14YnZLWFVLUWhmQk80YmdXcXoiLCJuYW1lIjoiUGF2YXNhcmlzIHwgMjAyMyBtLiIsInR5cGUiOiJhcHBsaWNhdGlvblwvdm5kLmdvb2dsZS1hcHBzLmZvbGRlciIsInNpemUiOm51bGwsImljb25MaW5rIjoiaHR0cHM6XC9cL2RyaXZlLXRoaXJkcGFydHkuZ29vZ2xldXNlcmNvbnRlbnQuY29tXC8xNlwvdHlwZVwvYXBwbGljYXRpb25cL3ZuZC5nb29nbGUtYXBwcy5mb2xkZXIrNDgiLCJ0aHVtYm5haWxMaW5rIjpudWxsLCJ3ZWJWaWV3TGluayI6Imh0dHBzOlwvXC9kcml2ZS5nb29nbGUuY29tXC9kcml2ZVwvZm9sZGVyc1wvMW1qZ2x6SnpwMVlkeUZNeGJ2S1hVS1FoZkJPNGJnV3F6Iiwid2ViQ29udGVudExpbmsiOm51bGwsImNyZWF0ZWQiOiIyMDI0LTAzLTE3VDEwOjM5OjE0LjI5NloiLCJ1cGRhdGVkIjoiMjAyNC0wMy0xN1QxMDozOToxNC4yOTZaIiwiZGVzY3JpcHRpb24iOm51bGwsInBhcmVudHMiOlsiMEFFN3pzWGkxM3dEcVVrOVBWQSJdLCJzaGFyZWQiOmZhbHNlLCJzaGFyZWRXaXRoTWVUaW1lIjpudWxsLCJleHRlbnNpb24iOm51bGwsInJlc291cmNlS2V5IjpudWxsLCJjb3B5UmVxdWlyZXNXcml0ZXJQZXJtaXNzaW9uIjpmYWxzZSwic3RhcnJlZCI6bnVsbCwiZXhwb3J0TGlua3MiOm51bGwsImFjY291bnRJZCI6IjE3MTIzMzE3MDQ2MTgwMDEzMzMyIiwicGVybWlzc2lvbnMiOnsiY2FuUHJldmlldyI6dHJ1ZSwiY2FuRG93bmxvYWQiOmZhbHNlLCJjYW5FZGl0IjpmYWxzZSwiY2FuRGVsZXRlIjp0cnVlLCJjYW5UcmFzaCI6dHJ1ZSwiY2FuTW92ZSI6dHJ1ZSwiY2FuUmVuYW1lIjp0cnVlLCJjYW5TaGFyZSI6dHJ1ZSwiY29weVJlcXVpcmVzV3JpdGVyUGVybWlzc2lvbiI6ZmFsc2UsImNhbkNoYW5nZUNvcHlSZXF1aXJlc1dyaXRlclBlcm1pc3Npb24iOm51bGwsInVzZXJzIjp7IjE3MTIzMzE3MDQ2MTgwMDEzMzMyIjp7InR5cGUiOiJ1c2VyIiwicm9sZSI6Im93bmVyIiwiZG9tYWluIjpudWxsfX19LCJleHBvcnRBcyI6W10sInBhZ2VOdW1iZXIiOjF9LCJhY2NvdW50cyI6eyIxNzEyMzMxNzA0NjE4MDAxMzMzMiI6eyJpZCI6IjE3MTIzMzE3MDQ2MTgwMDEzMzMyIiwibmFtZSI6IiIsImVtYWlsIjoiIiwicGhvdG8iOiJodHRwczpcL1wvbGgzLmdvb2dsZXVzZXJjb250ZW50LmNvbVwvYVwvQUNnOG9jTGw1djZkdlhfWHVjd1RXVktoMjNmZlBmZjQ1eGNmaXc1S0NvSTVoWmhZS01zPXM2NCIsInN0b3JhZ2UiOnsidXNhZ2UiOiI3MjY2MDMyODIiLCJsaW1pdCI6IjE2MTA2MTI3MzYwIn0sInJvb3RfaWQiOiIwQUU3enNYaTEzd0RxVWs5UFZBIiwibG9zdCI6ZmFsc2UsInVzZXJfaWQiOlsiYWRtaW4iXX19LCJhY2NvdW50Ijp7ImlkIjoiMTcxMjMzMTcwNDYxODAwMTMzMzIiLCJuYW1lIjoiIiwiZW1haWwiOiIiLCJwaG90byI6Imh0dHBzOlwvXC9saDMuZ29vZ2xldXNlcmNvbnRlbnQuY29tXC9hXC9BQ2c4b2NMbDV2NmR2WF9YdWN3VFdWS2gyM2ZmUGZmNDV4Y2ZpdzVLQ29JNWhaaFlLTXM9czY0Iiwic3RvcmFnZSI6eyJ1c2FnZSI6IjcyNjYwMzI4MiIsImxpbWl0IjoiMTYxMDYxMjczNjAifSwicm9vdF9pZCI6IjBBRTd6c1hpMTN3RHFVazlQVkEiLCJsb3N0IjpmYWxzZSwidXNlcl9pZCI6WyJhZG1pbiJdfX0=\"\n                     style=\"--module-width: 100%; --module-height: ;\"\n                ><\/div>\n                <\/div>\n\t\t\t\t\t\t<\/div>\n\t\t\t\t<\/div>\n\t\t\t\t\t<\/div>\n\t\t<\/div>\n\t\t\t\t\t<\/div>\n\t\t<\/section>\n\t\t\t\t<\/div>","protected":false},"excerpt":{"rendered":"","protected":false},"author":1,"featured_media":11384,"parent":11268,"menu_order":0,"comment_status":"closed","ping_status":"closed","template":"elementor_header_footer","meta":{"cybocfi_hide_featured_image":"","footnotes":""},"class_list":["post-11382","page","type-page","status-publish","has-post-thumbnail","hentry"],"yoast_head":"<!-- This site is optimized with the Yoast SEO plugin v27.0 - https:\/\/yoast.com\/product\/yoast-seo-wordpress\/ -->\n<title>Pavasaris | 2023 m. - Rauboni\u0173 bendruomen\u0117 ir kult\u016bros namai<\/title>\n<meta name=\"robots\" content=\"index, follow, max-snippet:-1, max-image-preview:large, max-video-preview:-1\" \/>\n<link rel=\"canonical\" href=\"https:\/\/raubonys.lt\/en\/galerija\/pavasaris-2023-m\/\" \/>\n<meta property=\"og:locale\" content=\"en_GB\" \/>\n<meta property=\"og:type\" content=\"article\" \/>\n<meta property=\"og:title\" content=\"Pavasaris | 2023 m. - Rauboni\u0173 bendruomen\u0117 ir kult\u016bros namai\" \/>\n<meta property=\"og:url\" content=\"https:\/\/raubonys.lt\/en\/galerija\/pavasaris-2023-m\/\" \/>\n<meta property=\"og:site_name\" content=\"Rauboni\u0173 bendruomen\u0117 ir kult\u016bros namai\" \/>\n<meta property=\"article:publisher\" content=\"https:\/\/www.facebook.com\/raubonys\/\" \/>\n<meta property=\"article:modified_time\" content=\"2024-03-17T10:45:16+00:00\" \/>\n<meta property=\"og:image\" content=\"https:\/\/raubonys.lt\/wp-content\/uploads\/2024\/03\/IMG_7928-scaled.jpg\" \/>\n\t<meta property=\"og:image:width\" content=\"2560\" \/>\n\t<meta property=\"og:image:height\" content=\"1703\" \/>\n\t<meta property=\"og:image:type\" content=\"image\/jpeg\" \/>\n<meta name=\"twitter:card\" content=\"summary_large_image\" \/>\n<script type=\"application\/ld+json\" class=\"yoast-schema-graph\">{\"@context\":\"https:\/\/schema.org\",\"@graph\":[{\"@type\":\"WebPage\",\"@id\":\"https:\/\/raubonys.lt\/galerija\/pavasaris-2023-m\/\",\"url\":\"https:\/\/raubonys.lt\/galerija\/pavasaris-2023-m\/\",\"name\":\"Pavasaris | 2023 m. - Rauboni\u0173 bendruomen\u0117 ir kult\u016bros namai\",\"isPartOf\":{\"@id\":\"https:\/\/raubonys.lt\/#website\"},\"primaryImageOfPage\":{\"@id\":\"https:\/\/raubonys.lt\/galerija\/pavasaris-2023-m\/#primaryimage\"},\"image\":{\"@id\":\"https:\/\/raubonys.lt\/galerija\/pavasaris-2023-m\/#primaryimage\"},\"thumbnailUrl\":\"https:\/\/raubonys.lt\/wp-content\/uploads\/2024\/03\/IMG_7928-scaled.jpg\",\"datePublished\":\"2024-03-17T10:44:28+00:00\",\"dateModified\":\"2024-03-17T10:45:16+00:00\",\"breadcrumb\":{\"@id\":\"https:\/\/raubonys.lt\/galerija\/pavasaris-2023-m\/#breadcrumb\"},\"inLanguage\":\"en-GB\",\"potentialAction\":[{\"@type\":\"ReadAction\",\"target\":[\"https:\/\/raubonys.lt\/galerija\/pavasaris-2023-m\/\"]}]},{\"@type\":\"ImageObject\",\"inLanguage\":\"en-GB\",\"@id\":\"https:\/\/raubonys.lt\/galerija\/pavasaris-2023-m\/#primaryimage\",\"url\":\"https:\/\/raubonys.lt\/wp-content\/uploads\/2024\/03\/IMG_7928-scaled.jpg\",\"contentUrl\":\"https:\/\/raubonys.lt\/wp-content\/uploads\/2024\/03\/IMG_7928-scaled.jpg\",\"width\":2560,\"height\":1703},{\"@type\":\"BreadcrumbList\",\"@id\":\"https:\/\/raubonys.lt\/galerija\/pavasaris-2023-m\/#breadcrumb\",\"itemListElement\":[{\"@type\":\"ListItem\",\"position\":1,\"name\":\"Prad\u017eia\",\"item\":\"https:\/\/raubonys.lt\/\"},{\"@type\":\"ListItem\",\"position\":2,\"name\":\"Nuotrauk\u0173 galerija\",\"item\":\"https:\/\/raubonys.lt\/galerija\/\"},{\"@type\":\"ListItem\",\"position\":3,\"name\":\"Pavasaris | 2023 m.\"}]},{\"@type\":\"WebSite\",\"@id\":\"https:\/\/raubonys.lt\/#website\",\"url\":\"https:\/\/raubonys.lt\/\",\"name\":\"Rauboni\u0173 bendruomen\u0117 ir kult\u016bros namai\",\"description\":\"Raubonys.lt\",\"publisher\":{\"@id\":\"https:\/\/raubonys.lt\/#organization\"},\"alternateName\":\"Raubonys.lt\",\"potentialAction\":[{\"@type\":\"SearchAction\",\"target\":{\"@type\":\"EntryPoint\",\"urlTemplate\":\"https:\/\/raubonys.lt\/?s={search_term_string}\"},\"query-input\":{\"@type\":\"PropertyValueSpecification\",\"valueRequired\":true,\"valueName\":\"search_term_string\"}}],\"inLanguage\":\"en-GB\"},{\"@type\":\"Organization\",\"@id\":\"https:\/\/raubonys.lt\/#organization\",\"name\":\"Raubonys.lt\",\"url\":\"https:\/\/raubonys.lt\/\",\"logo\":{\"@type\":\"ImageObject\",\"inLanguage\":\"en-GB\",\"@id\":\"https:\/\/raubonys.lt\/#\/schema\/logo\/image\/\",\"url\":\"https:\/\/raubonys.lt\/wp-content\/uploads\/2023\/10\/raubonys.lt_logo_black.png\",\"contentUrl\":\"https:\/\/raubonys.lt\/wp-content\/uploads\/2023\/10\/raubonys.lt_logo_black.png\",\"width\":3508,\"height\":931,\"caption\":\"Raubonys.lt\"},\"image\":{\"@id\":\"https:\/\/raubonys.lt\/#\/schema\/logo\/image\/\"},\"sameAs\":[\"https:\/\/www.facebook.com\/raubonys\/\"]}]}<\/script>\n<!-- \/ Yoast SEO plugin. -->","yoast_head_json":{"title":"Pavasaris | 2023 m. - Rauboni\u0173 bendruomen\u0117 ir kult\u016bros namai","robots":{"index":"index","follow":"follow","max-snippet":"max-snippet:-1","max-image-preview":"max-image-preview:large","max-video-preview":"max-video-preview:-1"},"canonical":"https:\/\/raubonys.lt\/en\/galerija\/pavasaris-2023-m\/","og_locale":"en_GB","og_type":"article","og_title":"Pavasaris | 2023 m. - Rauboni\u0173 bendruomen\u0117 ir kult\u016bros namai","og_url":"https:\/\/raubonys.lt\/en\/galerija\/pavasaris-2023-m\/","og_site_name":"Rauboni\u0173 bendruomen\u0117 ir kult\u016bros namai","article_publisher":"https:\/\/www.facebook.com\/raubonys\/","article_modified_time":"2024-03-17T10:45:16+00:00","og_image":[{"width":2560,"height":1703,"url":"https:\/\/raubonys.lt\/wp-content\/uploads\/2024\/03\/IMG_7928-scaled.jpg","type":"image\/jpeg"}],"twitter_card":"summary_large_image","schema":{"@context":"https:\/\/schema.org","@graph":[{"@type":"WebPage","@id":"https:\/\/raubonys.lt\/galerija\/pavasaris-2023-m\/","url":"https:\/\/raubonys.lt\/galerija\/pavasaris-2023-m\/","name":"Pavasaris | 2023 m. - Rauboni\u0173 bendruomen\u0117 ir kult\u016bros namai","isPartOf":{"@id":"https:\/\/raubonys.lt\/#website"},"primaryImageOfPage":{"@id":"https:\/\/raubonys.lt\/galerija\/pavasaris-2023-m\/#primaryimage"},"image":{"@id":"https:\/\/raubonys.lt\/galerija\/pavasaris-2023-m\/#primaryimage"},"thumbnailUrl":"https:\/\/raubonys.lt\/wp-content\/uploads\/2024\/03\/IMG_7928-scaled.jpg","datePublished":"2024-03-17T10:44:28+00:00","dateModified":"2024-03-17T10:45:16+00:00","breadcrumb":{"@id":"https:\/\/raubonys.lt\/galerija\/pavasaris-2023-m\/#breadcrumb"},"inLanguage":"en-GB","potentialAction":[{"@type":"ReadAction","target":["https:\/\/raubonys.lt\/galerija\/pavasaris-2023-m\/"]}]},{"@type":"ImageObject","inLanguage":"en-GB","@id":"https:\/\/raubonys.lt\/galerija\/pavasaris-2023-m\/#primaryimage","url":"https:\/\/raubonys.lt\/wp-content\/uploads\/2024\/03\/IMG_7928-scaled.jpg","contentUrl":"https:\/\/raubonys.lt\/wp-content\/uploads\/2024\/03\/IMG_7928-scaled.jpg","width":2560,"height":1703},{"@type":"BreadcrumbList","@id":"https:\/\/raubonys.lt\/galerija\/pavasaris-2023-m\/#breadcrumb","itemListElement":[{"@type":"ListItem","position":1,"name":"Prad\u017eia","item":"https:\/\/raubonys.lt\/"},{"@type":"ListItem","position":2,"name":"Nuotrauk\u0173 galerija","item":"https:\/\/raubonys.lt\/galerija\/"},{"@type":"ListItem","position":3,"name":"Pavasaris | 2023 m."}]},{"@type":"WebSite","@id":"https:\/\/raubonys.lt\/#website","url":"https:\/\/raubonys.lt\/","name":"Rauboni\u0173 bendruomen\u0117 ir kult\u016bros namai","description":"Raubonys.lt","publisher":{"@id":"https:\/\/raubonys.lt\/#organization"},"alternateName":"Raubonys.lt","potentialAction":[{"@type":"SearchAction","target":{"@type":"EntryPoint","urlTemplate":"https:\/\/raubonys.lt\/?s={search_term_string}"},"query-input":{"@type":"PropertyValueSpecification","valueRequired":true,"valueName":"search_term_string"}}],"inLanguage":"en-GB"},{"@type":"Organization","@id":"https:\/\/raubonys.lt\/#organization","name":"Raubonys.lt","url":"https:\/\/raubonys.lt\/","logo":{"@type":"ImageObject","inLanguage":"en-GB","@id":"https:\/\/raubonys.lt\/#\/schema\/logo\/image\/","url":"https:\/\/raubonys.lt\/wp-content\/uploads\/2023\/10\/raubonys.lt_logo_black.png","contentUrl":"https:\/\/raubonys.lt\/wp-content\/uploads\/2023\/10\/raubonys.lt_logo_black.png","width":3508,"height":931,"caption":"Raubonys.lt"},"image":{"@id":"https:\/\/raubonys.lt\/#\/schema\/logo\/image\/"},"sameAs":["https:\/\/www.facebook.com\/raubonys\/"]}]}},"_links":{"self":[{"href":"https:\/\/raubonys.lt\/en\/wp-json\/wp\/v2\/pages\/11382","targetHints":{"allow":["GET"]}}],"collection":[{"href":"https:\/\/raubonys.lt\/en\/wp-json\/wp\/v2\/pages"}],"about":[{"href":"https:\/\/raubonys.lt\/en\/wp-json\/wp\/v2\/types\/page"}],"author":[{"embeddable":true,"href":"https:\/\/raubonys.lt\/en\/wp-json\/wp\/v2\/users\/1"}],"replies":[{"embeddable":true,"href":"https:\/\/raubonys.lt\/en\/wp-json\/wp\/v2\/comments?post=11382"}],"version-history":[{"count":0,"href":"https:\/\/raubonys.lt\/en\/wp-json\/wp\/v2\/pages\/11382\/revisions"}],"up":[{"embeddable":true,"href":"https:\/\/raubonys.lt\/en\/wp-json\/wp\/v2\/pages\/11268"}],"wp:featuredmedia":[{"embeddable":true,"href":"https:\/\/raubonys.lt\/en\/wp-json\/wp\/v2\/media\/11384"}],"wp:attachment":[{"href":"https:\/\/raubonys.lt\/en\/wp-json\/wp\/v2\/media?parent=11382"}],"curies":[{"name":"wp","href":"https:\/\/api.w.org\/{rel}","templated":true}]}}