{"id":1147,"date":"2020-03-14T07:58:13","date_gmt":"2020-03-14T07:58:13","guid":{"rendered":"http:\/\/raubonys.lt\/?page_id=1147"},"modified":"2023-11-06T20:28:27","modified_gmt":"2023-11-06T20:28:27","slug":"kultura-renginiai-2015","status":"publish","type":"page","link":"https:\/\/raubonys.lt\/en\/kultura-renginiai-2015\/","title":{"rendered":"Kult\u016bros renginiai | 2015 m."},"content":{"rendered":"<hr class=\"wp-block-separator has-css-opacity is-style-dots\"\/>\n\n\n\n<p class=\"has-text-align-center\"><strong> Advento \u0161viesos \u0161vent\u0117 \u201eSugr\u012f\u017etuv\u0117s&#8221;<\/strong><\/p>\n\n\n\n<p> Rauboni\u0173 mal\u016bno amat\u0173 centre vyko advento \u0161viesos \u0161vent\u0117 \u201eSugr\u012f\u017etuv\u0117s&#8221;. Lau\u017eas sugra\u017eino \u0161vies\u0105, kvapni arbata sugra\u017eino \u012f vasar\u0105, o \u201eVilnon\u0117 mug\u0117&#8221; primin\u0117 vasar\u0105 vykusias \u201eVilnones dienas&#8221;. <\/p>\n\n\n\n<figure class=\"wp-block-image size-large\"><img fetchpriority=\"high\" decoding=\"async\" width=\"1024\" height=\"683\" src=\"https:\/\/raubonys.lt\/wp-content\/uploads\/2023\/11\/lll-1536x1025-1-1024x683.webp\" alt=\"\" class=\"wp-image-9682\" srcset=\"https:\/\/raubonys.lt\/wp-content\/uploads\/2023\/11\/lll-1536x1025-1-1024x683.webp 1024w, https:\/\/raubonys.lt\/wp-content\/uploads\/2023\/11\/lll-1536x1025-1-300x200.webp 300w, https:\/\/raubonys.lt\/wp-content\/uploads\/2023\/11\/lll-1536x1025-1-768x513.webp 768w, https:\/\/raubonys.lt\/wp-content\/uploads\/2023\/11\/lll-1536x1025-1-391x260.webp 391w, https:\/\/raubonys.lt\/wp-content\/uploads\/2023\/11\/lll-1536x1025-1-350x234.webp 350w, https:\/\/raubonys.lt\/wp-content\/uploads\/2023\/11\/lll-1536x1025-1-370x247.webp 370w, https:\/\/raubonys.lt\/wp-content\/uploads\/2023\/11\/lll-1536x1025-1-255x170.webp 255w, https:\/\/raubonys.lt\/wp-content\/uploads\/2023\/11\/lll-1536x1025-1-285x190.webp 285w, https:\/\/raubonys.lt\/wp-content\/uploads\/2023\/11\/lll-1536x1025-1-600x400.webp 600w, https:\/\/raubonys.lt\/wp-content\/uploads\/2023\/11\/lll-1536x1025-1-560x374.webp 560w, https:\/\/raubonys.lt\/wp-content\/uploads\/2023\/11\/lll-1536x1025-1.webp 1536w\" sizes=\"(max-width: 1024px) 100vw, 1024px\" \/><\/figure>\n\n\n\n<hr class=\"wp-block-separator has-css-opacity is-style-dots\"\/>\n\n\n\n<p class=\"has-text-align-center\"><strong>Karaoke vakaras \u201eRudens \u0161elsmas\u201c<\/strong><\/p>\n\n\n\n<figure class=\"wp-block-image size-large\"><img decoding=\"async\" width=\"1024\" height=\"683\" src=\"https:\/\/raubonys.lt\/wp-content\/uploads\/2023\/11\/kkk-1536x1024-1-1024x683.webp\" alt=\"\" class=\"wp-image-9681\" srcset=\"https:\/\/raubonys.lt\/wp-content\/uploads\/2023\/11\/kkk-1536x1024-1-1024x683.webp 1024w, https:\/\/raubonys.lt\/wp-content\/uploads\/2023\/11\/kkk-1536x1024-1-300x200.webp 300w, https:\/\/raubonys.lt\/wp-content\/uploads\/2023\/11\/kkk-1536x1024-1-768x512.webp 768w, https:\/\/raubonys.lt\/wp-content\/uploads\/2023\/11\/kkk-1536x1024-1-391x260.webp 391w, https:\/\/raubonys.lt\/wp-content\/uploads\/2023\/11\/kkk-1536x1024-1-350x233.webp 350w, https:\/\/raubonys.lt\/wp-content\/uploads\/2023\/11\/kkk-1536x1024-1-370x247.webp 370w, https:\/\/raubonys.lt\/wp-content\/uploads\/2023\/11\/kkk-1536x1024-1-255x170.webp 255w, https:\/\/raubonys.lt\/wp-content\/uploads\/2023\/11\/kkk-1536x1024-1-285x190.webp 285w, https:\/\/raubonys.lt\/wp-content\/uploads\/2023\/11\/kkk-1536x1024-1-600x400.webp 600w, https:\/\/raubonys.lt\/wp-content\/uploads\/2023\/11\/kkk-1536x1024-1-560x373.webp 560w, https:\/\/raubonys.lt\/wp-content\/uploads\/2023\/11\/kkk-1536x1024-1.webp 1536w\" sizes=\"(max-width: 1024px) 100vw, 1024px\" \/><\/figure>\n\n\n\n<hr class=\"wp-block-separator has-css-opacity is-style-dots\"\/>\n\n\n\n<p class=\"has-text-align-center\"><strong>Liepos 6 d. min\u0117jimas<\/strong><\/p>\n\n\n\n<p> Liepos 6 d. \u0104\u017euolpam\u016b\u0161\u0117s piliakalnyje pamin\u0117jome Valstyb\u0117s dien\u0105. Nors vis\u0105 dien\u0105 g\u0105sdino lietus, bet vakare tamsius debesis prasklaid\u0117 v\u0117jas ir netgi nu\u0161vito saul\u0117.  Valstyb\u0117s dienai pamin\u0117ti buvo i\u0161\u0161autos trys patrankos salv\u0117s, vakaro metu grojo Salo\u010di\u0173 bendruomen\u0117s kapela ,,Tindiriu\u0161ka&#8221;,  vyko vaik\u0173 pie\u0161ini\u0173 koknkursas ,,Mano kra\u0161tas&#8221;,  muziejininkas Gra\u017evydas Bal\u010di\u016bnaitis pristat\u0117 dokumentin\u012f film\u0105 ,,1863 &#8211; ieji Pasvalio kra\u0161te&#8221; ir trumpai papasakojo filmo s\u016bkurimo istorij\u0105,  karines istorines dainas mums padainavo Bir\u017e\u0173 folkloro ansamblis ,,Siaudela&#8221;,  K.Kondrotiene i\u0161 \u017eolyn\u0173 suk\u016br\u0117 \u012fsp\u016bding\u0105 Mindaugo kar\u016bn\u0105. <\/p>\n\n\n\n<figure class=\"wp-block-image size-full\"><img decoding=\"async\" width=\"960\" height=\"636\" src=\"https:\/\/raubonys.lt\/wp-content\/uploads\/2023\/11\/11411759_406946186160938_5792222700283659366_o.webp\" alt=\"\" class=\"wp-image-9680\" srcset=\"https:\/\/raubonys.lt\/wp-content\/uploads\/2023\/11\/11411759_406946186160938_5792222700283659366_o.webp 960w, https:\/\/raubonys.lt\/wp-content\/uploads\/2023\/11\/11411759_406946186160938_5792222700283659366_o-300x199.webp 300w, https:\/\/raubonys.lt\/wp-content\/uploads\/2023\/11\/11411759_406946186160938_5792222700283659366_o-768x509.webp 768w, https:\/\/raubonys.lt\/wp-content\/uploads\/2023\/11\/11411759_406946186160938_5792222700283659366_o-391x260.webp 391w, https:\/\/raubonys.lt\/wp-content\/uploads\/2023\/11\/11411759_406946186160938_5792222700283659366_o-350x232.webp 350w, https:\/\/raubonys.lt\/wp-content\/uploads\/2023\/11\/11411759_406946186160938_5792222700283659366_o-370x245.webp 370w, https:\/\/raubonys.lt\/wp-content\/uploads\/2023\/11\/11411759_406946186160938_5792222700283659366_o-255x169.webp 255w, https:\/\/raubonys.lt\/wp-content\/uploads\/2023\/11\/11411759_406946186160938_5792222700283659366_o-285x189.webp 285w, https:\/\/raubonys.lt\/wp-content\/uploads\/2023\/11\/11411759_406946186160938_5792222700283659366_o-600x398.webp 600w, https:\/\/raubonys.lt\/wp-content\/uploads\/2023\/11\/11411759_406946186160938_5792222700283659366_o-560x371.webp 560w\" sizes=\"(max-width: 960px) 100vw, 960px\" \/><\/figure>\n\n\n\n<hr class=\"wp-block-separator has-css-opacity is-style-dots\"\/>\n\n\n\n<p class=\"has-text-align-center\"><strong> \u201eJaunikis i\u0161 Kauno&#8221; <\/strong><\/p>\n\n\n\n<p> D\u0117kojame Va\u0161k\u0173 kult\u016bros nam\u0173 dramos studijai u\u017e puiki\u0105 komedij\u0105 \u201eJaunikis i\u0161 Kauno&#8221;. Su\u017eav\u0117jo \u0161aunus muzikinis apipavidalinimas ir aktori\u0173 vaidyba. Visi \u017ei\u016brovai nuo\u0161ird\u017eiai kvatojosi ir negail\u0117jo aplodisment\u0173 bei su geros nuotaikos u\u017etaisu skirst\u0117si namo. <\/p>\n\n\n\n<figure class=\"wp-block-image size-large\"><img loading=\"lazy\" decoding=\"async\" width=\"1024\" height=\"577\" src=\"https:\/\/raubonys.lt\/wp-content\/uploads\/2023\/11\/JJ-1536x865-1-1024x577.webp\" alt=\"\" class=\"wp-image-9679\" srcset=\"https:\/\/raubonys.lt\/wp-content\/uploads\/2023\/11\/JJ-1536x865-1-1024x577.webp 1024w, https:\/\/raubonys.lt\/wp-content\/uploads\/2023\/11\/JJ-1536x865-1-300x169.webp 300w, https:\/\/raubonys.lt\/wp-content\/uploads\/2023\/11\/JJ-1536x865-1-768x433.webp 768w, https:\/\/raubonys.lt\/wp-content\/uploads\/2023\/11\/JJ-1536x865-1-350x197.webp 350w, https:\/\/raubonys.lt\/wp-content\/uploads\/2023\/11\/JJ-1536x865-1-370x208.webp 370w, https:\/\/raubonys.lt\/wp-content\/uploads\/2023\/11\/JJ-1536x865-1-255x144.webp 255w, https:\/\/raubonys.lt\/wp-content\/uploads\/2023\/11\/JJ-1536x865-1-285x160.webp 285w, https:\/\/raubonys.lt\/wp-content\/uploads\/2023\/11\/JJ-1536x865-1-600x338.webp 600w, https:\/\/raubonys.lt\/wp-content\/uploads\/2023\/11\/JJ-1536x865-1-560x315.webp 560w, https:\/\/raubonys.lt\/wp-content\/uploads\/2023\/11\/JJ-1536x865-1.webp 1536w\" sizes=\"(max-width: 1024px) 100vw, 1024px\" \/><\/figure>\n\n\n\n<hr class=\"wp-block-separator has-css-opacity is-style-dots\"\/>\n\n\n\n<p class=\"has-text-align-center\"><strong>Koncertas \u201e\u0160irdies daina Mamai&#8221;<\/strong><\/p>\n\n\n\n<p>Gegu\u017e\u0117s 2 dien\u0105 buvo pasveikintos Mamos ir mo\u010diut\u0117s. Susirinkusioms savo jausmus skambiausiomis dainomis, nuo\u0161ird\u017eiausiais \u017eod\u017eiais ir gra\u017eiausiais \u0161okiais i\u0161rei\u0161k\u0117 visi koncerto dalyviai. Netr\u016bko ger\u0173 emocij\u0173, \u0161ilt\u0173 ir jausming\u0173 akimirk\u0173, jaudinan\u010di\u0173 minu\u010di\u0173.<\/p>\n\n\n\n<figure class=\"wp-block-image size-large\"><img loading=\"lazy\" decoding=\"async\" width=\"1024\" height=\"679\" src=\"https:\/\/raubonys.lt\/wp-content\/uploads\/2023\/11\/MM-1536x1018-1-1024x679.webp\" alt=\"\" class=\"wp-image-9678\" srcset=\"https:\/\/raubonys.lt\/wp-content\/uploads\/2023\/11\/MM-1536x1018-1-1024x679.webp 1024w, https:\/\/raubonys.lt\/wp-content\/uploads\/2023\/11\/MM-1536x1018-1-300x199.webp 300w, https:\/\/raubonys.lt\/wp-content\/uploads\/2023\/11\/MM-1536x1018-1-768x509.webp 768w, https:\/\/raubonys.lt\/wp-content\/uploads\/2023\/11\/MM-1536x1018-1-391x260.webp 391w, https:\/\/raubonys.lt\/wp-content\/uploads\/2023\/11\/MM-1536x1018-1-350x232.webp 350w, https:\/\/raubonys.lt\/wp-content\/uploads\/2023\/11\/MM-1536x1018-1-370x245.webp 370w, https:\/\/raubonys.lt\/wp-content\/uploads\/2023\/11\/MM-1536x1018-1-255x169.webp 255w, https:\/\/raubonys.lt\/wp-content\/uploads\/2023\/11\/MM-1536x1018-1-285x189.webp 285w, https:\/\/raubonys.lt\/wp-content\/uploads\/2023\/11\/MM-1536x1018-1-600x398.webp 600w, https:\/\/raubonys.lt\/wp-content\/uploads\/2023\/11\/MM-1536x1018-1-560x371.webp 560w, https:\/\/raubonys.lt\/wp-content\/uploads\/2023\/11\/MM-1536x1018-1.webp 1536w\" sizes=\"(max-width: 1024px) 100vw, 1024px\" \/><\/figure>\n\n\n\n<hr class=\"wp-block-separator has-css-opacity is-style-dots\"\/>\n\n\n\n<p class=\"has-text-align-center\"><strong> Romans\u0173 vakaras \u201eDainuoju dain\u0105, raminu \u0161ird\u012f\u201c. <\/strong><\/p>\n\n\n\n<p> Penktadienio vakar\u0105 Rauboni\u0173 kult\u016bros namuose \u0161irdis virpino pa\u010dios gra\u017eiausios melodijos. Kolektyvai i\u0161 Bir\u017e\u0173 rajono Smilgi\u0173 ir Papilio bei vakaro \u0161eimininkai atskleid\u0117 romansuose slypint\u012f ilges\u012f, prisiminimus ir meil\u0117s tyrum\u0105. D\u0117kojame sve\u010diams ir i\u0161tikimiesiems \u017ei\u016brovams.<\/p>\n\n\n\n<figure class=\"wp-block-image size-full\"><img loading=\"lazy\" decoding=\"async\" width=\"960\" height=\"641\" src=\"https:\/\/raubonys.lt\/wp-content\/uploads\/2023\/11\/rom.webp\" alt=\"\" class=\"wp-image-9677\" srcset=\"https:\/\/raubonys.lt\/wp-content\/uploads\/2023\/11\/rom.webp 960w, https:\/\/raubonys.lt\/wp-content\/uploads\/2023\/11\/rom-300x200.webp 300w, https:\/\/raubonys.lt\/wp-content\/uploads\/2023\/11\/rom-768x513.webp 768w, https:\/\/raubonys.lt\/wp-content\/uploads\/2023\/11\/rom-391x260.webp 391w, https:\/\/raubonys.lt\/wp-content\/uploads\/2023\/11\/rom-350x234.webp 350w, https:\/\/raubonys.lt\/wp-content\/uploads\/2023\/11\/rom-370x247.webp 370w, https:\/\/raubonys.lt\/wp-content\/uploads\/2023\/11\/rom-255x170.webp 255w, https:\/\/raubonys.lt\/wp-content\/uploads\/2023\/11\/rom-285x190.webp 285w, https:\/\/raubonys.lt\/wp-content\/uploads\/2023\/11\/rom-600x401.webp 600w, https:\/\/raubonys.lt\/wp-content\/uploads\/2023\/11\/rom-560x374.webp 560w\" sizes=\"(max-width: 960px) 100vw, 960px\" \/><\/figure>\n\n\n\n<hr class=\"wp-block-separator has-css-opacity is-style-dots\"\/>\n\n\n\n<p class=\"has-text-align-center\"><strong> Teatro diena<\/strong><\/p>\n\n\n\n<p>Sako juoktis sveika nes, \u017emon\u0117s kurie nuolat juokiasi yra darbingesni ir k\u016brybi\u0161kesni, nes juokiantis i\u0161siskiria geros nuotaikos hormon\u0173 ir vitamino C. Visa tai sutilpo viename renginyje &#8211; \u201ePavasario linksmyb\u0117s&#8221;. A\u010di\u016b, jums mieli \u017ei\u016brovai, dalyviai, u\u017e geras emocijas! Iki kit\u0173 susitikim\u0173!<\/p>\n\n\n\n<figure class=\"wp-block-image size-large\"><img loading=\"lazy\" decoding=\"async\" width=\"1024\" height=\"591\" src=\"https:\/\/raubonys.lt\/wp-content\/uploads\/2023\/11\/hym-1536x886-1-1024x591.webp\" alt=\"\" class=\"wp-image-9676\" srcset=\"https:\/\/raubonys.lt\/wp-content\/uploads\/2023\/11\/hym-1536x886-1-1024x591.webp 1024w, https:\/\/raubonys.lt\/wp-content\/uploads\/2023\/11\/hym-1536x886-1-300x173.webp 300w, https:\/\/raubonys.lt\/wp-content\/uploads\/2023\/11\/hym-1536x886-1-768x443.webp 768w, https:\/\/raubonys.lt\/wp-content\/uploads\/2023\/11\/hym-1536x886-1-350x202.webp 350w, https:\/\/raubonys.lt\/wp-content\/uploads\/2023\/11\/hym-1536x886-1-370x213.webp 370w, https:\/\/raubonys.lt\/wp-content\/uploads\/2023\/11\/hym-1536x886-1-255x147.webp 255w, https:\/\/raubonys.lt\/wp-content\/uploads\/2023\/11\/hym-1536x886-1-285x164.webp 285w, https:\/\/raubonys.lt\/wp-content\/uploads\/2023\/11\/hym-1536x886-1-600x346.webp 600w, https:\/\/raubonys.lt\/wp-content\/uploads\/2023\/11\/hym-1536x886-1-560x323.webp 560w, https:\/\/raubonys.lt\/wp-content\/uploads\/2023\/11\/hym-1536x886-1.webp 1536w\" sizes=\"(max-width: 1024px) 100vw, 1024px\" \/><\/figure>\n\n\n\n<hr class=\"wp-block-separator has-css-opacity is-style-dots\"\/>\n\n\n\n<p class=\"has-text-align-left\"> Raubonie\u010diai nuotaikingai pamin\u0117jo \u017dem\u0117s dien\u0105 ir pavasario lygiadien\u012f. <\/p>\n\n\n\n<figure class=\"wp-block-image size-large\"><img loading=\"lazy\" decoding=\"async\" width=\"1024\" height=\"679\" src=\"https:\/\/raubonys.lt\/wp-content\/uploads\/2023\/11\/zem-1536x1018-1-1024x679.webp\" alt=\"\" class=\"wp-image-9675\" srcset=\"https:\/\/raubonys.lt\/wp-content\/uploads\/2023\/11\/zem-1536x1018-1-1024x679.webp 1024w, https:\/\/raubonys.lt\/wp-content\/uploads\/2023\/11\/zem-1536x1018-1-300x199.webp 300w, https:\/\/raubonys.lt\/wp-content\/uploads\/2023\/11\/zem-1536x1018-1-768x509.webp 768w, https:\/\/raubonys.lt\/wp-content\/uploads\/2023\/11\/zem-1536x1018-1-391x260.webp 391w, https:\/\/raubonys.lt\/wp-content\/uploads\/2023\/11\/zem-1536x1018-1-350x232.webp 350w, https:\/\/raubonys.lt\/wp-content\/uploads\/2023\/11\/zem-1536x1018-1-370x245.webp 370w, https:\/\/raubonys.lt\/wp-content\/uploads\/2023\/11\/zem-1536x1018-1-255x169.webp 255w, https:\/\/raubonys.lt\/wp-content\/uploads\/2023\/11\/zem-1536x1018-1-285x189.webp 285w, https:\/\/raubonys.lt\/wp-content\/uploads\/2023\/11\/zem-1536x1018-1-600x398.webp 600w, https:\/\/raubonys.lt\/wp-content\/uploads\/2023\/11\/zem-1536x1018-1-560x371.webp 560w, https:\/\/raubonys.lt\/wp-content\/uploads\/2023\/11\/zem-1536x1018-1.webp 1536w\" sizes=\"(max-width: 1024px) 100vw, 1024px\" \/><\/figure>\n\n\n\n<hr class=\"wp-block-separator has-css-opacity is-style-dots\"\/>\n\n\n\n<p class=\"has-text-align-center\"><strong>Lietuvos nepriklausomyb\u0117s dienos min\u0117jimas<\/strong><\/p>\n\n\n\n<p class=\"has-text-align-left\"> D\u0117kojame Pu\u0161aloto kult\u016bros nam\u0173 dainos klubui u\u017e nuostab\u0173 koncert\u0105! Su\u017eav\u0117jo melodingos dainos ir subtilus atlikimas. <\/p>\n\n\n\n<figure class=\"wp-block-image size-large\"><img loading=\"lazy\" decoding=\"async\" width=\"1024\" height=\"576\" src=\"https:\/\/raubonys.lt\/wp-content\/uploads\/2023\/11\/pus-1536x864-1-1024x576.webp\" alt=\"\" class=\"wp-image-9674\" srcset=\"https:\/\/raubonys.lt\/wp-content\/uploads\/2023\/11\/pus-1536x864-1-1024x576.webp 1024w, https:\/\/raubonys.lt\/wp-content\/uploads\/2023\/11\/pus-1536x864-1-300x169.webp 300w, https:\/\/raubonys.lt\/wp-content\/uploads\/2023\/11\/pus-1536x864-1-768x432.webp 768w, https:\/\/raubonys.lt\/wp-content\/uploads\/2023\/11\/pus-1536x864-1-350x197.webp 350w, https:\/\/raubonys.lt\/wp-content\/uploads\/2023\/11\/pus-1536x864-1-370x208.webp 370w, https:\/\/raubonys.lt\/wp-content\/uploads\/2023\/11\/pus-1536x864-1-255x143.webp 255w, https:\/\/raubonys.lt\/wp-content\/uploads\/2023\/11\/pus-1536x864-1-285x160.webp 285w, https:\/\/raubonys.lt\/wp-content\/uploads\/2023\/11\/pus-1536x864-1-600x338.webp 600w, https:\/\/raubonys.lt\/wp-content\/uploads\/2023\/11\/pus-1536x864-1-560x315.webp 560w, https:\/\/raubonys.lt\/wp-content\/uploads\/2023\/11\/pus-1536x864-1.webp 1536w\" sizes=\"(max-width: 1024px) 100vw, 1024px\" \/><\/figure>","protected":false},"excerpt":{"rendered":"<p>Advento \u0161viesos \u0161vent\u0117 \u201eSugr\u012f\u017etuv\u0117s&#8221; Rauboni\u0173 mal\u016bno amat\u0173 centre vyko advento \u0161viesos \u0161vent\u0117 \u201eSugr\u012f\u017etuv\u0117s&#8221;. Lau\u017eas sugra\u017eino \u0161vies\u0105, kvapni arbata sugra\u017eino \u012f vasar\u0105, o \u201eVilnon\u0117 mug\u0117&#8221; primin\u0117 vasar\u0105 vykusias \u201eVilnones dienas&#8221;. Karaoke vakaras \u201eRudens \u0161elsmas\u201c Liepos 6 d. min\u0117jimas Liepos 6 d. \u0104\u017euolpam\u016b\u0161\u0117s piliakalnyje pamin\u0117jome Valstyb\u0117s dien\u0105. Nors vis\u0105 dien\u0105 g\u0105sdino lietus, bet vakare tamsius debesis prasklaid\u0117 [&hellip;]<\/p>\n","protected":false},"author":1,"featured_media":0,"parent":0,"menu_order":0,"comment_status":"closed","ping_status":"closed","template":"","meta":{"cybocfi_hide_featured_image":"","footnotes":""},"class_list":["post-1147","page","type-page","status-publish","hentry"],"yoast_head":"<!-- This site is optimized with the Yoast SEO plugin v27.0 - https:\/\/yoast.com\/product\/yoast-seo-wordpress\/ -->\n<title>Kult\u016bros renginiai | 2015 m. - Rauboni\u0173 bendruomen\u0117 ir kult\u016bros namai<\/title>\n<meta name=\"robots\" content=\"index, follow, max-snippet:-1, max-image-preview:large, max-video-preview:-1\" \/>\n<link rel=\"canonical\" href=\"https:\/\/raubonys.lt\/en\/kultura-renginiai-2015\/\" \/>\n<meta property=\"og:locale\" content=\"en_GB\" \/>\n<meta property=\"og:type\" content=\"article\" \/>\n<meta property=\"og:title\" content=\"Kult\u016bros renginiai | 2015 m. - Rauboni\u0173 bendruomen\u0117 ir kult\u016bros namai\" \/>\n<meta property=\"og:description\" content=\"Advento \u0161viesos \u0161vent\u0117 \u201eSugr\u012f\u017etuv\u0117s&#8221; Rauboni\u0173 mal\u016bno amat\u0173 centre vyko advento \u0161viesos \u0161vent\u0117 \u201eSugr\u012f\u017etuv\u0117s&#8221;. Lau\u017eas sugra\u017eino \u0161vies\u0105, kvapni arbata sugra\u017eino \u012f vasar\u0105, o \u201eVilnon\u0117 mug\u0117&#8221; primin\u0117 vasar\u0105 vykusias \u201eVilnones dienas&#8221;. Karaoke vakaras \u201eRudens \u0161elsmas\u201c Liepos 6 d. min\u0117jimas Liepos 6 d. \u0104\u017euolpam\u016b\u0161\u0117s piliakalnyje pamin\u0117jome Valstyb\u0117s dien\u0105. Nors vis\u0105 dien\u0105 g\u0105sdino lietus, bet vakare tamsius debesis prasklaid\u0117 [&hellip;]\" \/>\n<meta property=\"og:url\" content=\"https:\/\/raubonys.lt\/en\/kultura-renginiai-2015\/\" \/>\n<meta property=\"og:site_name\" content=\"Rauboni\u0173 bendruomen\u0117 ir kult\u016bros namai\" \/>\n<meta property=\"article:publisher\" content=\"https:\/\/www.facebook.com\/raubonys\/\" \/>\n<meta property=\"article:modified_time\" content=\"2023-11-06T20:28:27+00:00\" \/>\n<meta property=\"og:image\" content=\"https:\/\/raubonys.lt\/wp-content\/uploads\/2023\/11\/lll-1536x1025-1-1024x683.webp\" \/>\n<meta name=\"twitter:card\" content=\"summary_large_image\" \/>\n<meta name=\"twitter:label1\" content=\"Estimated reading time\" \/>\n\t<meta name=\"twitter:data1\" content=\"2 minutes\" \/>\n<script type=\"application\/ld+json\" class=\"yoast-schema-graph\">{\"@context\":\"https:\/\/schema.org\",\"@graph\":[{\"@type\":\"WebPage\",\"@id\":\"https:\/\/raubonys.lt\/kultura-renginiai-2015\/\",\"url\":\"https:\/\/raubonys.lt\/kultura-renginiai-2015\/\",\"name\":\"Kult\u016bros renginiai | 2015 m. - Rauboni\u0173 bendruomen\u0117 ir kult\u016bros namai\",\"isPartOf\":{\"@id\":\"https:\/\/raubonys.lt\/#website\"},\"primaryImageOfPage\":{\"@id\":\"https:\/\/raubonys.lt\/kultura-renginiai-2015\/#primaryimage\"},\"image\":{\"@id\":\"https:\/\/raubonys.lt\/kultura-renginiai-2015\/#primaryimage\"},\"thumbnailUrl\":\"https:\/\/raubonys.lt\/wp-content\/uploads\/2023\/11\/lll-1536x1025-1-1024x683.webp\",\"datePublished\":\"2020-03-14T07:58:13+00:00\",\"dateModified\":\"2023-11-06T20:28:27+00:00\",\"breadcrumb\":{\"@id\":\"https:\/\/raubonys.lt\/kultura-renginiai-2015\/#breadcrumb\"},\"inLanguage\":\"en-GB\",\"potentialAction\":[{\"@type\":\"ReadAction\",\"target\":[\"https:\/\/raubonys.lt\/kultura-renginiai-2015\/\"]}]},{\"@type\":\"ImageObject\",\"inLanguage\":\"en-GB\",\"@id\":\"https:\/\/raubonys.lt\/kultura-renginiai-2015\/#primaryimage\",\"url\":\"https:\/\/raubonys.lt\/wp-content\/uploads\/2023\/11\/lll-1536x1025-1-1024x683.webp\",\"contentUrl\":\"https:\/\/raubonys.lt\/wp-content\/uploads\/2023\/11\/lll-1536x1025-1-1024x683.webp\"},{\"@type\":\"BreadcrumbList\",\"@id\":\"https:\/\/raubonys.lt\/kultura-renginiai-2015\/#breadcrumb\",\"itemListElement\":[{\"@type\":\"ListItem\",\"position\":1,\"name\":\"Prad\u017eia\",\"item\":\"https:\/\/raubonys.lt\/\"},{\"@type\":\"ListItem\",\"position\":2,\"name\":\"Kult\u016bros renginiai | 2015 m.\"}]},{\"@type\":\"WebSite\",\"@id\":\"https:\/\/raubonys.lt\/#website\",\"url\":\"https:\/\/raubonys.lt\/\",\"name\":\"Rauboni\u0173 bendruomen\u0117 ir kult\u016bros namai\",\"description\":\"Raubonys.lt\",\"publisher\":{\"@id\":\"https:\/\/raubonys.lt\/#organization\"},\"alternateName\":\"Raubonys.lt\",\"potentialAction\":[{\"@type\":\"SearchAction\",\"target\":{\"@type\":\"EntryPoint\",\"urlTemplate\":\"https:\/\/raubonys.lt\/?s={search_term_string}\"},\"query-input\":{\"@type\":\"PropertyValueSpecification\",\"valueRequired\":true,\"valueName\":\"search_term_string\"}}],\"inLanguage\":\"en-GB\"},{\"@type\":\"Organization\",\"@id\":\"https:\/\/raubonys.lt\/#organization\",\"name\":\"Raubonys.lt\",\"url\":\"https:\/\/raubonys.lt\/\",\"logo\":{\"@type\":\"ImageObject\",\"inLanguage\":\"en-GB\",\"@id\":\"https:\/\/raubonys.lt\/#\/schema\/logo\/image\/\",\"url\":\"https:\/\/raubonys.lt\/wp-content\/uploads\/2023\/10\/raubonys.lt_logo_black.png\",\"contentUrl\":\"https:\/\/raubonys.lt\/wp-content\/uploads\/2023\/10\/raubonys.lt_logo_black.png\",\"width\":3508,\"height\":931,\"caption\":\"Raubonys.lt\"},\"image\":{\"@id\":\"https:\/\/raubonys.lt\/#\/schema\/logo\/image\/\"},\"sameAs\":[\"https:\/\/www.facebook.com\/raubonys\/\"]}]}<\/script>\n<!-- \/ Yoast SEO plugin. -->","yoast_head_json":{"title":"Kult\u016bros renginiai | 2015 m. - Rauboni\u0173 bendruomen\u0117 ir kult\u016bros namai","robots":{"index":"index","follow":"follow","max-snippet":"max-snippet:-1","max-image-preview":"max-image-preview:large","max-video-preview":"max-video-preview:-1"},"canonical":"https:\/\/raubonys.lt\/en\/kultura-renginiai-2015\/","og_locale":"en_GB","og_type":"article","og_title":"Kult\u016bros renginiai | 2015 m. - Rauboni\u0173 bendruomen\u0117 ir kult\u016bros namai","og_description":"Advento \u0161viesos \u0161vent\u0117 \u201eSugr\u012f\u017etuv\u0117s&#8221; Rauboni\u0173 mal\u016bno amat\u0173 centre vyko advento \u0161viesos \u0161vent\u0117 \u201eSugr\u012f\u017etuv\u0117s&#8221;. Lau\u017eas sugra\u017eino \u0161vies\u0105, kvapni arbata sugra\u017eino \u012f vasar\u0105, o \u201eVilnon\u0117 mug\u0117&#8221; primin\u0117 vasar\u0105 vykusias \u201eVilnones dienas&#8221;. Karaoke vakaras \u201eRudens \u0161elsmas\u201c Liepos 6 d. min\u0117jimas Liepos 6 d. \u0104\u017euolpam\u016b\u0161\u0117s piliakalnyje pamin\u0117jome Valstyb\u0117s dien\u0105. Nors vis\u0105 dien\u0105 g\u0105sdino lietus, bet vakare tamsius debesis prasklaid\u0117 [&hellip;]","og_url":"https:\/\/raubonys.lt\/en\/kultura-renginiai-2015\/","og_site_name":"Rauboni\u0173 bendruomen\u0117 ir kult\u016bros namai","article_publisher":"https:\/\/www.facebook.com\/raubonys\/","article_modified_time":"2023-11-06T20:28:27+00:00","og_image":[{"url":"https:\/\/raubonys.lt\/wp-content\/uploads\/2023\/11\/lll-1536x1025-1-1024x683.webp","type":"","width":"","height":""}],"twitter_card":"summary_large_image","twitter_misc":{"Estimated reading time":"2 minutes"},"schema":{"@context":"https:\/\/schema.org","@graph":[{"@type":"WebPage","@id":"https:\/\/raubonys.lt\/kultura-renginiai-2015\/","url":"https:\/\/raubonys.lt\/kultura-renginiai-2015\/","name":"Kult\u016bros renginiai | 2015 m. - Rauboni\u0173 bendruomen\u0117 ir kult\u016bros namai","isPartOf":{"@id":"https:\/\/raubonys.lt\/#website"},"primaryImageOfPage":{"@id":"https:\/\/raubonys.lt\/kultura-renginiai-2015\/#primaryimage"},"image":{"@id":"https:\/\/raubonys.lt\/kultura-renginiai-2015\/#primaryimage"},"thumbnailUrl":"https:\/\/raubonys.lt\/wp-content\/uploads\/2023\/11\/lll-1536x1025-1-1024x683.webp","datePublished":"2020-03-14T07:58:13+00:00","dateModified":"2023-11-06T20:28:27+00:00","breadcrumb":{"@id":"https:\/\/raubonys.lt\/kultura-renginiai-2015\/#breadcrumb"},"inLanguage":"en-GB","potentialAction":[{"@type":"ReadAction","target":["https:\/\/raubonys.lt\/kultura-renginiai-2015\/"]}]},{"@type":"ImageObject","inLanguage":"en-GB","@id":"https:\/\/raubonys.lt\/kultura-renginiai-2015\/#primaryimage","url":"https:\/\/raubonys.lt\/wp-content\/uploads\/2023\/11\/lll-1536x1025-1-1024x683.webp","contentUrl":"https:\/\/raubonys.lt\/wp-content\/uploads\/2023\/11\/lll-1536x1025-1-1024x683.webp"},{"@type":"BreadcrumbList","@id":"https:\/\/raubonys.lt\/kultura-renginiai-2015\/#breadcrumb","itemListElement":[{"@type":"ListItem","position":1,"name":"Prad\u017eia","item":"https:\/\/raubonys.lt\/"},{"@type":"ListItem","position":2,"name":"Kult\u016bros renginiai | 2015 m."}]},{"@type":"WebSite","@id":"https:\/\/raubonys.lt\/#website","url":"https:\/\/raubonys.lt\/","name":"Rauboni\u0173 bendruomen\u0117 ir kult\u016bros namai","description":"Raubonys.lt","publisher":{"@id":"https:\/\/raubonys.lt\/#organization"},"alternateName":"Raubonys.lt","potentialAction":[{"@type":"SearchAction","target":{"@type":"EntryPoint","urlTemplate":"https:\/\/raubonys.lt\/?s={search_term_string}"},"query-input":{"@type":"PropertyValueSpecification","valueRequired":true,"valueName":"search_term_string"}}],"inLanguage":"en-GB"},{"@type":"Organization","@id":"https:\/\/raubonys.lt\/#organization","name":"Raubonys.lt","url":"https:\/\/raubonys.lt\/","logo":{"@type":"ImageObject","inLanguage":"en-GB","@id":"https:\/\/raubonys.lt\/#\/schema\/logo\/image\/","url":"https:\/\/raubonys.lt\/wp-content\/uploads\/2023\/10\/raubonys.lt_logo_black.png","contentUrl":"https:\/\/raubonys.lt\/wp-content\/uploads\/2023\/10\/raubonys.lt_logo_black.png","width":3508,"height":931,"caption":"Raubonys.lt"},"image":{"@id":"https:\/\/raubonys.lt\/#\/schema\/logo\/image\/"},"sameAs":["https:\/\/www.facebook.com\/raubonys\/"]}]}},"_links":{"self":[{"href":"https:\/\/raubonys.lt\/en\/wp-json\/wp\/v2\/pages\/1147","targetHints":{"allow":["GET"]}}],"collection":[{"href":"https:\/\/raubonys.lt\/en\/wp-json\/wp\/v2\/pages"}],"about":[{"href":"https:\/\/raubonys.lt\/en\/wp-json\/wp\/v2\/types\/page"}],"author":[{"embeddable":true,"href":"https:\/\/raubonys.lt\/en\/wp-json\/wp\/v2\/users\/1"}],"replies":[{"embeddable":true,"href":"https:\/\/raubonys.lt\/en\/wp-json\/wp\/v2\/comments?post=1147"}],"version-history":[{"count":0,"href":"https:\/\/raubonys.lt\/en\/wp-json\/wp\/v2\/pages\/1147\/revisions"}],"wp:attachment":[{"href":"https:\/\/raubonys.lt\/en\/wp-json\/wp\/v2\/media?parent=1147"}],"curies":[{"name":"wp","href":"https:\/\/api.w.org\/{rel}","templated":true}]}}