{"id":1187,"date":"2020-03-14T08:57:48","date_gmt":"2020-03-14T08:57:48","guid":{"rendered":"http:\/\/raubonys.lt\/?page_id=1187"},"modified":"2023-11-06T21:48:19","modified_gmt":"2023-11-06T21:48:19","slug":"bendruomenes-renginiai-2017","status":"publish","type":"page","link":"https:\/\/raubonys.lt\/en\/bendruomenes-renginiai-2017\/","title":{"rendered":"Bendruomen\u0117s renginiai | 2017 m."},"content":{"rendered":"<hr class=\"wp-block-separator has-css-opacity is-style-dots\"\/>\n\n\n\n<p class=\"has-text-align-center\"><strong>Met\u0173 pad\u0117kos vakaras &#8222;\u0160irdyje ne\u0161uosi gerum\u0105&#8221;<\/strong><\/p>\n\n\n\n<p> Met\u0173 sand\u016bra &#8211; puiki proga stabtel\u0117ti, prisiminti ir per\u017evelgti prab\u0117gusius metus, pasid\u017eiaugti svarbiausiais \u012fvykiais ir visiems \u0161irdingai pad\u0117koti u\u017e nuveiktus gerus darbus.<br>A\u010di\u016b Jums, nuo\u0161ird\u017eiai dirbantiems savo kra\u0161to labui, negailintiems j\u0117g\u0173, neskai\u010diuojantiems laisvalaikio valand\u0173. Tegu atskub\u0117j\u0119 2018-ieji ne\u0161a dideles svajones ir j\u0173 i\u0161sipildym\u0105, nuo\u0161ird\u0173 bendravim\u0105, g\u0117r\u012f, stipryb\u0119. B\u016bkite laimingi! <\/p>\n\n\n\n<figure class=\"wp-block-image size-large\"><img fetchpriority=\"high\" decoding=\"async\" width=\"1024\" height=\"678\" src=\"https:\/\/raubonys.lt\/wp-content\/uploads\/2023\/11\/26172585_564263647251893_5218626539008449327_o-1536x1017-1-1024x678.webp\" alt=\"\" class=\"wp-image-9857\" srcset=\"https:\/\/raubonys.lt\/wp-content\/uploads\/2023\/11\/26172585_564263647251893_5218626539008449327_o-1536x1017-1-1024x678.webp 1024w, https:\/\/raubonys.lt\/wp-content\/uploads\/2023\/11\/26172585_564263647251893_5218626539008449327_o-1536x1017-1-300x199.webp 300w, https:\/\/raubonys.lt\/wp-content\/uploads\/2023\/11\/26172585_564263647251893_5218626539008449327_o-1536x1017-1-768x509.webp 768w, https:\/\/raubonys.lt\/wp-content\/uploads\/2023\/11\/26172585_564263647251893_5218626539008449327_o-1536x1017-1-391x260.webp 391w, https:\/\/raubonys.lt\/wp-content\/uploads\/2023\/11\/26172585_564263647251893_5218626539008449327_o-1536x1017-1-350x232.webp 350w, https:\/\/raubonys.lt\/wp-content\/uploads\/2023\/11\/26172585_564263647251893_5218626539008449327_o-1536x1017-1-370x245.webp 370w, https:\/\/raubonys.lt\/wp-content\/uploads\/2023\/11\/26172585_564263647251893_5218626539008449327_o-1536x1017-1-255x169.webp 255w, https:\/\/raubonys.lt\/wp-content\/uploads\/2023\/11\/26172585_564263647251893_5218626539008449327_o-1536x1017-1-285x189.webp 285w, https:\/\/raubonys.lt\/wp-content\/uploads\/2023\/11\/26172585_564263647251893_5218626539008449327_o-1536x1017-1-600x397.webp 600w, https:\/\/raubonys.lt\/wp-content\/uploads\/2023\/11\/26172585_564263647251893_5218626539008449327_o-1536x1017-1-560x371.webp 560w, https:\/\/raubonys.lt\/wp-content\/uploads\/2023\/11\/26172585_564263647251893_5218626539008449327_o-1536x1017-1.webp 1536w\" sizes=\"(max-width: 1024px) 100vw, 1024px\" \/><\/figure>\n\n\n\n<p> Vakar\u0105 ved\u0117 &#8222;geroji krik\u0161tamot\u0117&#8221; ir Pelen\u0117.<\/p>\n\n\n\n<figure class=\"wp-block-image size-large\"><img decoding=\"async\" width=\"1024\" height=\"678\" src=\"https:\/\/raubonys.lt\/wp-content\/uploads\/2023\/11\/26173030_564263757251882_1610099224263484677_o-1536x1017-1-1024x678.webp\" alt=\"\" class=\"wp-image-9856\" srcset=\"https:\/\/raubonys.lt\/wp-content\/uploads\/2023\/11\/26173030_564263757251882_1610099224263484677_o-1536x1017-1-1024x678.webp 1024w, https:\/\/raubonys.lt\/wp-content\/uploads\/2023\/11\/26173030_564263757251882_1610099224263484677_o-1536x1017-1-300x199.webp 300w, https:\/\/raubonys.lt\/wp-content\/uploads\/2023\/11\/26173030_564263757251882_1610099224263484677_o-1536x1017-1-768x509.webp 768w, https:\/\/raubonys.lt\/wp-content\/uploads\/2023\/11\/26173030_564263757251882_1610099224263484677_o-1536x1017-1-391x260.webp 391w, https:\/\/raubonys.lt\/wp-content\/uploads\/2023\/11\/26173030_564263757251882_1610099224263484677_o-1536x1017-1-350x232.webp 350w, https:\/\/raubonys.lt\/wp-content\/uploads\/2023\/11\/26173030_564263757251882_1610099224263484677_o-1536x1017-1-370x245.webp 370w, https:\/\/raubonys.lt\/wp-content\/uploads\/2023\/11\/26173030_564263757251882_1610099224263484677_o-1536x1017-1-255x169.webp 255w, https:\/\/raubonys.lt\/wp-content\/uploads\/2023\/11\/26173030_564263757251882_1610099224263484677_o-1536x1017-1-285x189.webp 285w, https:\/\/raubonys.lt\/wp-content\/uploads\/2023\/11\/26173030_564263757251882_1610099224263484677_o-1536x1017-1-600x397.webp 600w, https:\/\/raubonys.lt\/wp-content\/uploads\/2023\/11\/26173030_564263757251882_1610099224263484677_o-1536x1017-1-560x371.webp 560w, https:\/\/raubonys.lt\/wp-content\/uploads\/2023\/11\/26173030_564263757251882_1610099224263484677_o-1536x1017-1.webp 1536w\" sizes=\"(max-width: 1024px) 100vw, 1024px\" \/><\/figure>\n\n\n\n<p> Rauboni\u0173 &#8222;Bo\u010di\u0173&#8221; vokalinio ansamblio &#8222;\u0160arma&#8221; muzikinis sveikinimas.<\/p>\n\n\n\n<figure class=\"wp-block-image size-large\"><img decoding=\"async\" width=\"1024\" height=\"576\" src=\"https:\/\/raubonys.lt\/wp-content\/uploads\/2023\/11\/26220397_564263877251870_2989154556748158144_o-1536x864-1-1024x576.webp\" alt=\"\" class=\"wp-image-9855\" srcset=\"https:\/\/raubonys.lt\/wp-content\/uploads\/2023\/11\/26220397_564263877251870_2989154556748158144_o-1536x864-1-1024x576.webp 1024w, https:\/\/raubonys.lt\/wp-content\/uploads\/2023\/11\/26220397_564263877251870_2989154556748158144_o-1536x864-1-300x169.webp 300w, https:\/\/raubonys.lt\/wp-content\/uploads\/2023\/11\/26220397_564263877251870_2989154556748158144_o-1536x864-1-768x432.webp 768w, https:\/\/raubonys.lt\/wp-content\/uploads\/2023\/11\/26220397_564263877251870_2989154556748158144_o-1536x864-1-350x197.webp 350w, https:\/\/raubonys.lt\/wp-content\/uploads\/2023\/11\/26220397_564263877251870_2989154556748158144_o-1536x864-1-370x208.webp 370w, https:\/\/raubonys.lt\/wp-content\/uploads\/2023\/11\/26220397_564263877251870_2989154556748158144_o-1536x864-1-255x143.webp 255w, https:\/\/raubonys.lt\/wp-content\/uploads\/2023\/11\/26220397_564263877251870_2989154556748158144_o-1536x864-1-285x160.webp 285w, https:\/\/raubonys.lt\/wp-content\/uploads\/2023\/11\/26220397_564263877251870_2989154556748158144_o-1536x864-1-600x338.webp 600w, https:\/\/raubonys.lt\/wp-content\/uploads\/2023\/11\/26220397_564263877251870_2989154556748158144_o-1536x864-1-560x315.webp 560w, https:\/\/raubonys.lt\/wp-content\/uploads\/2023\/11\/26220397_564263877251870_2989154556748158144_o-1536x864-1.webp 1536w\" sizes=\"(max-width: 1024px) 100vw, 1024px\" \/><\/figure>\n\n\n\n<p> Bir\u017e\u0173 kc Pa\u010deriauk\u0161t\u0117s kult\u016bros nam\u0173 vokalinis Vilitos ir Audros duetas dovanojo melodingas dainas. <\/p>\n\n\n\n<figure class=\"wp-block-image size-large\"><img loading=\"lazy\" decoding=\"async\" width=\"1024\" height=\"576\" src=\"https:\/\/raubonys.lt\/wp-content\/uploads\/2023\/11\/26173444_564264080585183_5659900613296410800_o-1536x864-1-1024x576.webp\" alt=\"\" class=\"wp-image-9854\" srcset=\"https:\/\/raubonys.lt\/wp-content\/uploads\/2023\/11\/26173444_564264080585183_5659900613296410800_o-1536x864-1-1024x576.webp 1024w, https:\/\/raubonys.lt\/wp-content\/uploads\/2023\/11\/26173444_564264080585183_5659900613296410800_o-1536x864-1-300x169.webp 300w, https:\/\/raubonys.lt\/wp-content\/uploads\/2023\/11\/26173444_564264080585183_5659900613296410800_o-1536x864-1-768x432.webp 768w, https:\/\/raubonys.lt\/wp-content\/uploads\/2023\/11\/26173444_564264080585183_5659900613296410800_o-1536x864-1-350x197.webp 350w, https:\/\/raubonys.lt\/wp-content\/uploads\/2023\/11\/26173444_564264080585183_5659900613296410800_o-1536x864-1-370x208.webp 370w, https:\/\/raubonys.lt\/wp-content\/uploads\/2023\/11\/26173444_564264080585183_5659900613296410800_o-1536x864-1-255x143.webp 255w, https:\/\/raubonys.lt\/wp-content\/uploads\/2023\/11\/26173444_564264080585183_5659900613296410800_o-1536x864-1-285x160.webp 285w, https:\/\/raubonys.lt\/wp-content\/uploads\/2023\/11\/26173444_564264080585183_5659900613296410800_o-1536x864-1-600x338.webp 600w, https:\/\/raubonys.lt\/wp-content\/uploads\/2023\/11\/26173444_564264080585183_5659900613296410800_o-1536x864-1-560x315.webp 560w, https:\/\/raubonys.lt\/wp-content\/uploads\/2023\/11\/26173444_564264080585183_5659900613296410800_o-1536x864-1.webp 1536w\" sizes=\"(max-width: 1024px) 100vw, 1024px\" \/><\/figure>\n\n\n\n<p> Smilgi\u0173 skyriaus vokalinio ansamblio &#8222;Smiltis&#8221; dainos, vadov\u0117&nbsp;Vilita Vasiliauskien\u0117.<\/p>\n\n\n\n<figure class=\"wp-block-image size-large\"><img loading=\"lazy\" decoding=\"async\" width=\"1024\" height=\"576\" src=\"https:\/\/raubonys.lt\/wp-content\/uploads\/2023\/11\/26197934_564264143918510_8945933868332576087_o-1536x864-1-1024x576.webp\" alt=\"\" class=\"wp-image-9853\" srcset=\"https:\/\/raubonys.lt\/wp-content\/uploads\/2023\/11\/26197934_564264143918510_8945933868332576087_o-1536x864-1-1024x576.webp 1024w, https:\/\/raubonys.lt\/wp-content\/uploads\/2023\/11\/26197934_564264143918510_8945933868332576087_o-1536x864-1-300x169.webp 300w, https:\/\/raubonys.lt\/wp-content\/uploads\/2023\/11\/26197934_564264143918510_8945933868332576087_o-1536x864-1-768x432.webp 768w, https:\/\/raubonys.lt\/wp-content\/uploads\/2023\/11\/26197934_564264143918510_8945933868332576087_o-1536x864-1-350x197.webp 350w, https:\/\/raubonys.lt\/wp-content\/uploads\/2023\/11\/26197934_564264143918510_8945933868332576087_o-1536x864-1-370x208.webp 370w, https:\/\/raubonys.lt\/wp-content\/uploads\/2023\/11\/26197934_564264143918510_8945933868332576087_o-1536x864-1-255x143.webp 255w, https:\/\/raubonys.lt\/wp-content\/uploads\/2023\/11\/26197934_564264143918510_8945933868332576087_o-1536x864-1-285x160.webp 285w, https:\/\/raubonys.lt\/wp-content\/uploads\/2023\/11\/26197934_564264143918510_8945933868332576087_o-1536x864-1-600x338.webp 600w, https:\/\/raubonys.lt\/wp-content\/uploads\/2023\/11\/26197934_564264143918510_8945933868332576087_o-1536x864-1-560x315.webp 560w, https:\/\/raubonys.lt\/wp-content\/uploads\/2023\/11\/26197934_564264143918510_8945933868332576087_o-1536x864-1.webp 1536w\" sizes=\"(max-width: 1024px) 100vw, 1024px\" \/><\/figure>\n\n\n\n<p> &#8222;Met\u0173 pad\u0117ka&#8221; \u0161iemet skirta Sauliui \u0160imbeliui ir jo \u0161eimai u\u017e nuolatin\u0119 pagalb\u0105 tri\u016bsiant Rauboni\u0173 vandens mal\u016bne.<\/p>\n\n\n\n<figure class=\"wp-block-image size-large\"><img loading=\"lazy\" decoding=\"async\" width=\"1024\" height=\"576\" src=\"https:\/\/raubonys.lt\/wp-content\/uploads\/2023\/11\/10-1-1536x864-1-1024x576.webp\" alt=\"\" class=\"wp-image-9852\" srcset=\"https:\/\/raubonys.lt\/wp-content\/uploads\/2023\/11\/10-1-1536x864-1-1024x576.webp 1024w, https:\/\/raubonys.lt\/wp-content\/uploads\/2023\/11\/10-1-1536x864-1-300x169.webp 300w, https:\/\/raubonys.lt\/wp-content\/uploads\/2023\/11\/10-1-1536x864-1-768x432.webp 768w, https:\/\/raubonys.lt\/wp-content\/uploads\/2023\/11\/10-1-1536x864-1-350x197.webp 350w, https:\/\/raubonys.lt\/wp-content\/uploads\/2023\/11\/10-1-1536x864-1-370x208.webp 370w, https:\/\/raubonys.lt\/wp-content\/uploads\/2023\/11\/10-1-1536x864-1-255x143.webp 255w, https:\/\/raubonys.lt\/wp-content\/uploads\/2023\/11\/10-1-1536x864-1-285x160.webp 285w, https:\/\/raubonys.lt\/wp-content\/uploads\/2023\/11\/10-1-1536x864-1-600x338.webp 600w, https:\/\/raubonys.lt\/wp-content\/uploads\/2023\/11\/10-1-1536x864-1-560x315.webp 560w, https:\/\/raubonys.lt\/wp-content\/uploads\/2023\/11\/10-1-1536x864-1.webp 1536w\" sizes=\"(max-width: 1024px) 100vw, 1024px\" \/><\/figure>","protected":false},"excerpt":{"rendered":"<p>Met\u0173 pad\u0117kos vakaras &#8222;\u0160irdyje ne\u0161uosi gerum\u0105&#8221; Met\u0173 sand\u016bra &#8211; puiki proga stabtel\u0117ti, prisiminti ir per\u017evelgti prab\u0117gusius metus, pasid\u017eiaugti svarbiausiais \u012fvykiais ir visiems \u0161irdingai pad\u0117koti u\u017e nuveiktus gerus darbus.A\u010di\u016b Jums, nuo\u0161ird\u017eiai dirbantiems savo kra\u0161to labui, negailintiems j\u0117g\u0173, neskai\u010diuojantiems laisvalaikio valand\u0173. Tegu atskub\u0117j\u0119 2018-ieji ne\u0161a dideles svajones ir j\u0173 i\u0161sipildym\u0105, nuo\u0161ird\u0173 bendravim\u0105, g\u0117r\u012f, stipryb\u0119. B\u016bkite laimingi! Vakar\u0105 [&hellip;]<\/p>\n","protected":false},"author":1,"featured_media":0,"parent":0,"menu_order":0,"comment_status":"closed","ping_status":"closed","template":"","meta":{"cybocfi_hide_featured_image":"","footnotes":""},"class_list":["post-1187","page","type-page","status-publish","hentry"],"yoast_head":"<!-- This site is optimized with the Yoast SEO plugin v27.0 - https:\/\/yoast.com\/product\/yoast-seo-wordpress\/ -->\n<title>Bendruomen\u0117s renginiai | 2017 m. - Rauboni\u0173 bendruomen\u0117 ir kult\u016bros namai<\/title>\n<meta name=\"robots\" content=\"index, follow, max-snippet:-1, max-image-preview:large, max-video-preview:-1\" \/>\n<link rel=\"canonical\" href=\"https:\/\/raubonys.lt\/en\/bendruomenes-renginiai-2017\/\" \/>\n<meta property=\"og:locale\" content=\"en_GB\" \/>\n<meta property=\"og:type\" content=\"article\" \/>\n<meta property=\"og:title\" content=\"Bendruomen\u0117s renginiai | 2017 m. - Rauboni\u0173 bendruomen\u0117 ir kult\u016bros namai\" \/>\n<meta property=\"og:description\" content=\"Met\u0173 pad\u0117kos vakaras &#8222;\u0160irdyje ne\u0161uosi gerum\u0105&#8221; Met\u0173 sand\u016bra &#8211; puiki proga stabtel\u0117ti, prisiminti ir per\u017evelgti prab\u0117gusius metus, pasid\u017eiaugti svarbiausiais \u012fvykiais ir visiems \u0161irdingai pad\u0117koti u\u017e nuveiktus gerus darbus.A\u010di\u016b Jums, nuo\u0161ird\u017eiai dirbantiems savo kra\u0161to labui, negailintiems j\u0117g\u0173, neskai\u010diuojantiems laisvalaikio valand\u0173. Tegu atskub\u0117j\u0119 2018-ieji ne\u0161a dideles svajones ir j\u0173 i\u0161sipildym\u0105, nuo\u0161ird\u0173 bendravim\u0105, g\u0117r\u012f, stipryb\u0119. B\u016bkite laimingi! Vakar\u0105 [&hellip;]\" \/>\n<meta property=\"og:url\" content=\"https:\/\/raubonys.lt\/en\/bendruomenes-renginiai-2017\/\" \/>\n<meta property=\"og:site_name\" content=\"Rauboni\u0173 bendruomen\u0117 ir kult\u016bros namai\" \/>\n<meta property=\"article:publisher\" content=\"https:\/\/www.facebook.com\/raubonys\/\" \/>\n<meta property=\"article:modified_time\" content=\"2023-11-06T21:48:19+00:00\" \/>\n<meta property=\"og:image\" content=\"https:\/\/raubonys.lt\/wp-content\/uploads\/2023\/11\/26172585_564263647251893_5218626539008449327_o-1536x1017-1-1024x678.webp\" \/>\n<meta name=\"twitter:card\" content=\"summary_large_image\" \/>\n<meta name=\"twitter:label1\" content=\"Estimated reading time\" \/>\n\t<meta name=\"twitter:data1\" content=\"1 minute\" \/>\n<script type=\"application\/ld+json\" class=\"yoast-schema-graph\">{\"@context\":\"https:\/\/schema.org\",\"@graph\":[{\"@type\":\"WebPage\",\"@id\":\"https:\/\/raubonys.lt\/bendruomenes-renginiai-2017\/\",\"url\":\"https:\/\/raubonys.lt\/bendruomenes-renginiai-2017\/\",\"name\":\"Bendruomen\u0117s renginiai | 2017 m. - Rauboni\u0173 bendruomen\u0117 ir kult\u016bros namai\",\"isPartOf\":{\"@id\":\"https:\/\/raubonys.lt\/#website\"},\"primaryImageOfPage\":{\"@id\":\"https:\/\/raubonys.lt\/bendruomenes-renginiai-2017\/#primaryimage\"},\"image\":{\"@id\":\"https:\/\/raubonys.lt\/bendruomenes-renginiai-2017\/#primaryimage\"},\"thumbnailUrl\":\"https:\/\/raubonys.lt\/wp-content\/uploads\/2023\/11\/26172585_564263647251893_5218626539008449327_o-1536x1017-1-1024x678.webp\",\"datePublished\":\"2020-03-14T08:57:48+00:00\",\"dateModified\":\"2023-11-06T21:48:19+00:00\",\"breadcrumb\":{\"@id\":\"https:\/\/raubonys.lt\/bendruomenes-renginiai-2017\/#breadcrumb\"},\"inLanguage\":\"en-GB\",\"potentialAction\":[{\"@type\":\"ReadAction\",\"target\":[\"https:\/\/raubonys.lt\/bendruomenes-renginiai-2017\/\"]}]},{\"@type\":\"ImageObject\",\"inLanguage\":\"en-GB\",\"@id\":\"https:\/\/raubonys.lt\/bendruomenes-renginiai-2017\/#primaryimage\",\"url\":\"https:\/\/raubonys.lt\/wp-content\/uploads\/2023\/11\/26172585_564263647251893_5218626539008449327_o-1536x1017-1-1024x678.webp\",\"contentUrl\":\"https:\/\/raubonys.lt\/wp-content\/uploads\/2023\/11\/26172585_564263647251893_5218626539008449327_o-1536x1017-1-1024x678.webp\"},{\"@type\":\"BreadcrumbList\",\"@id\":\"https:\/\/raubonys.lt\/bendruomenes-renginiai-2017\/#breadcrumb\",\"itemListElement\":[{\"@type\":\"ListItem\",\"position\":1,\"name\":\"Prad\u017eia\",\"item\":\"https:\/\/raubonys.lt\/\"},{\"@type\":\"ListItem\",\"position\":2,\"name\":\"Bendruomen\u0117s renginiai | 2017 m.\"}]},{\"@type\":\"WebSite\",\"@id\":\"https:\/\/raubonys.lt\/#website\",\"url\":\"https:\/\/raubonys.lt\/\",\"name\":\"Rauboni\u0173 bendruomen\u0117 ir kult\u016bros namai\",\"description\":\"Raubonys.lt\",\"publisher\":{\"@id\":\"https:\/\/raubonys.lt\/#organization\"},\"alternateName\":\"Raubonys.lt\",\"potentialAction\":[{\"@type\":\"SearchAction\",\"target\":{\"@type\":\"EntryPoint\",\"urlTemplate\":\"https:\/\/raubonys.lt\/?s={search_term_string}\"},\"query-input\":{\"@type\":\"PropertyValueSpecification\",\"valueRequired\":true,\"valueName\":\"search_term_string\"}}],\"inLanguage\":\"en-GB\"},{\"@type\":\"Organization\",\"@id\":\"https:\/\/raubonys.lt\/#organization\",\"name\":\"Raubonys.lt\",\"url\":\"https:\/\/raubonys.lt\/\",\"logo\":{\"@type\":\"ImageObject\",\"inLanguage\":\"en-GB\",\"@id\":\"https:\/\/raubonys.lt\/#\/schema\/logo\/image\/\",\"url\":\"https:\/\/raubonys.lt\/wp-content\/uploads\/2023\/10\/raubonys.lt_logo_black.png\",\"contentUrl\":\"https:\/\/raubonys.lt\/wp-content\/uploads\/2023\/10\/raubonys.lt_logo_black.png\",\"width\":3508,\"height\":931,\"caption\":\"Raubonys.lt\"},\"image\":{\"@id\":\"https:\/\/raubonys.lt\/#\/schema\/logo\/image\/\"},\"sameAs\":[\"https:\/\/www.facebook.com\/raubonys\/\"]}]}<\/script>\n<!-- \/ Yoast SEO plugin. -->","yoast_head_json":{"title":"Bendruomen\u0117s renginiai | 2017 m. - Rauboni\u0173 bendruomen\u0117 ir kult\u016bros namai","robots":{"index":"index","follow":"follow","max-snippet":"max-snippet:-1","max-image-preview":"max-image-preview:large","max-video-preview":"max-video-preview:-1"},"canonical":"https:\/\/raubonys.lt\/en\/bendruomenes-renginiai-2017\/","og_locale":"en_GB","og_type":"article","og_title":"Bendruomen\u0117s renginiai | 2017 m. - Rauboni\u0173 bendruomen\u0117 ir kult\u016bros namai","og_description":"Met\u0173 pad\u0117kos vakaras &#8222;\u0160irdyje ne\u0161uosi gerum\u0105&#8221; Met\u0173 sand\u016bra &#8211; puiki proga stabtel\u0117ti, prisiminti ir per\u017evelgti prab\u0117gusius metus, pasid\u017eiaugti svarbiausiais \u012fvykiais ir visiems \u0161irdingai pad\u0117koti u\u017e nuveiktus gerus darbus.A\u010di\u016b Jums, nuo\u0161ird\u017eiai dirbantiems savo kra\u0161to labui, negailintiems j\u0117g\u0173, neskai\u010diuojantiems laisvalaikio valand\u0173. Tegu atskub\u0117j\u0119 2018-ieji ne\u0161a dideles svajones ir j\u0173 i\u0161sipildym\u0105, nuo\u0161ird\u0173 bendravim\u0105, g\u0117r\u012f, stipryb\u0119. B\u016bkite laimingi! Vakar\u0105 [&hellip;]","og_url":"https:\/\/raubonys.lt\/en\/bendruomenes-renginiai-2017\/","og_site_name":"Rauboni\u0173 bendruomen\u0117 ir kult\u016bros namai","article_publisher":"https:\/\/www.facebook.com\/raubonys\/","article_modified_time":"2023-11-06T21:48:19+00:00","og_image":[{"url":"https:\/\/raubonys.lt\/wp-content\/uploads\/2023\/11\/26172585_564263647251893_5218626539008449327_o-1536x1017-1-1024x678.webp","type":"","width":"","height":""}],"twitter_card":"summary_large_image","twitter_misc":{"Estimated reading time":"1 minute"},"schema":{"@context":"https:\/\/schema.org","@graph":[{"@type":"WebPage","@id":"https:\/\/raubonys.lt\/bendruomenes-renginiai-2017\/","url":"https:\/\/raubonys.lt\/bendruomenes-renginiai-2017\/","name":"Bendruomen\u0117s renginiai | 2017 m. - Rauboni\u0173 bendruomen\u0117 ir kult\u016bros namai","isPartOf":{"@id":"https:\/\/raubonys.lt\/#website"},"primaryImageOfPage":{"@id":"https:\/\/raubonys.lt\/bendruomenes-renginiai-2017\/#primaryimage"},"image":{"@id":"https:\/\/raubonys.lt\/bendruomenes-renginiai-2017\/#primaryimage"},"thumbnailUrl":"https:\/\/raubonys.lt\/wp-content\/uploads\/2023\/11\/26172585_564263647251893_5218626539008449327_o-1536x1017-1-1024x678.webp","datePublished":"2020-03-14T08:57:48+00:00","dateModified":"2023-11-06T21:48:19+00:00","breadcrumb":{"@id":"https:\/\/raubonys.lt\/bendruomenes-renginiai-2017\/#breadcrumb"},"inLanguage":"en-GB","potentialAction":[{"@type":"ReadAction","target":["https:\/\/raubonys.lt\/bendruomenes-renginiai-2017\/"]}]},{"@type":"ImageObject","inLanguage":"en-GB","@id":"https:\/\/raubonys.lt\/bendruomenes-renginiai-2017\/#primaryimage","url":"https:\/\/raubonys.lt\/wp-content\/uploads\/2023\/11\/26172585_564263647251893_5218626539008449327_o-1536x1017-1-1024x678.webp","contentUrl":"https:\/\/raubonys.lt\/wp-content\/uploads\/2023\/11\/26172585_564263647251893_5218626539008449327_o-1536x1017-1-1024x678.webp"},{"@type":"BreadcrumbList","@id":"https:\/\/raubonys.lt\/bendruomenes-renginiai-2017\/#breadcrumb","itemListElement":[{"@type":"ListItem","position":1,"name":"Prad\u017eia","item":"https:\/\/raubonys.lt\/"},{"@type":"ListItem","position":2,"name":"Bendruomen\u0117s renginiai | 2017 m."}]},{"@type":"WebSite","@id":"https:\/\/raubonys.lt\/#website","url":"https:\/\/raubonys.lt\/","name":"Rauboni\u0173 bendruomen\u0117 ir kult\u016bros namai","description":"Raubonys.lt","publisher":{"@id":"https:\/\/raubonys.lt\/#organization"},"alternateName":"Raubonys.lt","potentialAction":[{"@type":"SearchAction","target":{"@type":"EntryPoint","urlTemplate":"https:\/\/raubonys.lt\/?s={search_term_string}"},"query-input":{"@type":"PropertyValueSpecification","valueRequired":true,"valueName":"search_term_string"}}],"inLanguage":"en-GB"},{"@type":"Organization","@id":"https:\/\/raubonys.lt\/#organization","name":"Raubonys.lt","url":"https:\/\/raubonys.lt\/","logo":{"@type":"ImageObject","inLanguage":"en-GB","@id":"https:\/\/raubonys.lt\/#\/schema\/logo\/image\/","url":"https:\/\/raubonys.lt\/wp-content\/uploads\/2023\/10\/raubonys.lt_logo_black.png","contentUrl":"https:\/\/raubonys.lt\/wp-content\/uploads\/2023\/10\/raubonys.lt_logo_black.png","width":3508,"height":931,"caption":"Raubonys.lt"},"image":{"@id":"https:\/\/raubonys.lt\/#\/schema\/logo\/image\/"},"sameAs":["https:\/\/www.facebook.com\/raubonys\/"]}]}},"_links":{"self":[{"href":"https:\/\/raubonys.lt\/en\/wp-json\/wp\/v2\/pages\/1187","targetHints":{"allow":["GET"]}}],"collection":[{"href":"https:\/\/raubonys.lt\/en\/wp-json\/wp\/v2\/pages"}],"about":[{"href":"https:\/\/raubonys.lt\/en\/wp-json\/wp\/v2\/types\/page"}],"author":[{"embeddable":true,"href":"https:\/\/raubonys.lt\/en\/wp-json\/wp\/v2\/users\/1"}],"replies":[{"embeddable":true,"href":"https:\/\/raubonys.lt\/en\/wp-json\/wp\/v2\/comments?post=1187"}],"version-history":[{"count":0,"href":"https:\/\/raubonys.lt\/en\/wp-json\/wp\/v2\/pages\/1187\/revisions"}],"wp:attachment":[{"href":"https:\/\/raubonys.lt\/en\/wp-json\/wp\/v2\/media?parent=1187"}],"curies":[{"name":"wp","href":"https:\/\/api.w.org\/{rel}","templated":true}]}}