{"id":1213,"date":"2020-03-14T09:29:33","date_gmt":"2020-03-14T09:29:33","guid":{"rendered":"http:\/\/raubonys.lt\/?page_id=1213"},"modified":"2023-11-06T21:53:00","modified_gmt":"2023-11-06T21:53:00","slug":"bendruomenes-renginiai-2019","status":"publish","type":"page","link":"https:\/\/raubonys.lt\/en\/bendruomenes-renginiai-2019\/","title":{"rendered":"Bendruomen\u0117s renginiai | 2019 m."},"content":{"rendered":"<hr class=\"wp-block-separator has-css-opacity is-style-dots\"\/>\n\n\n\n<p>Spalio &#8211; lapkri\u010dio m\u0117nesiais Raubonyse vyko projektas &#8222;Sav\u0119s pa\u017einimo link &#8211; per meno terapij\u0105&#8221;, kuris buvo finansuojamas i\u0161 Pasvalio rajono savivaldyb\u0117s visuomen\u0117s sveikatos r\u0117mimo specialiosios programos l\u0117\u0161\u0173. Jo metu vyko du meno terapijos u\u017esi\u0117mimai. Susipa\u017einome su mandal\u0173 tapymo technika ir j\u0105 i\u0161band\u0117me, tapydami akrilu ant drob\u0117s. Tai puikus b\u016bdas atsipalaiduoti, neutralizuoti stres\u0105, giliau pa\u017einti save. <\/p>\n\n\n\n<figure class=\"wp-block-image size-full\"><img fetchpriority=\"high\" decoding=\"async\" width=\"960\" height=\"540\" src=\"https:\/\/raubonys.lt\/wp-content\/uploads\/2023\/11\/75285785_986599481684972_565699634433884160_n.webp\" alt=\"\" class=\"wp-image-9868\" srcset=\"https:\/\/raubonys.lt\/wp-content\/uploads\/2023\/11\/75285785_986599481684972_565699634433884160_n.webp 960w, https:\/\/raubonys.lt\/wp-content\/uploads\/2023\/11\/75285785_986599481684972_565699634433884160_n-300x169.webp 300w, https:\/\/raubonys.lt\/wp-content\/uploads\/2023\/11\/75285785_986599481684972_565699634433884160_n-768x432.webp 768w, https:\/\/raubonys.lt\/wp-content\/uploads\/2023\/11\/75285785_986599481684972_565699634433884160_n-350x197.webp 350w, https:\/\/raubonys.lt\/wp-content\/uploads\/2023\/11\/75285785_986599481684972_565699634433884160_n-370x208.webp 370w, https:\/\/raubonys.lt\/wp-content\/uploads\/2023\/11\/75285785_986599481684972_565699634433884160_n-255x143.webp 255w, https:\/\/raubonys.lt\/wp-content\/uploads\/2023\/11\/75285785_986599481684972_565699634433884160_n-285x160.webp 285w, https:\/\/raubonys.lt\/wp-content\/uploads\/2023\/11\/75285785_986599481684972_565699634433884160_n-600x338.webp 600w, https:\/\/raubonys.lt\/wp-content\/uploads\/2023\/11\/75285785_986599481684972_565699634433884160_n-560x315.webp 560w\" sizes=\"(max-width: 960px) 100vw, 960px\" \/><\/figure>\n\n\n\n<hr class=\"wp-block-separator has-css-opacity is-style-dots\"\/>\n\n\n\n<p> Rugs\u0117jo 21 d. Pasvalio miesto \u0161vent\u0117je buvo gaminami skaniausi Rauboni\u0173 virtieniai!<\/p>\n\n\n\n<figure class=\"wp-block-gallery has-nested-images columns-default is-cropped wp-block-gallery-1 is-layout-flex wp-block-gallery-is-layout-flex\">\n<figure class=\"wp-block-image size-full\"><a href=\"https:\/\/raubonys.lt\/wp-content\/uploads\/2023\/11\/70953738_962630230748564_4508107547734966272_n.webp\"><img decoding=\"async\" width=\"960\" height=\"720\" data-id=\"9867\" src=\"https:\/\/raubonys.lt\/wp-content\/uploads\/2023\/11\/70953738_962630230748564_4508107547734966272_n.webp\" alt=\"\" class=\"wp-image-9867\" srcset=\"https:\/\/raubonys.lt\/wp-content\/uploads\/2023\/11\/70953738_962630230748564_4508107547734966272_n.webp 960w, https:\/\/raubonys.lt\/wp-content\/uploads\/2023\/11\/70953738_962630230748564_4508107547734966272_n-300x225.webp 300w, https:\/\/raubonys.lt\/wp-content\/uploads\/2023\/11\/70953738_962630230748564_4508107547734966272_n-768x576.webp 768w, https:\/\/raubonys.lt\/wp-content\/uploads\/2023\/11\/70953738_962630230748564_4508107547734966272_n-350x263.webp 350w, https:\/\/raubonys.lt\/wp-content\/uploads\/2023\/11\/70953738_962630230748564_4508107547734966272_n-370x278.webp 370w, https:\/\/raubonys.lt\/wp-content\/uploads\/2023\/11\/70953738_962630230748564_4508107547734966272_n-255x191.webp 255w, https:\/\/raubonys.lt\/wp-content\/uploads\/2023\/11\/70953738_962630230748564_4508107547734966272_n-285x214.webp 285w, https:\/\/raubonys.lt\/wp-content\/uploads\/2023\/11\/70953738_962630230748564_4508107547734966272_n-600x450.webp 600w, https:\/\/raubonys.lt\/wp-content\/uploads\/2023\/11\/70953738_962630230748564_4508107547734966272_n-560x420.webp 560w\" sizes=\"(max-width: 960px) 100vw, 960px\" \/><\/a><\/figure>\n<\/figure>\n\n\n\n<hr class=\"wp-block-separator has-css-opacity is-style-dots\"\/>\n\n\n\n<p>Rugpj\u016b\u010dio 17 dien\u0105, \u017dadeikiuose vyko Baltijos kelio 30 &#8211; me\u010dio min\u0117jimas.<br>Visus kviet\u0117me paskanauti Rauboni\u0173 virtieni\u0173!&nbsp;\ud83c\udf72\ud83d\ude0a <\/p>\n\n\n\n<figure class=\"wp-block-image size-full\"><img decoding=\"async\" width=\"960\" height=\"720\" src=\"https:\/\/raubonys.lt\/wp-content\/uploads\/2023\/11\/68861945_938134083198179_9141825580159729664_n.webp\" alt=\"\" class=\"wp-image-9869\" srcset=\"https:\/\/raubonys.lt\/wp-content\/uploads\/2023\/11\/68861945_938134083198179_9141825580159729664_n.webp 960w, https:\/\/raubonys.lt\/wp-content\/uploads\/2023\/11\/68861945_938134083198179_9141825580159729664_n-300x225.webp 300w, https:\/\/raubonys.lt\/wp-content\/uploads\/2023\/11\/68861945_938134083198179_9141825580159729664_n-768x576.webp 768w, https:\/\/raubonys.lt\/wp-content\/uploads\/2023\/11\/68861945_938134083198179_9141825580159729664_n-350x263.webp 350w, https:\/\/raubonys.lt\/wp-content\/uploads\/2023\/11\/68861945_938134083198179_9141825580159729664_n-370x278.webp 370w, https:\/\/raubonys.lt\/wp-content\/uploads\/2023\/11\/68861945_938134083198179_9141825580159729664_n-255x191.webp 255w, https:\/\/raubonys.lt\/wp-content\/uploads\/2023\/11\/68861945_938134083198179_9141825580159729664_n-285x214.webp 285w, https:\/\/raubonys.lt\/wp-content\/uploads\/2023\/11\/68861945_938134083198179_9141825580159729664_n-600x450.webp 600w, https:\/\/raubonys.lt\/wp-content\/uploads\/2023\/11\/68861945_938134083198179_9141825580159729664_n-560x420.webp 560w\" sizes=\"(max-width: 960px) 100vw, 960px\" \/><\/figure>","protected":false},"excerpt":{"rendered":"<p>Spalio &#8211; lapkri\u010dio m\u0117nesiais Raubonyse vyko projektas &#8222;Sav\u0119s pa\u017einimo link &#8211; per meno terapij\u0105&#8221;, kuris buvo finansuojamas i\u0161 Pasvalio rajono savivaldyb\u0117s visuomen\u0117s sveikatos r\u0117mimo specialiosios programos l\u0117\u0161\u0173. Jo metu vyko du meno terapijos u\u017esi\u0117mimai. Susipa\u017einome su mandal\u0173 tapymo technika ir j\u0105 i\u0161band\u0117me, tapydami akrilu ant drob\u0117s. Tai puikus b\u016bdas atsipalaiduoti, neutralizuoti stres\u0105, giliau pa\u017einti save. [&hellip;]<\/p>\n","protected":false},"author":1,"featured_media":0,"parent":0,"menu_order":0,"comment_status":"closed","ping_status":"closed","template":"","meta":{"cybocfi_hide_featured_image":"","footnotes":""},"class_list":["post-1213","page","type-page","status-publish","hentry"],"yoast_head":"<!-- This site is optimized with the Yoast SEO plugin v27.0 - https:\/\/yoast.com\/product\/yoast-seo-wordpress\/ -->\n<title>Bendruomen\u0117s renginiai | 2019 m. - Rauboni\u0173 bendruomen\u0117 ir kult\u016bros namai<\/title>\n<meta name=\"robots\" content=\"index, follow, max-snippet:-1, max-image-preview:large, max-video-preview:-1\" \/>\n<link rel=\"canonical\" href=\"https:\/\/raubonys.lt\/en\/bendruomenes-renginiai-2019\/\" \/>\n<meta property=\"og:locale\" content=\"en_GB\" \/>\n<meta property=\"og:type\" content=\"article\" \/>\n<meta property=\"og:title\" content=\"Bendruomen\u0117s renginiai | 2019 m. - Rauboni\u0173 bendruomen\u0117 ir kult\u016bros namai\" \/>\n<meta property=\"og:description\" content=\"Spalio &#8211; lapkri\u010dio m\u0117nesiais Raubonyse vyko projektas &#8222;Sav\u0119s pa\u017einimo link &#8211; per meno terapij\u0105&#8221;, kuris buvo finansuojamas i\u0161 Pasvalio rajono savivaldyb\u0117s visuomen\u0117s sveikatos r\u0117mimo specialiosios programos l\u0117\u0161\u0173. Jo metu vyko du meno terapijos u\u017esi\u0117mimai. Susipa\u017einome su mandal\u0173 tapymo technika ir j\u0105 i\u0161band\u0117me, tapydami akrilu ant drob\u0117s. Tai puikus b\u016bdas atsipalaiduoti, neutralizuoti stres\u0105, giliau pa\u017einti save. [&hellip;]\" \/>\n<meta property=\"og:url\" content=\"https:\/\/raubonys.lt\/en\/bendruomenes-renginiai-2019\/\" \/>\n<meta property=\"og:site_name\" content=\"Rauboni\u0173 bendruomen\u0117 ir kult\u016bros namai\" \/>\n<meta property=\"article:publisher\" content=\"https:\/\/www.facebook.com\/raubonys\/\" \/>\n<meta property=\"article:modified_time\" content=\"2023-11-06T21:53:00+00:00\" \/>\n<meta property=\"og:image\" content=\"https:\/\/raubonys.lt\/wp-content\/uploads\/2023\/11\/75285785_986599481684972_565699634433884160_n.webp\" \/>\n<meta name=\"twitter:card\" content=\"summary_large_image\" \/>\n<meta name=\"twitter:label1\" content=\"Estimated reading time\" \/>\n\t<meta name=\"twitter:data1\" content=\"1 minute\" \/>\n<script type=\"application\/ld+json\" class=\"yoast-schema-graph\">{\"@context\":\"https:\/\/schema.org\",\"@graph\":[{\"@type\":\"WebPage\",\"@id\":\"https:\/\/raubonys.lt\/bendruomenes-renginiai-2019\/\",\"url\":\"https:\/\/raubonys.lt\/bendruomenes-renginiai-2019\/\",\"name\":\"Bendruomen\u0117s renginiai | 2019 m. - Rauboni\u0173 bendruomen\u0117 ir kult\u016bros namai\",\"isPartOf\":{\"@id\":\"https:\/\/raubonys.lt\/#website\"},\"primaryImageOfPage\":{\"@id\":\"https:\/\/raubonys.lt\/bendruomenes-renginiai-2019\/#primaryimage\"},\"image\":{\"@id\":\"https:\/\/raubonys.lt\/bendruomenes-renginiai-2019\/#primaryimage\"},\"thumbnailUrl\":\"https:\/\/raubonys.lt\/wp-content\/uploads\/2023\/11\/75285785_986599481684972_565699634433884160_n.webp\",\"datePublished\":\"2020-03-14T09:29:33+00:00\",\"dateModified\":\"2023-11-06T21:53:00+00:00\",\"breadcrumb\":{\"@id\":\"https:\/\/raubonys.lt\/bendruomenes-renginiai-2019\/#breadcrumb\"},\"inLanguage\":\"en-GB\",\"potentialAction\":[{\"@type\":\"ReadAction\",\"target\":[\"https:\/\/raubonys.lt\/bendruomenes-renginiai-2019\/\"]}]},{\"@type\":\"ImageObject\",\"inLanguage\":\"en-GB\",\"@id\":\"https:\/\/raubonys.lt\/bendruomenes-renginiai-2019\/#primaryimage\",\"url\":\"https:\/\/raubonys.lt\/wp-content\/uploads\/2023\/11\/75285785_986599481684972_565699634433884160_n.webp\",\"contentUrl\":\"https:\/\/raubonys.lt\/wp-content\/uploads\/2023\/11\/75285785_986599481684972_565699634433884160_n.webp\"},{\"@type\":\"BreadcrumbList\",\"@id\":\"https:\/\/raubonys.lt\/bendruomenes-renginiai-2019\/#breadcrumb\",\"itemListElement\":[{\"@type\":\"ListItem\",\"position\":1,\"name\":\"Prad\u017eia\",\"item\":\"https:\/\/raubonys.lt\/\"},{\"@type\":\"ListItem\",\"position\":2,\"name\":\"Bendruomen\u0117s renginiai | 2019 m.\"}]},{\"@type\":\"WebSite\",\"@id\":\"https:\/\/raubonys.lt\/#website\",\"url\":\"https:\/\/raubonys.lt\/\",\"name\":\"Rauboni\u0173 bendruomen\u0117 ir kult\u016bros namai\",\"description\":\"Raubonys.lt\",\"publisher\":{\"@id\":\"https:\/\/raubonys.lt\/#organization\"},\"alternateName\":\"Raubonys.lt\",\"potentialAction\":[{\"@type\":\"SearchAction\",\"target\":{\"@type\":\"EntryPoint\",\"urlTemplate\":\"https:\/\/raubonys.lt\/?s={search_term_string}\"},\"query-input\":{\"@type\":\"PropertyValueSpecification\",\"valueRequired\":true,\"valueName\":\"search_term_string\"}}],\"inLanguage\":\"en-GB\"},{\"@type\":\"Organization\",\"@id\":\"https:\/\/raubonys.lt\/#organization\",\"name\":\"Raubonys.lt\",\"url\":\"https:\/\/raubonys.lt\/\",\"logo\":{\"@type\":\"ImageObject\",\"inLanguage\":\"en-GB\",\"@id\":\"https:\/\/raubonys.lt\/#\/schema\/logo\/image\/\",\"url\":\"https:\/\/raubonys.lt\/wp-content\/uploads\/2023\/10\/raubonys.lt_logo_black.png\",\"contentUrl\":\"https:\/\/raubonys.lt\/wp-content\/uploads\/2023\/10\/raubonys.lt_logo_black.png\",\"width\":3508,\"height\":931,\"caption\":\"Raubonys.lt\"},\"image\":{\"@id\":\"https:\/\/raubonys.lt\/#\/schema\/logo\/image\/\"},\"sameAs\":[\"https:\/\/www.facebook.com\/raubonys\/\"]}]}<\/script>\n<!-- \/ Yoast SEO plugin. -->","yoast_head_json":{"title":"Bendruomen\u0117s renginiai | 2019 m. - Rauboni\u0173 bendruomen\u0117 ir kult\u016bros namai","robots":{"index":"index","follow":"follow","max-snippet":"max-snippet:-1","max-image-preview":"max-image-preview:large","max-video-preview":"max-video-preview:-1"},"canonical":"https:\/\/raubonys.lt\/en\/bendruomenes-renginiai-2019\/","og_locale":"en_GB","og_type":"article","og_title":"Bendruomen\u0117s renginiai | 2019 m. - Rauboni\u0173 bendruomen\u0117 ir kult\u016bros namai","og_description":"Spalio &#8211; lapkri\u010dio m\u0117nesiais Raubonyse vyko projektas &#8222;Sav\u0119s pa\u017einimo link &#8211; per meno terapij\u0105&#8221;, kuris buvo finansuojamas i\u0161 Pasvalio rajono savivaldyb\u0117s visuomen\u0117s sveikatos r\u0117mimo specialiosios programos l\u0117\u0161\u0173. Jo metu vyko du meno terapijos u\u017esi\u0117mimai. Susipa\u017einome su mandal\u0173 tapymo technika ir j\u0105 i\u0161band\u0117me, tapydami akrilu ant drob\u0117s. Tai puikus b\u016bdas atsipalaiduoti, neutralizuoti stres\u0105, giliau pa\u017einti save. [&hellip;]","og_url":"https:\/\/raubonys.lt\/en\/bendruomenes-renginiai-2019\/","og_site_name":"Rauboni\u0173 bendruomen\u0117 ir kult\u016bros namai","article_publisher":"https:\/\/www.facebook.com\/raubonys\/","article_modified_time":"2023-11-06T21:53:00+00:00","og_image":[{"url":"https:\/\/raubonys.lt\/wp-content\/uploads\/2023\/11\/75285785_986599481684972_565699634433884160_n.webp","type":"","width":"","height":""}],"twitter_card":"summary_large_image","twitter_misc":{"Estimated reading time":"1 minute"},"schema":{"@context":"https:\/\/schema.org","@graph":[{"@type":"WebPage","@id":"https:\/\/raubonys.lt\/bendruomenes-renginiai-2019\/","url":"https:\/\/raubonys.lt\/bendruomenes-renginiai-2019\/","name":"Bendruomen\u0117s renginiai | 2019 m. - Rauboni\u0173 bendruomen\u0117 ir kult\u016bros namai","isPartOf":{"@id":"https:\/\/raubonys.lt\/#website"},"primaryImageOfPage":{"@id":"https:\/\/raubonys.lt\/bendruomenes-renginiai-2019\/#primaryimage"},"image":{"@id":"https:\/\/raubonys.lt\/bendruomenes-renginiai-2019\/#primaryimage"},"thumbnailUrl":"https:\/\/raubonys.lt\/wp-content\/uploads\/2023\/11\/75285785_986599481684972_565699634433884160_n.webp","datePublished":"2020-03-14T09:29:33+00:00","dateModified":"2023-11-06T21:53:00+00:00","breadcrumb":{"@id":"https:\/\/raubonys.lt\/bendruomenes-renginiai-2019\/#breadcrumb"},"inLanguage":"en-GB","potentialAction":[{"@type":"ReadAction","target":["https:\/\/raubonys.lt\/bendruomenes-renginiai-2019\/"]}]},{"@type":"ImageObject","inLanguage":"en-GB","@id":"https:\/\/raubonys.lt\/bendruomenes-renginiai-2019\/#primaryimage","url":"https:\/\/raubonys.lt\/wp-content\/uploads\/2023\/11\/75285785_986599481684972_565699634433884160_n.webp","contentUrl":"https:\/\/raubonys.lt\/wp-content\/uploads\/2023\/11\/75285785_986599481684972_565699634433884160_n.webp"},{"@type":"BreadcrumbList","@id":"https:\/\/raubonys.lt\/bendruomenes-renginiai-2019\/#breadcrumb","itemListElement":[{"@type":"ListItem","position":1,"name":"Prad\u017eia","item":"https:\/\/raubonys.lt\/"},{"@type":"ListItem","position":2,"name":"Bendruomen\u0117s renginiai | 2019 m."}]},{"@type":"WebSite","@id":"https:\/\/raubonys.lt\/#website","url":"https:\/\/raubonys.lt\/","name":"Rauboni\u0173 bendruomen\u0117 ir kult\u016bros namai","description":"Raubonys.lt","publisher":{"@id":"https:\/\/raubonys.lt\/#organization"},"alternateName":"Raubonys.lt","potentialAction":[{"@type":"SearchAction","target":{"@type":"EntryPoint","urlTemplate":"https:\/\/raubonys.lt\/?s={search_term_string}"},"query-input":{"@type":"PropertyValueSpecification","valueRequired":true,"valueName":"search_term_string"}}],"inLanguage":"en-GB"},{"@type":"Organization","@id":"https:\/\/raubonys.lt\/#organization","name":"Raubonys.lt","url":"https:\/\/raubonys.lt\/","logo":{"@type":"ImageObject","inLanguage":"en-GB","@id":"https:\/\/raubonys.lt\/#\/schema\/logo\/image\/","url":"https:\/\/raubonys.lt\/wp-content\/uploads\/2023\/10\/raubonys.lt_logo_black.png","contentUrl":"https:\/\/raubonys.lt\/wp-content\/uploads\/2023\/10\/raubonys.lt_logo_black.png","width":3508,"height":931,"caption":"Raubonys.lt"},"image":{"@id":"https:\/\/raubonys.lt\/#\/schema\/logo\/image\/"},"sameAs":["https:\/\/www.facebook.com\/raubonys\/"]}]}},"_links":{"self":[{"href":"https:\/\/raubonys.lt\/en\/wp-json\/wp\/v2\/pages\/1213","targetHints":{"allow":["GET"]}}],"collection":[{"href":"https:\/\/raubonys.lt\/en\/wp-json\/wp\/v2\/pages"}],"about":[{"href":"https:\/\/raubonys.lt\/en\/wp-json\/wp\/v2\/types\/page"}],"author":[{"embeddable":true,"href":"https:\/\/raubonys.lt\/en\/wp-json\/wp\/v2\/users\/1"}],"replies":[{"embeddable":true,"href":"https:\/\/raubonys.lt\/en\/wp-json\/wp\/v2\/comments?post=1213"}],"version-history":[{"count":0,"href":"https:\/\/raubonys.lt\/en\/wp-json\/wp\/v2\/pages\/1213\/revisions"}],"wp:attachment":[{"href":"https:\/\/raubonys.lt\/en\/wp-json\/wp\/v2\/media?parent=1213"}],"curies":[{"name":"wp","href":"https:\/\/api.w.org\/{rel}","templated":true}]}}