{"id":12829,"date":"2025-11-10T10:30:58","date_gmt":"2025-11-10T08:30:58","guid":{"rendered":"https:\/\/raubonys.lt\/?page_id=12829"},"modified":"2026-01-06T12:03:55","modified_gmt":"2026-01-06T10:03:55","slug":"naujienos","status":"publish","type":"page","link":"https:\/\/raubonys.lt\/en\/naujienos\/","title":{"rendered":"News"},"content":{"rendered":"<div data-elementor-type=\"wp-page\" data-elementor-id=\"12829\" class=\"elementor elementor-12829\">\n\t\t\t\t\t\t<section class=\"elementor-section elementor-top-section elementor-element elementor-element-9752ef0 elementor-section-boxed elementor-section-height-default elementor-section-height-default\" data-id=\"9752ef0\" data-element_type=\"section\" data-e-type=\"section\">\n\t\t\t\t\t\t<div class=\"elementor-container elementor-column-gap-default\">\n\t\t\t\t\t<div class=\"elementor-column elementor-col-100 elementor-top-column elementor-element elementor-element-59c8b54\" data-id=\"59c8b54\" data-element_type=\"column\" data-e-type=\"column\">\n\t\t\t<div class=\"elementor-widget-wrap elementor-element-populated\">\n\t\t\t\t\t\t<div class=\"elementor-element elementor-element-ab20769 elementor-widget elementor-widget-shortcode\" data-id=\"ab20769\" data-element_type=\"widget\" data-e-type=\"widget\" data-widget_type=\"shortcode.default\">\n\t\t\t\t<div class=\"elementor-widget-container\">\n\t\t\t\t\t\t\t<div class=\"elementor-shortcode\">\n            <div \n                class=\"elfsight-widget-facebook-feed elfsight-widget\" \n                data-elfsight-facebook-feed-options=\"%7B%22tokenType%22%3A%22page%22%2C%22userAccessToken%22%3A%22%22%2C%22userAccessTokenPagesScope%22%3A%22EAADQZAoJZBZBH0BP5AkwJTaxzJyl3GcqeFgR3CL3BxEqnXXHRuPu7LCRwHCoaCb2ZAvo8PrJxX187KImOeNgMn0h7SBfty9opGjQtSKMRX3CRymhlAFGEHEfVdmFxDLM1KAaDupBHnZBwe1fvsHN9v3WMBjEXRdTBJLu7bHcVjV3PtXocZAFuKw8bcBQdCiO86U8UyU5ZA2b4YlzJUY57swqbEflPOOTjly3wRUwi6IZBrFBWfNHUszKbuawxdoPKaIWZAiDwbeDUN1VE2tleLqd2oruzcRAEdCGNS6ljwLuVTNxe5QZDZD%22%2C%22source%22%3A%22https%3A%5C%2F%5C%2Fwww.facebook.com%5C%2Felfsight%22%2C%22page%22%3A%7B%22name%22%3A%22Rauboni%5Cu0173%20bendruomen%5Cu0117%20ir%20kult%5Cu016bros%20namai%22%2C%22value%22%3A%22305990696412524%22%2C%22link%22%3A%22https%3A%5C%2F%5C%2Fwww.facebook.com%5C%2F305990696412524%22%2C%22picture%22%3A%7B%22data%22%3A%7B%22height%22%3A50%2C%22is_silhouette%22%3Afalse%2C%22url%22%3A%22https%3A%5C%2F%5C%2Fscontent.fplq1-2.fna.fbcdn.net%5C%2Fv%5C%2Ft39.30808-1%5C%2F472712151_635507408825882_1943759020705154148_n.jpg%3Fstp%3Dcp0_dst-jpg_s50x50_tt6%26_nc_cat%3D104%26ccb%3D1-7%26_nc_sid%3Df907e8%26_nc_ohc%3DkqW7YJK4QXsQ7kNvwEzCZfR%26_nc_oc%3DAdllsitG6nbrwHPP1zv4EOQrOQ-sLA83x9CnqzlKaZM1W2oTixxXAjVl3Bs3pfoAGE8RwJ5tNwunccpOvw9phEhN%26_nc_zt%3D24%26_nc_ht%3Dscontent.fplq1-2.fna%26edm%3DAGaHXAAEAAAA%26_nc_gid%3DVbskeSrukrBBXhJXqRkiCg%26_nc_tpa%3DQ5bMBQFjE3silBfa5-zEOOJ5Ea6TylFe3ynAOP9eLNenpulThQXpEnbAoZz3x02IZqQdj1YHfm5IDQuc%26oh%3D00_AfgsebuHORpsOwi56DuBeoBHeTLrNXaRCIXzthvnekvbQA%26oe%3D6917628E%22%2C%22width%22%3A50%7D%7D%7D%2C%22pageAccessToken%22%3A%22EAADQZAoJZBZBH0BPyFgJaKpgZCaIklhX4gGgQ8B1sCmpA79T7KRIxearawZCHLfTduue39ptxJKHYI98uL9z5W9u2kHn736FwxhRfupNEdjm7IzLrKvBFdyBFmnoOuBnVZB7uguZCHIPvIG8IWRChYtqWPn71irj6ZCeobJIS1DuihIZCFwj7WXZC203ZC7eyNA854NcH10IRCYEJ248DCnHRQkZA7Ba%22%2C%22width%22%3A%22AUTO%22%2C%22height%22%3A%22AUTO%22%2C%22contentDivider%22%3Anull%2C%22headerVisible%22%3Atrue%2C%22headerParts%22%3A%5B%22cover%22%2C%22actions%22%2C%22picture%22%2C%22likesCount%22%5D%2C%22headerActions%22%3A%5B%7B%22type%22%3A%22like%22%7D%2C%7B%22type%22%3A%22share%22%7D%5D%2C%22menuVisible%22%3Atrue%2C%22contentPostsVisible%22%3Atrue%2C%22contentPostsParts%22%3A%5B%22author%22%2C%22likesCount%22%2C%22commentsCount%22%2C%22sharesCount%22%2C%22shareButton%22%5D%2C%22contentPostsLimit%22%3A0%2C%22contentPhotosVisible%22%3Atrue%2C%22contentAlbumsVisible%22%3Atrue%2C%22contentVideosVisible%22%3Atrue%2C%22contentVideosParts%22%3A%5B%22description%22%2C%22likesCount%22%2C%22commentsCount%22%5D%2C%22contentEventsVisible%22%3Afalse%2C%22contentPopupParts%22%3A%5B%22author%22%2C%22likesCount%22%2C%22shareButton%22%2C%22comments%22%5D%2C%22lang%22%3A%22lt%22%2C%22cacheTime%22%3A%223600%22%2C%22apiUrl%22%3A%22https%3A%5C%2F%5C%2Fraubonys.lt%5C%2Fen%5C%2Fwp-json%5C%2Felfsight-facebook-feed%5C%2Fapi%22%2C%22widgetId%22%3A%223%22%7D\" \n                data-elfsight-facebook-feed-version=\"1.15.0\"\n                data-elfsight-widget-id=\"elfsight-facebook-feed-3\">\n            <\/div>\n            <\/div>\n\t\t\t\t\t\t<\/div>\n\t\t\t\t<\/div>\n\t\t\t\t\t<\/div>\n\t\t<\/div>\n\t\t\t\t\t<\/div>\n\t\t<\/section>\n\t\t\t\t<section class=\"elementor-section elementor-top-section elementor-element elementor-element-e99aa74 elementor-section-full_width elementor-section-height-default elementor-section-height-default\" data-id=\"e99aa74\" data-element_type=\"section\" data-e-type=\"section\">\n\t\t\t\t\t\t<div class=\"elementor-container elementor-column-gap-default\">\n\t\t\t\t\t<div class=\"elementor-column elementor-col-100 elementor-top-column elementor-element elementor-element-09d0cfb\" data-id=\"09d0cfb\" data-element_type=\"column\" data-e-type=\"column\">\n\t\t\t<div class=\"elementor-widget-wrap elementor-element-populated\">\n\t\t\t\t\t\t<div class=\"elementor-element elementor-element-768a26c elementor-widget elementor-widget-image\" data-id=\"768a26c\" data-element_type=\"widget\" data-e-type=\"widget\" data-widget_type=\"image.default\">\n\t\t\t\t<div class=\"elementor-widget-container\">\n\t\t\t\t\t\t\t\t\t\t\t\t\t\t\t\t<a href=\"https:\/\/raubonys.lt\/en\/naujienos-irasai\/\">\n\t\t\t\t\t\t\t<img fetchpriority=\"high\" decoding=\"async\" width=\"1920\" height=\"150\" src=\"https:\/\/raubonys.lt\/wp-content\/uploads\/2026\/01\/DAUGIAU-NAUJIENU-siauras.gif\" class=\"attachment-full size-full wp-image-13114\" alt=\"\" \/>\t\t\t\t\t\t\t\t<\/a>\n\t\t\t\t\t\t\t\t\t\t\t\t\t\t\t<\/div>\n\t\t\t\t<\/div>\n\t\t\t\t\t<\/div>\n\t\t<\/div>\n\t\t\t\t\t<\/div>\n\t\t<\/section>\n\t\t\t\t<\/div>","protected":false},"excerpt":{"rendered":"","protected":false},"author":1,"featured_media":12258,"parent":0,"menu_order":0,"comment_status":"closed","ping_status":"closed","template":"elementor_header_footer","meta":{"cybocfi_hide_featured_image":"","footnotes":""},"class_list":["post-12829","page","type-page","status-publish","has-post-thumbnail","hentry"],"yoast_head":"<!-- This site is optimized with the Yoast SEO plugin v27.0 - https:\/\/yoast.com\/product\/yoast-seo-wordpress\/ -->\n<title>Naujienos - Rauboni\u0173 bendruomen\u0117 ir kult\u016bros namai<\/title>\n<meta name=\"robots\" content=\"index, follow, max-snippet:-1, max-image-preview:large, max-video-preview:-1\" \/>\n<link rel=\"canonical\" href=\"https:\/\/raubonys.lt\/en\/naujienos\/\" \/>\n<meta property=\"og:locale\" content=\"en_GB\" \/>\n<meta property=\"og:type\" content=\"article\" \/>\n<meta property=\"og:title\" content=\"Naujienos - Rauboni\u0173 bendruomen\u0117 ir kult\u016bros namai\" \/>\n<meta property=\"og:url\" content=\"https:\/\/raubonys.lt\/en\/naujienos\/\" \/>\n<meta property=\"og:site_name\" content=\"Rauboni\u0173 bendruomen\u0117 ir kult\u016bros namai\" \/>\n<meta property=\"article:publisher\" content=\"https:\/\/www.facebook.com\/raubonys\/\" \/>\n<meta property=\"article:modified_time\" content=\"2026-01-06T10:03:55+00:00\" \/>\n<meta property=\"og:image\" content=\"https:\/\/raubonys.lt\/wp-content\/uploads\/2025\/05\/bg_pradzia.png\" \/>\n\t<meta property=\"og:image:width\" content=\"1600\" \/>\n\t<meta property=\"og:image:height\" content=\"542\" \/>\n\t<meta property=\"og:image:type\" content=\"image\/png\" \/>\n<meta name=\"twitter:card\" content=\"summary_large_image\" \/>\n<meta name=\"twitter:label1\" content=\"Estimated reading time\" \/>\n\t<meta name=\"twitter:data1\" content=\"1 minute\" \/>\n<script type=\"application\/ld+json\" class=\"yoast-schema-graph\">{\"@context\":\"https:\/\/schema.org\",\"@graph\":[{\"@type\":\"WebPage\",\"@id\":\"https:\/\/raubonys.lt\/naujienos\/\",\"url\":\"https:\/\/raubonys.lt\/naujienos\/\",\"name\":\"Naujienos - Rauboni\u0173 bendruomen\u0117 ir kult\u016bros namai\",\"isPartOf\":{\"@id\":\"https:\/\/raubonys.lt\/#website\"},\"primaryImageOfPage\":{\"@id\":\"https:\/\/raubonys.lt\/naujienos\/#primaryimage\"},\"image\":{\"@id\":\"https:\/\/raubonys.lt\/naujienos\/#primaryimage\"},\"thumbnailUrl\":\"https:\/\/raubonys.lt\/wp-content\/uploads\/2025\/05\/bg_pradzia.png\",\"datePublished\":\"2025-11-10T08:30:58+00:00\",\"dateModified\":\"2026-01-06T10:03:55+00:00\",\"breadcrumb\":{\"@id\":\"https:\/\/raubonys.lt\/naujienos\/#breadcrumb\"},\"inLanguage\":\"en-GB\",\"potentialAction\":[{\"@type\":\"ReadAction\",\"target\":[\"https:\/\/raubonys.lt\/naujienos\/\"]}]},{\"@type\":\"ImageObject\",\"inLanguage\":\"en-GB\",\"@id\":\"https:\/\/raubonys.lt\/naujienos\/#primaryimage\",\"url\":\"https:\/\/raubonys.lt\/wp-content\/uploads\/2025\/05\/bg_pradzia.png\",\"contentUrl\":\"https:\/\/raubonys.lt\/wp-content\/uploads\/2025\/05\/bg_pradzia.png\",\"width\":1600,\"height\":542},{\"@type\":\"BreadcrumbList\",\"@id\":\"https:\/\/raubonys.lt\/naujienos\/#breadcrumb\",\"itemListElement\":[{\"@type\":\"ListItem\",\"position\":1,\"name\":\"Prad\u017eia\",\"item\":\"https:\/\/raubonys.lt\/\"},{\"@type\":\"ListItem\",\"position\":2,\"name\":\"Naujienos\"}]},{\"@type\":\"WebSite\",\"@id\":\"https:\/\/raubonys.lt\/#website\",\"url\":\"https:\/\/raubonys.lt\/\",\"name\":\"Rauboni\u0173 bendruomen\u0117 ir kult\u016bros namai\",\"description\":\"Raubonys.lt\",\"publisher\":{\"@id\":\"https:\/\/raubonys.lt\/#organization\"},\"alternateName\":\"Raubonys.lt\",\"potentialAction\":[{\"@type\":\"SearchAction\",\"target\":{\"@type\":\"EntryPoint\",\"urlTemplate\":\"https:\/\/raubonys.lt\/?s={search_term_string}\"},\"query-input\":{\"@type\":\"PropertyValueSpecification\",\"valueRequired\":true,\"valueName\":\"search_term_string\"}}],\"inLanguage\":\"en-GB\"},{\"@type\":\"Organization\",\"@id\":\"https:\/\/raubonys.lt\/#organization\",\"name\":\"Raubonys.lt\",\"url\":\"https:\/\/raubonys.lt\/\",\"logo\":{\"@type\":\"ImageObject\",\"inLanguage\":\"en-GB\",\"@id\":\"https:\/\/raubonys.lt\/#\/schema\/logo\/image\/\",\"url\":\"https:\/\/raubonys.lt\/wp-content\/uploads\/2023\/10\/raubonys.lt_logo_black.png\",\"contentUrl\":\"https:\/\/raubonys.lt\/wp-content\/uploads\/2023\/10\/raubonys.lt_logo_black.png\",\"width\":3508,\"height\":931,\"caption\":\"Raubonys.lt\"},\"image\":{\"@id\":\"https:\/\/raubonys.lt\/#\/schema\/logo\/image\/\"},\"sameAs\":[\"https:\/\/www.facebook.com\/raubonys\/\"]}]}<\/script>\n<!-- \/ Yoast SEO plugin. -->","yoast_head_json":{"title":"Naujienos - Rauboni\u0173 bendruomen\u0117 ir kult\u016bros namai","robots":{"index":"index","follow":"follow","max-snippet":"max-snippet:-1","max-image-preview":"max-image-preview:large","max-video-preview":"max-video-preview:-1"},"canonical":"https:\/\/raubonys.lt\/en\/naujienos\/","og_locale":"en_GB","og_type":"article","og_title":"Naujienos - Rauboni\u0173 bendruomen\u0117 ir kult\u016bros namai","og_url":"https:\/\/raubonys.lt\/en\/naujienos\/","og_site_name":"Rauboni\u0173 bendruomen\u0117 ir kult\u016bros namai","article_publisher":"https:\/\/www.facebook.com\/raubonys\/","article_modified_time":"2026-01-06T10:03:55+00:00","og_image":[{"width":1600,"height":542,"url":"https:\/\/raubonys.lt\/wp-content\/uploads\/2025\/05\/bg_pradzia.png","type":"image\/png"}],"twitter_card":"summary_large_image","twitter_misc":{"Estimated reading time":"1 minute"},"schema":{"@context":"https:\/\/schema.org","@graph":[{"@type":"WebPage","@id":"https:\/\/raubonys.lt\/naujienos\/","url":"https:\/\/raubonys.lt\/naujienos\/","name":"Naujienos - Rauboni\u0173 bendruomen\u0117 ir kult\u016bros namai","isPartOf":{"@id":"https:\/\/raubonys.lt\/#website"},"primaryImageOfPage":{"@id":"https:\/\/raubonys.lt\/naujienos\/#primaryimage"},"image":{"@id":"https:\/\/raubonys.lt\/naujienos\/#primaryimage"},"thumbnailUrl":"https:\/\/raubonys.lt\/wp-content\/uploads\/2025\/05\/bg_pradzia.png","datePublished":"2025-11-10T08:30:58+00:00","dateModified":"2026-01-06T10:03:55+00:00","breadcrumb":{"@id":"https:\/\/raubonys.lt\/naujienos\/#breadcrumb"},"inLanguage":"en-GB","potentialAction":[{"@type":"ReadAction","target":["https:\/\/raubonys.lt\/naujienos\/"]}]},{"@type":"ImageObject","inLanguage":"en-GB","@id":"https:\/\/raubonys.lt\/naujienos\/#primaryimage","url":"https:\/\/raubonys.lt\/wp-content\/uploads\/2025\/05\/bg_pradzia.png","contentUrl":"https:\/\/raubonys.lt\/wp-content\/uploads\/2025\/05\/bg_pradzia.png","width":1600,"height":542},{"@type":"BreadcrumbList","@id":"https:\/\/raubonys.lt\/naujienos\/#breadcrumb","itemListElement":[{"@type":"ListItem","position":1,"name":"Prad\u017eia","item":"https:\/\/raubonys.lt\/"},{"@type":"ListItem","position":2,"name":"Naujienos"}]},{"@type":"WebSite","@id":"https:\/\/raubonys.lt\/#website","url":"https:\/\/raubonys.lt\/","name":"Rauboni\u0173 bendruomen\u0117 ir kult\u016bros namai","description":"Raubonys.lt","publisher":{"@id":"https:\/\/raubonys.lt\/#organization"},"alternateName":"Raubonys.lt","potentialAction":[{"@type":"SearchAction","target":{"@type":"EntryPoint","urlTemplate":"https:\/\/raubonys.lt\/?s={search_term_string}"},"query-input":{"@type":"PropertyValueSpecification","valueRequired":true,"valueName":"search_term_string"}}],"inLanguage":"en-GB"},{"@type":"Organization","@id":"https:\/\/raubonys.lt\/#organization","name":"Raubonys.lt","url":"https:\/\/raubonys.lt\/","logo":{"@type":"ImageObject","inLanguage":"en-GB","@id":"https:\/\/raubonys.lt\/#\/schema\/logo\/image\/","url":"https:\/\/raubonys.lt\/wp-content\/uploads\/2023\/10\/raubonys.lt_logo_black.png","contentUrl":"https:\/\/raubonys.lt\/wp-content\/uploads\/2023\/10\/raubonys.lt_logo_black.png","width":3508,"height":931,"caption":"Raubonys.lt"},"image":{"@id":"https:\/\/raubonys.lt\/#\/schema\/logo\/image\/"},"sameAs":["https:\/\/www.facebook.com\/raubonys\/"]}]}},"_links":{"self":[{"href":"https:\/\/raubonys.lt\/en\/wp-json\/wp\/v2\/pages\/12829","targetHints":{"allow":["GET"]}}],"collection":[{"href":"https:\/\/raubonys.lt\/en\/wp-json\/wp\/v2\/pages"}],"about":[{"href":"https:\/\/raubonys.lt\/en\/wp-json\/wp\/v2\/types\/page"}],"author":[{"embeddable":true,"href":"https:\/\/raubonys.lt\/en\/wp-json\/wp\/v2\/users\/1"}],"replies":[{"embeddable":true,"href":"https:\/\/raubonys.lt\/en\/wp-json\/wp\/v2\/comments?post=12829"}],"version-history":[{"count":13,"href":"https:\/\/raubonys.lt\/en\/wp-json\/wp\/v2\/pages\/12829\/revisions"}],"predecessor-version":[{"id":13117,"href":"https:\/\/raubonys.lt\/en\/wp-json\/wp\/v2\/pages\/12829\/revisions\/13117"}],"wp:featuredmedia":[{"embeddable":true,"href":"https:\/\/raubonys.lt\/en\/wp-json\/wp\/v2\/media\/12258"}],"wp:attachment":[{"href":"https:\/\/raubonys.lt\/en\/wp-json\/wp\/v2\/media?parent=12829"}],"curies":[{"name":"wp","href":"https:\/\/api.w.org\/{rel}","templated":true}]}}