{"id":1447,"date":"2020-04-21T09:17:47","date_gmt":"2020-04-21T11:17:47","guid":{"rendered":"http:\/\/raubonys.lt\/?page_id=1447"},"modified":"2024-03-19T14:51:07","modified_gmt":"2024-03-19T12:51:07","slug":"rekordas","status":"publish","type":"page","link":"https:\/\/raubonys.lt\/en\/rekordas\/","title":{"rendered":"Rekordas &#8211; did\u017eiausios megztos kum\u0161tin\u0117s pir\u0161tin\u0117s"},"content":{"rendered":"<div data-elementor-type=\"wp-page\" data-elementor-id=\"1447\" class=\"elementor elementor-1447\">\n\t\t\t\t\t\t<section class=\"elementor-section elementor-top-section elementor-element elementor-element-3deeb78 elementor-section-boxed elementor-section-height-default elementor-section-height-default\" data-id=\"3deeb78\" data-element_type=\"section\" data-e-type=\"section\">\n\t\t\t\t\t\t<div class=\"elementor-container elementor-column-gap-default\">\n\t\t\t\t\t<div class=\"elementor-column elementor-col-50 elementor-top-column elementor-element elementor-element-8e9052e\" data-id=\"8e9052e\" data-element_type=\"column\" data-e-type=\"column\">\n\t\t\t<div class=\"elementor-widget-wrap elementor-element-populated\">\n\t\t\t\t\t\t<div class=\"elementor-element elementor-element-01b2d75 elementor-widget elementor-widget-text-editor\" data-id=\"01b2d75\" data-element_type=\"widget\" data-e-type=\"widget\" data-widget_type=\"text-editor.default\">\n\t\t\t\t<div class=\"elementor-widget-container\">\n\t\t\t\t\t\t\t\t\t<p><strong>Did\u017eiausios megztos kum\u0161tin\u0117s pir\u0161tin\u0117s<\/strong>\u00a0\u2013 1,65 m ilgio, 55 cm plo\u010dio \u2013 numegztos Rauboni\u0173 k. (Pasvalio r.) bendruomen\u0117s septyni\u0173 moter\u0173 amat\u0173 festivalio \u201eVilnon\u0117s dienos\u201c ir Pasvalio miesto \u0161vent\u0117s metu 2016 m. rugs\u0117jo 10\u201317 d.<\/p>\n<p>Mes mezg\u0117me, mezg\u0117me ir pagaliau numezg\u0117me!<br \/>Vis\u0105 Pasvalio miesto \u0161vent\u0117s dien\u0105 \u012ftemptai steng\u0117m\u0117s pabaigti pir\u0161tines, kurias prad\u0117jome megzti II-ojo amat\u0173 festivalio \u201eVilnon\u0117s dienos\u201c metu. Jos tokios did\u017eiul\u0117s, kad vos susp\u0117jome pabaigti Pasvalio miesto \u0161vent\u0117s metu. Joms numegzti prireik\u0117 net 20 valand\u0173! Amat\u0173 festivalio \u201eVilnon\u0117s dienos\u201c metu mezg\u0117me 12 val., o Pasvalio miesto \u0161vent\u0117s metu mezg\u0117me 8 val. T\u0105 pa\u010di\u0105 dien\u0105 rekordin\u0117s pir\u0161tin\u0117s buvo pristatytos visuomenei. Daugiausiai pasi\u016blym\u0173 buvo jas naudoti kaip miegmai\u0161ius, ar kaip paltus. Bi\u010diuliai norvegai juokavo, kad jas ne\u0161ios troliai, bet grei\u010diausiai jos tarnaus fotosesijoms. Labai smagu, kad i\u0161dr\u012fsome ir padar\u0117me!<\/p>\n<p>Daugiau informacijos rasite \u2013 <a href=\"https:\/\/rekordai.lt\/rekordai\/didziausios-megztos-kumstines-pirstines\/\" target=\"_blank\" rel=\"noopener\">http:\/\/www.rekordai.lt<\/a><\/p>\t\t\t\t\t\t\t\t<\/div>\n\t\t\t\t<\/div>\n\t\t\t\t\t<\/div>\n\t\t<\/div>\n\t\t\t\t<div class=\"elementor-column elementor-col-50 elementor-top-column elementor-element elementor-element-67e9959\" data-id=\"67e9959\" data-element_type=\"column\" data-e-type=\"column\">\n\t\t\t<div class=\"elementor-widget-wrap elementor-element-populated\">\n\t\t\t\t\t\t<div class=\"elementor-element elementor-element-2469c0e elementor-widget__width-initial elementor-widget elementor-widget-image\" data-id=\"2469c0e\" data-element_type=\"widget\" data-e-type=\"widget\" data-widget_type=\"image.default\">\n\t\t\t\t<div class=\"elementor-widget-container\">\n\t\t\t\t\t\t\t\t\t\t\t\t\t\t\t<img fetchpriority=\"high\" decoding=\"async\" width=\"1795\" height=\"2560\" src=\"https:\/\/raubonys.lt\/wp-content\/uploads\/2023\/10\/Did-pirstines-scaled.jpg\" class=\"attachment-full size-full wp-image-8162\" alt=\"\" srcset=\"https:\/\/raubonys.lt\/wp-content\/uploads\/2023\/10\/Did-pirstines-scaled.jpg 1795w, https:\/\/raubonys.lt\/wp-content\/uploads\/2023\/10\/Did-pirstines-210x300.jpg 210w, https:\/\/raubonys.lt\/wp-content\/uploads\/2023\/10\/Did-pirstines-718x1024.jpg 718w, https:\/\/raubonys.lt\/wp-content\/uploads\/2023\/10\/Did-pirstines-768x1095.jpg 768w, https:\/\/raubonys.lt\/wp-content\/uploads\/2023\/10\/Did-pirstines-1077x1536.jpg 1077w, https:\/\/raubonys.lt\/wp-content\/uploads\/2023\/10\/Did-pirstines-1436x2048.jpg 1436w, https:\/\/raubonys.lt\/wp-content\/uploads\/2023\/10\/Did-pirstines-421x600.jpg 421w, https:\/\/raubonys.lt\/wp-content\/uploads\/2023\/10\/Did-pirstines-393x560.jpg 393w\" sizes=\"(max-width: 1795px) 100vw, 1795px\" \/>\t\t\t\t\t\t\t\t\t\t\t\t\t\t\t<\/div>\n\t\t\t\t<\/div>\n\t\t\t\t\t<\/div>\n\t\t<\/div>\n\t\t\t\t\t<\/div>\n\t\t<\/section>\n\t\t\t\t<section class=\"elementor-section elementor-top-section elementor-element elementor-element-0f9f595 elementor-section-boxed elementor-section-height-default elementor-section-height-default\" data-id=\"0f9f595\" data-element_type=\"section\" data-e-type=\"section\">\n\t\t\t\t\t\t<div class=\"elementor-container elementor-column-gap-default\">\n\t\t\t\t\t<div class=\"elementor-column elementor-col-100 elementor-top-column elementor-element elementor-element-42dd67a\" data-id=\"42dd67a\" data-element_type=\"column\" data-e-type=\"column\">\n\t\t\t<div class=\"elementor-widget-wrap elementor-element-populated\">\n\t\t\t\t\t\t<div class=\"elementor-element elementor-element-642012f elementor-widget elementor-widget-heading\" data-id=\"642012f\" data-element_type=\"widget\" data-e-type=\"widget\" data-widget_type=\"heading.default\">\n\t\t\t\t<div class=\"elementor-widget-container\">\n\t\t\t\t\t<h4 class=\"elementor-heading-title elementor-size-default\">Photo gallery:<\/h4>\t\t\t\t<\/div>\n\t\t\t\t<\/div>\n\t\t\t\t\t<\/div>\n\t\t<\/div>\n\t\t\t\t\t<\/div>\n\t\t<\/section>\n\t\t\t\t<\/div>","protected":false},"excerpt":{"rendered":"<p>Did\u017eiausios megztos kum\u0161tin\u0117s pir\u0161tin\u0117s\u00a0\u2013 1,65 m ilgio, 55 cm plo\u010dio \u2013 numegztos Rauboni\u0173 k. (Pasvalio r.) bendruomen\u0117s septyni\u0173 moter\u0173 amat\u0173 festivalio \u201eVilnon\u0117s dienos\u201c ir Pasvalio miesto \u0161vent\u0117s metu 2016 m. rugs\u0117jo 10\u201317 d. Mes mezg\u0117me, mezg\u0117me ir pagaliau numezg\u0117me!Vis\u0105 Pasvalio miesto \u0161vent\u0117s dien\u0105 \u012ftemptai steng\u0117m\u0117s pabaigti pir\u0161tines, kurias prad\u0117jome megzti II-ojo amat\u0173 festivalio \u201eVilnon\u0117s dienos\u201c [&hellip;]<\/p>\n","protected":false},"author":1,"featured_media":10440,"parent":0,"menu_order":0,"comment_status":"closed","ping_status":"closed","template":"elementor_header_footer","meta":{"cybocfi_hide_featured_image":"","footnotes":""},"class_list":["post-1447","page","type-page","status-publish","has-post-thumbnail","hentry"],"yoast_head":"<!-- This site is optimized with the Yoast SEO plugin v27.0 - https:\/\/yoast.com\/product\/yoast-seo-wordpress\/ -->\n<title>Rekordas - did\u017eiausios megztos kum\u0161tin\u0117s pir\u0161tin\u0117s - Rauboni\u0173 bendruomen\u0117 ir kult\u016bros namai<\/title>\n<meta name=\"description\" content=\"Did\u017eiausios megztos kum\u0161tin\u0117s pir\u0161tin\u0117s \u2013 1,65 m ilgio, 55 cm plo\u010dio \u2013 numegztos Rauboni\u0173 k. (Pasvalio r.) bendruomen\u0117s septyni\u0173 moter\u0173 amat\u0173 festivalio \u201eVilnon\u0117s dienos\u201c ir Pasvalio miesto \u0161vent\u0117s metu 2016 m. rugs\u0117jo 10\u201317 d.\" \/>\n<meta name=\"robots\" content=\"index, follow, max-snippet:-1, max-image-preview:large, max-video-preview:-1\" \/>\n<link rel=\"canonical\" href=\"https:\/\/raubonys.lt\/en\/rekordas\/\" \/>\n<meta property=\"og:locale\" content=\"en_GB\" \/>\n<meta property=\"og:type\" content=\"article\" \/>\n<meta property=\"og:title\" content=\"Rekordas - did\u017eiausios megztos kum\u0161tin\u0117s pir\u0161tin\u0117s - Rauboni\u0173 bendruomen\u0117 ir kult\u016bros namai\" \/>\n<meta property=\"og:description\" content=\"Did\u017eiausios megztos kum\u0161tin\u0117s pir\u0161tin\u0117s \u2013 1,65 m ilgio, 55 cm plo\u010dio \u2013 numegztos Rauboni\u0173 k. (Pasvalio r.) bendruomen\u0117s septyni\u0173 moter\u0173 amat\u0173 festivalio \u201eVilnon\u0117s dienos\u201c ir Pasvalio miesto \u0161vent\u0117s metu 2016 m. rugs\u0117jo 10\u201317 d.\" \/>\n<meta property=\"og:url\" content=\"https:\/\/raubonys.lt\/en\/rekordas\/\" \/>\n<meta property=\"og:site_name\" content=\"Rauboni\u0173 bendruomen\u0117 ir kult\u016bros namai\" \/>\n<meta property=\"article:publisher\" content=\"https:\/\/www.facebook.com\/raubonys\/\" \/>\n<meta property=\"article:modified_time\" content=\"2024-03-19T12:51:07+00:00\" \/>\n<meta property=\"og:image\" content=\"https:\/\/raubonys.lt\/wp-content\/uploads\/2020\/07\/DSC06422-scaled.jpg\" \/>\n\t<meta property=\"og:image:width\" content=\"2560\" \/>\n\t<meta property=\"og:image:height\" content=\"1440\" \/>\n\t<meta property=\"og:image:type\" content=\"image\/jpeg\" \/>\n<meta name=\"twitter:card\" content=\"summary_large_image\" \/>\n<meta name=\"twitter:label1\" content=\"Estimated reading time\" \/>\n\t<meta name=\"twitter:data1\" content=\"1 minute\" \/>\n<script type=\"application\/ld+json\" class=\"yoast-schema-graph\">{\"@context\":\"https:\/\/schema.org\",\"@graph\":[{\"@type\":\"WebPage\",\"@id\":\"https:\/\/raubonys.lt\/rekordas\/\",\"url\":\"https:\/\/raubonys.lt\/rekordas\/\",\"name\":\"Rekordas - did\u017eiausios megztos kum\u0161tin\u0117s pir\u0161tin\u0117s - Rauboni\u0173 bendruomen\u0117 ir kult\u016bros namai\",\"isPartOf\":{\"@id\":\"https:\/\/raubonys.lt\/#website\"},\"primaryImageOfPage\":{\"@id\":\"https:\/\/raubonys.lt\/rekordas\/#primaryimage\"},\"image\":{\"@id\":\"https:\/\/raubonys.lt\/rekordas\/#primaryimage\"},\"thumbnailUrl\":\"https:\/\/raubonys.lt\/wp-content\/uploads\/2020\/07\/DSC06422-scaled.jpg\",\"datePublished\":\"2020-04-21T11:17:47+00:00\",\"dateModified\":\"2024-03-19T12:51:07+00:00\",\"description\":\"Did\u017eiausios megztos kum\u0161tin\u0117s pir\u0161tin\u0117s \u2013 1,65 m ilgio, 55 cm plo\u010dio \u2013 numegztos Rauboni\u0173 k. (Pasvalio r.) bendruomen\u0117s septyni\u0173 moter\u0173 amat\u0173 festivalio \u201eVilnon\u0117s dienos\u201c ir Pasvalio miesto \u0161vent\u0117s metu 2016 m. rugs\u0117jo 10\u201317 d.\",\"breadcrumb\":{\"@id\":\"https:\/\/raubonys.lt\/rekordas\/#breadcrumb\"},\"inLanguage\":\"en-GB\",\"potentialAction\":[{\"@type\":\"ReadAction\",\"target\":[\"https:\/\/raubonys.lt\/rekordas\/\"]}]},{\"@type\":\"ImageObject\",\"inLanguage\":\"en-GB\",\"@id\":\"https:\/\/raubonys.lt\/rekordas\/#primaryimage\",\"url\":\"https:\/\/raubonys.lt\/wp-content\/uploads\/2020\/07\/DSC06422-scaled.jpg\",\"contentUrl\":\"https:\/\/raubonys.lt\/wp-content\/uploads\/2020\/07\/DSC06422-scaled.jpg\",\"width\":2560,\"height\":1440},{\"@type\":\"BreadcrumbList\",\"@id\":\"https:\/\/raubonys.lt\/rekordas\/#breadcrumb\",\"itemListElement\":[{\"@type\":\"ListItem\",\"position\":1,\"name\":\"Prad\u017eia\",\"item\":\"https:\/\/raubonys.lt\/\"},{\"@type\":\"ListItem\",\"position\":2,\"name\":\"Rekordas &#8211; did\u017eiausios megztos kum\u0161tin\u0117s pir\u0161tin\u0117s\"}]},{\"@type\":\"WebSite\",\"@id\":\"https:\/\/raubonys.lt\/#website\",\"url\":\"https:\/\/raubonys.lt\/\",\"name\":\"Rauboni\u0173 bendruomen\u0117 ir kult\u016bros namai\",\"description\":\"Raubonys.lt\",\"publisher\":{\"@id\":\"https:\/\/raubonys.lt\/#organization\"},\"alternateName\":\"Raubonys.lt\",\"potentialAction\":[{\"@type\":\"SearchAction\",\"target\":{\"@type\":\"EntryPoint\",\"urlTemplate\":\"https:\/\/raubonys.lt\/?s={search_term_string}\"},\"query-input\":{\"@type\":\"PropertyValueSpecification\",\"valueRequired\":true,\"valueName\":\"search_term_string\"}}],\"inLanguage\":\"en-GB\"},{\"@type\":\"Organization\",\"@id\":\"https:\/\/raubonys.lt\/#organization\",\"name\":\"Raubonys.lt\",\"url\":\"https:\/\/raubonys.lt\/\",\"logo\":{\"@type\":\"ImageObject\",\"inLanguage\":\"en-GB\",\"@id\":\"https:\/\/raubonys.lt\/#\/schema\/logo\/image\/\",\"url\":\"https:\/\/raubonys.lt\/wp-content\/uploads\/2023\/10\/raubonys.lt_logo_black.png\",\"contentUrl\":\"https:\/\/raubonys.lt\/wp-content\/uploads\/2023\/10\/raubonys.lt_logo_black.png\",\"width\":3508,\"height\":931,\"caption\":\"Raubonys.lt\"},\"image\":{\"@id\":\"https:\/\/raubonys.lt\/#\/schema\/logo\/image\/\"},\"sameAs\":[\"https:\/\/www.facebook.com\/raubonys\/\"]}]}<\/script>\n<!-- \/ Yoast SEO plugin. -->","yoast_head_json":{"title":"Rekordas - did\u017eiausios megztos kum\u0161tin\u0117s pir\u0161tin\u0117s - Rauboni\u0173 bendruomen\u0117 ir kult\u016bros namai","description":"Did\u017eiausios megztos kum\u0161tin\u0117s pir\u0161tin\u0117s \u2013 1,65 m ilgio, 55 cm plo\u010dio \u2013 numegztos Rauboni\u0173 k. (Pasvalio r.) bendruomen\u0117s septyni\u0173 moter\u0173 amat\u0173 festivalio \u201eVilnon\u0117s dienos\u201c ir Pasvalio miesto \u0161vent\u0117s metu 2016 m. rugs\u0117jo 10\u201317 d.","robots":{"index":"index","follow":"follow","max-snippet":"max-snippet:-1","max-image-preview":"max-image-preview:large","max-video-preview":"max-video-preview:-1"},"canonical":"https:\/\/raubonys.lt\/en\/rekordas\/","og_locale":"en_GB","og_type":"article","og_title":"Rekordas - did\u017eiausios megztos kum\u0161tin\u0117s pir\u0161tin\u0117s - Rauboni\u0173 bendruomen\u0117 ir kult\u016bros namai","og_description":"Did\u017eiausios megztos kum\u0161tin\u0117s pir\u0161tin\u0117s \u2013 1,65 m ilgio, 55 cm plo\u010dio \u2013 numegztos Rauboni\u0173 k. (Pasvalio r.) bendruomen\u0117s septyni\u0173 moter\u0173 amat\u0173 festivalio \u201eVilnon\u0117s dienos\u201c ir Pasvalio miesto \u0161vent\u0117s metu 2016 m. rugs\u0117jo 10\u201317 d.","og_url":"https:\/\/raubonys.lt\/en\/rekordas\/","og_site_name":"Rauboni\u0173 bendruomen\u0117 ir kult\u016bros namai","article_publisher":"https:\/\/www.facebook.com\/raubonys\/","article_modified_time":"2024-03-19T12:51:07+00:00","og_image":[{"width":2560,"height":1440,"url":"https:\/\/raubonys.lt\/wp-content\/uploads\/2020\/07\/DSC06422-scaled.jpg","type":"image\/jpeg"}],"twitter_card":"summary_large_image","twitter_misc":{"Estimated reading time":"1 minute"},"schema":{"@context":"https:\/\/schema.org","@graph":[{"@type":"WebPage","@id":"https:\/\/raubonys.lt\/rekordas\/","url":"https:\/\/raubonys.lt\/rekordas\/","name":"Rekordas - did\u017eiausios megztos kum\u0161tin\u0117s pir\u0161tin\u0117s - Rauboni\u0173 bendruomen\u0117 ir kult\u016bros namai","isPartOf":{"@id":"https:\/\/raubonys.lt\/#website"},"primaryImageOfPage":{"@id":"https:\/\/raubonys.lt\/rekordas\/#primaryimage"},"image":{"@id":"https:\/\/raubonys.lt\/rekordas\/#primaryimage"},"thumbnailUrl":"https:\/\/raubonys.lt\/wp-content\/uploads\/2020\/07\/DSC06422-scaled.jpg","datePublished":"2020-04-21T11:17:47+00:00","dateModified":"2024-03-19T12:51:07+00:00","description":"Did\u017eiausios megztos kum\u0161tin\u0117s pir\u0161tin\u0117s \u2013 1,65 m ilgio, 55 cm plo\u010dio \u2013 numegztos Rauboni\u0173 k. (Pasvalio r.) bendruomen\u0117s septyni\u0173 moter\u0173 amat\u0173 festivalio \u201eVilnon\u0117s dienos\u201c ir Pasvalio miesto \u0161vent\u0117s metu 2016 m. rugs\u0117jo 10\u201317 d.","breadcrumb":{"@id":"https:\/\/raubonys.lt\/rekordas\/#breadcrumb"},"inLanguage":"en-GB","potentialAction":[{"@type":"ReadAction","target":["https:\/\/raubonys.lt\/rekordas\/"]}]},{"@type":"ImageObject","inLanguage":"en-GB","@id":"https:\/\/raubonys.lt\/rekordas\/#primaryimage","url":"https:\/\/raubonys.lt\/wp-content\/uploads\/2020\/07\/DSC06422-scaled.jpg","contentUrl":"https:\/\/raubonys.lt\/wp-content\/uploads\/2020\/07\/DSC06422-scaled.jpg","width":2560,"height":1440},{"@type":"BreadcrumbList","@id":"https:\/\/raubonys.lt\/rekordas\/#breadcrumb","itemListElement":[{"@type":"ListItem","position":1,"name":"Prad\u017eia","item":"https:\/\/raubonys.lt\/"},{"@type":"ListItem","position":2,"name":"Rekordas &#8211; did\u017eiausios megztos kum\u0161tin\u0117s pir\u0161tin\u0117s"}]},{"@type":"WebSite","@id":"https:\/\/raubonys.lt\/#website","url":"https:\/\/raubonys.lt\/","name":"Rauboni\u0173 bendruomen\u0117 ir kult\u016bros namai","description":"Raubonys.lt","publisher":{"@id":"https:\/\/raubonys.lt\/#organization"},"alternateName":"Raubonys.lt","potentialAction":[{"@type":"SearchAction","target":{"@type":"EntryPoint","urlTemplate":"https:\/\/raubonys.lt\/?s={search_term_string}"},"query-input":{"@type":"PropertyValueSpecification","valueRequired":true,"valueName":"search_term_string"}}],"inLanguage":"en-GB"},{"@type":"Organization","@id":"https:\/\/raubonys.lt\/#organization","name":"Raubonys.lt","url":"https:\/\/raubonys.lt\/","logo":{"@type":"ImageObject","inLanguage":"en-GB","@id":"https:\/\/raubonys.lt\/#\/schema\/logo\/image\/","url":"https:\/\/raubonys.lt\/wp-content\/uploads\/2023\/10\/raubonys.lt_logo_black.png","contentUrl":"https:\/\/raubonys.lt\/wp-content\/uploads\/2023\/10\/raubonys.lt_logo_black.png","width":3508,"height":931,"caption":"Raubonys.lt"},"image":{"@id":"https:\/\/raubonys.lt\/#\/schema\/logo\/image\/"},"sameAs":["https:\/\/www.facebook.com\/raubonys\/"]}]}},"_links":{"self":[{"href":"https:\/\/raubonys.lt\/en\/wp-json\/wp\/v2\/pages\/1447","targetHints":{"allow":["GET"]}}],"collection":[{"href":"https:\/\/raubonys.lt\/en\/wp-json\/wp\/v2\/pages"}],"about":[{"href":"https:\/\/raubonys.lt\/en\/wp-json\/wp\/v2\/types\/page"}],"author":[{"embeddable":true,"href":"https:\/\/raubonys.lt\/en\/wp-json\/wp\/v2\/users\/1"}],"replies":[{"embeddable":true,"href":"https:\/\/raubonys.lt\/en\/wp-json\/wp\/v2\/comments?post=1447"}],"version-history":[{"count":0,"href":"https:\/\/raubonys.lt\/en\/wp-json\/wp\/v2\/pages\/1447\/revisions"}],"wp:featuredmedia":[{"embeddable":true,"href":"https:\/\/raubonys.lt\/en\/wp-json\/wp\/v2\/media\/10440"}],"wp:attachment":[{"href":"https:\/\/raubonys.lt\/en\/wp-json\/wp\/v2\/media?parent=1447"}],"curies":[{"name":"wp","href":"https:\/\/api.w.org\/{rel}","templated":true}]}}