{"id":1792,"date":"2020-08-19T15:15:11","date_gmt":"2020-08-19T15:15:11","guid":{"rendered":"http:\/\/raubonys.lt\/?page_id=1792"},"modified":"2023-11-09T11:12:35","modified_gmt":"2023-11-09T09:12:35","slug":"bendruomenes-renginiai-2020","status":"publish","type":"page","link":"https:\/\/raubonys.lt\/en\/bendruomenes-renginiai-2020\/","title":{"rendered":"Bendruomen\u0117s renginiai | 2020 m."},"content":{"rendered":"<div data-elementor-type=\"wp-page\" data-elementor-id=\"1792\" class=\"elementor elementor-1792\">\n\t\t\t\t\t\t<section class=\"elementor-section elementor-top-section elementor-element elementor-element-541fec0 elementor-section-boxed elementor-section-height-default elementor-section-height-default\" data-id=\"541fec0\" data-element_type=\"section\" data-e-type=\"section\">\n\t\t\t\t\t\t<div class=\"elementor-container elementor-column-gap-default\">\n\t\t\t\t\t<div class=\"elementor-column elementor-col-100 elementor-top-column elementor-element elementor-element-7e91892a\" data-id=\"7e91892a\" data-element_type=\"column\" data-e-type=\"column\">\n\t\t\t<div class=\"elementor-widget-wrap elementor-element-populated\">\n\t\t\t\t\t\t<div class=\"elementor-element elementor-element-35d31411 elementor-widget elementor-widget-text-editor\" data-id=\"35d31411\" data-element_type=\"widget\" data-e-type=\"widget\" data-widget_type=\"text-editor.default\">\n\t\t\t\t<div class=\"elementor-widget-container\">\n\t\t\t\t\t\t\t\t\t\n<p>Rugs\u0117jo 19 dien\u0105, tradicinius ,,Rauboni\u0173 bendruomen\u0117s v\u0117rti\u00ebnius\u201d vir\u0117me Pasvalio miesto \u0161vent\u0117je! <img decoding=\"async\" height=\"16\" width=\"16\" alt=\"\ud83d\ude42\" src=\"https:\/\/static.xx.fbcdn.net\/images\/emoji.php\/v9\/ta5\/1.5\/16\/1f642.png\"><\/p>\n\n\n\n<figure class=\"wp-block-image size-full\"><img fetchpriority=\"high\" decoding=\"async\" width=\"960\" height=\"720\" src=\"https:\/\/raubonys.lt\/wp-content\/uploads\/2023\/11\/120004563_1265083080503276_7379066398026978457_n.webp\" alt=\"\" class=\"wp-image-9875\" srcset=\"https:\/\/raubonys.lt\/wp-content\/uploads\/2023\/11\/120004563_1265083080503276_7379066398026978457_n.webp 960w, https:\/\/raubonys.lt\/wp-content\/uploads\/2023\/11\/120004563_1265083080503276_7379066398026978457_n-300x225.webp 300w, https:\/\/raubonys.lt\/wp-content\/uploads\/2023\/11\/120004563_1265083080503276_7379066398026978457_n-768x576.webp 768w, https:\/\/raubonys.lt\/wp-content\/uploads\/2023\/11\/120004563_1265083080503276_7379066398026978457_n-350x263.webp 350w, https:\/\/raubonys.lt\/wp-content\/uploads\/2023\/11\/120004563_1265083080503276_7379066398026978457_n-370x278.webp 370w, https:\/\/raubonys.lt\/wp-content\/uploads\/2023\/11\/120004563_1265083080503276_7379066398026978457_n-255x191.webp 255w, https:\/\/raubonys.lt\/wp-content\/uploads\/2023\/11\/120004563_1265083080503276_7379066398026978457_n-285x214.webp 285w, https:\/\/raubonys.lt\/wp-content\/uploads\/2023\/11\/120004563_1265083080503276_7379066398026978457_n-600x450.webp 600w, https:\/\/raubonys.lt\/wp-content\/uploads\/2023\/11\/120004563_1265083080503276_7379066398026978457_n-560x420.webp 560w\" sizes=\"(max-width: 960px) 100vw, 960px\" \/><\/figure>\n\n\n\n<hr class=\"wp-block-separator has-css-opacity is-style-dots\"\/>\n\n\n\n<p>Rugs\u0117jo 12 dien\u0105, Rauboni\u0173 bendruomen\u0117s moterys paplu\u0161\u0117jo i\u0161 peties. Tradiciniu kulinariniu paveldu vai\u0161ino &#8222;Sutarj\u0117los&#8221; dalyvius. <\/p>\n\n\n\n<figure class=\"wp-block-gallery has-nested-images columns-default is-cropped wp-block-gallery-3 is-layout-flex wp-block-gallery-is-layout-flex\">\n<figure class=\"wp-block-image size-large\"><img decoding=\"async\" width=\"1024\" height=\"461\" data-id=\"9874\" src=\"https:\/\/raubonys.lt\/wp-content\/uploads\/2023\/11\/119171208_1258676624477255_500504564411403494_o-1024x461.webp\" alt=\"\" class=\"wp-image-9874\" srcset=\"https:\/\/raubonys.lt\/wp-content\/uploads\/2023\/11\/119171208_1258676624477255_500504564411403494_o-1024x461.webp 1024w, https:\/\/raubonys.lt\/wp-content\/uploads\/2023\/11\/119171208_1258676624477255_500504564411403494_o-300x135.webp 300w, https:\/\/raubonys.lt\/wp-content\/uploads\/2023\/11\/119171208_1258676624477255_500504564411403494_o-768x346.webp 768w, https:\/\/raubonys.lt\/wp-content\/uploads\/2023\/11\/119171208_1258676624477255_500504564411403494_o-350x158.webp 350w, https:\/\/raubonys.lt\/wp-content\/uploads\/2023\/11\/119171208_1258676624477255_500504564411403494_o-370x167.webp 370w, https:\/\/raubonys.lt\/wp-content\/uploads\/2023\/11\/119171208_1258676624477255_500504564411403494_o-255x115.webp 255w, https:\/\/raubonys.lt\/wp-content\/uploads\/2023\/11\/119171208_1258676624477255_500504564411403494_o-285x128.webp 285w, https:\/\/raubonys.lt\/wp-content\/uploads\/2023\/11\/119171208_1258676624477255_500504564411403494_o-600x270.webp 600w, https:\/\/raubonys.lt\/wp-content\/uploads\/2023\/11\/119171208_1258676624477255_500504564411403494_o-560x252.webp 560w, https:\/\/raubonys.lt\/wp-content\/uploads\/2023\/11\/119171208_1258676624477255_500504564411403494_o.webp 1422w\" sizes=\"(max-width: 1024px) 100vw, 1024px\" \/><\/figure>\n<\/figure>\n\n\n\n<hr class=\"wp-block-separator has-css-opacity is-style-dots\"\/>\n\n\n\n<p>Rugpj\u016b\u010dio 22 dien\u0105, tradicini\u0173 ,,Rauboni\u0173 v\u0117rtieni\u0173\u201d gal\u0117jote paragauti muzikos ir poezijos vakare VASARAI SUDIE, Dauj\u0117nuose.<\/p>\n\n\n\n<figure class=\"wp-block-gallery has-nested-images columns-default is-cropped wp-block-gallery-4 is-layout-flex wp-block-gallery-is-layout-flex\">\n<figure class=\"wp-block-image size-full\"><img loading=\"lazy\" decoding=\"async\" width=\"960\" height=\"720\" data-id=\"9873\" src=\"https:\/\/raubonys.lt\/wp-content\/uploads\/2023\/11\/118247449_1240122779665973_7845688689658596211_n.webp\" alt=\"\" class=\"wp-image-9873\" srcset=\"https:\/\/raubonys.lt\/wp-content\/uploads\/2023\/11\/118247449_1240122779665973_7845688689658596211_n.webp 960w, https:\/\/raubonys.lt\/wp-content\/uploads\/2023\/11\/118247449_1240122779665973_7845688689658596211_n-300x225.webp 300w, https:\/\/raubonys.lt\/wp-content\/uploads\/2023\/11\/118247449_1240122779665973_7845688689658596211_n-768x576.webp 768w, https:\/\/raubonys.lt\/wp-content\/uploads\/2023\/11\/118247449_1240122779665973_7845688689658596211_n-350x263.webp 350w, https:\/\/raubonys.lt\/wp-content\/uploads\/2023\/11\/118247449_1240122779665973_7845688689658596211_n-370x278.webp 370w, https:\/\/raubonys.lt\/wp-content\/uploads\/2023\/11\/118247449_1240122779665973_7845688689658596211_n-255x191.webp 255w, https:\/\/raubonys.lt\/wp-content\/uploads\/2023\/11\/118247449_1240122779665973_7845688689658596211_n-285x214.webp 285w, https:\/\/raubonys.lt\/wp-content\/uploads\/2023\/11\/118247449_1240122779665973_7845688689658596211_n-600x450.webp 600w, https:\/\/raubonys.lt\/wp-content\/uploads\/2023\/11\/118247449_1240122779665973_7845688689658596211_n-560x420.webp 560w\" sizes=\"(max-width: 960px) 100vw, 960px\" \/><\/figure>\n<\/figure>\n\n\n\n<hr class=\"wp-block-separator has-css-opacity is-style-dots\"\/>\n\n\n\n<p>Rugpj\u016b\u010dio 15 dien\u0105, susitikome \u017dolin\u0117se Nami\u0161iuose, puikioje bendryst\u0117s \u0161vent\u0117je, kur Pasvalio kra\u0161to kulinarinio paveldo projektas \u012fgavo pagreit\u012f&nbsp;\ud83d\ude0a. \u0160auniosios gaspadin\u0117s ir vir\u0117jai nebodami kaitros, kep\u0117, vir\u0117, \u010dir\u0161kino, net visiems praeiviams seil\u0117s tyso&nbsp;\ud83e\udd24. Kiekvienas gal\u0117jo paragauti \u012fvairiausi\u0173 skan\u0117st\u0173 ir so\u010diai prisikim\u0161ti pilvukus&nbsp;\ud83e\uddd6\u200d\u2640\ufe0f\ud83e\uddd6. A\u010di\u016b organizatoriams u\u017e puik\u0173 visko sustygavim\u0105, nuostabi\u0105 \u0161vent\u0119, kaimynams &#8211; u\u017e draugyst\u0119, valgytojams u\u017e ger\u0105 apetit\u0105&nbsp;\u263a\ufe0f<br>B\u016bkit visi sveiki, sot\u016bs, laimingi! Gra\u017eios ir \u0161iltos vasaros pabaigos!<\/p>\n\n\n\n<figure class=\"wp-block-image size-full\"><img loading=\"lazy\" decoding=\"async\" width=\"959\" height=\"540\" src=\"https:\/\/raubonys.lt\/wp-content\/uploads\/2023\/11\/117870952_1233788390299412_6875145652930140070_o.webp\" alt=\"\" class=\"wp-image-9877\" srcset=\"https:\/\/raubonys.lt\/wp-content\/uploads\/2023\/11\/117870952_1233788390299412_6875145652930140070_o.webp 959w, https:\/\/raubonys.lt\/wp-content\/uploads\/2023\/11\/117870952_1233788390299412_6875145652930140070_o-300x169.webp 300w, https:\/\/raubonys.lt\/wp-content\/uploads\/2023\/11\/117870952_1233788390299412_6875145652930140070_o-768x432.webp 768w, https:\/\/raubonys.lt\/wp-content\/uploads\/2023\/11\/117870952_1233788390299412_6875145652930140070_o-350x197.webp 350w, https:\/\/raubonys.lt\/wp-content\/uploads\/2023\/11\/117870952_1233788390299412_6875145652930140070_o-370x208.webp 370w, https:\/\/raubonys.lt\/wp-content\/uploads\/2023\/11\/117870952_1233788390299412_6875145652930140070_o-255x144.webp 255w, https:\/\/raubonys.lt\/wp-content\/uploads\/2023\/11\/117870952_1233788390299412_6875145652930140070_o-285x160.webp 285w, https:\/\/raubonys.lt\/wp-content\/uploads\/2023\/11\/117870952_1233788390299412_6875145652930140070_o-600x338.webp 600w, https:\/\/raubonys.lt\/wp-content\/uploads\/2023\/11\/117870952_1233788390299412_6875145652930140070_o-560x315.webp 560w\" sizes=\"(max-width: 959px) 100vw, 959px\" \/><\/figure>\n\n\n\n<hr class=\"wp-block-separator has-css-opacity is-style-dots\"\/>\n\n\n\n<p>Rugpj\u016b\u010dio 1 dien\u0105, Rauboni\u0173 bendruomen\u0117 kartu su kitomis Salo\u010di\u0173 seni\u016bnijos bendruomen\u0117mis dalyvavo i\u0161vykoje po Pump\u0117n\u0173 kra\u0161t\u0105. Aplankyta poeto B. Brazd\u017eionio gimtin\u0117 Stebeikl\u0117li\u0173 kaime, Gegabrastos sta\u010diatiki\u0173 cerkv\u0117, Niurkoni\u0173 koply\u010dia, Pump\u0117n\u0173 \u0160v\u010d. M. Marijos \u0160kaplerin\u0117s ba\u017eny\u010dia, \u012fsp\u016bdingasis Banioni\u0173 akmuo, \u017daliojoje girioje esantis partizan\u0173 bunkeris. Vykom ir \u012f Kriklini\u0173 bendruomen\u0119, kurioje dalyvavome edukacin\u0117je programoje &#8222;Bulvi\u0173 kelias&#8221;, vai\u0161inom\u0117s cepelinais.<br>A\u010di\u016b visiems u\u017e ger\u0105 laik\u0105 kartu, u\u017e draugyst\u0119 ir bendryst\u0119! Nuo\u0161ird\u017eiausia pad\u0117ka \u017dilpam\u016b\u0161io bendruomen\u0117s pirmininkei Janinai u\u017e puikiai suorganizuot\u0105 kelion\u0119!<\/p>\n\n\n\n<figure class=\"wp-block-image size-full\"><img loading=\"lazy\" decoding=\"async\" width=\"714\" height=\"960\" src=\"https:\/\/raubonys.lt\/wp-content\/uploads\/2023\/11\/116586527_1221917214819863_1151082036632178622_o.webp\" alt=\"\" class=\"wp-image-9876\" srcset=\"https:\/\/raubonys.lt\/wp-content\/uploads\/2023\/11\/116586527_1221917214819863_1151082036632178622_o.webp 714w, https:\/\/raubonys.lt\/wp-content\/uploads\/2023\/11\/116586527_1221917214819863_1151082036632178622_o-223x300.webp 223w, https:\/\/raubonys.lt\/wp-content\/uploads\/2023\/11\/116586527_1221917214819863_1151082036632178622_o-350x471.webp 350w, https:\/\/raubonys.lt\/wp-content\/uploads\/2023\/11\/116586527_1221917214819863_1151082036632178622_o-370x497.webp 370w, https:\/\/raubonys.lt\/wp-content\/uploads\/2023\/11\/116586527_1221917214819863_1151082036632178622_o-255x343.webp 255w, https:\/\/raubonys.lt\/wp-content\/uploads\/2023\/11\/116586527_1221917214819863_1151082036632178622_o-285x383.webp 285w, https:\/\/raubonys.lt\/wp-content\/uploads\/2023\/11\/116586527_1221917214819863_1151082036632178622_o-446x600.webp 446w, https:\/\/raubonys.lt\/wp-content\/uploads\/2023\/11\/116586527_1221917214819863_1151082036632178622_o-417x560.webp 417w\" sizes=\"(max-width: 714px) 100vw, 714px\" \/><\/figure>\n\n\n\n<hr class=\"wp-block-separator has-css-opacity is-style-dots\"\/>\n\n\n\n<p>Liepos 18 d. kartu su Dauj\u0117n\u0173, Nami\u0161i\u0173 ir At\u017ealyno bendruomen\u0117mis pristat\u0117me Pasvalio kra\u0161to kulinarin\u012f paveld\u0105 naktini\u0173 skaitym\u0173 prie Pyvesos metu. <\/p>\n\n\n\n<hr class=\"wp-block-separator has-css-opacity is-style-dots\"\/>\n\n\n\n<p>Bir\u017eelio 27 d. Pajie\u0161meni\u0173 dvaro kiemelyje vyko XV Lietuvos m\u0117g\u0117j\u0173 teatr\u0173 \u0161vent\u0117 \u201eTegyvuoja teatras\u201c. \u0160vent\u0117s metu nominuoti ry\u0161kiausi 2019 m. Lietuvos vaik\u0173 ir jaunimo teatr\u0173 re\u017eisieriai, festivali\u0173 organizatoriai. Visiems nominuotiesiems \u012fteikti Lietuvos nacionalinio kult\u016bros centro ir Lietuvos m\u0117g\u0117j\u0173 teatro s\u0105jungos diplomai, o laureatams \u2013 \u201eTegyvuoja teatras\u201c statul\u0117l\u0117s. Rauboni\u0173 bendruomen\u0117s moterys kartu su &nbsp;Nami\u0161i\u0173,&nbsp;At\u017ealyno&nbsp;ir Dauj\u0117n\u0173 bendruomen\u0117mis so\u010diai pavai\u0161ino Lietuvos m\u0117g\u0117j\u0173 teatro \u0161vent\u0117s \u201eTegyvuoja teatras\u201d dalyvius ir sve\u010dius!<\/p>\n\t\t\t\t\t\t\t\t<\/div>\n\t\t\t\t<\/div>\n\t\t\t\t\t<\/div>\n\t\t<\/div>\n\t\t\t\t\t<\/div>\n\t\t<\/section>\n\t\t\t\t<\/div>","protected":false},"excerpt":{"rendered":"<p>Rugs\u0117jo 19 dien\u0105, tradicinius ,,Rauboni\u0173 bendruomen\u0117s v\u0117rti\u00ebnius\u201d vir\u0117me Pasvalio miesto \u0161vent\u0117je! Rugs\u0117jo 12 dien\u0105, Rauboni\u0173 bendruomen\u0117s moterys paplu\u0161\u0117jo i\u0161 peties. Tradiciniu kulinariniu paveldu vai\u0161ino &#8222;Sutarj\u0117los&#8221; dalyvius. Rugpj\u016b\u010dio 22 dien\u0105, tradicini\u0173 ,,Rauboni\u0173 v\u0117rtieni\u0173\u201d gal\u0117jote paragauti muzikos ir poezijos vakare VASARAI SUDIE, Dauj\u0117nuose. Rugpj\u016b\u010dio 15 dien\u0105, susitikome \u017dolin\u0117se Nami\u0161iuose, puikioje bendryst\u0117s \u0161vent\u0117je, kur Pasvalio kra\u0161to kulinarinio paveldo [&hellip;]<\/p>\n","protected":false},"author":1,"featured_media":10525,"parent":0,"menu_order":0,"comment_status":"closed","ping_status":"closed","template":"","meta":{"cybocfi_hide_featured_image":"yes","footnotes":""},"class_list":["post-1792","page","type-page","status-publish","has-post-thumbnail","hentry"],"yoast_head":"<!-- This site is optimized with the Yoast SEO plugin v27.4 - https:\/\/yoast.com\/product\/yoast-seo-wordpress\/ -->\n<title>Bendruomen\u0117s renginiai | 2020 m. - Rauboni\u0173 bendruomen\u0117 ir kult\u016bros namai<\/title>\n<meta name=\"robots\" content=\"index, follow, max-snippet:-1, max-image-preview:large, max-video-preview:-1\" \/>\n<link rel=\"canonical\" href=\"https:\/\/raubonys.lt\/en\/bendruomenes-renginiai-2020\/\" \/>\n<meta property=\"og:locale\" content=\"en_GB\" \/>\n<meta property=\"og:type\" content=\"article\" \/>\n<meta property=\"og:title\" content=\"Bendruomen\u0117s renginiai | 2020 m. - Rauboni\u0173 bendruomen\u0117 ir kult\u016bros namai\" \/>\n<meta property=\"og:description\" content=\"Rugs\u0117jo 19 dien\u0105, tradicinius ,,Rauboni\u0173 bendruomen\u0117s v\u0117rti\u00ebnius\u201d vir\u0117me Pasvalio miesto \u0161vent\u0117je! Rugs\u0117jo 12 dien\u0105, Rauboni\u0173 bendruomen\u0117s moterys paplu\u0161\u0117jo i\u0161 peties. Tradiciniu kulinariniu paveldu vai\u0161ino &#8222;Sutarj\u0117los&#8221; dalyvius. Rugpj\u016b\u010dio 22 dien\u0105, tradicini\u0173 ,,Rauboni\u0173 v\u0117rtieni\u0173\u201d gal\u0117jote paragauti muzikos ir poezijos vakare VASARAI SUDIE, Dauj\u0117nuose. Rugpj\u016b\u010dio 15 dien\u0105, susitikome \u017dolin\u0117se Nami\u0161iuose, puikioje bendryst\u0117s \u0161vent\u0117je, kur Pasvalio kra\u0161to kulinarinio paveldo [&hellip;]\" \/>\n<meta property=\"og:url\" content=\"https:\/\/raubonys.lt\/en\/bendruomenes-renginiai-2020\/\" \/>\n<meta property=\"og:site_name\" content=\"Rauboni\u0173 bendruomen\u0117 ir kult\u016bros namai\" \/>\n<meta property=\"article:publisher\" content=\"https:\/\/www.facebook.com\/raubonys\/\" \/>\n<meta property=\"article:modified_time\" content=\"2023-11-09T09:12:35+00:00\" \/>\n<meta property=\"og:image\" content=\"https:\/\/raubonys.lt\/wp-content\/uploads\/2020\/07\/DJI_0260-gigapixel-standard-scale-2_00x-scaled.jpg\" \/>\n\t<meta property=\"og:image:width\" content=\"2560\" \/>\n\t<meta property=\"og:image:height\" content=\"1707\" \/>\n\t<meta property=\"og:image:type\" content=\"image\/jpeg\" \/>\n<meta name=\"twitter:card\" content=\"summary_large_image\" \/>\n<meta name=\"twitter:label1\" content=\"Estimated reading time\" \/>\n\t<meta name=\"twitter:data1\" content=\"3 minutes\" \/>\n<script type=\"application\/ld+json\" class=\"yoast-schema-graph\">{\"@context\":\"https:\\\/\\\/schema.org\",\"@graph\":[{\"@type\":\"WebPage\",\"@id\":\"https:\\\/\\\/raubonys.lt\\\/bendruomenes-renginiai-2020\\\/\",\"url\":\"https:\\\/\\\/raubonys.lt\\\/bendruomenes-renginiai-2020\\\/\",\"name\":\"Bendruomen\u0117s renginiai | 2020 m. - Rauboni\u0173 bendruomen\u0117 ir kult\u016bros namai\",\"isPartOf\":{\"@id\":\"https:\\\/\\\/raubonys.lt\\\/#website\"},\"primaryImageOfPage\":{\"@id\":\"https:\\\/\\\/raubonys.lt\\\/bendruomenes-renginiai-2020\\\/#primaryimage\"},\"image\":{\"@id\":\"https:\\\/\\\/raubonys.lt\\\/bendruomenes-renginiai-2020\\\/#primaryimage\"},\"thumbnailUrl\":\"https:\\\/\\\/raubonys.lt\\\/wp-content\\\/uploads\\\/2020\\\/07\\\/DJI_0260-gigapixel-standard-scale-2_00x-scaled.jpg\",\"datePublished\":\"2020-08-19T15:15:11+00:00\",\"dateModified\":\"2023-11-09T09:12:35+00:00\",\"breadcrumb\":{\"@id\":\"https:\\\/\\\/raubonys.lt\\\/bendruomenes-renginiai-2020\\\/#breadcrumb\"},\"inLanguage\":\"en-GB\",\"potentialAction\":[{\"@type\":\"ReadAction\",\"target\":[\"https:\\\/\\\/raubonys.lt\\\/bendruomenes-renginiai-2020\\\/\"]}]},{\"@type\":\"BreadcrumbList\",\"@id\":\"https:\\\/\\\/raubonys.lt\\\/bendruomenes-renginiai-2020\\\/#breadcrumb\",\"itemListElement\":[{\"@type\":\"ListItem\",\"position\":1,\"name\":\"Prad\u017eia\",\"item\":\"https:\\\/\\\/raubonys.lt\\\/\"},{\"@type\":\"ListItem\",\"position\":2,\"name\":\"Bendruomen\u0117s renginiai | 2020 m.\"}]},{\"@type\":\"WebSite\",\"@id\":\"https:\\\/\\\/raubonys.lt\\\/#website\",\"url\":\"https:\\\/\\\/raubonys.lt\\\/\",\"name\":\"Rauboni\u0173 bendruomen\u0117 ir kult\u016bros namai\",\"description\":\"Raubonys.lt\",\"publisher\":{\"@id\":\"https:\\\/\\\/raubonys.lt\\\/#organization\"},\"alternateName\":\"Raubonys.lt\",\"potentialAction\":[{\"@type\":\"SearchAction\",\"target\":{\"@type\":\"EntryPoint\",\"urlTemplate\":\"https:\\\/\\\/raubonys.lt\\\/?s={search_term_string}\"},\"query-input\":{\"@type\":\"PropertyValueSpecification\",\"valueRequired\":true,\"valueName\":\"search_term_string\"}}],\"inLanguage\":\"en-GB\"},{\"@type\":\"Organization\",\"@id\":\"https:\\\/\\\/raubonys.lt\\\/#organization\",\"name\":\"Raubonys.lt\",\"url\":\"https:\\\/\\\/raubonys.lt\\\/\",\"logo\":{\"@type\":\"ImageObject\",\"inLanguage\":\"en-GB\",\"@id\":\"https:\\\/\\\/raubonys.lt\\\/#\\\/schema\\\/logo\\\/image\\\/\",\"url\":\"https:\\\/\\\/raubonys.lt\\\/wp-content\\\/uploads\\\/2023\\\/10\\\/raubonys.lt_logo_black.png\",\"contentUrl\":\"https:\\\/\\\/raubonys.lt\\\/wp-content\\\/uploads\\\/2023\\\/10\\\/raubonys.lt_logo_black.png\",\"width\":3508,\"height\":931,\"caption\":\"Raubonys.lt\"},\"image\":{\"@id\":\"https:\\\/\\\/raubonys.lt\\\/#\\\/schema\\\/logo\\\/image\\\/\"},\"sameAs\":[\"https:\\\/\\\/www.facebook.com\\\/raubonys\\\/\"]}]}<\/script>\n<!-- \/ Yoast SEO plugin. -->","yoast_head_json":{"title":"Bendruomen\u0117s renginiai | 2020 m. - Rauboni\u0173 bendruomen\u0117 ir kult\u016bros namai","robots":{"index":"index","follow":"follow","max-snippet":"max-snippet:-1","max-image-preview":"max-image-preview:large","max-video-preview":"max-video-preview:-1"},"canonical":"https:\/\/raubonys.lt\/en\/bendruomenes-renginiai-2020\/","og_locale":"en_GB","og_type":"article","og_title":"Bendruomen\u0117s renginiai | 2020 m. - Rauboni\u0173 bendruomen\u0117 ir kult\u016bros namai","og_description":"Rugs\u0117jo 19 dien\u0105, tradicinius ,,Rauboni\u0173 bendruomen\u0117s v\u0117rti\u00ebnius\u201d vir\u0117me Pasvalio miesto \u0161vent\u0117je! Rugs\u0117jo 12 dien\u0105, Rauboni\u0173 bendruomen\u0117s moterys paplu\u0161\u0117jo i\u0161 peties. Tradiciniu kulinariniu paveldu vai\u0161ino &#8222;Sutarj\u0117los&#8221; dalyvius. Rugpj\u016b\u010dio 22 dien\u0105, tradicini\u0173 ,,Rauboni\u0173 v\u0117rtieni\u0173\u201d gal\u0117jote paragauti muzikos ir poezijos vakare VASARAI SUDIE, Dauj\u0117nuose. Rugpj\u016b\u010dio 15 dien\u0105, susitikome \u017dolin\u0117se Nami\u0161iuose, puikioje bendryst\u0117s \u0161vent\u0117je, kur Pasvalio kra\u0161to kulinarinio paveldo [&hellip;]","og_url":"https:\/\/raubonys.lt\/en\/bendruomenes-renginiai-2020\/","og_site_name":"Rauboni\u0173 bendruomen\u0117 ir kult\u016bros namai","article_publisher":"https:\/\/www.facebook.com\/raubonys\/","article_modified_time":"2023-11-09T09:12:35+00:00","og_image":[{"width":2560,"height":1707,"url":"https:\/\/raubonys.lt\/wp-content\/uploads\/2020\/07\/DJI_0260-gigapixel-standard-scale-2_00x-scaled.jpg","type":"image\/jpeg"}],"twitter_card":"summary_large_image","twitter_misc":{"Estimated reading time":"3 minutes"},"schema":{"@context":"https:\/\/schema.org","@graph":[{"@type":"WebPage","@id":"https:\/\/raubonys.lt\/bendruomenes-renginiai-2020\/","url":"https:\/\/raubonys.lt\/bendruomenes-renginiai-2020\/","name":"Bendruomen\u0117s renginiai | 2020 m. - Rauboni\u0173 bendruomen\u0117 ir kult\u016bros namai","isPartOf":{"@id":"https:\/\/raubonys.lt\/#website"},"primaryImageOfPage":{"@id":"https:\/\/raubonys.lt\/bendruomenes-renginiai-2020\/#primaryimage"},"image":{"@id":"https:\/\/raubonys.lt\/bendruomenes-renginiai-2020\/#primaryimage"},"thumbnailUrl":"https:\/\/raubonys.lt\/wp-content\/uploads\/2020\/07\/DJI_0260-gigapixel-standard-scale-2_00x-scaled.jpg","datePublished":"2020-08-19T15:15:11+00:00","dateModified":"2023-11-09T09:12:35+00:00","breadcrumb":{"@id":"https:\/\/raubonys.lt\/bendruomenes-renginiai-2020\/#breadcrumb"},"inLanguage":"en-GB","potentialAction":[{"@type":"ReadAction","target":["https:\/\/raubonys.lt\/bendruomenes-renginiai-2020\/"]}]},{"@type":"BreadcrumbList","@id":"https:\/\/raubonys.lt\/bendruomenes-renginiai-2020\/#breadcrumb","itemListElement":[{"@type":"ListItem","position":1,"name":"Prad\u017eia","item":"https:\/\/raubonys.lt\/"},{"@type":"ListItem","position":2,"name":"Bendruomen\u0117s renginiai | 2020 m."}]},{"@type":"WebSite","@id":"https:\/\/raubonys.lt\/#website","url":"https:\/\/raubonys.lt\/","name":"Rauboni\u0173 bendruomen\u0117 ir kult\u016bros namai","description":"Raubonys.lt","publisher":{"@id":"https:\/\/raubonys.lt\/#organization"},"alternateName":"Raubonys.lt","potentialAction":[{"@type":"SearchAction","target":{"@type":"EntryPoint","urlTemplate":"https:\/\/raubonys.lt\/?s={search_term_string}"},"query-input":{"@type":"PropertyValueSpecification","valueRequired":true,"valueName":"search_term_string"}}],"inLanguage":"en-GB"},{"@type":"Organization","@id":"https:\/\/raubonys.lt\/#organization","name":"Raubonys.lt","url":"https:\/\/raubonys.lt\/","logo":{"@type":"ImageObject","inLanguage":"en-GB","@id":"https:\/\/raubonys.lt\/#\/schema\/logo\/image\/","url":"https:\/\/raubonys.lt\/wp-content\/uploads\/2023\/10\/raubonys.lt_logo_black.png","contentUrl":"https:\/\/raubonys.lt\/wp-content\/uploads\/2023\/10\/raubonys.lt_logo_black.png","width":3508,"height":931,"caption":"Raubonys.lt"},"image":{"@id":"https:\/\/raubonys.lt\/#\/schema\/logo\/image\/"},"sameAs":["https:\/\/www.facebook.com\/raubonys\/"]}]}},"_links":{"self":[{"href":"https:\/\/raubonys.lt\/en\/wp-json\/wp\/v2\/pages\/1792","targetHints":{"allow":["GET"]}}],"collection":[{"href":"https:\/\/raubonys.lt\/en\/wp-json\/wp\/v2\/pages"}],"about":[{"href":"https:\/\/raubonys.lt\/en\/wp-json\/wp\/v2\/types\/page"}],"author":[{"embeddable":true,"href":"https:\/\/raubonys.lt\/en\/wp-json\/wp\/v2\/users\/1"}],"replies":[{"embeddable":true,"href":"https:\/\/raubonys.lt\/en\/wp-json\/wp\/v2\/comments?post=1792"}],"version-history":[{"count":0,"href":"https:\/\/raubonys.lt\/en\/wp-json\/wp\/v2\/pages\/1792\/revisions"}],"wp:featuredmedia":[{"embeddable":true,"href":"https:\/\/raubonys.lt\/en\/wp-json\/wp\/v2\/media\/10525"}],"wp:attachment":[{"href":"https:\/\/raubonys.lt\/en\/wp-json\/wp\/v2\/media?parent=1792"}],"curies":[{"name":"wp","href":"https:\/\/api.w.org\/{rel}","templated":true}]}}