{"id":1963,"date":"2020-10-28T23:20:48","date_gmt":"2020-10-28T20:20:48","guid":{"rendered":"http:\/\/raubonys.lt\/?page_id=1963"},"modified":"2025-05-24T18:01:36","modified_gmt":"2025-05-24T15:01:36","slug":"rauboniu-kulturos-namai","status":"publish","type":"page","link":"https:\/\/raubonys.lt\/en\/rauboniu-kulturos-namai\/","title":{"rendered":"Rauboniai House of Culture"},"content":{"rendered":"<div data-elementor-type=\"wp-page\" data-elementor-id=\"1963\" class=\"elementor elementor-1963\">\n\t\t\t\t\t\t<section class=\"elementor-section elementor-top-section elementor-element elementor-element-7360966 elementor-section-boxed elementor-section-height-default elementor-section-height-default\" data-id=\"7360966\" data-element_type=\"section\" data-e-type=\"section\">\n\t\t\t\t\t\t<div class=\"elementor-container elementor-column-gap-default\">\n\t\t\t\t\t<div class=\"elementor-column elementor-col-100 elementor-top-column elementor-element elementor-element-a544838\" data-id=\"a544838\" data-element_type=\"column\" data-e-type=\"column\">\n\t\t\t<div class=\"elementor-widget-wrap elementor-element-populated\">\n\t\t\t\t\t\t<div class=\"elementor-element elementor-element-c446ade elementor-widget elementor-widget-heading\" data-id=\"c446ade\" data-element_type=\"widget\" data-e-type=\"widget\" data-widget_type=\"heading.default\">\n\t\t\t\t<div class=\"elementor-widget-container\">\n\t\t\t\t\t<h3 class=\"elementor-heading-title elementor-size-default\">Pasvalys Culture Centre Raubonys branch contacts:<\/h3>\t\t\t\t<\/div>\n\t\t\t\t<\/div>\n\t\t\t\t<section class=\"elementor-section elementor-inner-section elementor-element elementor-element-4aea5d1 elementor-section-boxed elementor-section-height-default elementor-section-height-default\" data-id=\"4aea5d1\" data-element_type=\"section\" data-e-type=\"section\">\n\t\t\t\t\t\t<div class=\"elementor-container elementor-column-gap-default\">\n\t\t\t\t\t<div class=\"elementor-column elementor-col-50 elementor-inner-column elementor-element elementor-element-79efe2d\" data-id=\"79efe2d\" data-element_type=\"column\" data-e-type=\"column\">\n\t\t\t<div class=\"elementor-widget-wrap elementor-element-populated\">\n\t\t\t\t\t\t<div class=\"elementor-element elementor-element-f4a2564 elementor-widget elementor-widget-text-editor\" data-id=\"f4a2564\" data-element_type=\"widget\" data-e-type=\"widget\" data-widget_type=\"text-editor.default\">\n\t\t\t\t<div class=\"elementor-widget-container\">\n\t\t\t\t\t\t\t\t\t<p><span style=\"color: var( --e-global-color-text ); font-family: var( --e-global-typography-text-font-family ), Sans-serif; text-transform: var( --e-global-typography-text-text-transform ); letter-spacing: 0px;\"><b>Cultural Events Manager<br \/><\/b><\/span><span style=\"color: var( --e-global-color-text ); font-family: var( --e-global-typography-text-font-family ), Sans-serif; text-transform: var( --e-global-typography-text-text-transform ); letter-spacing: 0px;\"><b>Gra\u017eina Pa\u0161kevi\u010dien\u0117<\/b><\/span><br \/>Phone: +370 672 16 887<br \/>El. p.\u00a0<a href=\"mailto:grazinapas@gmail.com\">grazinapas@gmail.com<\/a><br \/><span style=\"color: var( --e-global-color-text ); font-family: var( --e-global-typography-text-font-family ), Sans-serif; text-transform: var( --e-global-typography-text-text-transform ); letter-spacing: 0px;\"><br \/><b>Art Director<br \/><\/b><\/span><span style=\"color: var( --e-global-color-text ); font-family: var( --e-global-typography-text-font-family ), Sans-serif; text-transform: var( --e-global-typography-text-text-transform ); letter-spacing: 0px;\"><b>Lidija Zagorskien\u0117<br \/><\/b><\/span><span style=\"color: var( --e-global-color-text ); font-family: var( --e-global-typography-text-font-family ), Sans-serif; font-weight: var( --e-global-typography-text-font-weight ); text-transform: var( --e-global-typography-text-text-transform ); letter-spacing: 0px;\">Tel. +370 622 31 417<br \/><\/span><span style=\"color: var( --e-global-color-text ); font-family: var( --e-global-typography-text-font-family ), Sans-serif; font-weight: var( --e-global-typography-text-font-weight ); text-transform: var( --e-global-typography-text-text-transform ); letter-spacing: 0px;\">El. p.\u00a0<\/span><a style=\"font-family: var( --e-global-typography-text-font-family ), Sans-serif; font-weight: var( --e-global-typography-text-font-weight ); text-transform: var( --e-global-typography-text-text-transform ); letter-spacing: 0px; background-color: #ffffff;\" href=\"mailto:lidija7303@gmail.com\" target=\"_blank\" rel=\"noopener\">lidija7303@gmail.com<\/a><br \/><span style=\"color: var( --e-global-color-text ); font-family: var( --e-global-typography-text-font-family ), Sans-serif; text-transform: var( --e-global-typography-text-text-transform ); letter-spacing: 0px;\"><br \/><b><strong>Event organiser<\/strong><br \/><\/b><\/span><span style=\"color: var( --e-global-color-text ); font-family: var( --e-global-typography-text-font-family ), Sans-serif; text-transform: var( --e-global-typography-text-text-transform ); letter-spacing: 0px;\"><b>Lukas Simsonas<br \/><\/b><\/span><span style=\"color: var( --e-global-color-text ); font-family: var( --e-global-typography-text-font-family ), Sans-serif; font-weight: var( --e-global-typography-text-font-weight ); text-transform: var( --e-global-typography-text-text-transform ); letter-spacing: 0px;\">Tel. +370 625 51 758<br \/><\/span><span style=\"color: var( --e-global-color-text ); font-family: var( --e-global-typography-text-font-family ), Sans-serif; font-weight: var( --e-global-typography-text-font-weight ); text-transform: var( --e-global-typography-text-text-transform ); letter-spacing: 0px;\">El. p. <\/span><a style=\"font-family: var( --e-global-typography-text-font-family ), Sans-serif; font-weight: var( --e-global-typography-text-font-weight ); text-transform: var( --e-global-typography-text-text-transform ); letter-spacing: 0px; background-color: #ffffff;\" href=\"mailto:info@raubonys.lt\" target=\"_blank\" rel=\"noopener\">info@raubonys.lt<\/a><\/p>\t\t\t\t\t\t\t\t<\/div>\n\t\t\t\t<\/div>\n\t\t\t\t\t<\/div>\n\t\t<\/div>\n\t\t\t\t<div class=\"elementor-column elementor-col-50 elementor-inner-column elementor-element elementor-element-0d57d43\" data-id=\"0d57d43\" data-element_type=\"column\" data-e-type=\"column\">\n\t\t\t<div class=\"elementor-widget-wrap elementor-element-populated\">\n\t\t\t\t\t\t<div class=\"elementor-element elementor-element-f782294 elementor-widget elementor-widget-ova_box_contact\" data-id=\"f782294\" data-element_type=\"widget\" data-e-type=\"widget\" data-widget_type=\"ova_box_contact.default\">\n\t\t\t\t<div class=\"elementor-widget-container\">\n\t\t\t\t\t\t\t<div class=\"ova_box_contact\">\n\t\t\t\n\t\t\t\t\t\t<div class=\"wrap-address\">\n\t\t\t\t<p class=\"title-address title-general\">\n\t\t\t\t\tAddress:\t\t\t\t<\/p>\n\t\t\t\t<p class=\"address content-general\">\n\t\t\t\t\tPasvalio r., Salo\u010di\u0173 sen., Rauboni\u0173 k., Draugyst\u0117s g. 2\t\t\t\t<\/p>\n\t\t\t<\/div>\n\n\t\t\t<div class=\"wrap-time\">\n\t\t\t\t<p class=\"title-time title-general\">\n\t\t\t\t\tOpening hours:\t\t\t\t<\/p>\n\t\t\t\t<p class=\"time content-general\">\n\t\t\t\t\tII-V: 13:00 - 18:00\t\t\t\t<\/p>\n\t\t\t<\/div>\n\n\t\t<\/div>\n\t\t\t\t\t\t<\/div>\n\t\t\t\t<\/div>\n\t\t\t\t\t<\/div>\n\t\t<\/div>\n\t\t\t\t\t<\/div>\n\t\t<\/section>\n\t\t\t\t\t<\/div>\n\t\t<\/div>\n\t\t\t\t\t<\/div>\n\t\t<\/section>\n\t\t\t\t<section class=\"elementor-section elementor-top-section elementor-element elementor-element-de29eb2 elementor-section-boxed elementor-section-height-default elementor-section-height-default\" data-id=\"de29eb2\" data-element_type=\"section\" data-e-type=\"section\">\n\t\t\t\t\t\t<div class=\"elementor-container elementor-column-gap-default\">\n\t\t\t\t\t<div class=\"elementor-column elementor-col-100 elementor-top-column elementor-element elementor-element-2f9b13f\" data-id=\"2f9b13f\" data-element_type=\"column\" data-e-type=\"column\">\n\t\t\t<div class=\"elementor-widget-wrap elementor-element-populated\">\n\t\t\t\t\t\t<div class=\"elementor-element elementor-element-72e27d3 elementor-widget elementor-widget-google_maps\" data-id=\"72e27d3\" data-element_type=\"widget\" data-e-type=\"widget\" data-widget_type=\"google_maps.default\">\n\t\t\t\t<div class=\"elementor-widget-container\">\n\t\t\t\t\t\t\t<div class=\"elementor-custom-embed\">\n\t\t\t<iframe loading=\"lazy\"\n\t\t\t\t\tsrc=\"https:\/\/maps.google.com\/maps?q=Rauboni%C5%B3%20kult%C5%ABros%20namai&#038;t=m&#038;z=15&#038;output=embed&#038;iwloc=near\"\n\t\t\t\t\ttitle=\"Rauboniai House of Culture\"\n\t\t\t\t\taria-label=\"Rauboniai House of Culture\"\n\t\t\t><\/iframe>\n\t\t<\/div>\n\t\t\t\t\t\t<\/div>\n\t\t\t\t<\/div>\n\t\t\t\t\t<\/div>\n\t\t<\/div>\n\t\t\t\t\t<\/div>\n\t\t<\/section>\n\t\t\t\t<\/div>","protected":false},"excerpt":{"rendered":"<p>Pasvalio kult\u016bros centro Rauboni\u0173 skyriaus kontaktai: Kult\u016bros rengini\u0173 vadybinink\u0117Gra\u017eina Pa\u0161kevi\u010dien\u0117Tel. +370 672 16 887El. p.\u00a0grazinapas@gmail.com Meno vadov\u0117Lidija Zagorskien\u0117Tel. +370 622 31 417El. p.\u00a0lidija7303@gmail.com Rengini\u0173 organizatoriusLukas SimsonasTel. +370 625 51 758El. p. info@raubonys.lt Adresas: Pasvalio r., Salo\u010di\u0173 sen., Rauboni\u0173 k., Draugyst\u0117s g. 2 Darbo laikas: II-V: 13:00 &#8211; 18:00<\/p>","protected":false},"author":1,"featured_media":8187,"parent":0,"menu_order":0,"comment_status":"closed","ping_status":"closed","template":"elementor_header_footer","meta":{"cybocfi_hide_featured_image":"","footnotes":""},"class_list":["post-1963","page","type-page","status-publish","has-post-thumbnail","hentry"],"yoast_head":"<!-- This site is optimized with the Yoast SEO plugin v27.0 - https:\/\/yoast.com\/product\/yoast-seo-wordpress\/ -->\n<title>Rauboni\u0173 kult\u016bros namai - Rauboni\u0173 bendruomen\u0117 ir kult\u016bros namai<\/title>\n<meta name=\"robots\" content=\"index, follow, max-snippet:-1, max-image-preview:large, max-video-preview:-1\" \/>\n<link rel=\"canonical\" href=\"https:\/\/raubonys.lt\/en\/rauboniu-kulturos-namai\/\" \/>\n<meta property=\"og:locale\" content=\"en_GB\" \/>\n<meta property=\"og:type\" content=\"article\" \/>\n<meta property=\"og:title\" content=\"Rauboni\u0173 kult\u016bros namai - Rauboni\u0173 bendruomen\u0117 ir kult\u016bros namai\" \/>\n<meta property=\"og:description\" content=\"Pasvalio kult\u016bros centro Rauboni\u0173 skyriaus kontaktai: Kult\u016bros rengini\u0173 vadybinink\u0117Gra\u017eina Pa\u0161kevi\u010dien\u0117Tel. +370 672 16 887El. p.\u00a0grazinapas@gmail.com Meno vadov\u0117Lidija Zagorskien\u0117Tel. +370 622 31 417El. p.\u00a0lidija7303@gmail.com Rengini\u0173 organizatoriusLukas SimsonasTel. +370 625 51 758El. p. info@raubonys.lt Adresas: Pasvalio r., Salo\u010di\u0173 sen., Rauboni\u0173 k., Draugyst\u0117s g. 2 Darbo laikas: II-V: 13:00 &#8211; 18:00\" \/>\n<meta property=\"og:url\" content=\"https:\/\/raubonys.lt\/en\/rauboniu-kulturos-namai\/\" \/>\n<meta property=\"og:site_name\" content=\"Rauboni\u0173 bendruomen\u0117 ir kult\u016bros namai\" \/>\n<meta property=\"article:publisher\" content=\"https:\/\/www.facebook.com\/raubonys\/\" \/>\n<meta property=\"article:modified_time\" content=\"2025-05-24T15:01:36+00:00\" \/>\n<meta property=\"og:image\" content=\"https:\/\/raubonys.lt\/wp-content\/uploads\/2023\/10\/Rauboniu-kulturos-namai-1-1024x561.jpg\" \/>\n\t<meta property=\"og:image:width\" content=\"1024\" \/>\n\t<meta property=\"og:image:height\" content=\"561\" \/>\n\t<meta property=\"og:image:type\" content=\"image\/jpeg\" \/>\n<meta name=\"twitter:card\" content=\"summary_large_image\" \/>\n<meta name=\"twitter:label1\" content=\"Estimated reading time\" \/>\n\t<meta name=\"twitter:data1\" content=\"1 minute\" \/>\n<script type=\"application\/ld+json\" class=\"yoast-schema-graph\">{\"@context\":\"https:\/\/schema.org\",\"@graph\":[{\"@type\":\"WebPage\",\"@id\":\"https:\/\/raubonys.lt\/rauboniu-kulturos-namai\/\",\"url\":\"https:\/\/raubonys.lt\/rauboniu-kulturos-namai\/\",\"name\":\"Rauboni\u0173 kult\u016bros namai - Rauboni\u0173 bendruomen\u0117 ir kult\u016bros namai\",\"isPartOf\":{\"@id\":\"https:\/\/raubonys.lt\/#website\"},\"primaryImageOfPage\":{\"@id\":\"https:\/\/raubonys.lt\/rauboniu-kulturos-namai\/#primaryimage\"},\"image\":{\"@id\":\"https:\/\/raubonys.lt\/rauboniu-kulturos-namai\/#primaryimage\"},\"thumbnailUrl\":\"https:\/\/raubonys.lt\/wp-content\/uploads\/2023\/10\/Rauboniu-kulturos-namai-1.jpg\",\"datePublished\":\"2020-10-28T20:20:48+00:00\",\"dateModified\":\"2025-05-24T15:01:36+00:00\",\"breadcrumb\":{\"@id\":\"https:\/\/raubonys.lt\/rauboniu-kulturos-namai\/#breadcrumb\"},\"inLanguage\":\"en-GB\",\"potentialAction\":[{\"@type\":\"ReadAction\",\"target\":[\"https:\/\/raubonys.lt\/rauboniu-kulturos-namai\/\"]}]},{\"@type\":\"ImageObject\",\"inLanguage\":\"en-GB\",\"@id\":\"https:\/\/raubonys.lt\/rauboniu-kulturos-namai\/#primaryimage\",\"url\":\"https:\/\/raubonys.lt\/wp-content\/uploads\/2023\/10\/Rauboniu-kulturos-namai-1.jpg\",\"contentUrl\":\"https:\/\/raubonys.lt\/wp-content\/uploads\/2023\/10\/Rauboniu-kulturos-namai-1.jpg\",\"width\":2529,\"height\":1385},{\"@type\":\"BreadcrumbList\",\"@id\":\"https:\/\/raubonys.lt\/rauboniu-kulturos-namai\/#breadcrumb\",\"itemListElement\":[{\"@type\":\"ListItem\",\"position\":1,\"name\":\"Prad\u017eia\",\"item\":\"https:\/\/raubonys.lt\/\"},{\"@type\":\"ListItem\",\"position\":2,\"name\":\"Rauboni\u0173 kult\u016bros namai\"}]},{\"@type\":\"WebSite\",\"@id\":\"https:\/\/raubonys.lt\/#website\",\"url\":\"https:\/\/raubonys.lt\/\",\"name\":\"Rauboni\u0173 bendruomen\u0117 ir kult\u016bros namai\",\"description\":\"Raubonys.lt\",\"publisher\":{\"@id\":\"https:\/\/raubonys.lt\/#organization\"},\"alternateName\":\"Raubonys.lt\",\"potentialAction\":[{\"@type\":\"SearchAction\",\"target\":{\"@type\":\"EntryPoint\",\"urlTemplate\":\"https:\/\/raubonys.lt\/?s={search_term_string}\"},\"query-input\":{\"@type\":\"PropertyValueSpecification\",\"valueRequired\":true,\"valueName\":\"search_term_string\"}}],\"inLanguage\":\"en-GB\"},{\"@type\":\"Organization\",\"@id\":\"https:\/\/raubonys.lt\/#organization\",\"name\":\"Raubonys.lt\",\"url\":\"https:\/\/raubonys.lt\/\",\"logo\":{\"@type\":\"ImageObject\",\"inLanguage\":\"en-GB\",\"@id\":\"https:\/\/raubonys.lt\/#\/schema\/logo\/image\/\",\"url\":\"https:\/\/raubonys.lt\/wp-content\/uploads\/2023\/10\/raubonys.lt_logo_black.png\",\"contentUrl\":\"https:\/\/raubonys.lt\/wp-content\/uploads\/2023\/10\/raubonys.lt_logo_black.png\",\"width\":3508,\"height\":931,\"caption\":\"Raubonys.lt\"},\"image\":{\"@id\":\"https:\/\/raubonys.lt\/#\/schema\/logo\/image\/\"},\"sameAs\":[\"https:\/\/www.facebook.com\/raubonys\/\"]}]}<\/script>\n<!-- \/ Yoast SEO plugin. -->","yoast_head_json":{"title":"Rauboni\u0173 kult\u016bros namai - Rauboni\u0173 bendruomen\u0117 ir kult\u016bros namai","robots":{"index":"index","follow":"follow","max-snippet":"max-snippet:-1","max-image-preview":"max-image-preview:large","max-video-preview":"max-video-preview:-1"},"canonical":"https:\/\/raubonys.lt\/en\/rauboniu-kulturos-namai\/","og_locale":"en_GB","og_type":"article","og_title":"Rauboni\u0173 kult\u016bros namai - Rauboni\u0173 bendruomen\u0117 ir kult\u016bros namai","og_description":"Pasvalio kult\u016bros centro Rauboni\u0173 skyriaus kontaktai: Kult\u016bros rengini\u0173 vadybinink\u0117Gra\u017eina Pa\u0161kevi\u010dien\u0117Tel. +370 672 16 887El. p.\u00a0grazinapas@gmail.com Meno vadov\u0117Lidija Zagorskien\u0117Tel. +370 622 31 417El. p.\u00a0lidija7303@gmail.com Rengini\u0173 organizatoriusLukas SimsonasTel. +370 625 51 758El. p. info@raubonys.lt Adresas: Pasvalio r., Salo\u010di\u0173 sen., Rauboni\u0173 k., Draugyst\u0117s g. 2 Darbo laikas: II-V: 13:00 &#8211; 18:00","og_url":"https:\/\/raubonys.lt\/en\/rauboniu-kulturos-namai\/","og_site_name":"Rauboni\u0173 bendruomen\u0117 ir kult\u016bros namai","article_publisher":"https:\/\/www.facebook.com\/raubonys\/","article_modified_time":"2025-05-24T15:01:36+00:00","og_image":[{"width":1024,"height":561,"url":"https:\/\/raubonys.lt\/wp-content\/uploads\/2023\/10\/Rauboniu-kulturos-namai-1-1024x561.jpg","type":"image\/jpeg"}],"twitter_card":"summary_large_image","twitter_misc":{"Estimated reading time":"1 minute"},"schema":{"@context":"https:\/\/schema.org","@graph":[{"@type":"WebPage","@id":"https:\/\/raubonys.lt\/rauboniu-kulturos-namai\/","url":"https:\/\/raubonys.lt\/rauboniu-kulturos-namai\/","name":"Rauboni\u0173 kult\u016bros namai - Rauboni\u0173 bendruomen\u0117 ir kult\u016bros namai","isPartOf":{"@id":"https:\/\/raubonys.lt\/#website"},"primaryImageOfPage":{"@id":"https:\/\/raubonys.lt\/rauboniu-kulturos-namai\/#primaryimage"},"image":{"@id":"https:\/\/raubonys.lt\/rauboniu-kulturos-namai\/#primaryimage"},"thumbnailUrl":"https:\/\/raubonys.lt\/wp-content\/uploads\/2023\/10\/Rauboniu-kulturos-namai-1.jpg","datePublished":"2020-10-28T20:20:48+00:00","dateModified":"2025-05-24T15:01:36+00:00","breadcrumb":{"@id":"https:\/\/raubonys.lt\/rauboniu-kulturos-namai\/#breadcrumb"},"inLanguage":"en-GB","potentialAction":[{"@type":"ReadAction","target":["https:\/\/raubonys.lt\/rauboniu-kulturos-namai\/"]}]},{"@type":"ImageObject","inLanguage":"en-GB","@id":"https:\/\/raubonys.lt\/rauboniu-kulturos-namai\/#primaryimage","url":"https:\/\/raubonys.lt\/wp-content\/uploads\/2023\/10\/Rauboniu-kulturos-namai-1.jpg","contentUrl":"https:\/\/raubonys.lt\/wp-content\/uploads\/2023\/10\/Rauboniu-kulturos-namai-1.jpg","width":2529,"height":1385},{"@type":"BreadcrumbList","@id":"https:\/\/raubonys.lt\/rauboniu-kulturos-namai\/#breadcrumb","itemListElement":[{"@type":"ListItem","position":1,"name":"Prad\u017eia","item":"https:\/\/raubonys.lt\/"},{"@type":"ListItem","position":2,"name":"Rauboni\u0173 kult\u016bros namai"}]},{"@type":"WebSite","@id":"https:\/\/raubonys.lt\/#website","url":"https:\/\/raubonys.lt\/","name":"Rauboni\u0173 bendruomen\u0117 ir kult\u016bros namai","description":"Raubonys.lt","publisher":{"@id":"https:\/\/raubonys.lt\/#organization"},"alternateName":"Raubonys.lt","potentialAction":[{"@type":"SearchAction","target":{"@type":"EntryPoint","urlTemplate":"https:\/\/raubonys.lt\/?s={search_term_string}"},"query-input":{"@type":"PropertyValueSpecification","valueRequired":true,"valueName":"search_term_string"}}],"inLanguage":"en-GB"},{"@type":"Organization","@id":"https:\/\/raubonys.lt\/#organization","name":"Raubonys.lt","url":"https:\/\/raubonys.lt\/","logo":{"@type":"ImageObject","inLanguage":"en-GB","@id":"https:\/\/raubonys.lt\/#\/schema\/logo\/image\/","url":"https:\/\/raubonys.lt\/wp-content\/uploads\/2023\/10\/raubonys.lt_logo_black.png","contentUrl":"https:\/\/raubonys.lt\/wp-content\/uploads\/2023\/10\/raubonys.lt_logo_black.png","width":3508,"height":931,"caption":"Raubonys.lt"},"image":{"@id":"https:\/\/raubonys.lt\/#\/schema\/logo\/image\/"},"sameAs":["https:\/\/www.facebook.com\/raubonys\/"]}]}},"_links":{"self":[{"href":"https:\/\/raubonys.lt\/en\/wp-json\/wp\/v2\/pages\/1963","targetHints":{"allow":["GET"]}}],"collection":[{"href":"https:\/\/raubonys.lt\/en\/wp-json\/wp\/v2\/pages"}],"about":[{"href":"https:\/\/raubonys.lt\/en\/wp-json\/wp\/v2\/types\/page"}],"author":[{"embeddable":true,"href":"https:\/\/raubonys.lt\/en\/wp-json\/wp\/v2\/users\/1"}],"replies":[{"embeddable":true,"href":"https:\/\/raubonys.lt\/en\/wp-json\/wp\/v2\/comments?post=1963"}],"version-history":[{"count":2,"href":"https:\/\/raubonys.lt\/en\/wp-json\/wp\/v2\/pages\/1963\/revisions"}],"predecessor-version":[{"id":12624,"href":"https:\/\/raubonys.lt\/en\/wp-json\/wp\/v2\/pages\/1963\/revisions\/12624"}],"wp:featuredmedia":[{"embeddable":true,"href":"https:\/\/raubonys.lt\/en\/wp-json\/wp\/v2\/media\/8187"}],"wp:attachment":[{"href":"https:\/\/raubonys.lt\/en\/wp-json\/wp\/v2\/media?parent=1963"}],"curies":[{"name":"wp","href":"https:\/\/api.w.org\/{rel}","templated":true}]}}