{"id":438,"date":"2019-10-30T07:46:42","date_gmt":"2019-10-30T07:46:42","guid":{"rendered":"http:\/\/raubonys.lt\/?page_id=438"},"modified":"2023-11-06T21:32:18","modified_gmt":"2023-11-06T21:32:18","slug":"bendruomenes-renginiai-2013","status":"publish","type":"page","link":"https:\/\/raubonys.lt\/en\/bendruomenes-renginiai-2013\/","title":{"rendered":"Bendruomenes renginiai | 2013 m."},"content":{"rendered":"<p class=\"has-text-align-center\"><strong>Pad\u0117kos vakaras<\/strong><\/p>\n\n\n\n<p class=\"has-text-align-left\">\u0160ventini\u0173 rengini\u0173 cikl\u0105 u\u017ebaig\u0117 tradicinis pad\u0117kos vakaras, organizuojamas jau ketvirt\u0105j\u012f kart\u0105. \u017dmon\u0117s tyliai daro didesnius ir ma\u017eesnius gerus darbus, u\u017e tai nepra\u0161ydami jokio atlygio. Ta\u010diau jie nelieka nepasteb\u0117ti, o met\u0173 sand\u016bra pats tinkamas laikas u\u017e juos pad\u0117koti. D\u017eiaugiam\u0117s, kad kaimo gyventojai vis aktyviau ir dr\u0105siau \u012fsijungia \u012f \u0161i\u0105 akcij\u0105 bei pasteb\u0117j\u0119 gra\u017eius ir prasmingus darbus ar kitokius nuopelnus, patys pasi\u016blo kam \u012fteikti Met\u0173 pad\u0117kas.\u00a0<br>\u00a0<br>Vakaras prasid\u0117jo Rauboni\u0173 kult\u016bros nam\u0173 saviveiklinink\u0173 pasveikinimu: gra\u017eiomis ir lyri\u0161komis moter\u0173 ansamblio, vadovaujamo Lidijos Zagorskien\u0117s, dainomis, prasmingomis eil\u0117mis, kurias padeklamavo Salvinija Mackut\u0117 ir nuotaikinga solisto Luko Simsono daina.<br><br>\u201eSulauk\u0117me gra\u017eiausi\u0173 met\u0173 \u0161ven\u010di\u0173, kai bent trumpam r\u016bpes\u010diai i\u0161tirpsta lyg snaig\u0117 delne. Visi neju\u010dia tampame geresni, d\u0117mesingesni vienas kitam, stabtel\u0117j\u0119 pastebime, k\u0105 padar\u0117me ir ko nesusp\u0117jome per visus metus. Koks b\u016bt\u0173 pasaulis, jeigu jame nelikt\u0173 \u017emoni\u0161kumo, nesavanaudi\u0161kos pagalbos vieni kitiems. Juk ka\u017ek\u0105 gero padarydamas d\u0117l kito apdovanoji ir save\u201c \u2013 kalb\u0117jo bendruomen\u0117s pirminink\u0117 Gra\u017eina Pa\u0161kevi\u010dien\u0117. Ji papra\u0161\u0117 ateinan\u010di\u0173 2014 met\u0173 simbolio \u2013 \u017daliojo arkliuko (Silvija Bal\u010di\u016bnait\u0117) nuo \u0161ventin\u0117s eglut\u0117s nukabinti vokus ir atne\u0161ti juos \u012f scen\u0105. Perskaityti vokuose esan\u010dius pad\u0117kos lai\u0161kus buvo kvie\u010diami Met\u0173 pad\u0117kas pasi\u016bl\u0119 \u017emon\u0117s.\u00a0<br>\u0160iemet i\u0161dalinta dvylika pad\u0117k\u0173:<br>Aloyzui Gela\u017eiui ir Petrui Simsonui u\u017e nuo\u0161ird\u0173 ir nuolatin\u012f r\u016bpest\u012f, gyvenimo bei buities s\u0105lyg\u0173 pagerinim\u0105 ne\u012fgaliam kaimynui Jonui.\u00a0<br>Virginijui \u017dukauskui ir Mariui Baltaduoniui, kurie nepagail\u0117jo savo laiko, j\u0117g\u0173, i\u0161mon\u0117s, energijos ir nemokamai suremontavo kaimo bendruomen\u0117s patalpas.<br>Birutei Simsonienei u\u017e kaimo senjor\u0173 u\u017eimtumo didinim\u0105, u\u017e Lietuvos pensinink\u0173 s\u0105jungos \u201eBo\u010diai\u201c Pasvalio bendrijos Rauboni\u0173 skyriaus \u012fk\u016brim\u0105.<br>Kristinai Kondrotienei u\u017e gra\u017eias, k\u016brybi\u0161kas id\u0117jas, geranori\u0161k\u0105 pagalb\u0105 gra\u017einant m\u016bs\u0173 kaim\u0105.\u00a0<br>Annai Baltaduonienei u\u017e draugi\u0161kum\u0105, supratingum\u0105, paslaugum\u0105, ger\u0105 \u017eod\u012f, \u0161ypsen\u0105.\u00a0<br>Rimantui Dinsmonui u\u017e nuo\u0161ird\u017ei\u0105 pagalb\u0105, r\u016bpest\u012f kaimo gyventoj\u0173 augintiniais.\u00a0<br>Henrikui Juz\u0117nui u\u017e tai, kad niekada neatsisako pad\u0117ti \u012fgyvendinant \u012fvairiausius k\u016brybinius sumanymus ir id\u0117jas.<br>Vaidai Armonienei u\u017e atsidavim\u0105 savo profesijai, nuo\u0161ird\u0173 bendravim\u0105 ir paslaugum\u0105.<br>Aldonai Pankinienei u\u017e tai, kad su malonumu daug met\u0173 augintas eglaites padovanojo m\u016bs\u0173 bendruomenei.\u00a0<br>Lukui Simsonui u\u017e tai, kad kartu su savo t\u0117veliu ir seneliais suk\u016br\u0117 tikr\u0105 \u0160ventin\u012f \u0161viesos stebukl\u0105 m\u016bs\u0173 kaime.<br>Visiems \u012fteiktos Met\u0173 pad\u0117kos ir dovan\u0117l\u0117s.<br>G. Pa\u0161kevi\u010dien\u0117 taip pat pad\u0117kojo visiems, kurie buvo kartu visus 2013 metus ir kurie m\u016bs\u0173 kaimo \u017emoni\u0173 gyvenim\u0105 daro gra\u017eesniu: kaimo bendruomen\u0117s tarybai, saviveiklininkams, aktyviems bendruomen\u0117s talkininkams, \u0161ven\u010di\u0173 r\u0117m\u0117jams.<br>&#8211; Tikim\u0117s, kad ir kitais metais sutelk\u0119 j\u0117gas darniai dirbsime drauge. \u2013 sak\u0117 ji.\u00a0<br>Visiems susirinkusiems savo koncert\u0105 dovanojo Diliausk\u0173 kult\u016bros nam\u0173 saviveiklininkai, vadovaujami Gra\u017einos Paliulien\u0117s, Giedriaus Gumbelevi\u010diaus ir Audros Strekien\u0117s.<br><br>Koncerte netr\u016bko tranki\u0173 \u0161oki\u0173, skambi\u0173 dain\u0173, nuotaiking\u0173 ir linksm\u0173 parodij\u0173. \u017dav\u0117jo gera nuotaika, repertuaro \u012fvairov\u0117, spalvingi atlik\u0117j\u0173 kostiumai.\u00a0<br><br>Vakaras t\u0119s\u0117si, vyko \u0161ventin\u0117 vakaron\u0117, kurioje buvo linksma ir smagu, visi dalyvavo \u017eaidimuose, atrakcionuose, ilgai netilo dainos, smagiai sukosi \u0161ok\u0117j\u0173 poros. Gra\u017eiai pabaig\u0119 senuosius metus, netrukome \u012f\u017eengti \u012f Naujus 2014-uosius. Tikim\u0117s, kad jie bus tokie pat geri, gra\u017e\u016bs ir prasmingi.<\/p>\n\n\n\n<hr class=\"wp-block-separator has-alpha-channel-opacity is-style-dots\"\/>\n\n\n\n<p class=\"has-text-align-center\"><strong>Ataskaitinis susirinkimas, 2013-02-15<\/strong><\/p>\n\n\n\n<p class=\"has-text-align-left\">Vasario 15 dien\u0105, Salo\u010di\u0173 seni\u016bnas Algimantas Ma\u0161alas raubonie\u010diams pateik\u0117 i\u0161sami\u0105 veiklos informacij\u0105 u\u017e 2012 metus. Po to vyko Rauboni\u0173 kaimo bendruomen\u0117s ataskaitinis susirinkimas.<br><br>Susirinkimo metu i\u0161klausytos ir patvirtintos 2012 met\u0173 veiklos ataskaitos \u2013 bendruomen\u0117s pirminink\u0117s Gra\u017einos Pa\u0161kevi\u010dien\u0117s,\u00a0bendruomen\u0117s revizoriaus Aloyzo Gela\u017eio ir finansinink\u0117s Nijol\u0117s Ranonien\u0117s pateikti finansiniai dokumentai: balansas ir veiklos rezultat\u0173 ataskaita.<br><br>\u0160iemet sukanka 10 met\u0173 kai Rauboni\u0173 kaimo bendruomen\u0117 prad\u0117jo savo veikl\u0105. Bendruomen\u0117s pirminink\u0117 G. Pa\u0161kevi\u010dien\u0117 informavo, kad jubiliejaus pamin\u0117jimo \u0161vent\u0119 planuojama organizuoti baland\u017eio m\u0117nes\u012f. Po diskusij\u0173 nutarta \u0161vent\u0119 rengti baland\u017eio 5 dien\u0105.\u00a0<br>Pernai vykusio susirinkimo metu kaimo gyventojai i\u0161k\u0117l\u0117 klausim\u0105 d\u0117l mobiliojo ry\u0161io stiprinimo anten\u0173 ant vandens bok\u0161to. Atsiradus galimybei buvo parengta parai\u0161ka ir pateikta Pasvalio rajono savivaldyb\u0117s visuomen\u0117s sveikatos r\u0117mimo programai. Gavus finansavim\u0105 bus atlikti elektromagnetinio lauko poveikio matavimai ir nustatytas poveikis kaimo gyventoj\u0173 sveikatai. Jei tyrimo rezultatai bus nepalank\u016bs, bendruomen\u0117 sieks mobiliojo ry\u0161io anten\u0173 perk\u0117limo toliau nuo Rauboni\u0173 gyvenviet\u0117s.<br>Bendruomen\u0117s tarybos nar\u0117 Salvinija Mackut\u0117 pateik\u0117 anketin\u0117s apklausos, vykdytos pernai, apibendrinim\u0105.<br>Susirinkimo metu buvo \u012fteikti pa\u017eym\u0117jimai 25 naujiems nariams.<br>Tradicija tapo pasveikinti \u0161iemet savo \u201eapvalius\u201d jubiliejus at\u0161ventusius, ar dar tik \u0161v\u0119sian\u010dius bendruomen\u0117s narius. Jubiliej\u0173 \u0161iemet gausu, net 21. Visiems jubiliatams sugiedota \u201eIlgiausi\u0173 met\u0173\u201d ir padovanotos knygos.\u00a0<br>Renginio ved\u0117ja Lidija Zagorskien\u0117 pasveikino visus su Lietuvos valstyb\u0117s atk\u016brimo diena. Ji pacitavo Aleksandro Stulginskio \u017eod\u017eius: \u201eDid\u017eiausias tautos turtas \u2013 jos laisv\u0117, nepriklausomyb\u0117. Ant m\u016bs\u0173 tautos laisv\u0117s aukuro buvo paaukota daug \u017emoni\u0173 gyvybi\u0173, i\u0161k\u0119sta pa\u017eeminim\u0173, kal\u0117jim\u0173, tr\u0117mim\u0173, persekiojim\u0173. Vasario 16 dienos aktas yra mums ypatingai brangus ne tik d\u0117l to, kad jis skelbia Lietuvos nepriklausomyb\u0119, bet kad tai yra dr\u0105sus, savaranki\u0161kas vieningos tautos \u017eygis, kuris, kaip matome, pasiek\u0117 tiksl\u0105\u201c.<br>\u0160ventin\u012f koncert\u0105 \u201eM\u016bs\u0173 \u017eem\u0117 \u2013 Lietuva\u201c, raubonie\u010diams dovanojo \u017dilpam\u016b\u0161io kult\u016bros nam\u0173 saviveiklininkai. Netr\u016bko eili\u0173, linksm\u0173 pasakojim\u0173, skambi\u0173 dain\u0173, gra\u017ei\u0173 melodij\u0173, tranki\u0173 polk\u0173 ir lyri\u0161k\u0173 vals\u0173.\u00a0<br><br><\/p>","protected":false},"excerpt":{"rendered":"<p>Pad\u0117kos vakaras \u0160ventini\u0173 rengini\u0173 cikl\u0105 u\u017ebaig\u0117 tradicinis pad\u0117kos vakaras, organizuojamas jau ketvirt\u0105j\u012f kart\u0105. \u017dmon\u0117s tyliai daro didesnius ir ma\u017eesnius gerus darbus, u\u017e tai nepra\u0161ydami jokio atlygio. Ta\u010diau jie nelieka nepasteb\u0117ti, o met\u0173 sand\u016bra pats tinkamas laikas u\u017e juos pad\u0117koti. D\u017eiaugiam\u0117s, kad kaimo gyventojai vis aktyviau ir dr\u0105siau \u012fsijungia \u012f \u0161i\u0105 akcij\u0105 bei pasteb\u0117j\u0119 gra\u017eius ir [&hellip;]<\/p>\n","protected":false},"author":1,"featured_media":0,"parent":0,"menu_order":0,"comment_status":"closed","ping_status":"closed","template":"","meta":{"cybocfi_hide_featured_image":"","footnotes":""},"class_list":["post-438","page","type-page","status-publish","hentry"],"yoast_head":"<!-- This site is optimized with the Yoast SEO plugin v27.0 - https:\/\/yoast.com\/product\/yoast-seo-wordpress\/ -->\n<title>Bendruomenes renginiai | 2013 m. - Rauboni\u0173 bendruomen\u0117 ir kult\u016bros namai<\/title>\n<meta name=\"robots\" content=\"index, follow, max-snippet:-1, max-image-preview:large, max-video-preview:-1\" \/>\n<link rel=\"canonical\" href=\"https:\/\/raubonys.lt\/en\/bendruomenes-renginiai-2013\/\" \/>\n<meta property=\"og:locale\" content=\"en_GB\" \/>\n<meta property=\"og:type\" content=\"article\" \/>\n<meta property=\"og:title\" content=\"Bendruomenes renginiai | 2013 m. - Rauboni\u0173 bendruomen\u0117 ir kult\u016bros namai\" \/>\n<meta property=\"og:description\" content=\"Pad\u0117kos vakaras \u0160ventini\u0173 rengini\u0173 cikl\u0105 u\u017ebaig\u0117 tradicinis pad\u0117kos vakaras, organizuojamas jau ketvirt\u0105j\u012f kart\u0105. \u017dmon\u0117s tyliai daro didesnius ir ma\u017eesnius gerus darbus, u\u017e tai nepra\u0161ydami jokio atlygio. Ta\u010diau jie nelieka nepasteb\u0117ti, o met\u0173 sand\u016bra pats tinkamas laikas u\u017e juos pad\u0117koti. D\u017eiaugiam\u0117s, kad kaimo gyventojai vis aktyviau ir dr\u0105siau \u012fsijungia \u012f \u0161i\u0105 akcij\u0105 bei pasteb\u0117j\u0119 gra\u017eius ir [&hellip;]\" \/>\n<meta property=\"og:url\" content=\"https:\/\/raubonys.lt\/en\/bendruomenes-renginiai-2013\/\" \/>\n<meta property=\"og:site_name\" content=\"Rauboni\u0173 bendruomen\u0117 ir kult\u016bros namai\" \/>\n<meta property=\"article:publisher\" content=\"https:\/\/www.facebook.com\/raubonys\/\" \/>\n<meta property=\"article:modified_time\" content=\"2023-11-06T21:32:18+00:00\" \/>\n<meta property=\"og:image\" content=\"https:\/\/raubonys.lt\/wp-content\/uploads\/2023\/10\/DJI_0306-1024x576.png\" \/>\n\t<meta property=\"og:image:width\" content=\"1024\" \/>\n\t<meta property=\"og:image:height\" content=\"576\" \/>\n\t<meta property=\"og:image:type\" content=\"image\/png\" \/>\n<meta name=\"twitter:card\" content=\"summary_large_image\" \/>\n<meta name=\"twitter:label1\" content=\"Estimated reading time\" \/>\n\t<meta name=\"twitter:data1\" content=\"5 minutes\" \/>\n<script type=\"application\/ld+json\" class=\"yoast-schema-graph\">{\"@context\":\"https:\/\/schema.org\",\"@graph\":[{\"@type\":\"WebPage\",\"@id\":\"https:\/\/raubonys.lt\/bendruomenes-renginiai-2013\/\",\"url\":\"https:\/\/raubonys.lt\/bendruomenes-renginiai-2013\/\",\"name\":\"Bendruomenes renginiai | 2013 m. - Rauboni\u0173 bendruomen\u0117 ir kult\u016bros namai\",\"isPartOf\":{\"@id\":\"https:\/\/raubonys.lt\/#website\"},\"datePublished\":\"2019-10-30T07:46:42+00:00\",\"dateModified\":\"2023-11-06T21:32:18+00:00\",\"breadcrumb\":{\"@id\":\"https:\/\/raubonys.lt\/bendruomenes-renginiai-2013\/#breadcrumb\"},\"inLanguage\":\"en-GB\",\"potentialAction\":[{\"@type\":\"ReadAction\",\"target\":[\"https:\/\/raubonys.lt\/bendruomenes-renginiai-2013\/\"]}]},{\"@type\":\"BreadcrumbList\",\"@id\":\"https:\/\/raubonys.lt\/bendruomenes-renginiai-2013\/#breadcrumb\",\"itemListElement\":[{\"@type\":\"ListItem\",\"position\":1,\"name\":\"Prad\u017eia\",\"item\":\"https:\/\/raubonys.lt\/\"},{\"@type\":\"ListItem\",\"position\":2,\"name\":\"Bendruomenes renginiai | 2013 m.\"}]},{\"@type\":\"WebSite\",\"@id\":\"https:\/\/raubonys.lt\/#website\",\"url\":\"https:\/\/raubonys.lt\/\",\"name\":\"Rauboni\u0173 bendruomen\u0117 ir kult\u016bros namai\",\"description\":\"Raubonys.lt\",\"publisher\":{\"@id\":\"https:\/\/raubonys.lt\/#organization\"},\"alternateName\":\"Raubonys.lt\",\"potentialAction\":[{\"@type\":\"SearchAction\",\"target\":{\"@type\":\"EntryPoint\",\"urlTemplate\":\"https:\/\/raubonys.lt\/?s={search_term_string}\"},\"query-input\":{\"@type\":\"PropertyValueSpecification\",\"valueRequired\":true,\"valueName\":\"search_term_string\"}}],\"inLanguage\":\"en-GB\"},{\"@type\":\"Organization\",\"@id\":\"https:\/\/raubonys.lt\/#organization\",\"name\":\"Raubonys.lt\",\"url\":\"https:\/\/raubonys.lt\/\",\"logo\":{\"@type\":\"ImageObject\",\"inLanguage\":\"en-GB\",\"@id\":\"https:\/\/raubonys.lt\/#\/schema\/logo\/image\/\",\"url\":\"https:\/\/raubonys.lt\/wp-content\/uploads\/2023\/10\/raubonys.lt_logo_black.png\",\"contentUrl\":\"https:\/\/raubonys.lt\/wp-content\/uploads\/2023\/10\/raubonys.lt_logo_black.png\",\"width\":3508,\"height\":931,\"caption\":\"Raubonys.lt\"},\"image\":{\"@id\":\"https:\/\/raubonys.lt\/#\/schema\/logo\/image\/\"},\"sameAs\":[\"https:\/\/www.facebook.com\/raubonys\/\"]}]}<\/script>\n<!-- \/ Yoast SEO plugin. -->","yoast_head_json":{"title":"Bendruomenes renginiai | 2013 m. - Rauboni\u0173 bendruomen\u0117 ir kult\u016bros namai","robots":{"index":"index","follow":"follow","max-snippet":"max-snippet:-1","max-image-preview":"max-image-preview:large","max-video-preview":"max-video-preview:-1"},"canonical":"https:\/\/raubonys.lt\/en\/bendruomenes-renginiai-2013\/","og_locale":"en_GB","og_type":"article","og_title":"Bendruomenes renginiai | 2013 m. - Rauboni\u0173 bendruomen\u0117 ir kult\u016bros namai","og_description":"Pad\u0117kos vakaras \u0160ventini\u0173 rengini\u0173 cikl\u0105 u\u017ebaig\u0117 tradicinis pad\u0117kos vakaras, organizuojamas jau ketvirt\u0105j\u012f kart\u0105. \u017dmon\u0117s tyliai daro didesnius ir ma\u017eesnius gerus darbus, u\u017e tai nepra\u0161ydami jokio atlygio. Ta\u010diau jie nelieka nepasteb\u0117ti, o met\u0173 sand\u016bra pats tinkamas laikas u\u017e juos pad\u0117koti. D\u017eiaugiam\u0117s, kad kaimo gyventojai vis aktyviau ir dr\u0105siau \u012fsijungia \u012f \u0161i\u0105 akcij\u0105 bei pasteb\u0117j\u0119 gra\u017eius ir [&hellip;]","og_url":"https:\/\/raubonys.lt\/en\/bendruomenes-renginiai-2013\/","og_site_name":"Rauboni\u0173 bendruomen\u0117 ir kult\u016bros namai","article_publisher":"https:\/\/www.facebook.com\/raubonys\/","article_modified_time":"2023-11-06T21:32:18+00:00","og_image":[{"width":1024,"height":576,"url":"https:\/\/raubonys.lt\/wp-content\/uploads\/2023\/10\/DJI_0306-1024x576.png","type":"image\/png"}],"twitter_card":"summary_large_image","twitter_misc":{"Estimated reading time":"5 minutes"},"schema":{"@context":"https:\/\/schema.org","@graph":[{"@type":"WebPage","@id":"https:\/\/raubonys.lt\/bendruomenes-renginiai-2013\/","url":"https:\/\/raubonys.lt\/bendruomenes-renginiai-2013\/","name":"Bendruomenes renginiai | 2013 m. - Rauboni\u0173 bendruomen\u0117 ir kult\u016bros namai","isPartOf":{"@id":"https:\/\/raubonys.lt\/#website"},"datePublished":"2019-10-30T07:46:42+00:00","dateModified":"2023-11-06T21:32:18+00:00","breadcrumb":{"@id":"https:\/\/raubonys.lt\/bendruomenes-renginiai-2013\/#breadcrumb"},"inLanguage":"en-GB","potentialAction":[{"@type":"ReadAction","target":["https:\/\/raubonys.lt\/bendruomenes-renginiai-2013\/"]}]},{"@type":"BreadcrumbList","@id":"https:\/\/raubonys.lt\/bendruomenes-renginiai-2013\/#breadcrumb","itemListElement":[{"@type":"ListItem","position":1,"name":"Prad\u017eia","item":"https:\/\/raubonys.lt\/"},{"@type":"ListItem","position":2,"name":"Bendruomenes renginiai | 2013 m."}]},{"@type":"WebSite","@id":"https:\/\/raubonys.lt\/#website","url":"https:\/\/raubonys.lt\/","name":"Rauboni\u0173 bendruomen\u0117 ir kult\u016bros namai","description":"Raubonys.lt","publisher":{"@id":"https:\/\/raubonys.lt\/#organization"},"alternateName":"Raubonys.lt","potentialAction":[{"@type":"SearchAction","target":{"@type":"EntryPoint","urlTemplate":"https:\/\/raubonys.lt\/?s={search_term_string}"},"query-input":{"@type":"PropertyValueSpecification","valueRequired":true,"valueName":"search_term_string"}}],"inLanguage":"en-GB"},{"@type":"Organization","@id":"https:\/\/raubonys.lt\/#organization","name":"Raubonys.lt","url":"https:\/\/raubonys.lt\/","logo":{"@type":"ImageObject","inLanguage":"en-GB","@id":"https:\/\/raubonys.lt\/#\/schema\/logo\/image\/","url":"https:\/\/raubonys.lt\/wp-content\/uploads\/2023\/10\/raubonys.lt_logo_black.png","contentUrl":"https:\/\/raubonys.lt\/wp-content\/uploads\/2023\/10\/raubonys.lt_logo_black.png","width":3508,"height":931,"caption":"Raubonys.lt"},"image":{"@id":"https:\/\/raubonys.lt\/#\/schema\/logo\/image\/"},"sameAs":["https:\/\/www.facebook.com\/raubonys\/"]}]}},"_links":{"self":[{"href":"https:\/\/raubonys.lt\/en\/wp-json\/wp\/v2\/pages\/438","targetHints":{"allow":["GET"]}}],"collection":[{"href":"https:\/\/raubonys.lt\/en\/wp-json\/wp\/v2\/pages"}],"about":[{"href":"https:\/\/raubonys.lt\/en\/wp-json\/wp\/v2\/types\/page"}],"author":[{"embeddable":true,"href":"https:\/\/raubonys.lt\/en\/wp-json\/wp\/v2\/users\/1"}],"replies":[{"embeddable":true,"href":"https:\/\/raubonys.lt\/en\/wp-json\/wp\/v2\/comments?post=438"}],"version-history":[{"count":0,"href":"https:\/\/raubonys.lt\/en\/wp-json\/wp\/v2\/pages\/438\/revisions"}],"wp:attachment":[{"href":"https:\/\/raubonys.lt\/en\/wp-json\/wp\/v2\/media?parent=438"}],"curies":[{"name":"wp","href":"https:\/\/api.w.org\/{rel}","templated":true}]}}