{"id":444,"date":"2019-10-30T07:47:37","date_gmt":"2019-10-30T07:47:37","guid":{"rendered":"http:\/\/raubonys.lt\/?page_id=444"},"modified":"2023-11-06T21:44:37","modified_gmt":"2023-11-06T21:44:37","slug":"bendruomenes-renginiai-2015","status":"publish","type":"page","link":"https:\/\/raubonys.lt\/en\/bendruomenes-renginiai-2015\/","title":{"rendered":"Bendruomen\u0117s renginiai | 2015 m."},"content":{"rendered":"<p class=\"has-text-align-center\"><strong>Kal\u0117diniai renginiai<\/strong><\/p>\n\n\n\n<p>Inger Bekkevik lyg gerasis art\u0117jan\u010di\u0173 \u0161ven\u010di\u0173 prana\u0161as m\u016bs\u0173 kaim\u0105 \u0161iemet aplank\u0117 gruod\u017eio 11 dien\u0105 ir visiems atne\u0161\u0117 d\u017eiugi\u0105 \u0161v. Kal\u0117d\u0173 laukimo dvasi\u0105. Tai jau \u0161e\u0161tasis gerosios m\u016bs\u0173 bi\u010diul\u0117s Kal\u0117dinis vizitas su dovanomis pas kaimo vaiku\u010dius. \u0160iemet ponia Inger lydima pasvalie\u010dio Ar\u016bno Gru\u0161o atvyko kartu su savo pagalbininkais Osmund Kroken ir Jorge Havn. Jie vaiku\u010diams atve\u017e\u0117 ir i\u0161dalino vir\u0161 40 dovan\u0117li\u0173.<\/p>\n\n\n\n<figure class=\"wp-block-image size-full\"><img fetchpriority=\"high\" decoding=\"async\" width=\"960\" height=\"640\" src=\"https:\/\/raubonys.lt\/wp-content\/uploads\/2023\/11\/11225249_450162028506020_2506711526810562187_n.webp\" alt=\"\" class=\"wp-image-9838\" srcset=\"https:\/\/raubonys.lt\/wp-content\/uploads\/2023\/11\/11225249_450162028506020_2506711526810562187_n.webp 960w, https:\/\/raubonys.lt\/wp-content\/uploads\/2023\/11\/11225249_450162028506020_2506711526810562187_n-300x200.webp 300w, https:\/\/raubonys.lt\/wp-content\/uploads\/2023\/11\/11225249_450162028506020_2506711526810562187_n-768x512.webp 768w, https:\/\/raubonys.lt\/wp-content\/uploads\/2023\/11\/11225249_450162028506020_2506711526810562187_n-391x260.webp 391w, https:\/\/raubonys.lt\/wp-content\/uploads\/2023\/11\/11225249_450162028506020_2506711526810562187_n-350x233.webp 350w, https:\/\/raubonys.lt\/wp-content\/uploads\/2023\/11\/11225249_450162028506020_2506711526810562187_n-370x247.webp 370w, https:\/\/raubonys.lt\/wp-content\/uploads\/2023\/11\/11225249_450162028506020_2506711526810562187_n-255x170.webp 255w, https:\/\/raubonys.lt\/wp-content\/uploads\/2023\/11\/11225249_450162028506020_2506711526810562187_n-285x190.webp 285w, https:\/\/raubonys.lt\/wp-content\/uploads\/2023\/11\/11225249_450162028506020_2506711526810562187_n-600x400.webp 600w, https:\/\/raubonys.lt\/wp-content\/uploads\/2023\/11\/11225249_450162028506020_2506711526810562187_n-560x373.webp 560w\" sizes=\"(max-width: 960px) 100vw, 960px\" \/><\/figure>\n\n\n\n<p>Vaikai sve\u010dius prad\u017eiugino \u0161ventiniu koncertu \u201ePaklydusios pasakos\u201c, kur\u012f pareng\u0117 kartu su kult\u016bros darbuotojomis.<\/p>\n\n\n\n<figure class=\"wp-block-image size-full\"><img decoding=\"async\" width=\"960\" height=\"640\" src=\"https:\/\/raubonys.lt\/wp-content\/uploads\/2023\/11\/11140278_450162171839339_8435293601120430865_n.webp\" alt=\"\" class=\"wp-image-9837\" srcset=\"https:\/\/raubonys.lt\/wp-content\/uploads\/2023\/11\/11140278_450162171839339_8435293601120430865_n.webp 960w, https:\/\/raubonys.lt\/wp-content\/uploads\/2023\/11\/11140278_450162171839339_8435293601120430865_n-300x200.webp 300w, https:\/\/raubonys.lt\/wp-content\/uploads\/2023\/11\/11140278_450162171839339_8435293601120430865_n-768x512.webp 768w, https:\/\/raubonys.lt\/wp-content\/uploads\/2023\/11\/11140278_450162171839339_8435293601120430865_n-391x260.webp 391w, https:\/\/raubonys.lt\/wp-content\/uploads\/2023\/11\/11140278_450162171839339_8435293601120430865_n-350x233.webp 350w, https:\/\/raubonys.lt\/wp-content\/uploads\/2023\/11\/11140278_450162171839339_8435293601120430865_n-370x247.webp 370w, https:\/\/raubonys.lt\/wp-content\/uploads\/2023\/11\/11140278_450162171839339_8435293601120430865_n-255x170.webp 255w, https:\/\/raubonys.lt\/wp-content\/uploads\/2023\/11\/11140278_450162171839339_8435293601120430865_n-285x190.webp 285w, https:\/\/raubonys.lt\/wp-content\/uploads\/2023\/11\/11140278_450162171839339_8435293601120430865_n-600x400.webp 600w, https:\/\/raubonys.lt\/wp-content\/uploads\/2023\/11\/11140278_450162171839339_8435293601120430865_n-560x373.webp 560w\" sizes=\"(max-width: 960px) 100vw, 960px\" \/><\/figure>\n\n\n\n<p>\u0160ventini\u0173 rengini\u0173 cikl\u0105 prat\u0119s\u0117 eglut\u0117s \u012f\u017eiebimas ir ma\u017e\u0173j\u0173 raubonie\u010di\u0173 susitikimas su Kal\u0117d\u0173 seneliu, kuris \u0161iemet buvo ypa\u010d dosnus ir i\u0161dalino 45 dovan\u0117les kaimo bendruomen\u0117s nari\u0173 vaiku\u010diams. Vaikai \u0161iuo susitikimu labai d\u017eiaug\u0117si, ir nors sve\u010dias \u0161iek tiek v\u0117lavo, kantriai lauk\u0117. Jam pasirod\u017eius linksmai leido laik\u0105, visi draugi\u0161kai k\u016br\u0117 stebukling\u0105 pasak\u0105, \u017eaid\u0117, \u0161oko. \u0160ventin\u0119 nuotaik\u0105 dovanojo su Kal\u0117d\u0173 seneliu atvykusios dvi Snieguol\u0117s. J\u0173 skambios dainos d\u017eiugino vaiku\u010dius ir j\u0173 t\u0117velius.<\/p>\n\n\n\n<figure class=\"wp-block-image size-full\"><img decoding=\"async\" width=\"960\" height=\"640\" src=\"https:\/\/raubonys.lt\/wp-content\/uploads\/2023\/11\/944025_450162545172635_8409351923010916500_n.webp\" alt=\"\" class=\"wp-image-9836\" srcset=\"https:\/\/raubonys.lt\/wp-content\/uploads\/2023\/11\/944025_450162545172635_8409351923010916500_n.webp 960w, https:\/\/raubonys.lt\/wp-content\/uploads\/2023\/11\/944025_450162545172635_8409351923010916500_n-300x200.webp 300w, https:\/\/raubonys.lt\/wp-content\/uploads\/2023\/11\/944025_450162545172635_8409351923010916500_n-768x512.webp 768w, https:\/\/raubonys.lt\/wp-content\/uploads\/2023\/11\/944025_450162545172635_8409351923010916500_n-391x260.webp 391w, https:\/\/raubonys.lt\/wp-content\/uploads\/2023\/11\/944025_450162545172635_8409351923010916500_n-350x233.webp 350w, https:\/\/raubonys.lt\/wp-content\/uploads\/2023\/11\/944025_450162545172635_8409351923010916500_n-370x247.webp 370w, https:\/\/raubonys.lt\/wp-content\/uploads\/2023\/11\/944025_450162545172635_8409351923010916500_n-255x170.webp 255w, https:\/\/raubonys.lt\/wp-content\/uploads\/2023\/11\/944025_450162545172635_8409351923010916500_n-285x190.webp 285w, https:\/\/raubonys.lt\/wp-content\/uploads\/2023\/11\/944025_450162545172635_8409351923010916500_n-600x400.webp 600w, https:\/\/raubonys.lt\/wp-content\/uploads\/2023\/11\/944025_450162545172635_8409351923010916500_n-560x373.webp 560w\" sizes=\"(max-width: 960px) 100vw, 960px\" \/><\/figure>\n\n\n\n<figure class=\"wp-block-image size-full\"><img loading=\"lazy\" decoding=\"async\" width=\"960\" height=\"640\" src=\"https:\/\/raubonys.lt\/wp-content\/uploads\/2023\/11\/12005_450162481839308_5101315176654462783_n.webp\" alt=\"\" class=\"wp-image-9835\" srcset=\"https:\/\/raubonys.lt\/wp-content\/uploads\/2023\/11\/12005_450162481839308_5101315176654462783_n.webp 960w, https:\/\/raubonys.lt\/wp-content\/uploads\/2023\/11\/12005_450162481839308_5101315176654462783_n-300x200.webp 300w, https:\/\/raubonys.lt\/wp-content\/uploads\/2023\/11\/12005_450162481839308_5101315176654462783_n-768x512.webp 768w, https:\/\/raubonys.lt\/wp-content\/uploads\/2023\/11\/12005_450162481839308_5101315176654462783_n-391x260.webp 391w, https:\/\/raubonys.lt\/wp-content\/uploads\/2023\/11\/12005_450162481839308_5101315176654462783_n-350x233.webp 350w, https:\/\/raubonys.lt\/wp-content\/uploads\/2023\/11\/12005_450162481839308_5101315176654462783_n-370x247.webp 370w, https:\/\/raubonys.lt\/wp-content\/uploads\/2023\/11\/12005_450162481839308_5101315176654462783_n-255x170.webp 255w, https:\/\/raubonys.lt\/wp-content\/uploads\/2023\/11\/12005_450162481839308_5101315176654462783_n-285x190.webp 285w, https:\/\/raubonys.lt\/wp-content\/uploads\/2023\/11\/12005_450162481839308_5101315176654462783_n-600x400.webp 600w, https:\/\/raubonys.lt\/wp-content\/uploads\/2023\/11\/12005_450162481839308_5101315176654462783_n-560x373.webp 560w\" sizes=\"(max-width: 960px) 100vw, 960px\" \/><\/figure>\n\n\n\n<p>Kal\u0117din\u012f koncert\u0105 raubonie\u010diai dovanojo ir Pasvalio seneli\u0173 nam\u0173 gyventojams. Dainomis, gra\u017eiais posmais ir \u0161maik\u0161\u010diais pasakojimais nud\u017eiugino ten gyvenan\u010dius \u017emones. Jie negail\u0117jo plojim\u0173, dainavo kartu su saviveiklininkais.<\/p>\n\n\n\n<hr class=\"wp-block-separator has-alpha-channel-opacity is-style-dots\"\/>\n\n\n\n<p class=\"has-text-align-center\"><strong>Pad\u0117kos vakaras \u201eMetai metams tiesia rank\u0105\u201c<\/strong><\/p>\n\n\n\n<p>Met\u0173 pabaigoje raubonie\u010diai buvo pakviesti \u012f tradicin\u012f pad\u0117kos vakar\u0105 \u201eMetai metams tiesia rank\u0105\u201c. \u0160iemet buvo i\u0161dalintos keturios pad\u0117kos: Birutei Simsonienei ir Albinai Gela\u017eienei u\u017e pasiaukojim\u0105 ir nuo\u0161ird\u0173 r\u016bpinim\u0105si vieni\u0161u \u017emogumi, kuris ilg\u0105 laik\u0105 gyveno stokodamas globos, pagalbos, \u017emogi\u0161kos u\u017euojautos. Moterys pasteb\u0117jo jo b\u0117d\u0105 ir \u0117m\u0117si jam pad\u0117ti. Pasitelkusios \u012f pagalb\u0105 savo vyrus, sutvark\u0117 apleistus namus: kiaurus langus, duris, i\u0161da\u017e\u0117 sienas, \u012freng\u0117 voni\u0105, pasir\u016bpino r\u016bbais, patalyne, nam\u0173 apyvokos daiktais. Dabar \u0161is \u017emogus viskuo apr\u016bpintas, sutvarkyta jo buitis ir gyvenimo s\u0105lygos.\u00a0<br>Tre\u010dioji pad\u0117ka skirta Rauboni\u0173 daugiafunkcio centro vadovei Kristinai Kondrotienei u\u017e tai, kad ji nuo\u0161ird\u017eiai dirba su vaikais, puikiai randa bendr\u0105 kalb\u0105 su jais, moko juos k\u016brybi\u0161kumo, gra\u017eaus bendravimo.<br>Ketvirtoji pad\u0117ka \u012fteikta Eimu\u010diui Bartkevi\u010diui, kuris pirmasis atskub\u0117jo \u012f pagalb\u0105 \u017emogui susi\u017eeidus. Eimutis \u2013 \u017emogus, kuris turi ger\u0105, jautri\u0105 \u0161ird\u012f. Jis kitiems padeda neraginamas, pastebi jei kam reikia pagalbos ir visuomet atskuba pad\u0117ti.<br><br>Visiems susirinkusiems \u0161ventin\u012f koncert\u0105 parod\u0117 Rauboni\u0173 kult\u016bros nam\u0173 saviveiklininkai.\u00a0<br><br>Vis\u0105 advento ir Kal\u0117din\u012f laikotarp\u012f visus d\u017eiugino daugiafunkcio centro vaik\u0173 ir j\u0173 vadov\u0117s parengta gausi stilizuot\u0173 eglu\u010di\u0173 paroda.<\/p>","protected":false},"excerpt":{"rendered":"<p>Kal\u0117diniai renginiai Inger Bekkevik lyg gerasis art\u0117jan\u010di\u0173 \u0161ven\u010di\u0173 prana\u0161as m\u016bs\u0173 kaim\u0105 \u0161iemet aplank\u0117 gruod\u017eio 11 dien\u0105 ir visiems atne\u0161\u0117 d\u017eiugi\u0105 \u0161v. Kal\u0117d\u0173 laukimo dvasi\u0105. Tai jau \u0161e\u0161tasis gerosios m\u016bs\u0173 bi\u010diul\u0117s Kal\u0117dinis vizitas su dovanomis pas kaimo vaiku\u010dius. \u0160iemet ponia Inger lydima pasvalie\u010dio Ar\u016bno Gru\u0161o atvyko kartu su savo pagalbininkais Osmund Kroken ir Jorge Havn. Jie [&hellip;]<\/p>\n","protected":false},"author":1,"featured_media":0,"parent":0,"menu_order":0,"comment_status":"closed","ping_status":"closed","template":"","meta":{"cybocfi_hide_featured_image":"","footnotes":""},"class_list":["post-444","page","type-page","status-publish","hentry"],"yoast_head":"<!-- This site is optimized with the Yoast SEO plugin v27.0 - https:\/\/yoast.com\/product\/yoast-seo-wordpress\/ -->\n<title>Bendruomen\u0117s renginiai | 2015 m. - Rauboni\u0173 bendruomen\u0117 ir kult\u016bros namai<\/title>\n<meta name=\"robots\" content=\"index, follow, max-snippet:-1, max-image-preview:large, max-video-preview:-1\" \/>\n<link rel=\"canonical\" href=\"https:\/\/raubonys.lt\/en\/bendruomenes-renginiai-2015\/\" \/>\n<meta property=\"og:locale\" content=\"en_GB\" \/>\n<meta property=\"og:type\" content=\"article\" \/>\n<meta property=\"og:title\" content=\"Bendruomen\u0117s renginiai | 2015 m. - Rauboni\u0173 bendruomen\u0117 ir kult\u016bros namai\" \/>\n<meta property=\"og:description\" content=\"Kal\u0117diniai renginiai Inger Bekkevik lyg gerasis art\u0117jan\u010di\u0173 \u0161ven\u010di\u0173 prana\u0161as m\u016bs\u0173 kaim\u0105 \u0161iemet aplank\u0117 gruod\u017eio 11 dien\u0105 ir visiems atne\u0161\u0117 d\u017eiugi\u0105 \u0161v. Kal\u0117d\u0173 laukimo dvasi\u0105. Tai jau \u0161e\u0161tasis gerosios m\u016bs\u0173 bi\u010diul\u0117s Kal\u0117dinis vizitas su dovanomis pas kaimo vaiku\u010dius. \u0160iemet ponia Inger lydima pasvalie\u010dio Ar\u016bno Gru\u0161o atvyko kartu su savo pagalbininkais Osmund Kroken ir Jorge Havn. Jie [&hellip;]\" \/>\n<meta property=\"og:url\" content=\"https:\/\/raubonys.lt\/en\/bendruomenes-renginiai-2015\/\" \/>\n<meta property=\"og:site_name\" content=\"Rauboni\u0173 bendruomen\u0117 ir kult\u016bros namai\" \/>\n<meta property=\"article:publisher\" content=\"https:\/\/www.facebook.com\/raubonys\/\" \/>\n<meta property=\"article:modified_time\" content=\"2023-11-06T21:44:37+00:00\" \/>\n<meta property=\"og:image\" content=\"https:\/\/raubonys.lt\/wp-content\/uploads\/2023\/11\/11225249_450162028506020_2506711526810562187_n.webp\" \/>\n<meta name=\"twitter:card\" content=\"summary_large_image\" \/>\n<meta name=\"twitter:label1\" content=\"Estimated reading time\" \/>\n\t<meta name=\"twitter:data1\" content=\"2 minutes\" \/>\n<script type=\"application\/ld+json\" class=\"yoast-schema-graph\">{\"@context\":\"https:\/\/schema.org\",\"@graph\":[{\"@type\":\"WebPage\",\"@id\":\"https:\/\/raubonys.lt\/bendruomenes-renginiai-2015\/\",\"url\":\"https:\/\/raubonys.lt\/bendruomenes-renginiai-2015\/\",\"name\":\"Bendruomen\u0117s renginiai | 2015 m. - Rauboni\u0173 bendruomen\u0117 ir kult\u016bros namai\",\"isPartOf\":{\"@id\":\"https:\/\/raubonys.lt\/#website\"},\"primaryImageOfPage\":{\"@id\":\"https:\/\/raubonys.lt\/bendruomenes-renginiai-2015\/#primaryimage\"},\"image\":{\"@id\":\"https:\/\/raubonys.lt\/bendruomenes-renginiai-2015\/#primaryimage\"},\"thumbnailUrl\":\"https:\/\/raubonys.lt\/wp-content\/uploads\/2023\/11\/11225249_450162028506020_2506711526810562187_n.webp\",\"datePublished\":\"2019-10-30T07:47:37+00:00\",\"dateModified\":\"2023-11-06T21:44:37+00:00\",\"breadcrumb\":{\"@id\":\"https:\/\/raubonys.lt\/bendruomenes-renginiai-2015\/#breadcrumb\"},\"inLanguage\":\"en-GB\",\"potentialAction\":[{\"@type\":\"ReadAction\",\"target\":[\"https:\/\/raubonys.lt\/bendruomenes-renginiai-2015\/\"]}]},{\"@type\":\"ImageObject\",\"inLanguage\":\"en-GB\",\"@id\":\"https:\/\/raubonys.lt\/bendruomenes-renginiai-2015\/#primaryimage\",\"url\":\"https:\/\/raubonys.lt\/wp-content\/uploads\/2023\/11\/11225249_450162028506020_2506711526810562187_n.webp\",\"contentUrl\":\"https:\/\/raubonys.lt\/wp-content\/uploads\/2023\/11\/11225249_450162028506020_2506711526810562187_n.webp\"},{\"@type\":\"BreadcrumbList\",\"@id\":\"https:\/\/raubonys.lt\/bendruomenes-renginiai-2015\/#breadcrumb\",\"itemListElement\":[{\"@type\":\"ListItem\",\"position\":1,\"name\":\"Prad\u017eia\",\"item\":\"https:\/\/raubonys.lt\/\"},{\"@type\":\"ListItem\",\"position\":2,\"name\":\"Bendruomen\u0117s renginiai | 2015 m.\"}]},{\"@type\":\"WebSite\",\"@id\":\"https:\/\/raubonys.lt\/#website\",\"url\":\"https:\/\/raubonys.lt\/\",\"name\":\"Rauboni\u0173 bendruomen\u0117 ir kult\u016bros namai\",\"description\":\"Raubonys.lt\",\"publisher\":{\"@id\":\"https:\/\/raubonys.lt\/#organization\"},\"alternateName\":\"Raubonys.lt\",\"potentialAction\":[{\"@type\":\"SearchAction\",\"target\":{\"@type\":\"EntryPoint\",\"urlTemplate\":\"https:\/\/raubonys.lt\/?s={search_term_string}\"},\"query-input\":{\"@type\":\"PropertyValueSpecification\",\"valueRequired\":true,\"valueName\":\"search_term_string\"}}],\"inLanguage\":\"en-GB\"},{\"@type\":\"Organization\",\"@id\":\"https:\/\/raubonys.lt\/#organization\",\"name\":\"Raubonys.lt\",\"url\":\"https:\/\/raubonys.lt\/\",\"logo\":{\"@type\":\"ImageObject\",\"inLanguage\":\"en-GB\",\"@id\":\"https:\/\/raubonys.lt\/#\/schema\/logo\/image\/\",\"url\":\"https:\/\/raubonys.lt\/wp-content\/uploads\/2023\/10\/raubonys.lt_logo_black.png\",\"contentUrl\":\"https:\/\/raubonys.lt\/wp-content\/uploads\/2023\/10\/raubonys.lt_logo_black.png\",\"width\":3508,\"height\":931,\"caption\":\"Raubonys.lt\"},\"image\":{\"@id\":\"https:\/\/raubonys.lt\/#\/schema\/logo\/image\/\"},\"sameAs\":[\"https:\/\/www.facebook.com\/raubonys\/\"]}]}<\/script>\n<!-- \/ Yoast SEO plugin. -->","yoast_head_json":{"title":"Bendruomen\u0117s renginiai | 2015 m. - Rauboni\u0173 bendruomen\u0117 ir kult\u016bros namai","robots":{"index":"index","follow":"follow","max-snippet":"max-snippet:-1","max-image-preview":"max-image-preview:large","max-video-preview":"max-video-preview:-1"},"canonical":"https:\/\/raubonys.lt\/en\/bendruomenes-renginiai-2015\/","og_locale":"en_GB","og_type":"article","og_title":"Bendruomen\u0117s renginiai | 2015 m. - Rauboni\u0173 bendruomen\u0117 ir kult\u016bros namai","og_description":"Kal\u0117diniai renginiai Inger Bekkevik lyg gerasis art\u0117jan\u010di\u0173 \u0161ven\u010di\u0173 prana\u0161as m\u016bs\u0173 kaim\u0105 \u0161iemet aplank\u0117 gruod\u017eio 11 dien\u0105 ir visiems atne\u0161\u0117 d\u017eiugi\u0105 \u0161v. Kal\u0117d\u0173 laukimo dvasi\u0105. Tai jau \u0161e\u0161tasis gerosios m\u016bs\u0173 bi\u010diul\u0117s Kal\u0117dinis vizitas su dovanomis pas kaimo vaiku\u010dius. \u0160iemet ponia Inger lydima pasvalie\u010dio Ar\u016bno Gru\u0161o atvyko kartu su savo pagalbininkais Osmund Kroken ir Jorge Havn. Jie [&hellip;]","og_url":"https:\/\/raubonys.lt\/en\/bendruomenes-renginiai-2015\/","og_site_name":"Rauboni\u0173 bendruomen\u0117 ir kult\u016bros namai","article_publisher":"https:\/\/www.facebook.com\/raubonys\/","article_modified_time":"2023-11-06T21:44:37+00:00","og_image":[{"url":"https:\/\/raubonys.lt\/wp-content\/uploads\/2023\/11\/11225249_450162028506020_2506711526810562187_n.webp","type":"","width":"","height":""}],"twitter_card":"summary_large_image","twitter_misc":{"Estimated reading time":"2 minutes"},"schema":{"@context":"https:\/\/schema.org","@graph":[{"@type":"WebPage","@id":"https:\/\/raubonys.lt\/bendruomenes-renginiai-2015\/","url":"https:\/\/raubonys.lt\/bendruomenes-renginiai-2015\/","name":"Bendruomen\u0117s renginiai | 2015 m. - Rauboni\u0173 bendruomen\u0117 ir kult\u016bros namai","isPartOf":{"@id":"https:\/\/raubonys.lt\/#website"},"primaryImageOfPage":{"@id":"https:\/\/raubonys.lt\/bendruomenes-renginiai-2015\/#primaryimage"},"image":{"@id":"https:\/\/raubonys.lt\/bendruomenes-renginiai-2015\/#primaryimage"},"thumbnailUrl":"https:\/\/raubonys.lt\/wp-content\/uploads\/2023\/11\/11225249_450162028506020_2506711526810562187_n.webp","datePublished":"2019-10-30T07:47:37+00:00","dateModified":"2023-11-06T21:44:37+00:00","breadcrumb":{"@id":"https:\/\/raubonys.lt\/bendruomenes-renginiai-2015\/#breadcrumb"},"inLanguage":"en-GB","potentialAction":[{"@type":"ReadAction","target":["https:\/\/raubonys.lt\/bendruomenes-renginiai-2015\/"]}]},{"@type":"ImageObject","inLanguage":"en-GB","@id":"https:\/\/raubonys.lt\/bendruomenes-renginiai-2015\/#primaryimage","url":"https:\/\/raubonys.lt\/wp-content\/uploads\/2023\/11\/11225249_450162028506020_2506711526810562187_n.webp","contentUrl":"https:\/\/raubonys.lt\/wp-content\/uploads\/2023\/11\/11225249_450162028506020_2506711526810562187_n.webp"},{"@type":"BreadcrumbList","@id":"https:\/\/raubonys.lt\/bendruomenes-renginiai-2015\/#breadcrumb","itemListElement":[{"@type":"ListItem","position":1,"name":"Prad\u017eia","item":"https:\/\/raubonys.lt\/"},{"@type":"ListItem","position":2,"name":"Bendruomen\u0117s renginiai | 2015 m."}]},{"@type":"WebSite","@id":"https:\/\/raubonys.lt\/#website","url":"https:\/\/raubonys.lt\/","name":"Rauboni\u0173 bendruomen\u0117 ir kult\u016bros namai","description":"Raubonys.lt","publisher":{"@id":"https:\/\/raubonys.lt\/#organization"},"alternateName":"Raubonys.lt","potentialAction":[{"@type":"SearchAction","target":{"@type":"EntryPoint","urlTemplate":"https:\/\/raubonys.lt\/?s={search_term_string}"},"query-input":{"@type":"PropertyValueSpecification","valueRequired":true,"valueName":"search_term_string"}}],"inLanguage":"en-GB"},{"@type":"Organization","@id":"https:\/\/raubonys.lt\/#organization","name":"Raubonys.lt","url":"https:\/\/raubonys.lt\/","logo":{"@type":"ImageObject","inLanguage":"en-GB","@id":"https:\/\/raubonys.lt\/#\/schema\/logo\/image\/","url":"https:\/\/raubonys.lt\/wp-content\/uploads\/2023\/10\/raubonys.lt_logo_black.png","contentUrl":"https:\/\/raubonys.lt\/wp-content\/uploads\/2023\/10\/raubonys.lt_logo_black.png","width":3508,"height":931,"caption":"Raubonys.lt"},"image":{"@id":"https:\/\/raubonys.lt\/#\/schema\/logo\/image\/"},"sameAs":["https:\/\/www.facebook.com\/raubonys\/"]}]}},"_links":{"self":[{"href":"https:\/\/raubonys.lt\/en\/wp-json\/wp\/v2\/pages\/444","targetHints":{"allow":["GET"]}}],"collection":[{"href":"https:\/\/raubonys.lt\/en\/wp-json\/wp\/v2\/pages"}],"about":[{"href":"https:\/\/raubonys.lt\/en\/wp-json\/wp\/v2\/types\/page"}],"author":[{"embeddable":true,"href":"https:\/\/raubonys.lt\/en\/wp-json\/wp\/v2\/users\/1"}],"replies":[{"embeddable":true,"href":"https:\/\/raubonys.lt\/en\/wp-json\/wp\/v2\/comments?post=444"}],"version-history":[{"count":0,"href":"https:\/\/raubonys.lt\/en\/wp-json\/wp\/v2\/pages\/444\/revisions"}],"wp:attachment":[{"href":"https:\/\/raubonys.lt\/en\/wp-json\/wp\/v2\/media?parent=444"}],"curies":[{"name":"wp","href":"https:\/\/api.w.org\/{rel}","templated":true}]}}