{"id":447,"date":"2019-10-30T07:48:16","date_gmt":"2019-10-30T07:48:16","guid":{"rendered":"http:\/\/raubonys.lt\/?page_id=447"},"modified":"2023-11-06T21:46:35","modified_gmt":"2023-11-06T21:46:35","slug":"bendruomenes-renginiai-2016","status":"publish","type":"page","link":"https:\/\/raubonys.lt\/en\/bendruomenes-renginiai-2016\/","title":{"rendered":"Bendruomen\u0117s renginiai | 2016 m."},"content":{"rendered":"<p class=\"has-text-align-center\"><strong>Pad\u0117kos vakaras &#8222;Ant angelo sparn\u0173&#8221;<\/strong><\/p>\n\n\n\n<p>V\u0117l prab\u0117go metai, ir norisi prisiminti kuo pra\u0117j\u0119 metai buvo lemtingi, geri, dosn\u016bs bendruomenei, taip pat pasid\u017eiaugti \u017emon\u0117mis, pildantiems \u0161\u012f ger\u0173 darb\u0173 aruod\u0105. Norisi d\u0117koti \u2026 u\u017e r\u016bpest\u012f, meil\u0119 ir d\u0117mes\u012f, u\u017e palaikym\u0105 ir padr\u0105sinim\u0105 \u012fgyvendinant svajones.<br>&#8222;Met\u0173 senjoro&#8221; nominacij\u0105 peln\u0117 Stas\u0117 Vaitiek\u016bnien\u0117.<\/p>\n\n\n\n<figure class=\"wp-block-image size-full\"><img fetchpriority=\"high\" decoding=\"async\" width=\"960\" height=\"540\" src=\"https:\/\/raubonys.lt\/wp-content\/uploads\/2023\/11\/15873410_596260693896152_6047141771372044525_n-1-1.webp\" alt=\"\" class=\"wp-image-9845\" srcset=\"https:\/\/raubonys.lt\/wp-content\/uploads\/2023\/11\/15873410_596260693896152_6047141771372044525_n-1-1.webp 960w, https:\/\/raubonys.lt\/wp-content\/uploads\/2023\/11\/15873410_596260693896152_6047141771372044525_n-1-1-300x169.webp 300w, https:\/\/raubonys.lt\/wp-content\/uploads\/2023\/11\/15873410_596260693896152_6047141771372044525_n-1-1-768x432.webp 768w, https:\/\/raubonys.lt\/wp-content\/uploads\/2023\/11\/15873410_596260693896152_6047141771372044525_n-1-1-350x197.webp 350w, https:\/\/raubonys.lt\/wp-content\/uploads\/2023\/11\/15873410_596260693896152_6047141771372044525_n-1-1-370x208.webp 370w, https:\/\/raubonys.lt\/wp-content\/uploads\/2023\/11\/15873410_596260693896152_6047141771372044525_n-1-1-255x143.webp 255w, https:\/\/raubonys.lt\/wp-content\/uploads\/2023\/11\/15873410_596260693896152_6047141771372044525_n-1-1-285x160.webp 285w, https:\/\/raubonys.lt\/wp-content\/uploads\/2023\/11\/15873410_596260693896152_6047141771372044525_n-1-1-600x338.webp 600w, https:\/\/raubonys.lt\/wp-content\/uploads\/2023\/11\/15873410_596260693896152_6047141771372044525_n-1-1-560x315.webp 560w\" sizes=\"(max-width: 960px) 100vw, 960px\" \/><\/figure>\n\n\n\n<p>&#8222;Met\u0173 \u012fvykis&#8221; &#8211; sudie Rauboni\u0173 kaminui. U\u017e buvusios katilin\u0117s teritorijos sutvarkym\u0105 ir kaimo pagra\u017einim\u0105 pad\u0117kota Petrui Uz\u0117lai.<\/p>\n\n\n\n<figure class=\"wp-block-image size-full\"><img decoding=\"async\" width=\"960\" height=\"540\" src=\"https:\/\/raubonys.lt\/wp-content\/uploads\/2023\/11\/15781493_596260793896142_5793735006138539523_n.webp\" alt=\"\" class=\"wp-image-9844\" srcset=\"https:\/\/raubonys.lt\/wp-content\/uploads\/2023\/11\/15781493_596260793896142_5793735006138539523_n.webp 960w, https:\/\/raubonys.lt\/wp-content\/uploads\/2023\/11\/15781493_596260793896142_5793735006138539523_n-300x169.webp 300w, https:\/\/raubonys.lt\/wp-content\/uploads\/2023\/11\/15781493_596260793896142_5793735006138539523_n-768x432.webp 768w, https:\/\/raubonys.lt\/wp-content\/uploads\/2023\/11\/15781493_596260793896142_5793735006138539523_n-350x197.webp 350w, https:\/\/raubonys.lt\/wp-content\/uploads\/2023\/11\/15781493_596260793896142_5793735006138539523_n-370x208.webp 370w, https:\/\/raubonys.lt\/wp-content\/uploads\/2023\/11\/15781493_596260793896142_5793735006138539523_n-255x143.webp 255w, https:\/\/raubonys.lt\/wp-content\/uploads\/2023\/11\/15781493_596260793896142_5793735006138539523_n-285x160.webp 285w, https:\/\/raubonys.lt\/wp-content\/uploads\/2023\/11\/15781493_596260793896142_5793735006138539523_n-600x338.webp 600w, https:\/\/raubonys.lt\/wp-content\/uploads\/2023\/11\/15781493_596260793896142_5793735006138539523_n-560x315.webp 560w\" sizes=\"(max-width: 960px) 100vw, 960px\" \/><\/figure>\n\n\n\n<p>Nominacija &#8222;Met\u0173 anonsas&#8221; skirta \u017demynai Gikytei u\u017e Rauboni\u0173 vardo garsinim\u0105. Ji pakviet\u0117 Zit\u0105 Kelmickait\u0119 susipa\u017einti su kaimu ir Rauboni\u0173 mal\u016bnu bei viln\u0173 kar\u0161ykla-verpykla.<\/p>\n\n\n\n<figure class=\"wp-block-image size-full\"><img decoding=\"async\" width=\"960\" height=\"540\" src=\"https:\/\/raubonys.lt\/wp-content\/uploads\/2023\/11\/15823247_596260780562810_172391830256302958_n.webp\" alt=\"\" class=\"wp-image-9843\" srcset=\"https:\/\/raubonys.lt\/wp-content\/uploads\/2023\/11\/15823247_596260780562810_172391830256302958_n.webp 960w, https:\/\/raubonys.lt\/wp-content\/uploads\/2023\/11\/15823247_596260780562810_172391830256302958_n-300x169.webp 300w, https:\/\/raubonys.lt\/wp-content\/uploads\/2023\/11\/15823247_596260780562810_172391830256302958_n-768x432.webp 768w, https:\/\/raubonys.lt\/wp-content\/uploads\/2023\/11\/15823247_596260780562810_172391830256302958_n-350x197.webp 350w, https:\/\/raubonys.lt\/wp-content\/uploads\/2023\/11\/15823247_596260780562810_172391830256302958_n-370x208.webp 370w, https:\/\/raubonys.lt\/wp-content\/uploads\/2023\/11\/15823247_596260780562810_172391830256302958_n-255x143.webp 255w, https:\/\/raubonys.lt\/wp-content\/uploads\/2023\/11\/15823247_596260780562810_172391830256302958_n-285x160.webp 285w, https:\/\/raubonys.lt\/wp-content\/uploads\/2023\/11\/15823247_596260780562810_172391830256302958_n-600x338.webp 600w, https:\/\/raubonys.lt\/wp-content\/uploads\/2023\/11\/15823247_596260780562810_172391830256302958_n-560x315.webp 560w\" sizes=\"(max-width: 960px) 100vw, 960px\" \/><\/figure>\n\n\n\n<p>Nominacija &#8222;Met\u0173 k\u016bryba&#8221; skirta Ritai Lauraitienei u\u017e Rauboni\u0173 vardo garsinim\u0105 ir bendruomenei padovanotus karpinius. Konkurse \u201eNepamir\u0161kime gimtojo kra\u0161to istorijos\u201c Rita Lauraitien\u0117 tapo laureate nominacijoje \u201eOriginaliausias architekt\u016bros objektas\u201c prista\u010diusi karpinius: Rauboni\u0173 mal\u016bnas-viln\u0173 kar\u0161ykla-verpykla; Rauboni\u0173 tilto statyba; Rauboni\u0173 kar\u0161yklos kasdien\u0117 duona \u2013 vilna.<\/p>\n\n\n\n<figure class=\"wp-block-image size-full\"><img loading=\"lazy\" decoding=\"async\" width=\"960\" height=\"540\" src=\"https:\/\/raubonys.lt\/wp-content\/uploads\/2023\/11\/15825814_596260790562809_6093657017234984244_n.webp\" alt=\"\" class=\"wp-image-9842\" srcset=\"https:\/\/raubonys.lt\/wp-content\/uploads\/2023\/11\/15825814_596260790562809_6093657017234984244_n.webp 960w, https:\/\/raubonys.lt\/wp-content\/uploads\/2023\/11\/15825814_596260790562809_6093657017234984244_n-300x169.webp 300w, https:\/\/raubonys.lt\/wp-content\/uploads\/2023\/11\/15825814_596260790562809_6093657017234984244_n-768x432.webp 768w, https:\/\/raubonys.lt\/wp-content\/uploads\/2023\/11\/15825814_596260790562809_6093657017234984244_n-350x197.webp 350w, https:\/\/raubonys.lt\/wp-content\/uploads\/2023\/11\/15825814_596260790562809_6093657017234984244_n-370x208.webp 370w, https:\/\/raubonys.lt\/wp-content\/uploads\/2023\/11\/15825814_596260790562809_6093657017234984244_n-255x143.webp 255w, https:\/\/raubonys.lt\/wp-content\/uploads\/2023\/11\/15825814_596260790562809_6093657017234984244_n-285x160.webp 285w, https:\/\/raubonys.lt\/wp-content\/uploads\/2023\/11\/15825814_596260790562809_6093657017234984244_n-600x338.webp 600w, https:\/\/raubonys.lt\/wp-content\/uploads\/2023\/11\/15825814_596260790562809_6093657017234984244_n-560x315.webp 560w\" sizes=\"(max-width: 960px) 100vw, 960px\" \/><\/figure>\n\n\n\n<p>Nominacija &#8222;Met\u0173 sodyba&#8221; \u012fteikta Albinai ir Aloyzui Gela\u017eiams u\u017e r\u016bpestingai ir gra\u017eiai tvarkom\u0105 sodyb\u0105 bei rajoniniame aplinkos ap\u017ei\u016bros konkurse laim\u0117t\u0105 pirm\u0105j\u0105 viet\u0105.<\/p>\n\n\n\n<figure class=\"wp-block-image size-full\"><img loading=\"lazy\" decoding=\"async\" width=\"960\" height=\"540\" src=\"https:\/\/raubonys.lt\/wp-content\/uploads\/2023\/11\/15871891_596261000562788_218148016867381526_n.webp\" alt=\"\" class=\"wp-image-9841\" srcset=\"https:\/\/raubonys.lt\/wp-content\/uploads\/2023\/11\/15871891_596261000562788_218148016867381526_n.webp 960w, https:\/\/raubonys.lt\/wp-content\/uploads\/2023\/11\/15871891_596261000562788_218148016867381526_n-300x169.webp 300w, https:\/\/raubonys.lt\/wp-content\/uploads\/2023\/11\/15871891_596261000562788_218148016867381526_n-768x432.webp 768w, https:\/\/raubonys.lt\/wp-content\/uploads\/2023\/11\/15871891_596261000562788_218148016867381526_n-350x197.webp 350w, https:\/\/raubonys.lt\/wp-content\/uploads\/2023\/11\/15871891_596261000562788_218148016867381526_n-370x208.webp 370w, https:\/\/raubonys.lt\/wp-content\/uploads\/2023\/11\/15871891_596261000562788_218148016867381526_n-255x143.webp 255w, https:\/\/raubonys.lt\/wp-content\/uploads\/2023\/11\/15871891_596261000562788_218148016867381526_n-285x160.webp 285w, https:\/\/raubonys.lt\/wp-content\/uploads\/2023\/11\/15871891_596261000562788_218148016867381526_n-600x338.webp 600w, https:\/\/raubonys.lt\/wp-content\/uploads\/2023\/11\/15871891_596261000562788_218148016867381526_n-560x315.webp 560w\" sizes=\"(max-width: 960px) 100vw, 960px\" \/><\/figure>\n\n\n\n<p>Nominacija \u201cMet\u0173 kaimynas\u201d. Laim\u0117je ir nelaim\u0117je, d\u017eiaugsme ir varge ateina, padeda, pasidalina ir u\u017ejau\u010dia Rimut\u0117 ir Borisas Korasiovai. (Pad\u0117ka \u012fteikta dukrai Daliai).<\/p>\n\n\n\n<figure class=\"wp-block-image size-full\"><img loading=\"lazy\" decoding=\"async\" width=\"960\" height=\"540\" src=\"https:\/\/raubonys.lt\/wp-content\/uploads\/2023\/11\/15825875_596260993896122_2038030815168699370_n.webp\" alt=\"\" class=\"wp-image-9849\" srcset=\"https:\/\/raubonys.lt\/wp-content\/uploads\/2023\/11\/15825875_596260993896122_2038030815168699370_n.webp 960w, https:\/\/raubonys.lt\/wp-content\/uploads\/2023\/11\/15825875_596260993896122_2038030815168699370_n-300x169.webp 300w, https:\/\/raubonys.lt\/wp-content\/uploads\/2023\/11\/15825875_596260993896122_2038030815168699370_n-768x432.webp 768w, https:\/\/raubonys.lt\/wp-content\/uploads\/2023\/11\/15825875_596260993896122_2038030815168699370_n-350x197.webp 350w, https:\/\/raubonys.lt\/wp-content\/uploads\/2023\/11\/15825875_596260993896122_2038030815168699370_n-370x208.webp 370w, https:\/\/raubonys.lt\/wp-content\/uploads\/2023\/11\/15825875_596260993896122_2038030815168699370_n-255x143.webp 255w, https:\/\/raubonys.lt\/wp-content\/uploads\/2023\/11\/15825875_596260993896122_2038030815168699370_n-285x160.webp 285w, https:\/\/raubonys.lt\/wp-content\/uploads\/2023\/11\/15825875_596260993896122_2038030815168699370_n-600x338.webp 600w, https:\/\/raubonys.lt\/wp-content\/uploads\/2023\/11\/15825875_596260993896122_2038030815168699370_n-560x315.webp 560w\" sizes=\"(max-width: 960px) 100vw, 960px\" \/><\/figure>\n\n\n\n<p>Garbing\u0105 &#8222;Met\u0173 pad\u0117kos&#8221; nominacij\u0105 laim\u0117jo Stas\u0117 Vaitiekunien\u0117. Naujoji \u201eBo\u010di\u0173\u201c pirminink\u0117 visada dr\u0105siai ir energingai imasi iniciatyvos, niekada nenuleid\u017eia rank\u0173, nesibijo i\u0161\u0161\u016bki\u0173. Ji \u012f savo veikl\u0105 \u012ftraukia visus \u0161eimos narius.<\/p>\n\n\n\n<figure class=\"wp-block-gallery has-nested-images columns-default is-cropped wp-block-gallery-1 is-layout-flex wp-block-gallery-is-layout-flex\">\n<figure class=\"wp-block-image size-large\"><img loading=\"lazy\" decoding=\"async\" width=\"960\" height=\"540\" data-id=\"9848\" src=\"https:\/\/raubonys.lt\/wp-content\/uploads\/2023\/11\/15873333_596260990562789_3454503144543219413_n.webp\" alt=\"\" class=\"wp-image-9848\" srcset=\"https:\/\/raubonys.lt\/wp-content\/uploads\/2023\/11\/15873333_596260990562789_3454503144543219413_n.webp 960w, https:\/\/raubonys.lt\/wp-content\/uploads\/2023\/11\/15873333_596260990562789_3454503144543219413_n-300x169.webp 300w, https:\/\/raubonys.lt\/wp-content\/uploads\/2023\/11\/15873333_596260990562789_3454503144543219413_n-768x432.webp 768w, https:\/\/raubonys.lt\/wp-content\/uploads\/2023\/11\/15873333_596260990562789_3454503144543219413_n-350x197.webp 350w, https:\/\/raubonys.lt\/wp-content\/uploads\/2023\/11\/15873333_596260990562789_3454503144543219413_n-370x208.webp 370w, https:\/\/raubonys.lt\/wp-content\/uploads\/2023\/11\/15873333_596260990562789_3454503144543219413_n-255x143.webp 255w, https:\/\/raubonys.lt\/wp-content\/uploads\/2023\/11\/15873333_596260990562789_3454503144543219413_n-285x160.webp 285w, https:\/\/raubonys.lt\/wp-content\/uploads\/2023\/11\/15873333_596260990562789_3454503144543219413_n-600x338.webp 600w, https:\/\/raubonys.lt\/wp-content\/uploads\/2023\/11\/15873333_596260990562789_3454503144543219413_n-560x315.webp 560w\" sizes=\"(max-width: 960px) 100vw, 960px\" \/><\/figure>\n<\/figure>\n\n\n\n<p>Nuo\u0161ird\u017eiausius link\u0117jimus, pad\u0117kos \u017eod\u017eius ir dainas visiems skyr\u0117 Rauboni\u0173 saviveiklininkai.<\/p>\n\n\n\n<figure class=\"wp-block-image size-full\"><img loading=\"lazy\" decoding=\"async\" width=\"960\" height=\"540\" src=\"https:\/\/raubonys.lt\/wp-content\/uploads\/2023\/11\/raub.webp\" alt=\"\" class=\"wp-image-9847\" srcset=\"https:\/\/raubonys.lt\/wp-content\/uploads\/2023\/11\/raub.webp 960w, https:\/\/raubonys.lt\/wp-content\/uploads\/2023\/11\/raub-300x169.webp 300w, https:\/\/raubonys.lt\/wp-content\/uploads\/2023\/11\/raub-768x432.webp 768w, https:\/\/raubonys.lt\/wp-content\/uploads\/2023\/11\/raub-350x197.webp 350w, https:\/\/raubonys.lt\/wp-content\/uploads\/2023\/11\/raub-370x208.webp 370w, https:\/\/raubonys.lt\/wp-content\/uploads\/2023\/11\/raub-255x143.webp 255w, https:\/\/raubonys.lt\/wp-content\/uploads\/2023\/11\/raub-285x160.webp 285w, https:\/\/raubonys.lt\/wp-content\/uploads\/2023\/11\/raub-600x338.webp 600w, https:\/\/raubonys.lt\/wp-content\/uploads\/2023\/11\/raub-560x315.webp 560w\" sizes=\"(max-width: 960px) 100vw, 960px\" \/><\/figure>\n\n\n\n<p>Melodingas dainas dovanojo Bir\u017e\u0173 rajono Vabalninko kult\u016bros nam\u0173 vyr\u0173 duetas.<\/p>\n\n\n\n<figure class=\"wp-block-image size-full\"><img loading=\"lazy\" decoding=\"async\" width=\"960\" height=\"540\" src=\"https:\/\/raubonys.lt\/wp-content\/uploads\/2023\/11\/vyra.webp\" alt=\"\" class=\"wp-image-9846\" srcset=\"https:\/\/raubonys.lt\/wp-content\/uploads\/2023\/11\/vyra.webp 960w, https:\/\/raubonys.lt\/wp-content\/uploads\/2023\/11\/vyra-300x169.webp 300w, https:\/\/raubonys.lt\/wp-content\/uploads\/2023\/11\/vyra-768x432.webp 768w, https:\/\/raubonys.lt\/wp-content\/uploads\/2023\/11\/vyra-350x197.webp 350w, https:\/\/raubonys.lt\/wp-content\/uploads\/2023\/11\/vyra-370x208.webp 370w, https:\/\/raubonys.lt\/wp-content\/uploads\/2023\/11\/vyra-255x143.webp 255w, https:\/\/raubonys.lt\/wp-content\/uploads\/2023\/11\/vyra-285x160.webp 285w, https:\/\/raubonys.lt\/wp-content\/uploads\/2023\/11\/vyra-600x338.webp 600w, https:\/\/raubonys.lt\/wp-content\/uploads\/2023\/11\/vyra-560x315.webp 560w\" sizes=\"(max-width: 960px) 100vw, 960px\" \/><\/figure>","protected":false},"excerpt":{"rendered":"<p>Pad\u0117kos vakaras &#8222;Ant angelo sparn\u0173&#8221; V\u0117l prab\u0117go metai, ir norisi prisiminti kuo pra\u0117j\u0119 metai buvo lemtingi, geri, dosn\u016bs bendruomenei, taip pat pasid\u017eiaugti \u017emon\u0117mis, pildantiems \u0161\u012f ger\u0173 darb\u0173 aruod\u0105. Norisi d\u0117koti \u2026 u\u017e r\u016bpest\u012f, meil\u0119 ir d\u0117mes\u012f, u\u017e palaikym\u0105 ir padr\u0105sinim\u0105 \u012fgyvendinant svajones.&#8222;Met\u0173 senjoro&#8221; nominacij\u0105 peln\u0117 Stas\u0117 Vaitiek\u016bnien\u0117. &#8222;Met\u0173 \u012fvykis&#8221; &#8211; sudie Rauboni\u0173 kaminui. U\u017e buvusios [&hellip;]<\/p>\n","protected":false},"author":1,"featured_media":0,"parent":0,"menu_order":0,"comment_status":"closed","ping_status":"closed","template":"","meta":{"cybocfi_hide_featured_image":"","footnotes":""},"class_list":["post-447","page","type-page","status-publish","hentry"],"yoast_head":"<!-- This site is optimized with the Yoast SEO plugin v27.0 - https:\/\/yoast.com\/product\/yoast-seo-wordpress\/ -->\n<title>Bendruomen\u0117s renginiai | 2016 m. - Rauboni\u0173 bendruomen\u0117 ir kult\u016bros namai<\/title>\n<meta name=\"robots\" content=\"index, follow, max-snippet:-1, max-image-preview:large, max-video-preview:-1\" \/>\n<link rel=\"canonical\" href=\"https:\/\/raubonys.lt\/en\/bendruomenes-renginiai-2016\/\" \/>\n<meta property=\"og:locale\" content=\"en_GB\" \/>\n<meta property=\"og:type\" content=\"article\" \/>\n<meta property=\"og:title\" content=\"Bendruomen\u0117s renginiai | 2016 m. - Rauboni\u0173 bendruomen\u0117 ir kult\u016bros namai\" \/>\n<meta property=\"og:description\" content=\"Pad\u0117kos vakaras &#8222;Ant angelo sparn\u0173&#8221; V\u0117l prab\u0117go metai, ir norisi prisiminti kuo pra\u0117j\u0119 metai buvo lemtingi, geri, dosn\u016bs bendruomenei, taip pat pasid\u017eiaugti \u017emon\u0117mis, pildantiems \u0161\u012f ger\u0173 darb\u0173 aruod\u0105. Norisi d\u0117koti \u2026 u\u017e r\u016bpest\u012f, meil\u0119 ir d\u0117mes\u012f, u\u017e palaikym\u0105 ir padr\u0105sinim\u0105 \u012fgyvendinant svajones.&#8222;Met\u0173 senjoro&#8221; nominacij\u0105 peln\u0117 Stas\u0117 Vaitiek\u016bnien\u0117. &#8222;Met\u0173 \u012fvykis&#8221; &#8211; sudie Rauboni\u0173 kaminui. U\u017e buvusios [&hellip;]\" \/>\n<meta property=\"og:url\" content=\"https:\/\/raubonys.lt\/en\/bendruomenes-renginiai-2016\/\" \/>\n<meta property=\"og:site_name\" content=\"Rauboni\u0173 bendruomen\u0117 ir kult\u016bros namai\" \/>\n<meta property=\"article:publisher\" content=\"https:\/\/www.facebook.com\/raubonys\/\" \/>\n<meta property=\"article:modified_time\" content=\"2023-11-06T21:46:35+00:00\" \/>\n<meta property=\"og:image\" content=\"https:\/\/raubonys.lt\/wp-content\/uploads\/2023\/11\/15873410_596260693896152_6047141771372044525_n-1-1.webp\" \/>\n<meta name=\"twitter:card\" content=\"summary_large_image\" \/>\n<meta name=\"twitter:label1\" content=\"Estimated reading time\" \/>\n\t<meta name=\"twitter:data1\" content=\"1 minute\" \/>\n<script type=\"application\/ld+json\" class=\"yoast-schema-graph\">{\"@context\":\"https:\/\/schema.org\",\"@graph\":[{\"@type\":\"WebPage\",\"@id\":\"https:\/\/raubonys.lt\/bendruomenes-renginiai-2016\/\",\"url\":\"https:\/\/raubonys.lt\/bendruomenes-renginiai-2016\/\",\"name\":\"Bendruomen\u0117s renginiai | 2016 m. - Rauboni\u0173 bendruomen\u0117 ir kult\u016bros namai\",\"isPartOf\":{\"@id\":\"https:\/\/raubonys.lt\/#website\"},\"primaryImageOfPage\":{\"@id\":\"https:\/\/raubonys.lt\/bendruomenes-renginiai-2016\/#primaryimage\"},\"image\":{\"@id\":\"https:\/\/raubonys.lt\/bendruomenes-renginiai-2016\/#primaryimage\"},\"thumbnailUrl\":\"https:\/\/raubonys.lt\/wp-content\/uploads\/2023\/11\/15873410_596260693896152_6047141771372044525_n-1-1.webp\",\"datePublished\":\"2019-10-30T07:48:16+00:00\",\"dateModified\":\"2023-11-06T21:46:35+00:00\",\"breadcrumb\":{\"@id\":\"https:\/\/raubonys.lt\/bendruomenes-renginiai-2016\/#breadcrumb\"},\"inLanguage\":\"en-GB\",\"potentialAction\":[{\"@type\":\"ReadAction\",\"target\":[\"https:\/\/raubonys.lt\/bendruomenes-renginiai-2016\/\"]}]},{\"@type\":\"ImageObject\",\"inLanguage\":\"en-GB\",\"@id\":\"https:\/\/raubonys.lt\/bendruomenes-renginiai-2016\/#primaryimage\",\"url\":\"https:\/\/raubonys.lt\/wp-content\/uploads\/2023\/11\/15873410_596260693896152_6047141771372044525_n-1-1.webp\",\"contentUrl\":\"https:\/\/raubonys.lt\/wp-content\/uploads\/2023\/11\/15873410_596260693896152_6047141771372044525_n-1-1.webp\"},{\"@type\":\"BreadcrumbList\",\"@id\":\"https:\/\/raubonys.lt\/bendruomenes-renginiai-2016\/#breadcrumb\",\"itemListElement\":[{\"@type\":\"ListItem\",\"position\":1,\"name\":\"Prad\u017eia\",\"item\":\"https:\/\/raubonys.lt\/\"},{\"@type\":\"ListItem\",\"position\":2,\"name\":\"Bendruomen\u0117s renginiai | 2016 m.\"}]},{\"@type\":\"WebSite\",\"@id\":\"https:\/\/raubonys.lt\/#website\",\"url\":\"https:\/\/raubonys.lt\/\",\"name\":\"Rauboni\u0173 bendruomen\u0117 ir kult\u016bros namai\",\"description\":\"Raubonys.lt\",\"publisher\":{\"@id\":\"https:\/\/raubonys.lt\/#organization\"},\"alternateName\":\"Raubonys.lt\",\"potentialAction\":[{\"@type\":\"SearchAction\",\"target\":{\"@type\":\"EntryPoint\",\"urlTemplate\":\"https:\/\/raubonys.lt\/?s={search_term_string}\"},\"query-input\":{\"@type\":\"PropertyValueSpecification\",\"valueRequired\":true,\"valueName\":\"search_term_string\"}}],\"inLanguage\":\"en-GB\"},{\"@type\":\"Organization\",\"@id\":\"https:\/\/raubonys.lt\/#organization\",\"name\":\"Raubonys.lt\",\"url\":\"https:\/\/raubonys.lt\/\",\"logo\":{\"@type\":\"ImageObject\",\"inLanguage\":\"en-GB\",\"@id\":\"https:\/\/raubonys.lt\/#\/schema\/logo\/image\/\",\"url\":\"https:\/\/raubonys.lt\/wp-content\/uploads\/2023\/10\/raubonys.lt_logo_black.png\",\"contentUrl\":\"https:\/\/raubonys.lt\/wp-content\/uploads\/2023\/10\/raubonys.lt_logo_black.png\",\"width\":3508,\"height\":931,\"caption\":\"Raubonys.lt\"},\"image\":{\"@id\":\"https:\/\/raubonys.lt\/#\/schema\/logo\/image\/\"},\"sameAs\":[\"https:\/\/www.facebook.com\/raubonys\/\"]}]}<\/script>\n<!-- \/ Yoast SEO plugin. -->","yoast_head_json":{"title":"Bendruomen\u0117s renginiai | 2016 m. - Rauboni\u0173 bendruomen\u0117 ir kult\u016bros namai","robots":{"index":"index","follow":"follow","max-snippet":"max-snippet:-1","max-image-preview":"max-image-preview:large","max-video-preview":"max-video-preview:-1"},"canonical":"https:\/\/raubonys.lt\/en\/bendruomenes-renginiai-2016\/","og_locale":"en_GB","og_type":"article","og_title":"Bendruomen\u0117s renginiai | 2016 m. - Rauboni\u0173 bendruomen\u0117 ir kult\u016bros namai","og_description":"Pad\u0117kos vakaras &#8222;Ant angelo sparn\u0173&#8221; V\u0117l prab\u0117go metai, ir norisi prisiminti kuo pra\u0117j\u0119 metai buvo lemtingi, geri, dosn\u016bs bendruomenei, taip pat pasid\u017eiaugti \u017emon\u0117mis, pildantiems \u0161\u012f ger\u0173 darb\u0173 aruod\u0105. Norisi d\u0117koti \u2026 u\u017e r\u016bpest\u012f, meil\u0119 ir d\u0117mes\u012f, u\u017e palaikym\u0105 ir padr\u0105sinim\u0105 \u012fgyvendinant svajones.&#8222;Met\u0173 senjoro&#8221; nominacij\u0105 peln\u0117 Stas\u0117 Vaitiek\u016bnien\u0117. &#8222;Met\u0173 \u012fvykis&#8221; &#8211; sudie Rauboni\u0173 kaminui. U\u017e buvusios [&hellip;]","og_url":"https:\/\/raubonys.lt\/en\/bendruomenes-renginiai-2016\/","og_site_name":"Rauboni\u0173 bendruomen\u0117 ir kult\u016bros namai","article_publisher":"https:\/\/www.facebook.com\/raubonys\/","article_modified_time":"2023-11-06T21:46:35+00:00","og_image":[{"url":"https:\/\/raubonys.lt\/wp-content\/uploads\/2023\/11\/15873410_596260693896152_6047141771372044525_n-1-1.webp","type":"","width":"","height":""}],"twitter_card":"summary_large_image","twitter_misc":{"Estimated reading time":"1 minute"},"schema":{"@context":"https:\/\/schema.org","@graph":[{"@type":"WebPage","@id":"https:\/\/raubonys.lt\/bendruomenes-renginiai-2016\/","url":"https:\/\/raubonys.lt\/bendruomenes-renginiai-2016\/","name":"Bendruomen\u0117s renginiai | 2016 m. - Rauboni\u0173 bendruomen\u0117 ir kult\u016bros namai","isPartOf":{"@id":"https:\/\/raubonys.lt\/#website"},"primaryImageOfPage":{"@id":"https:\/\/raubonys.lt\/bendruomenes-renginiai-2016\/#primaryimage"},"image":{"@id":"https:\/\/raubonys.lt\/bendruomenes-renginiai-2016\/#primaryimage"},"thumbnailUrl":"https:\/\/raubonys.lt\/wp-content\/uploads\/2023\/11\/15873410_596260693896152_6047141771372044525_n-1-1.webp","datePublished":"2019-10-30T07:48:16+00:00","dateModified":"2023-11-06T21:46:35+00:00","breadcrumb":{"@id":"https:\/\/raubonys.lt\/bendruomenes-renginiai-2016\/#breadcrumb"},"inLanguage":"en-GB","potentialAction":[{"@type":"ReadAction","target":["https:\/\/raubonys.lt\/bendruomenes-renginiai-2016\/"]}]},{"@type":"ImageObject","inLanguage":"en-GB","@id":"https:\/\/raubonys.lt\/bendruomenes-renginiai-2016\/#primaryimage","url":"https:\/\/raubonys.lt\/wp-content\/uploads\/2023\/11\/15873410_596260693896152_6047141771372044525_n-1-1.webp","contentUrl":"https:\/\/raubonys.lt\/wp-content\/uploads\/2023\/11\/15873410_596260693896152_6047141771372044525_n-1-1.webp"},{"@type":"BreadcrumbList","@id":"https:\/\/raubonys.lt\/bendruomenes-renginiai-2016\/#breadcrumb","itemListElement":[{"@type":"ListItem","position":1,"name":"Prad\u017eia","item":"https:\/\/raubonys.lt\/"},{"@type":"ListItem","position":2,"name":"Bendruomen\u0117s renginiai | 2016 m."}]},{"@type":"WebSite","@id":"https:\/\/raubonys.lt\/#website","url":"https:\/\/raubonys.lt\/","name":"Rauboni\u0173 bendruomen\u0117 ir kult\u016bros namai","description":"Raubonys.lt","publisher":{"@id":"https:\/\/raubonys.lt\/#organization"},"alternateName":"Raubonys.lt","potentialAction":[{"@type":"SearchAction","target":{"@type":"EntryPoint","urlTemplate":"https:\/\/raubonys.lt\/?s={search_term_string}"},"query-input":{"@type":"PropertyValueSpecification","valueRequired":true,"valueName":"search_term_string"}}],"inLanguage":"en-GB"},{"@type":"Organization","@id":"https:\/\/raubonys.lt\/#organization","name":"Raubonys.lt","url":"https:\/\/raubonys.lt\/","logo":{"@type":"ImageObject","inLanguage":"en-GB","@id":"https:\/\/raubonys.lt\/#\/schema\/logo\/image\/","url":"https:\/\/raubonys.lt\/wp-content\/uploads\/2023\/10\/raubonys.lt_logo_black.png","contentUrl":"https:\/\/raubonys.lt\/wp-content\/uploads\/2023\/10\/raubonys.lt_logo_black.png","width":3508,"height":931,"caption":"Raubonys.lt"},"image":{"@id":"https:\/\/raubonys.lt\/#\/schema\/logo\/image\/"},"sameAs":["https:\/\/www.facebook.com\/raubonys\/"]}]}},"_links":{"self":[{"href":"https:\/\/raubonys.lt\/en\/wp-json\/wp\/v2\/pages\/447","targetHints":{"allow":["GET"]}}],"collection":[{"href":"https:\/\/raubonys.lt\/en\/wp-json\/wp\/v2\/pages"}],"about":[{"href":"https:\/\/raubonys.lt\/en\/wp-json\/wp\/v2\/types\/page"}],"author":[{"embeddable":true,"href":"https:\/\/raubonys.lt\/en\/wp-json\/wp\/v2\/users\/1"}],"replies":[{"embeddable":true,"href":"https:\/\/raubonys.lt\/en\/wp-json\/wp\/v2\/comments?post=447"}],"version-history":[{"count":0,"href":"https:\/\/raubonys.lt\/en\/wp-json\/wp\/v2\/pages\/447\/revisions"}],"wp:attachment":[{"href":"https:\/\/raubonys.lt\/en\/wp-json\/wp\/v2\/media?parent=447"}],"curies":[{"name":"wp","href":"https:\/\/api.w.org\/{rel}","templated":true}]}}