{"id":5884,"date":"2023-10-17T12:22:52","date_gmt":"2023-10-17T12:22:52","guid":{"rendered":"https:\/\/raubonys.lt\/?page_id=5884"},"modified":"2024-03-19T14:48:24","modified_gmt":"2024-03-19T12:48:24","slug":"knygos","status":"publish","type":"page","link":"https:\/\/raubonys.lt\/en\/knygos\/","title":{"rendered":"Rauboni\u0173 bendruomen\u0117s i\u0161leistos knygos"},"content":{"rendered":"<div data-elementor-type=\"wp-page\" data-elementor-id=\"5884\" class=\"elementor elementor-5884\">\n\t\t\t\t\t\t<section class=\"elementor-section elementor-top-section elementor-element elementor-element-408a2a7 elementor-section-boxed elementor-section-height-default elementor-section-height-default\" data-id=\"408a2a7\" data-element_type=\"section\" data-e-type=\"section\">\n\t\t\t\t\t\t<div class=\"elementor-container elementor-column-gap-default\">\n\t\t\t\t\t<div class=\"elementor-column elementor-col-50 elementor-top-column elementor-element elementor-element-5633647\" data-id=\"5633647\" data-element_type=\"column\" data-e-type=\"column\">\n\t\t\t<div class=\"elementor-widget-wrap elementor-element-populated\">\n\t\t\t\t\t\t<div class=\"elementor-element elementor-element-0095299 elementor-widget elementor-widget-image\" data-id=\"0095299\" data-element_type=\"widget\" data-e-type=\"widget\" data-widget_type=\"image.default\">\n\t\t\t\t<div class=\"elementor-widget-container\">\n\t\t\t\t\t\t\t\t\t\t\t\t\t\t\t<img fetchpriority=\"high\" decoding=\"async\" width=\"717\" height=\"455\" src=\"https:\/\/raubonys.lt\/wp-content\/uploads\/2023\/10\/RAUBONYS_virselis1C.jpg\" class=\"attachment-full size-full wp-image-5887\" alt=\"\" srcset=\"https:\/\/raubonys.lt\/wp-content\/uploads\/2023\/10\/RAUBONYS_virselis1C.jpg 717w, https:\/\/raubonys.lt\/wp-content\/uploads\/2023\/10\/RAUBONYS_virselis1C-300x190.jpg 300w, https:\/\/raubonys.lt\/wp-content\/uploads\/2023\/10\/RAUBONYS_virselis1C-600x381.jpg 600w, https:\/\/raubonys.lt\/wp-content\/uploads\/2023\/10\/RAUBONYS_virselis1C-560x355.jpg 560w\" sizes=\"(max-width: 717px) 100vw, 717px\" \/>\t\t\t\t\t\t\t\t\t\t\t\t\t\t\t<\/div>\n\t\t\t\t<\/div>\n\t\t\t\t\t<\/div>\n\t\t<\/div>\n\t\t\t\t<div class=\"elementor-column elementor-col-50 elementor-top-column elementor-element elementor-element-58e1501\" data-id=\"58e1501\" data-element_type=\"column\" data-e-type=\"column\">\n\t\t\t<div class=\"elementor-widget-wrap elementor-element-populated\">\n\t\t\t\t\t\t<div class=\"elementor-element elementor-element-e9cd29c elementor-widget elementor-widget-text-editor\" data-id=\"e9cd29c\" data-element_type=\"widget\" data-e-type=\"widget\" data-widget_type=\"text-editor.default\">\n\t\t\t\t<div class=\"elementor-widget-container\">\n\t\t\t\t\t\t\t\t\t<p>2009-aisiais sukako 1000 met\u0173, kai Lietuvos vardas pirm\u0105 kart\u0105 pamin\u0117tas ra\u0161ytiniuose \u0161altiniuose.<br \/>Rauboni\u0173 kra\u0161totyrinink\u0173 parengta knyga \u2013 tai siekio prisid\u0117ti prie Lietuvos t\u016bkstantme\u010dio pamin\u0117jimo rezultatas. Joje apra\u0161ytos istoriniais dokumentais pagr\u012fstos kai kurios senojo Rauboni\u0173 kaimo ir to kra\u0161to praeities akimirkos nuo XIV a., ap\u017evelgiama iki \u0161iol tebestovin\u010dio Rauboni\u0173 pasidid\u017eiavimo \u2013 mal\u016bno istorija, pristatoma \u0161iuolaikinio naujojo Rauboni\u0173 kaimo kasdienyb\u0117 ir \u0161vent\u0117s, k\u016bryba ir darbas, pateikiama nuotrauk\u0173, buvusi\u0173 ir dabartini\u0173 Rauboni\u0173 bei \u0104\u017euolpam\u016b\u0161\u0117s kaim\u0173 gyventoj\u0173 atsiminim\u0173.<\/p>\t\t\t\t\t\t\t\t<\/div>\n\t\t\t\t<\/div>\n\t\t\t\t\t<\/div>\n\t\t<\/div>\n\t\t\t\t\t<\/div>\n\t\t<\/section>\n\t\t\t\t<section class=\"elementor-section elementor-top-section elementor-element elementor-element-0231864 elementor-section-boxed elementor-section-height-default elementor-section-height-default\" data-id=\"0231864\" data-element_type=\"section\" data-e-type=\"section\">\n\t\t\t\t\t\t<div class=\"elementor-container elementor-column-gap-default\">\n\t\t\t\t\t<div class=\"elementor-column elementor-col-100 elementor-top-column elementor-element elementor-element-f71d789\" data-id=\"f71d789\" data-element_type=\"column\" data-e-type=\"column\">\n\t\t\t<div class=\"elementor-widget-wrap elementor-element-populated\">\n\t\t\t\t\t\t<div class=\"elementor-element elementor-element-7dd607f elementor-widget-divider--view-line elementor-widget elementor-widget-divider\" data-id=\"7dd607f\" data-element_type=\"widget\" data-e-type=\"widget\" data-widget_type=\"divider.default\">\n\t\t\t\t<div class=\"elementor-widget-container\">\n\t\t\t\t\t\t\t<div class=\"elementor-divider\">\n\t\t\t<span class=\"elementor-divider-separator\">\n\t\t\t\t\t\t<\/span>\n\t\t<\/div>\n\t\t\t\t\t\t<\/div>\n\t\t\t\t<\/div>\n\t\t\t\t\t<\/div>\n\t\t<\/div>\n\t\t\t\t\t<\/div>\n\t\t<\/section>\n\t\t\t\t<section class=\"elementor-section elementor-top-section elementor-element elementor-element-1cbc1ed elementor-hidden-mobile elementor-section-boxed elementor-section-height-default elementor-section-height-default\" data-id=\"1cbc1ed\" data-element_type=\"section\" data-e-type=\"section\">\n\t\t\t\t\t\t<div class=\"elementor-container elementor-column-gap-default\">\n\t\t\t\t\t<div class=\"elementor-column elementor-col-50 elementor-top-column elementor-element elementor-element-b1645de\" data-id=\"b1645de\" data-element_type=\"column\" data-e-type=\"column\">\n\t\t\t<div class=\"elementor-widget-wrap elementor-element-populated\">\n\t\t\t\t\t\t<div class=\"elementor-element elementor-element-f7ef7ee elementor-widget elementor-widget-text-editor\" data-id=\"f7ef7ee\" data-element_type=\"widget\" data-e-type=\"widget\" data-widget_type=\"text-editor.default\">\n\t\t\t\t<div class=\"elementor-widget-container\">\n\t\t\t\t\t\t\t\t\t<p>2013 metais i\u0161leista Rauboni\u0173 kaimo ir kra\u0161to istorijai skirta knyga \u201eRauboni\u0173 istorijos vingiais\u201c, skirta kaimo 425-me\u010diui pamin\u0117ti.<br \/>Leidinyje pristatomas chronologinis Rauboni\u0173 kaimo ir kra\u0161to istorijos nuo 1588 met\u0173 tyrimas, pateikiama daug nauj\u0173 fakt\u0173 ir archyvini\u0173 \u017eini\u0173 apie \u0161io kra\u0161to \u017eem\u0117valdos raid\u0105, \u010dia gyvenusi\u0173 kitatau\u010di\u0173 dvarinink\u0173 puosel\u0117t\u0105 savit\u0105 Kur\u0161o ir Livonijos \u017eem\u0117s dirbimo ir \u016bkininkavimo kult\u016br\u0105, tradicijas; pasakojama apie \u012f Pasvalio ir Bir\u017e\u0173 kra\u0161t\u0105 at\u0117jusias XX a. technikos, administravimo, ekonomikos ir kult\u016bros naujoves \u2013 telefon\u0173 linij\u0105, siaur\u0105j\u012f gele\u017einkel\u012f, Bir\u017e\u0173\u2013Pasvalio apskrities, \u0104\u017euolpam\u016b\u0161\u0117s pienin\u0117s steigim\u0105, pirm\u0105j\u0105 po spaudos draudimo legaliai veikusi\u0105 \u0104\u017euolpam\u016b\u0161\u0117s prad\u017eios mokykl\u0105 ir kt.<br \/>Knygoje rasite patikslint\u0105 ir dokumentuot\u0105 Rauboni\u0173 vandens mal\u016bno (nuo 1775 m.) istorij\u0105, daug nuotrauk\u0173. Raubonie\u010diai liudija apie 1989 m. rugpj\u016b\u010dio 23 d. \u012fvykus\u012f \u201eBaltijos keli\u0105\u201c, savo t\u0117v\u0173 ir seneli\u0173 bei j\u0173 pa\u010di\u0173 gyvenim\u0105, ind\u0117l\u012f \u012f Lietuvos kult\u016br\u0105 ir ekonomik\u0105.<br \/>Knyga \u201eRauboni\u0173 istorijos vingiais\u201c per kra\u0161tie\u010di\u0173 \u0161vent\u0119 buvo pristatyta savo kra\u0161to \u017emon\u0117ms.<\/p>\t\t\t\t\t\t\t\t<\/div>\n\t\t\t\t<\/div>\n\t\t\t\t\t<\/div>\n\t\t<\/div>\n\t\t\t\t<div class=\"elementor-column elementor-col-50 elementor-top-column elementor-element elementor-element-fc17baa\" data-id=\"fc17baa\" data-element_type=\"column\" data-e-type=\"column\">\n\t\t\t<div class=\"elementor-widget-wrap elementor-element-populated\">\n\t\t\t\t\t\t<div class=\"elementor-element elementor-element-bcca58b elementor-widget elementor-widget-image\" data-id=\"bcca58b\" data-element_type=\"widget\" data-e-type=\"widget\" data-widget_type=\"image.default\">\n\t\t\t\t<div class=\"elementor-widget-container\">\n\t\t\t\t\t\t\t\t\t\t\t\t\t\t\t<img decoding=\"async\" width=\"607\" height=\"455\" src=\"https:\/\/raubonys.lt\/wp-content\/uploads\/2023\/10\/RAUBONYS_virselis2C.jpg\" class=\"attachment-full size-full wp-image-5886\" alt=\"\" srcset=\"https:\/\/raubonys.lt\/wp-content\/uploads\/2023\/10\/RAUBONYS_virselis2C.jpg 607w, https:\/\/raubonys.lt\/wp-content\/uploads\/2023\/10\/RAUBONYS_virselis2C-300x225.jpg 300w, https:\/\/raubonys.lt\/wp-content\/uploads\/2023\/10\/RAUBONYS_virselis2C-600x450.jpg 600w, https:\/\/raubonys.lt\/wp-content\/uploads\/2023\/10\/RAUBONYS_virselis2C-560x420.jpg 560w\" sizes=\"(max-width: 607px) 100vw, 607px\" \/>\t\t\t\t\t\t\t\t\t\t\t\t\t\t\t<\/div>\n\t\t\t\t<\/div>\n\t\t\t\t\t<\/div>\n\t\t<\/div>\n\t\t\t\t\t<\/div>\n\t\t<\/section>\n\t\t\t\t<section class=\"elementor-section elementor-top-section elementor-element elementor-element-5084e76 elementor-hidden-desktop elementor-hidden-tablet elementor-section-boxed elementor-section-height-default elementor-section-height-default\" data-id=\"5084e76\" data-element_type=\"section\" data-e-type=\"section\">\n\t\t\t\t\t\t<div class=\"elementor-container elementor-column-gap-default\">\n\t\t\t\t\t<div class=\"elementor-column elementor-col-50 elementor-top-column elementor-element elementor-element-faa6e22\" data-id=\"faa6e22\" data-element_type=\"column\" data-e-type=\"column\">\n\t\t\t<div class=\"elementor-widget-wrap elementor-element-populated\">\n\t\t\t\t\t\t<div class=\"elementor-element elementor-element-9631b2f elementor-widget elementor-widget-image\" data-id=\"9631b2f\" data-element_type=\"widget\" data-e-type=\"widget\" data-widget_type=\"image.default\">\n\t\t\t\t<div class=\"elementor-widget-container\">\n\t\t\t\t\t\t\t\t\t\t\t\t\t\t\t<img decoding=\"async\" width=\"607\" height=\"455\" src=\"https:\/\/raubonys.lt\/wp-content\/uploads\/2023\/10\/RAUBONYS_virselis2C.jpg\" class=\"attachment-full size-full wp-image-5886\" alt=\"\" srcset=\"https:\/\/raubonys.lt\/wp-content\/uploads\/2023\/10\/RAUBONYS_virselis2C.jpg 607w, https:\/\/raubonys.lt\/wp-content\/uploads\/2023\/10\/RAUBONYS_virselis2C-300x225.jpg 300w, https:\/\/raubonys.lt\/wp-content\/uploads\/2023\/10\/RAUBONYS_virselis2C-600x450.jpg 600w, https:\/\/raubonys.lt\/wp-content\/uploads\/2023\/10\/RAUBONYS_virselis2C-560x420.jpg 560w\" sizes=\"(max-width: 607px) 100vw, 607px\" \/>\t\t\t\t\t\t\t\t\t\t\t\t\t\t\t<\/div>\n\t\t\t\t<\/div>\n\t\t\t\t\t<\/div>\n\t\t<\/div>\n\t\t\t\t<div class=\"elementor-column elementor-col-50 elementor-top-column elementor-element elementor-element-f968c5b\" data-id=\"f968c5b\" data-element_type=\"column\" data-e-type=\"column\">\n\t\t\t<div class=\"elementor-widget-wrap elementor-element-populated\">\n\t\t\t\t\t\t<div class=\"elementor-element elementor-element-131eb17 elementor-widget elementor-widget-text-editor\" data-id=\"131eb17\" data-element_type=\"widget\" data-e-type=\"widget\" data-widget_type=\"text-editor.default\">\n\t\t\t\t<div class=\"elementor-widget-container\">\n\t\t\t\t\t\t\t\t\t<p>2013 metais i\u0161leista Rauboni\u0173 kaimo ir kra\u0161to istorijai skirta knyga \u201eRauboni\u0173 istorijos vingiais\u201c, skirta kaimo 425-me\u010diui pamin\u0117ti.<br \/>Leidinyje pristatomas chronologinis Rauboni\u0173 kaimo ir kra\u0161to istorijos nuo 1588 met\u0173 tyrimas, pateikiama daug nauj\u0173 fakt\u0173 ir archyvini\u0173 \u017eini\u0173 apie \u0161io kra\u0161to \u017eem\u0117valdos raid\u0105, \u010dia gyvenusi\u0173 kitatau\u010di\u0173 dvarinink\u0173 puosel\u0117t\u0105 savit\u0105 Kur\u0161o ir Livonijos \u017eem\u0117s dirbimo ir \u016bkininkavimo kult\u016br\u0105, tradicijas; pasakojama apie \u012f Pasvalio ir Bir\u017e\u0173 kra\u0161t\u0105 at\u0117jusias XX a. technikos, administravimo, ekonomikos ir kult\u016bros naujoves \u2013 telefon\u0173 linij\u0105, siaur\u0105j\u012f gele\u017einkel\u012f, Bir\u017e\u0173\u2013Pasvalio apskrities, \u0104\u017euolpam\u016b\u0161\u0117s pienin\u0117s steigim\u0105, pirm\u0105j\u0105 po spaudos draudimo legaliai veikusi\u0105 \u0104\u017euolpam\u016b\u0161\u0117s prad\u017eios mokykl\u0105 ir kt.<br \/>Knygoje rasite patikslint\u0105 ir dokumentuot\u0105 Rauboni\u0173 vandens mal\u016bno (nuo 1775 m.) istorij\u0105, daug nuotrauk\u0173. Raubonie\u010diai liudija apie 1989 m. rugpj\u016b\u010dio 23 d. \u012fvykus\u012f \u201eBaltijos keli\u0105\u201c, savo t\u0117v\u0173 ir seneli\u0173 bei j\u0173 pa\u010di\u0173 gyvenim\u0105, ind\u0117l\u012f \u012f Lietuvos kult\u016br\u0105 ir ekonomik\u0105.<br \/>Knyga \u201eRauboni\u0173 istorijos vingiais\u201c per kra\u0161tie\u010di\u0173 \u0161vent\u0119 buvo pristatyta savo kra\u0161to \u017emon\u0117ms.<\/p>\t\t\t\t\t\t\t\t<\/div>\n\t\t\t\t<\/div>\n\t\t\t\t\t<\/div>\n\t\t<\/div>\n\t\t\t\t\t<\/div>\n\t\t<\/section>\n\t\t\t\t<section class=\"elementor-section elementor-top-section elementor-element elementor-element-ce321fd elementor-section-boxed elementor-section-height-default elementor-section-height-default\" data-id=\"ce321fd\" data-element_type=\"section\" data-e-type=\"section\">\n\t\t\t\t\t\t<div class=\"elementor-container elementor-column-gap-default\">\n\t\t\t\t\t<div class=\"elementor-column elementor-col-100 elementor-top-column elementor-element elementor-element-b8dc07d\" data-id=\"b8dc07d\" data-element_type=\"column\" data-e-type=\"column\">\n\t\t\t<div class=\"elementor-widget-wrap elementor-element-populated\">\n\t\t\t\t\t\t<div class=\"elementor-element elementor-element-be0ea3c elementor-widget elementor-widget-spacer\" data-id=\"be0ea3c\" data-element_type=\"widget\" data-e-type=\"widget\" data-widget_type=\"spacer.default\">\n\t\t\t\t<div class=\"elementor-widget-container\">\n\t\t\t\t\t\t\t<div class=\"elementor-spacer\">\n\t\t\t<div class=\"elementor-spacer-inner\"><\/div>\n\t\t<\/div>\n\t\t\t\t\t\t<\/div>\n\t\t\t\t<\/div>\n\t\t\t\t\t<\/div>\n\t\t<\/div>\n\t\t\t\t\t<\/div>\n\t\t<\/section>\n\t\t\t\t<\/div>","protected":false},"excerpt":{"rendered":"<p>2009-aisiais sukako 1000 met\u0173, kai Lietuvos vardas pirm\u0105 kart\u0105 pamin\u0117tas ra\u0161ytiniuose \u0161altiniuose.Rauboni\u0173 kra\u0161totyrinink\u0173 parengta knyga \u2013 tai siekio prisid\u0117ti prie Lietuvos t\u016bkstantme\u010dio pamin\u0117jimo rezultatas. Joje apra\u0161ytos istoriniais dokumentais pagr\u012fstos kai kurios senojo Rauboni\u0173 kaimo ir to kra\u0161to praeities akimirkos nuo XIV a., ap\u017evelgiama iki \u0161iol tebestovin\u010dio Rauboni\u0173 pasidid\u017eiavimo \u2013 mal\u016bno istorija, pristatoma \u0161iuolaikinio naujojo Rauboni\u0173 [&hellip;]<\/p>\n","protected":false},"author":1,"featured_media":5865,"parent":0,"menu_order":0,"comment_status":"closed","ping_status":"closed","template":"elementor_header_footer","meta":{"cybocfi_hide_featured_image":"","footnotes":""},"class_list":["post-5884","page","type-page","status-publish","has-post-thumbnail","hentry"],"yoast_head":"<!-- This site is optimized with the Yoast SEO plugin v27.0 - https:\/\/yoast.com\/product\/yoast-seo-wordpress\/ -->\n<title>Rauboni\u0173 bendruomen\u0117s i\u0161leistos knygos - Rauboni\u0173 bendruomen\u0117 ir kult\u016bros namai<\/title>\n<meta name=\"robots\" content=\"index, follow, max-snippet:-1, max-image-preview:large, max-video-preview:-1\" \/>\n<link rel=\"canonical\" href=\"https:\/\/raubonys.lt\/en\/knygos\/\" \/>\n<meta property=\"og:locale\" content=\"en_GB\" \/>\n<meta property=\"og:type\" content=\"article\" \/>\n<meta property=\"og:title\" content=\"Rauboni\u0173 bendruomen\u0117s i\u0161leistos knygos - Rauboni\u0173 bendruomen\u0117 ir kult\u016bros namai\" \/>\n<meta property=\"og:description\" content=\"2009-aisiais sukako 1000 met\u0173, kai Lietuvos vardas pirm\u0105 kart\u0105 pamin\u0117tas ra\u0161ytiniuose \u0161altiniuose.Rauboni\u0173 kra\u0161totyrinink\u0173 parengta knyga \u2013 tai siekio prisid\u0117ti prie Lietuvos t\u016bkstantme\u010dio pamin\u0117jimo rezultatas. Joje apra\u0161ytos istoriniais dokumentais pagr\u012fstos kai kurios senojo Rauboni\u0173 kaimo ir to kra\u0161to praeities akimirkos nuo XIV a., ap\u017evelgiama iki \u0161iol tebestovin\u010dio Rauboni\u0173 pasidid\u017eiavimo \u2013 mal\u016bno istorija, pristatoma \u0161iuolaikinio naujojo Rauboni\u0173 [&hellip;]\" \/>\n<meta property=\"og:url\" content=\"https:\/\/raubonys.lt\/en\/knygos\/\" \/>\n<meta property=\"og:site_name\" content=\"Rauboni\u0173 bendruomen\u0117 ir kult\u016bros namai\" \/>\n<meta property=\"article:publisher\" content=\"https:\/\/www.facebook.com\/raubonys\/\" \/>\n<meta property=\"article:modified_time\" content=\"2024-03-19T12:48:24+00:00\" \/>\n<meta property=\"og:image\" content=\"https:\/\/raubonys.lt\/wp-content\/uploads\/2023\/10\/Rauboniu-malunas-XX-a.-4-des-scaled.jpg\" \/>\n\t<meta property=\"og:image:width\" content=\"2560\" \/>\n\t<meta property=\"og:image:height\" content=\"1564\" \/>\n\t<meta property=\"og:image:type\" content=\"image\/jpeg\" \/>\n<meta name=\"twitter:card\" content=\"summary_large_image\" \/>\n<meta name=\"twitter:label1\" content=\"Estimated reading time\" \/>\n\t<meta name=\"twitter:data1\" content=\"3 minutes\" \/>\n<script type=\"application\/ld+json\" class=\"yoast-schema-graph\">{\"@context\":\"https:\/\/schema.org\",\"@graph\":[{\"@type\":\"WebPage\",\"@id\":\"https:\/\/raubonys.lt\/knygos\/\",\"url\":\"https:\/\/raubonys.lt\/knygos\/\",\"name\":\"Rauboni\u0173 bendruomen\u0117s i\u0161leistos knygos - Rauboni\u0173 bendruomen\u0117 ir kult\u016bros namai\",\"isPartOf\":{\"@id\":\"https:\/\/raubonys.lt\/#website\"},\"primaryImageOfPage\":{\"@id\":\"https:\/\/raubonys.lt\/knygos\/#primaryimage\"},\"image\":{\"@id\":\"https:\/\/raubonys.lt\/knygos\/#primaryimage\"},\"thumbnailUrl\":\"https:\/\/raubonys.lt\/wp-content\/uploads\/2023\/10\/Rauboniu-malunas-XX-a.-4-des-scaled.jpg\",\"datePublished\":\"2023-10-17T12:22:52+00:00\",\"dateModified\":\"2024-03-19T12:48:24+00:00\",\"breadcrumb\":{\"@id\":\"https:\/\/raubonys.lt\/knygos\/#breadcrumb\"},\"inLanguage\":\"en-GB\",\"potentialAction\":[{\"@type\":\"ReadAction\",\"target\":[\"https:\/\/raubonys.lt\/knygos\/\"]}]},{\"@type\":\"ImageObject\",\"inLanguage\":\"en-GB\",\"@id\":\"https:\/\/raubonys.lt\/knygos\/#primaryimage\",\"url\":\"https:\/\/raubonys.lt\/wp-content\/uploads\/2023\/10\/Rauboniu-malunas-XX-a.-4-des-scaled.jpg\",\"contentUrl\":\"https:\/\/raubonys.lt\/wp-content\/uploads\/2023\/10\/Rauboniu-malunas-XX-a.-4-des-scaled.jpg\",\"width\":2560,\"height\":1564},{\"@type\":\"BreadcrumbList\",\"@id\":\"https:\/\/raubonys.lt\/knygos\/#breadcrumb\",\"itemListElement\":[{\"@type\":\"ListItem\",\"position\":1,\"name\":\"Prad\u017eia\",\"item\":\"https:\/\/raubonys.lt\/\"},{\"@type\":\"ListItem\",\"position\":2,\"name\":\"Rauboni\u0173 bendruomen\u0117s i\u0161leistos knygos\"}]},{\"@type\":\"WebSite\",\"@id\":\"https:\/\/raubonys.lt\/#website\",\"url\":\"https:\/\/raubonys.lt\/\",\"name\":\"Rauboni\u0173 bendruomen\u0117 ir kult\u016bros namai\",\"description\":\"Raubonys.lt\",\"publisher\":{\"@id\":\"https:\/\/raubonys.lt\/#organization\"},\"alternateName\":\"Raubonys.lt\",\"potentialAction\":[{\"@type\":\"SearchAction\",\"target\":{\"@type\":\"EntryPoint\",\"urlTemplate\":\"https:\/\/raubonys.lt\/?s={search_term_string}\"},\"query-input\":{\"@type\":\"PropertyValueSpecification\",\"valueRequired\":true,\"valueName\":\"search_term_string\"}}],\"inLanguage\":\"en-GB\"},{\"@type\":\"Organization\",\"@id\":\"https:\/\/raubonys.lt\/#organization\",\"name\":\"Raubonys.lt\",\"url\":\"https:\/\/raubonys.lt\/\",\"logo\":{\"@type\":\"ImageObject\",\"inLanguage\":\"en-GB\",\"@id\":\"https:\/\/raubonys.lt\/#\/schema\/logo\/image\/\",\"url\":\"https:\/\/raubonys.lt\/wp-content\/uploads\/2023\/10\/raubonys.lt_logo_black.png\",\"contentUrl\":\"https:\/\/raubonys.lt\/wp-content\/uploads\/2023\/10\/raubonys.lt_logo_black.png\",\"width\":3508,\"height\":931,\"caption\":\"Raubonys.lt\"},\"image\":{\"@id\":\"https:\/\/raubonys.lt\/#\/schema\/logo\/image\/\"},\"sameAs\":[\"https:\/\/www.facebook.com\/raubonys\/\"]}]}<\/script>\n<!-- \/ Yoast SEO plugin. -->","yoast_head_json":{"title":"Rauboni\u0173 bendruomen\u0117s i\u0161leistos knygos - Rauboni\u0173 bendruomen\u0117 ir kult\u016bros namai","robots":{"index":"index","follow":"follow","max-snippet":"max-snippet:-1","max-image-preview":"max-image-preview:large","max-video-preview":"max-video-preview:-1"},"canonical":"https:\/\/raubonys.lt\/en\/knygos\/","og_locale":"en_GB","og_type":"article","og_title":"Rauboni\u0173 bendruomen\u0117s i\u0161leistos knygos - Rauboni\u0173 bendruomen\u0117 ir kult\u016bros namai","og_description":"2009-aisiais sukako 1000 met\u0173, kai Lietuvos vardas pirm\u0105 kart\u0105 pamin\u0117tas ra\u0161ytiniuose \u0161altiniuose.Rauboni\u0173 kra\u0161totyrinink\u0173 parengta knyga \u2013 tai siekio prisid\u0117ti prie Lietuvos t\u016bkstantme\u010dio pamin\u0117jimo rezultatas. Joje apra\u0161ytos istoriniais dokumentais pagr\u012fstos kai kurios senojo Rauboni\u0173 kaimo ir to kra\u0161to praeities akimirkos nuo XIV a., ap\u017evelgiama iki \u0161iol tebestovin\u010dio Rauboni\u0173 pasidid\u017eiavimo \u2013 mal\u016bno istorija, pristatoma \u0161iuolaikinio naujojo Rauboni\u0173 [&hellip;]","og_url":"https:\/\/raubonys.lt\/en\/knygos\/","og_site_name":"Rauboni\u0173 bendruomen\u0117 ir kult\u016bros namai","article_publisher":"https:\/\/www.facebook.com\/raubonys\/","article_modified_time":"2024-03-19T12:48:24+00:00","og_image":[{"width":2560,"height":1564,"url":"https:\/\/raubonys.lt\/wp-content\/uploads\/2023\/10\/Rauboniu-malunas-XX-a.-4-des-scaled.jpg","type":"image\/jpeg"}],"twitter_card":"summary_large_image","twitter_misc":{"Estimated reading time":"3 minutes"},"schema":{"@context":"https:\/\/schema.org","@graph":[{"@type":"WebPage","@id":"https:\/\/raubonys.lt\/knygos\/","url":"https:\/\/raubonys.lt\/knygos\/","name":"Rauboni\u0173 bendruomen\u0117s i\u0161leistos knygos - Rauboni\u0173 bendruomen\u0117 ir kult\u016bros namai","isPartOf":{"@id":"https:\/\/raubonys.lt\/#website"},"primaryImageOfPage":{"@id":"https:\/\/raubonys.lt\/knygos\/#primaryimage"},"image":{"@id":"https:\/\/raubonys.lt\/knygos\/#primaryimage"},"thumbnailUrl":"https:\/\/raubonys.lt\/wp-content\/uploads\/2023\/10\/Rauboniu-malunas-XX-a.-4-des-scaled.jpg","datePublished":"2023-10-17T12:22:52+00:00","dateModified":"2024-03-19T12:48:24+00:00","breadcrumb":{"@id":"https:\/\/raubonys.lt\/knygos\/#breadcrumb"},"inLanguage":"en-GB","potentialAction":[{"@type":"ReadAction","target":["https:\/\/raubonys.lt\/knygos\/"]}]},{"@type":"ImageObject","inLanguage":"en-GB","@id":"https:\/\/raubonys.lt\/knygos\/#primaryimage","url":"https:\/\/raubonys.lt\/wp-content\/uploads\/2023\/10\/Rauboniu-malunas-XX-a.-4-des-scaled.jpg","contentUrl":"https:\/\/raubonys.lt\/wp-content\/uploads\/2023\/10\/Rauboniu-malunas-XX-a.-4-des-scaled.jpg","width":2560,"height":1564},{"@type":"BreadcrumbList","@id":"https:\/\/raubonys.lt\/knygos\/#breadcrumb","itemListElement":[{"@type":"ListItem","position":1,"name":"Prad\u017eia","item":"https:\/\/raubonys.lt\/"},{"@type":"ListItem","position":2,"name":"Rauboni\u0173 bendruomen\u0117s i\u0161leistos knygos"}]},{"@type":"WebSite","@id":"https:\/\/raubonys.lt\/#website","url":"https:\/\/raubonys.lt\/","name":"Rauboni\u0173 bendruomen\u0117 ir kult\u016bros namai","description":"Raubonys.lt","publisher":{"@id":"https:\/\/raubonys.lt\/#organization"},"alternateName":"Raubonys.lt","potentialAction":[{"@type":"SearchAction","target":{"@type":"EntryPoint","urlTemplate":"https:\/\/raubonys.lt\/?s={search_term_string}"},"query-input":{"@type":"PropertyValueSpecification","valueRequired":true,"valueName":"search_term_string"}}],"inLanguage":"en-GB"},{"@type":"Organization","@id":"https:\/\/raubonys.lt\/#organization","name":"Raubonys.lt","url":"https:\/\/raubonys.lt\/","logo":{"@type":"ImageObject","inLanguage":"en-GB","@id":"https:\/\/raubonys.lt\/#\/schema\/logo\/image\/","url":"https:\/\/raubonys.lt\/wp-content\/uploads\/2023\/10\/raubonys.lt_logo_black.png","contentUrl":"https:\/\/raubonys.lt\/wp-content\/uploads\/2023\/10\/raubonys.lt_logo_black.png","width":3508,"height":931,"caption":"Raubonys.lt"},"image":{"@id":"https:\/\/raubonys.lt\/#\/schema\/logo\/image\/"},"sameAs":["https:\/\/www.facebook.com\/raubonys\/"]}]}},"_links":{"self":[{"href":"https:\/\/raubonys.lt\/en\/wp-json\/wp\/v2\/pages\/5884","targetHints":{"allow":["GET"]}}],"collection":[{"href":"https:\/\/raubonys.lt\/en\/wp-json\/wp\/v2\/pages"}],"about":[{"href":"https:\/\/raubonys.lt\/en\/wp-json\/wp\/v2\/types\/page"}],"author":[{"embeddable":true,"href":"https:\/\/raubonys.lt\/en\/wp-json\/wp\/v2\/users\/1"}],"replies":[{"embeddable":true,"href":"https:\/\/raubonys.lt\/en\/wp-json\/wp\/v2\/comments?post=5884"}],"version-history":[{"count":0,"href":"https:\/\/raubonys.lt\/en\/wp-json\/wp\/v2\/pages\/5884\/revisions"}],"wp:featuredmedia":[{"embeddable":true,"href":"https:\/\/raubonys.lt\/en\/wp-json\/wp\/v2\/media\/5865"}],"wp:attachment":[{"href":"https:\/\/raubonys.lt\/en\/wp-json\/wp\/v2\/media?parent=5884"}],"curies":[{"name":"wp","href":"https:\/\/api.w.org\/{rel}","templated":true}]}}