{"id":5900,"date":"2023-10-17T12:38:52","date_gmt":"2023-10-17T12:38:52","guid":{"rendered":"https:\/\/raubonys.lt\/?page_id=5900"},"modified":"2025-05-21T14:11:56","modified_gmt":"2025-05-21T11:11:56","slug":"koplycia","status":"publish","type":"page","link":"https:\/\/raubonys.lt\/en\/koplycia\/","title":{"rendered":"Rauboni\u0173 koply\u010dia"},"content":{"rendered":"<div data-elementor-type=\"wp-page\" data-elementor-id=\"5900\" class=\"elementor elementor-5900\">\n\t\t\t\t\t\t<section class=\"elementor-section elementor-top-section elementor-element elementor-element-1aafc0a elementor-section-boxed elementor-section-height-default elementor-section-height-default\" data-id=\"1aafc0a\" data-element_type=\"section\" data-e-type=\"section\">\n\t\t\t\t\t\t<div class=\"elementor-container elementor-column-gap-default\">\n\t\t\t\t\t<div class=\"elementor-column elementor-col-100 elementor-top-column elementor-element elementor-element-6582691\" data-id=\"6582691\" data-element_type=\"column\" data-e-type=\"column\">\n\t\t\t<div class=\"elementor-widget-wrap elementor-element-populated\">\n\t\t\t\t\t\t<div class=\"elementor-element elementor-element-5e74f1f egovt_heading_border_left elementor-widget elementor-widget-heading\" data-id=\"5e74f1f\" data-element_type=\"widget\" data-e-type=\"widget\" data-widget_type=\"heading.default\">\n\t\t\t\t<div class=\"elementor-widget-container\">\n\t\t\t\t\t<h2 class=\"elementor-heading-title elementor-size-default\">\u201eTik tik\u0117jimas, viltis ir meil\u0117 padeda i\u0161k\u0119sti visus sunkumus, tik tik\u0117dami galime prikelti puolusi\u0105 Lietuv\u0105\u2026\u201c<\/h2>\t\t\t\t<\/div>\n\t\t\t\t<\/div>\n\t\t\t\t<div class=\"elementor-element elementor-element-2b89aa0 elementor-widget elementor-widget-text-editor\" data-id=\"2b89aa0\" data-element_type=\"widget\" data-e-type=\"widget\" data-widget_type=\"text-editor.default\">\n\t\t\t\t<div class=\"elementor-widget-container\">\n\t\t\t\t\t\t\t\t\t<p><span style=\"color: #202b5d;\">&#8211; Jonas KAUNECKAS, <\/span><span style=\"color: #5a6579; font-family: Nunito Sans;\">Panev\u0117\u017eio vyskupas (Raubonys, 2003 m.)<\/span><\/p>\t\t\t\t\t\t\t\t<\/div>\n\t\t\t\t<\/div>\n\t\t\t\t\t<\/div>\n\t\t<\/div>\n\t\t\t\t\t<\/div>\n\t\t<\/section>\n\t\t\t\t<section class=\"elementor-section elementor-top-section elementor-element elementor-element-0231864 elementor-section-boxed elementor-section-height-default elementor-section-height-default\" data-id=\"0231864\" data-element_type=\"section\" data-e-type=\"section\">\n\t\t\t\t\t\t<div class=\"elementor-container elementor-column-gap-default\">\n\t\t\t\t\t<div class=\"elementor-column elementor-col-100 elementor-top-column elementor-element elementor-element-f71d789\" data-id=\"f71d789\" data-element_type=\"column\" data-e-type=\"column\">\n\t\t\t<div class=\"elementor-widget-wrap elementor-element-populated\">\n\t\t\t\t\t\t<div class=\"elementor-element elementor-element-7dd607f elementor-widget-divider--view-line elementor-widget elementor-widget-divider\" data-id=\"7dd607f\" data-element_type=\"widget\" data-e-type=\"widget\" data-widget_type=\"divider.default\">\n\t\t\t\t<div class=\"elementor-widget-container\">\n\t\t\t\t\t\t\t<div class=\"elementor-divider\">\n\t\t\t<span class=\"elementor-divider-separator\">\n\t\t\t\t\t\t<\/span>\n\t\t<\/div>\n\t\t\t\t\t\t<\/div>\n\t\t\t\t<\/div>\n\t\t\t\t\t<\/div>\n\t\t<\/div>\n\t\t\t\t\t<\/div>\n\t\t<\/section>\n\t\t\t\t<section class=\"elementor-section elementor-top-section elementor-element elementor-element-8af6141 elementor-section-boxed elementor-section-height-default elementor-section-height-default\" data-id=\"8af6141\" data-element_type=\"section\" data-e-type=\"section\">\n\t\t\t\t\t\t<div class=\"elementor-container elementor-column-gap-default\">\n\t\t\t\t\t<div class=\"elementor-column elementor-col-50 elementor-top-column elementor-element elementor-element-301e03f\" data-id=\"301e03f\" data-element_type=\"column\" data-e-type=\"column\">\n\t\t\t<div class=\"elementor-widget-wrap elementor-element-populated\">\n\t\t\t\t\t\t<div class=\"elementor-element elementor-element-4983025 elementor-widget elementor-widget-text-editor\" data-id=\"4983025\" data-element_type=\"widget\" data-e-type=\"widget\" data-widget_type=\"text-editor.default\">\n\t\t\t\t<div class=\"elementor-widget-container\">\n\t\t\t\t\t\t\t\t\t<p>Mintis tu\u0161\u010diose buvusio dar\u017eelio patalpose \u012frengti koply\u010di\u0105 kilo mokytojai Birutei Simsonienei. Jai pritar\u0117 tuo metu Krin\u010dino parapijoje dirb\u0119s klebonas Sigitas U\u017edavinys. Buvo sukviestas Rauboni\u0173 kaimo gyventoj\u0173 susirinkimas, \u017emon\u0117s sveikino sumanym\u0105 kaime tur\u0117ti koply\u010di\u0105, nes daugeliui senyvo am\u017eiau \u017emoni\u0173 sunku nuvykti \u012f Krin\u010din\u0105 ar Pasval\u012f dalyvauti mi\u0161iose. Prie remonto darb\u0173 daug prisid\u0117jo tuometinis M\u016b\u0161os \u017eem\u0117s \u016bkio bendrov\u0117s vadovas Vaclovas Go\u0161tautas, rajono savivaldyb\u0117, Salo\u010di\u0173 seni\u016bnija, \u017einoma, ir patys raubonie\u010diai.<\/p><p>Pasakoja Stas\u0117 Petronien\u0117: \u201e1996 m. kovo 22 d. Krin\u010dino klebonas S. U\u017edavinys \u0161\u012f pastat\u0105 pa\u0161ventino ir mes \u0117m\u0117m\u0117s darbo \u012frengti koply\u010di\u0105. Visa iniciatyva buvo klebono, o raubonie\u010diai geranori\u0161kai talkindavo. \u017dmon\u0117s ne tik dirbo, bet ir kiek gal\u0117dami aukojo pinig\u0173. Vis\u0173 nesumin\u0117si, bet ypa\u010d daug prie m\u016brijimo darb\u0173 prisid\u0117jo Vytautas Baltaduonis, Pranas Rink\u016bnas savo traktoriumi ve\u017e\u0117 \u017evyr\u0105, \u017eem\u0119, kalkes ir kt. Nema\u017eai pad\u0117jo Kazimieras Gumbelevi\u010dius, Petras Kaz\u0117nas ir kiti. Noriai \u012f talkas susirinkdavo ir moksleiviai. A\u0161 prad\u0117jau tarnauti \u012frengtoje koply\u010dioje ir pri\u017ei\u016br\u0117ti \u0161arvojimo sal\u0119. Labai pad\u0117jo R\u0117n\u0117 Tirylien\u0117 ir Eugenija Navikien\u0117. I\u0161tarnavusi 12 met\u0173, 2008 m. pablog\u0117jus sveikatai savo pareigas perdaviau i\u0161tikimai pagalbininkei R. Tirylienei.\u201c<\/p>\t\t\t\t\t\t\t\t<\/div>\n\t\t\t\t<\/div>\n\t\t\t\t\t<\/div>\n\t\t<\/div>\n\t\t\t\t<div class=\"elementor-column elementor-col-50 elementor-top-column elementor-element elementor-element-c72119b\" data-id=\"c72119b\" data-element_type=\"column\" data-e-type=\"column\">\n\t\t\t<div class=\"elementor-widget-wrap elementor-element-populated\">\n\t\t\t\t\t\t<div class=\"elementor-element elementor-element-5e91d70 elementor-widget elementor-widget-image\" data-id=\"5e91d70\" data-element_type=\"widget\" data-e-type=\"widget\" data-widget_type=\"image.default\">\n\t\t\t\t<div class=\"elementor-widget-container\">\n\t\t\t\t\t\t\t\t\t\t\t\t\t\t\t<img fetchpriority=\"high\" decoding=\"async\" width=\"1536\" height=\"1017\" src=\"https:\/\/raubonys.lt\/wp-content\/uploads\/2023\/10\/IMGP6764.webp\" class=\"attachment-full size-full wp-image-8517\" alt=\"\" srcset=\"https:\/\/raubonys.lt\/wp-content\/uploads\/2023\/10\/IMGP6764.webp 1536w, https:\/\/raubonys.lt\/wp-content\/uploads\/2023\/10\/IMGP6764-300x199.webp 300w, https:\/\/raubonys.lt\/wp-content\/uploads\/2023\/10\/IMGP6764-1024x678.webp 1024w, https:\/\/raubonys.lt\/wp-content\/uploads\/2023\/10\/IMGP6764-768x509.webp 768w, https:\/\/raubonys.lt\/wp-content\/uploads\/2023\/10\/IMGP6764-350x232.webp 350w, https:\/\/raubonys.lt\/wp-content\/uploads\/2023\/10\/IMGP6764-370x245.webp 370w, https:\/\/raubonys.lt\/wp-content\/uploads\/2023\/10\/IMGP6764-255x169.webp 255w, https:\/\/raubonys.lt\/wp-content\/uploads\/2023\/10\/IMGP6764-285x189.webp 285w, https:\/\/raubonys.lt\/wp-content\/uploads\/2023\/10\/IMGP6764-600x397.webp 600w, https:\/\/raubonys.lt\/wp-content\/uploads\/2023\/10\/IMGP6764-560x371.webp 560w\" sizes=\"(max-width: 1536px) 100vw, 1536px\" \/>\t\t\t\t\t\t\t\t\t\t\t\t\t\t\t<\/div>\n\t\t\t\t<\/div>\n\t\t\t\t\t<\/div>\n\t\t<\/div>\n\t\t\t\t\t<\/div>\n\t\t<\/section>\n\t\t\t\t<section class=\"elementor-section elementor-top-section elementor-element elementor-element-a646e2f elementor-section-boxed elementor-section-height-default elementor-section-height-default\" data-id=\"a646e2f\" data-element_type=\"section\" data-e-type=\"section\">\n\t\t\t\t\t\t<div class=\"elementor-container elementor-column-gap-default\">\n\t\t\t\t\t<div class=\"elementor-column elementor-col-100 elementor-top-column elementor-element elementor-element-6dc03fb\" data-id=\"6dc03fb\" data-element_type=\"column\" data-e-type=\"column\">\n\t\t\t<div class=\"elementor-widget-wrap elementor-element-populated\">\n\t\t\t\t\t\t<div class=\"elementor-element elementor-element-ec9b344 elementor-widget elementor-widget-text-editor\" data-id=\"ec9b344\" data-element_type=\"widget\" data-e-type=\"widget\" data-widget_type=\"text-editor.default\">\n\t\t\t\t<div class=\"elementor-widget-container\">\n\t\t\t\t\t\t\t\t\t<p><span style=\"color: var( --e-global-color-text ); font-family: var( --e-global-typography-text-font-family ), Sans-serif; font-weight: var( --e-global-typography-text-font-weight ); text-transform: var( --e-global-typography-text-text-transform ); letter-spacing: 0px;\">Raubonie\u010diai labai d\u017eiaug\u0117si nauj\u0105ja koply\u010dia, klebonas S. U\u017edavinys jai taip pat negail\u0117jo laiko. Pamaldos vyko kiekvien\u0105 savaitgal\u012f. Be to, b\u016bta \u012fvairi\u0173 rengini\u0173 per U\u017egav\u0117nes ir Velykas, vyko rudens vakaron\u0117s. \u017dmon\u0117s mielai rinkosi \u012f \u0161iuos renginius, juose dalyvavo ir tuometin\u0117s mokyklos moksleiviai, kult\u016bros nam\u0173 saviveiklininkai, nes klebonas mok\u0117jo bendrauti, nuo\u0161ird\u017eiai organizavo \u0161ventes. Visi nusimin\u0117, kai 2000 m. klebonas S. U\u017edavinys i\u0161vyko \u012f kit\u0105 parapij\u0105. Net ir b\u016bdamas toli, da\u017enai paskambindavo ir pasidom\u0117davo, kaip gyvena raubonie\u010diai. Jo kvietimu Kupi\u0161kio rajone, Anta\u0161avoje, per U\u017egav\u0117nes lank\u0117si Rauboni\u0173 kaimo saviveiklininkai. Ten buvo gra\u017eiai sutikti ir priimti, tod\u0117l pakviet\u0117 anta\u0161avie\u010dius aplankyti Rauboni\u0173 kaim\u0105. Po kurio laiko su klebonu S. U\u017edaviniu \u012f sve\u010dius atvyko mieli sve\u010diai \u2013 b\u016brelis dailinink\u0173 ir muzikant\u0173.<\/span><\/p><p>Tuo metu \u012f Krin\u010din\u0105 atk\u0117l\u0117 kunig\u0105 Vilmant\u0105 Gutausk\u0105, kuris \u012f Raubonis retai atva\u017eiuodavo, net nor\u0117jo u\u017edaryti koply\u010di\u0105. Ta\u010diau viskas pasikeit\u0117, kai 2002 m. prad\u0117jo dirbti klebonas Algimantas Petk\u016bnas. Raubonie\u010diai v\u0117l renkasi \u012f pamaldas.<\/p><p>2003 m. Rauboni\u0173 gyvenviet\u0117je Advento ramyb\u0119 sudrumst\u0117 nepaprastas \u012fvykis. Koply\u010dioje lank\u0117si ir \u0161v. Mi\u0161ias u\u017e dabartinius ir jau Am\u017einyb\u0117n i\u0161\u0117jusius Rauboni\u0173 kaimo gyventojus aukojo Panev\u0117\u017eio vyskupas Jonas Kauneckas. T\u0105dien pasitikdami garbing\u0105 sve\u010di\u0105 Advento giesmes giedojo kaimo koply\u010dios chorist\u0117s, pritariant Krin\u010dino vargonininkei Kristinai Narvydaitei, jaunimas tautin\u0117mis juostomis juos\u0117 keli\u0105 \u012f kukli\u0105 ir kiekvienam raubonie\u010diui brangi\u0105 koplyt\u0117l\u0119. Itin \u012fd\u0117miai ir susikaup\u0119 susirinkusieji klaus\u0117si vyskupo pamokslo apie istorijos ir dabarties s\u0105sajas, vyresniosios kartos \u017emoni\u0173 tremtyje, lageriuose patirtas kan\u010dias ir \u0161iandienio gyvenimo realijas, kai nemari \u017emogaus siela murkdomas kvai\u0161aluose. Vyskupo aukot\u0173 \u0161v. Mi\u0161i\u0173 pakyl\u0117ti raubonie\u010diai nuo\u0161ird\u017eiai d\u0117kojo Ganytojui, kad \u0161is savo vizitu sureik\u0161mino, paauk\u0161tino ma\u017e\u0105 j\u0173 koplyt\u0117l\u0119. Kad \u0161is vizitas \u012fvykt\u0173, pastang\u0173 ir laiko negail\u0117jo kaimo bendruomen\u0117s nar\u0117s S. Petronien\u0117, R. Tirylien\u0117 ir E. Navikien\u0117. Jos, prie\u0161 kelet\u0105 m\u0117nesi\u0173 vyskupui vie\u0161int Gulbin\u0117n\u0173 \u0161v. Teres\u0117s atlaiduose, \u012fsidr\u0105sino pakviesti Jo Ekscelencij\u0105 apsilankyti Raubonyse. Tarpininkaujant Krin\u010dino klebonui A. Petk\u016bnui, vyskupas pa\u017ead\u0105 i\u0161tes\u0117jo.<\/p><p>2006 m. Rauboni\u0173 koply\u010dia min\u0117jo 10 met\u0173 \u012fk\u016brimo jubiliej\u0173. Bendruomen\u0117s tarybos sprendimu Salo\u010di\u0173 seni\u016bnijos seni\u016bnas A. Ma\u0161alas par\u016bpino \u0105\u017euol\u0105, i\u0161 kurio vietinis auksarankis meistras P. Kaz\u0117nas padar\u0117 dail\u0173 kry\u017ei\u0173. Moterys \u0161vent\u0117s dien\u0105 apjuos\u0117 kry\u017ei\u0173 \u0105\u017euolo lap\u0173 vainiku. Susirink\u0119 prie koply\u010dios visi lauk\u0117 atvykstant Jo Ekscelencijos Panev\u0117\u017eio vyskupo Jono Kaunecko. Sve\u010di\u0105 pasitiko tautiniais r\u016bbais pasipuo\u0161\u0119s jaunimas, tuometinis bendruomen\u0117s pirmininkas P. Uz\u0117la ir tarybos nar\u0117 R. Tirylien\u0117 vyskupui \u012fteikusi duonos kepal\u0105. \u0160vent\u0117 prasid\u0117jo vyskupo aukojamomis \u0161v. Mi\u0161iomis u\u017e Rauboni\u0173 kaim\u0105 ir jo \u017emones, po kuri\u0173 visi patrauk\u0117 \u0161ventinti naujai pastatyto kry\u017eiaus. V\u0117liau vyko Vasaros \u0161vent\u0117, koncertavo Krin\u010dino ir Rauboni\u0173 saviveiklininkai. \u0160vent\u0117s metu buvo pad\u0117kota visiems, prisid\u0117jusiems prie gra\u017eaus jubiliejaus pamin\u0117jimo.<\/p>\t\t\t\t\t\t\t\t<\/div>\n\t\t\t\t<\/div>\n\t\t\t\t\t<\/div>\n\t\t<\/div>\n\t\t\t\t\t<\/div>\n\t\t<\/section>\n\t\t\t\t<section class=\"elementor-section elementor-top-section elementor-element elementor-element-8642023 elementor-section-boxed elementor-section-height-default elementor-section-height-default\" data-id=\"8642023\" data-element_type=\"section\" data-e-type=\"section\">\n\t\t\t\t\t\t<div class=\"elementor-container elementor-column-gap-default\">\n\t\t\t\t\t<div class=\"elementor-column elementor-col-100 elementor-top-column elementor-element elementor-element-ffdd1be\" data-id=\"ffdd1be\" data-element_type=\"column\" data-e-type=\"column\">\n\t\t\t<div class=\"elementor-widget-wrap elementor-element-populated\">\n\t\t\t\t\t\t<div class=\"elementor-element elementor-element-1af852e elementor-widget elementor-widget-image\" data-id=\"1af852e\" data-element_type=\"widget\" data-e-type=\"widget\" data-widget_type=\"image.default\">\n\t\t\t\t<div class=\"elementor-widget-container\">\n\t\t\t\t\t\t\t\t\t\t\t\t\t\t\t<img decoding=\"async\" width=\"1600\" height=\"900\" src=\"https:\/\/raubonys.lt\/wp-content\/uploads\/2023\/10\/20746321_698281507027403_6547921591645806822_o_698281507027403.webp\" class=\"attachment-full size-full wp-image-8516\" alt=\"\" srcset=\"https:\/\/raubonys.lt\/wp-content\/uploads\/2023\/10\/20746321_698281507027403_6547921591645806822_o_698281507027403.webp 1600w, https:\/\/raubonys.lt\/wp-content\/uploads\/2023\/10\/20746321_698281507027403_6547921591645806822_o_698281507027403-300x169.webp 300w, https:\/\/raubonys.lt\/wp-content\/uploads\/2023\/10\/20746321_698281507027403_6547921591645806822_o_698281507027403-1024x576.webp 1024w, https:\/\/raubonys.lt\/wp-content\/uploads\/2023\/10\/20746321_698281507027403_6547921591645806822_o_698281507027403-768x432.webp 768w, https:\/\/raubonys.lt\/wp-content\/uploads\/2023\/10\/20746321_698281507027403_6547921591645806822_o_698281507027403-350x197.webp 350w, https:\/\/raubonys.lt\/wp-content\/uploads\/2023\/10\/20746321_698281507027403_6547921591645806822_o_698281507027403-370x208.webp 370w, https:\/\/raubonys.lt\/wp-content\/uploads\/2023\/10\/20746321_698281507027403_6547921591645806822_o_698281507027403-255x143.webp 255w, https:\/\/raubonys.lt\/wp-content\/uploads\/2023\/10\/20746321_698281507027403_6547921591645806822_o_698281507027403-285x160.webp 285w, https:\/\/raubonys.lt\/wp-content\/uploads\/2023\/10\/20746321_698281507027403_6547921591645806822_o_698281507027403-1536x864.webp 1536w, https:\/\/raubonys.lt\/wp-content\/uploads\/2023\/10\/20746321_698281507027403_6547921591645806822_o_698281507027403-600x338.webp 600w, https:\/\/raubonys.lt\/wp-content\/uploads\/2023\/10\/20746321_698281507027403_6547921591645806822_o_698281507027403-560x315.webp 560w\" sizes=\"(max-width: 1600px) 100vw, 1600px\" \/>\t\t\t\t\t\t\t\t\t\t\t\t\t\t\t<\/div>\n\t\t\t\t<\/div>\n\t\t\t\t\t<\/div>\n\t\t<\/div>\n\t\t\t\t\t<\/div>\n\t\t<\/section>\n\t\t\t\t<\/div>","protected":false},"excerpt":{"rendered":"<p>\u201eTik tik\u0117jimas, viltis ir meil\u0117 padeda i\u0161k\u0119sti visus sunkumus, tik tik\u0117dami galime prikelti puolusi\u0105 Lietuv\u0105\u2026\u201c &#8211; Jonas KAUNECKAS, Panev\u0117\u017eio vyskupas (Raubonys, 2003 m.) Mintis tu\u0161\u010diose buvusio dar\u017eelio patalpose \u012frengti koply\u010di\u0105 kilo mokytojai Birutei Simsonienei. Jai pritar\u0117 tuo metu Krin\u010dino parapijoje dirb\u0119s klebonas Sigitas U\u017edavinys. Buvo sukviestas Rauboni\u0173 kaimo gyventoj\u0173 susirinkimas, \u017emon\u0117s sveikino sumanym\u0105 kaime tur\u0117ti [&hellip;]<\/p>\n","protected":false},"author":1,"featured_media":5906,"parent":0,"menu_order":0,"comment_status":"closed","ping_status":"closed","template":"elementor_header_footer","meta":{"cybocfi_hide_featured_image":"yes","footnotes":""},"class_list":["post-5900","page","type-page","status-publish","has-post-thumbnail","hentry"],"yoast_head":"<!-- This site is optimized with the Yoast SEO plugin v27.0 - https:\/\/yoast.com\/product\/yoast-seo-wordpress\/ -->\n<title>Rauboni\u0173 koply\u010dia - Rauboni\u0173 bendruomen\u0117 ir kult\u016bros namai<\/title>\n<meta name=\"robots\" content=\"index, follow, max-snippet:-1, max-image-preview:large, max-video-preview:-1\" \/>\n<link rel=\"canonical\" href=\"https:\/\/raubonys.lt\/en\/koplycia\/\" \/>\n<meta property=\"og:locale\" content=\"en_GB\" \/>\n<meta property=\"og:type\" content=\"article\" \/>\n<meta property=\"og:title\" content=\"Rauboni\u0173 koply\u010dia - Rauboni\u0173 bendruomen\u0117 ir kult\u016bros namai\" \/>\n<meta property=\"og:description\" content=\"\u201eTik tik\u0117jimas, viltis ir meil\u0117 padeda i\u0161k\u0119sti visus sunkumus, tik tik\u0117dami galime prikelti puolusi\u0105 Lietuv\u0105\u2026\u201c &#8211; Jonas KAUNECKAS, Panev\u0117\u017eio vyskupas (Raubonys, 2003 m.) Mintis tu\u0161\u010diose buvusio dar\u017eelio patalpose \u012frengti koply\u010di\u0105 kilo mokytojai Birutei Simsonienei. Jai pritar\u0117 tuo metu Krin\u010dino parapijoje dirb\u0119s klebonas Sigitas U\u017edavinys. Buvo sukviestas Rauboni\u0173 kaimo gyventoj\u0173 susirinkimas, \u017emon\u0117s sveikino sumanym\u0105 kaime tur\u0117ti [&hellip;]\" \/>\n<meta property=\"og:url\" content=\"https:\/\/raubonys.lt\/en\/koplycia\/\" \/>\n<meta property=\"og:site_name\" content=\"Rauboni\u0173 bendruomen\u0117 ir kult\u016bros namai\" \/>\n<meta property=\"article:publisher\" content=\"https:\/\/www.facebook.com\/raubonys\/\" \/>\n<meta property=\"article:modified_time\" content=\"2025-05-21T11:11:56+00:00\" \/>\n<meta property=\"og:image\" content=\"https:\/\/raubonys.lt\/wp-content\/uploads\/2023\/10\/IMG_8085-scaled.jpg\" \/>\n\t<meta property=\"og:image:width\" content=\"2560\" \/>\n\t<meta property=\"og:image:height\" content=\"1703\" \/>\n\t<meta property=\"og:image:type\" content=\"image\/jpeg\" \/>\n<meta name=\"twitter:card\" content=\"summary_large_image\" \/>\n<meta name=\"twitter:label1\" content=\"Estimated reading time\" \/>\n\t<meta name=\"twitter:data1\" content=\"4 minutes\" \/>\n<script type=\"application\/ld+json\" class=\"yoast-schema-graph\">{\"@context\":\"https:\/\/schema.org\",\"@graph\":[{\"@type\":\"WebPage\",\"@id\":\"https:\/\/raubonys.lt\/koplycia\/\",\"url\":\"https:\/\/raubonys.lt\/koplycia\/\",\"name\":\"Rauboni\u0173 koply\u010dia - Rauboni\u0173 bendruomen\u0117 ir kult\u016bros namai\",\"isPartOf\":{\"@id\":\"https:\/\/raubonys.lt\/#website\"},\"primaryImageOfPage\":{\"@id\":\"https:\/\/raubonys.lt\/koplycia\/#primaryimage\"},\"image\":{\"@id\":\"https:\/\/raubonys.lt\/koplycia\/#primaryimage\"},\"thumbnailUrl\":\"https:\/\/raubonys.lt\/wp-content\/uploads\/2023\/10\/IMG_8085-scaled.jpg\",\"datePublished\":\"2023-10-17T12:38:52+00:00\",\"dateModified\":\"2025-05-21T11:11:56+00:00\",\"breadcrumb\":{\"@id\":\"https:\/\/raubonys.lt\/koplycia\/#breadcrumb\"},\"inLanguage\":\"en-GB\",\"potentialAction\":[{\"@type\":\"ReadAction\",\"target\":[\"https:\/\/raubonys.lt\/koplycia\/\"]}]},{\"@type\":\"BreadcrumbList\",\"@id\":\"https:\/\/raubonys.lt\/koplycia\/#breadcrumb\",\"itemListElement\":[{\"@type\":\"ListItem\",\"position\":1,\"name\":\"Prad\u017eia\",\"item\":\"https:\/\/raubonys.lt\/\"},{\"@type\":\"ListItem\",\"position\":2,\"name\":\"Rauboni\u0173 koply\u010dia\"}]},{\"@type\":\"WebSite\",\"@id\":\"https:\/\/raubonys.lt\/#website\",\"url\":\"https:\/\/raubonys.lt\/\",\"name\":\"Rauboni\u0173 bendruomen\u0117 ir kult\u016bros namai\",\"description\":\"Raubonys.lt\",\"publisher\":{\"@id\":\"https:\/\/raubonys.lt\/#organization\"},\"alternateName\":\"Raubonys.lt\",\"potentialAction\":[{\"@type\":\"SearchAction\",\"target\":{\"@type\":\"EntryPoint\",\"urlTemplate\":\"https:\/\/raubonys.lt\/?s={search_term_string}\"},\"query-input\":{\"@type\":\"PropertyValueSpecification\",\"valueRequired\":true,\"valueName\":\"search_term_string\"}}],\"inLanguage\":\"en-GB\"},{\"@type\":\"Organization\",\"@id\":\"https:\/\/raubonys.lt\/#organization\",\"name\":\"Raubonys.lt\",\"url\":\"https:\/\/raubonys.lt\/\",\"logo\":{\"@type\":\"ImageObject\",\"inLanguage\":\"en-GB\",\"@id\":\"https:\/\/raubonys.lt\/#\/schema\/logo\/image\/\",\"url\":\"https:\/\/raubonys.lt\/wp-content\/uploads\/2023\/10\/raubonys.lt_logo_black.png\",\"contentUrl\":\"https:\/\/raubonys.lt\/wp-content\/uploads\/2023\/10\/raubonys.lt_logo_black.png\",\"width\":3508,\"height\":931,\"caption\":\"Raubonys.lt\"},\"image\":{\"@id\":\"https:\/\/raubonys.lt\/#\/schema\/logo\/image\/\"},\"sameAs\":[\"https:\/\/www.facebook.com\/raubonys\/\"]}]}<\/script>\n<!-- \/ Yoast SEO plugin. -->","yoast_head_json":{"title":"Rauboni\u0173 koply\u010dia - Rauboni\u0173 bendruomen\u0117 ir kult\u016bros namai","robots":{"index":"index","follow":"follow","max-snippet":"max-snippet:-1","max-image-preview":"max-image-preview:large","max-video-preview":"max-video-preview:-1"},"canonical":"https:\/\/raubonys.lt\/en\/koplycia\/","og_locale":"en_GB","og_type":"article","og_title":"Rauboni\u0173 koply\u010dia - Rauboni\u0173 bendruomen\u0117 ir kult\u016bros namai","og_description":"\u201eTik tik\u0117jimas, viltis ir meil\u0117 padeda i\u0161k\u0119sti visus sunkumus, tik tik\u0117dami galime prikelti puolusi\u0105 Lietuv\u0105\u2026\u201c &#8211; Jonas KAUNECKAS, Panev\u0117\u017eio vyskupas (Raubonys, 2003 m.) Mintis tu\u0161\u010diose buvusio dar\u017eelio patalpose \u012frengti koply\u010di\u0105 kilo mokytojai Birutei Simsonienei. Jai pritar\u0117 tuo metu Krin\u010dino parapijoje dirb\u0119s klebonas Sigitas U\u017edavinys. Buvo sukviestas Rauboni\u0173 kaimo gyventoj\u0173 susirinkimas, \u017emon\u0117s sveikino sumanym\u0105 kaime tur\u0117ti [&hellip;]","og_url":"https:\/\/raubonys.lt\/en\/koplycia\/","og_site_name":"Rauboni\u0173 bendruomen\u0117 ir kult\u016bros namai","article_publisher":"https:\/\/www.facebook.com\/raubonys\/","article_modified_time":"2025-05-21T11:11:56+00:00","og_image":[{"width":2560,"height":1703,"url":"https:\/\/raubonys.lt\/wp-content\/uploads\/2023\/10\/IMG_8085-scaled.jpg","type":"image\/jpeg"}],"twitter_card":"summary_large_image","twitter_misc":{"Estimated reading time":"4 minutes"},"schema":{"@context":"https:\/\/schema.org","@graph":[{"@type":"WebPage","@id":"https:\/\/raubonys.lt\/koplycia\/","url":"https:\/\/raubonys.lt\/koplycia\/","name":"Rauboni\u0173 koply\u010dia - Rauboni\u0173 bendruomen\u0117 ir kult\u016bros namai","isPartOf":{"@id":"https:\/\/raubonys.lt\/#website"},"primaryImageOfPage":{"@id":"https:\/\/raubonys.lt\/koplycia\/#primaryimage"},"image":{"@id":"https:\/\/raubonys.lt\/koplycia\/#primaryimage"},"thumbnailUrl":"https:\/\/raubonys.lt\/wp-content\/uploads\/2023\/10\/IMG_8085-scaled.jpg","datePublished":"2023-10-17T12:38:52+00:00","dateModified":"2025-05-21T11:11:56+00:00","breadcrumb":{"@id":"https:\/\/raubonys.lt\/koplycia\/#breadcrumb"},"inLanguage":"en-GB","potentialAction":[{"@type":"ReadAction","target":["https:\/\/raubonys.lt\/koplycia\/"]}]},{"@type":"BreadcrumbList","@id":"https:\/\/raubonys.lt\/koplycia\/#breadcrumb","itemListElement":[{"@type":"ListItem","position":1,"name":"Prad\u017eia","item":"https:\/\/raubonys.lt\/"},{"@type":"ListItem","position":2,"name":"Rauboni\u0173 koply\u010dia"}]},{"@type":"WebSite","@id":"https:\/\/raubonys.lt\/#website","url":"https:\/\/raubonys.lt\/","name":"Rauboni\u0173 bendruomen\u0117 ir kult\u016bros namai","description":"Raubonys.lt","publisher":{"@id":"https:\/\/raubonys.lt\/#organization"},"alternateName":"Raubonys.lt","potentialAction":[{"@type":"SearchAction","target":{"@type":"EntryPoint","urlTemplate":"https:\/\/raubonys.lt\/?s={search_term_string}"},"query-input":{"@type":"PropertyValueSpecification","valueRequired":true,"valueName":"search_term_string"}}],"inLanguage":"en-GB"},{"@type":"Organization","@id":"https:\/\/raubonys.lt\/#organization","name":"Raubonys.lt","url":"https:\/\/raubonys.lt\/","logo":{"@type":"ImageObject","inLanguage":"en-GB","@id":"https:\/\/raubonys.lt\/#\/schema\/logo\/image\/","url":"https:\/\/raubonys.lt\/wp-content\/uploads\/2023\/10\/raubonys.lt_logo_black.png","contentUrl":"https:\/\/raubonys.lt\/wp-content\/uploads\/2023\/10\/raubonys.lt_logo_black.png","width":3508,"height":931,"caption":"Raubonys.lt"},"image":{"@id":"https:\/\/raubonys.lt\/#\/schema\/logo\/image\/"},"sameAs":["https:\/\/www.facebook.com\/raubonys\/"]}]}},"_links":{"self":[{"href":"https:\/\/raubonys.lt\/en\/wp-json\/wp\/v2\/pages\/5900","targetHints":{"allow":["GET"]}}],"collection":[{"href":"https:\/\/raubonys.lt\/en\/wp-json\/wp\/v2\/pages"}],"about":[{"href":"https:\/\/raubonys.lt\/en\/wp-json\/wp\/v2\/types\/page"}],"author":[{"embeddable":true,"href":"https:\/\/raubonys.lt\/en\/wp-json\/wp\/v2\/users\/1"}],"replies":[{"embeddable":true,"href":"https:\/\/raubonys.lt\/en\/wp-json\/wp\/v2\/comments?post=5900"}],"version-history":[{"count":3,"href":"https:\/\/raubonys.lt\/en\/wp-json\/wp\/v2\/pages\/5900\/revisions"}],"predecessor-version":[{"id":12466,"href":"https:\/\/raubonys.lt\/en\/wp-json\/wp\/v2\/pages\/5900\/revisions\/12466"}],"wp:featuredmedia":[{"embeddable":true,"href":"https:\/\/raubonys.lt\/en\/wp-json\/wp\/v2\/media\/5906"}],"wp:attachment":[{"href":"https:\/\/raubonys.lt\/en\/wp-json\/wp\/v2\/media?parent=5900"}],"curies":[{"name":"wp","href":"https:\/\/api.w.org\/{rel}","templated":true}]}}