{"id":6602,"date":"2020-03-14T07:15:22","date_gmt":"2020-03-14T07:15:22","guid":{"rendered":"http:\/\/raubonys.lt\/?page_id=1128"},"modified":"2023-11-06T20:54:19","modified_gmt":"2023-11-06T20:54:19","slug":"kultura-renginiai-2018","status":"publish","type":"page","link":"https:\/\/raubonys.lt\/en\/kultura-renginiai-2018\/","title":{"rendered":"Kult\u016bros renginiai | 2018 m."},"content":{"rendered":"<p class=\"has-text-align-center\"><strong>Koncertin\u0117 i\u0161vyka \u012f Kirnai\u010dius<\/strong><\/p>\n\n\n\n<p>Vie\u0161nag\u0117 Kirnai\u010diuose adventiniame pasibuvime &#8222;Atb\u0117ga elnias devyniaragis&#8221;. Folkloro ansamblis \u201eTatula\u201c \u017ei\u016brovams parod\u0117 programa \u201e<em>Vienu\u017eio dainos<\/em>&nbsp;\u2013&nbsp;<em>\u0161irdies patieka<\/em>\u201c.&nbsp; <\/p>\n\n\n\n<hr class=\"wp-block-separator has-css-opacity is-style-dots\"\/>\n\n\n\n<p class=\"has-text-align-center\"><strong>Romans\u0173 vakaras<\/strong> \u201e<strong>Apie meil\u0119 ir laim\u0119&#8230;\u201c<\/strong><\/p>\n\n\n\n<p>Lapkri\u010dio 10 dien\u0105, romans\u0173 magija nune\u0161\u0119 klausytojus ten, kur nor\u0117josi b\u016bti mylimam ir pa\u010diam myl\u0117ti&#8230;  <br> \u0160irdis graudio: PKC Va\u0161k\u0173 skyriaus folkloro ansamblis ,,Kors\u201c , Nairi\u0173 kult\u016bros nam\u0173 dainuojamosios poezijos ansamblis ,,Romantika\u201c , Nami\u0161i\u0173 kult\u016bros nam\u0173 moter\u0173 ansamblis ,,Svaja\u201c , Rauboni\u0173 romans\u0173 atlik\u0117jai.<\/p>\n\n\n\n<hr class=\"wp-block-separator has-css-opacity is-style-dots\"\/>\n\n\n\n<p class=\"has-text-align-center\"><strong> Popiet\u0117 pagyvenusiems \u017emon\u0117ms &#8222;\u0160irdis nesensta ir ne\u017eyla&#8221; <\/strong><\/p>\n\n\n\n<p> \u0160ilt\u0105 ir saul\u0117t\u0105 spalio 19 dien\u0105, penktadien\u012f, \u012fvyko popiet\u0117 pagyvenusiems \u017emon\u0117ms &#8222;\u0160irdis nesensta ir ne\u017eyla&#8221;.  Popiet\u0117s metu koncertavo Rauboni\u0173 &#8222;bo\u010di\u0173&#8221; vokalinis ansamblis &#8222;\u0160arma&#8221;,  ger\u0105 nuotaik\u0105 dovanojo Pasvalio paslaug\u0173 ir u\u017eimtumo centro ne\u012fgaliesiems vokalinis ansamblis &#8222;Dainuojan\u010dios \u0161irdys&#8221;, vadovas Petras Samuol\u0117nas.  Sveikinimo \u017eod\u012f tar\u0117 Pasvalio &#8222;Bo\u010di\u0173&#8221; bendrijos pirmininkas Stasys Tribui\u0161is ir pavaduotojas Antanas Indrili\u016bnas. <\/p>\n\n\n\n<hr class=\"wp-block-separator has-css-opacity is-style-dots\"\/>\n\n\n\n<p class=\"has-text-align-center\"><strong> Folkloro festivalis &#8222;Dainuoju Lietuvai&#8221; Punske. <\/strong><\/p>\n\n\n\n<p>Rauboni\u0173 folkloro ansamblis \u201eTatula\u201c vyko \u012f \u0160v. \u017dolini\u0173 \u0161vent\u0119 Lenkijoje, Punske. Savo literat\u016brine menine programa \u201e<em>Vienu\u017eio dainos<\/em>&nbsp;\u2013&nbsp;<em>\u0161irdies patieka<\/em>\u201c nud\u017eiugino nevieno lietuvio \u0161ird\u012f. <\/p>\n\n\n\n<hr class=\"wp-block-separator has-css-opacity is-style-dots\"\/>\n\n\n\n<p class=\"has-text-align-center\"><strong>Liepos 6 dienos min\u0117jimas<\/strong><\/p>\n\n\n\n<p>Liepos 6 dienos vakare, 21 valand\u0105, kartu su viso Pasaulio lietuviais sugiedojome \u0160imtme\u010dio Tauti\u0161k\u0105 giesm\u0119. A\u010di\u016b visiems u\u017e bendryst\u0119!<\/p>\n\n\n\n<hr class=\"wp-block-separator has-css-opacity is-style-dots\"\/>\n\n\n\n<p class=\"has-text-align-center\"><strong> 2018 m. \u0160imtme\u010dio dain\u0173 \u0161vent\u0117 &#8222;Vardan tos&#8230;&#8221; <\/strong><\/p>\n\n\n\n<p> Rauboni\u0173 folkloro ansamblis &#8222;Tatula&#8221; \u0160imtme\u010dio dain\u0173 \u0161vent\u0117s &#8222;Vardan tos&#8230;&#8221; folkloro dienoje &#8222;Did\u017ei\u0173 \u017emoni\u0173 \u017eem\u0117&#8221;.<br>D\u017eiaugiam\u0117s pabuvoj\u0119 tokiame gra\u017eiame renginyje, \u0161auni\u0173 \u017emoni\u0173 b\u016bryje, pajut\u0119 bendrum\u0105, dain\u0173 skambum\u0105 ir \u0161oki\u0173 linksmum\u0105! <\/p>\n\n\n\n<hr class=\"wp-block-separator has-css-opacity is-style-dots\"\/>\n\n\n\n<p class=\"has-text-align-center\"><strong> Pirmasis Pasaulio pasvalie\u010di\u0173 suva\u017eiavimas<\/strong><\/p>\n\n\n\n<p> Pirmojo Pasaulio pasvalie\u010di\u0173 suva\u017eiavimo baigiamasis renginys bir\u017eelio 29 dien\u0105 vyko Raubonyse. Sve\u010diai susipa\u017eino su\u00a0Rauboni\u0173 vandens mal\u016bnas, viln\u0173 kar\u0161ykla\u00a0veikla, maloniai pabendravo\u00a0Rauboniu Sodyba Tatulos Vingiai\u00a0sodyboje, klaus\u0117si folkoro ansamblio \u201eTatula\u201c koncerto. <\/p>\n\n\n\n<hr class=\"wp-block-separator has-css-opacity is-style-dots\"\/>\n\n\n\n<p class=\"has-text-align-center\"><strong> Folkloro \u0161vent\u0117 &#8222;Did\u017ei\u0173 \u017emoni\u0173 \u017eem\u0117&#8221; Raudondvaryje<\/strong><\/p>\n\n\n\n<p> Bir\u017eelio 9 d. Rauboni\u0173 folkloro ansamblis \u201eTatula\u201c vyko \u012f Raudondvar\u012f. \u010cia muzikavo, \u0161oko ir dainavo net 60 folkloro ansambli\u0173 bei visas b\u016brys liaudies meno ir amat\u0173&nbsp;meistr\u0173 \u2013 vyko folkloro \u0161vent\u0117 \u201eDid\u017ei\u0173 \u017emoni\u0173 \u017eem\u0117\u201c. Apie \u017emones \u2013 nuo istorini\u0173 asmenybi\u0173 iki tautosakos rink\u0117j\u0173, pateik\u0117j\u0173, nuo paprasto doro, darb\u0161taus, \u0161viesaus iki T\u0117vynei pasiaukojan\u010dio asmens \u2013 savo programose pasakojo \u0161vent\u0117s dalyviai. <\/p>\n\n\n\n<p>\u0160vent\u0117 Raudondvaryje tapo gra\u017eia&nbsp;\u012f\u017eanga \u012f liepos 1\u20136 d. Vilniuje vykusios Lietuvos \u0161imtme\u010dio dain\u0173 \u0161vent\u0117s Folkloro dien\u0105.<\/p>\n\n\n\n<hr class=\"wp-block-separator has-css-opacity is-style-dots\"\/>\n\n\n\n<p class=\"has-text-align-center\"><strong>Humoro vakaras \u201e\u0160ypsokim\u0117s gyvenimui&#8230;\u201c<\/strong><\/p>\n\n\n\n<p>Bir\u017eelio 1 dien\u0105, Rauboni\u0173 kult\u016bros namuose netr\u016bko juoko ir a\u0161ar\u0173. \u010cia vyko kasmetinis humoro vakaras. \u017di\u016brovus linksmino: \u201eAnta\u0161avos panos\u201c (Kupi\u0161kio rajonas); \u201e\u0160iek\u0161tinink\u0173 damos\u201c (Bir\u017e\u0173 rajonas); \u201eKaimo keistuol\u0117s\u201c (Raubonys).<\/p>\n\n\n\n<hr class=\"wp-block-separator has-css-opacity is-style-dots\"\/>\n\n\n\n<p class=\"has-text-align-center\"><strong>Literat\u016brin\u0117 popiet\u0117 \u201eMano eil\u0117s Tau, gimtine\u201c<\/strong><\/p>\n\n\n\n<p>Gegu\u017e\u0117s 18 dien\u0105, \u0161alia Rauboni\u0173 mal\u016bno vyko pirmoji literat\u016brin\u0117 popiet\u0117. A\u010di\u016b u\u017e eiles, \u0161ilt\u0105 \u017eod\u012f bei neapsakom\u0105 jautrum\u0105. <\/p>\n\n\n\n<figure class=\"wp-block-embed is-type-video is-provider-youtube wp-block-embed-youtube wp-embed-aspect-16-9 wp-has-aspect-ratio\"><div class=\"wp-block-embed__wrapper\">\n<iframe title=\"Literat\u016brin\u0117 popiet\u0117 \u201eMano eil\u0117s Tau, gimtine...\u201c\" width=\"500\" height=\"281\" src=\"https:\/\/www.youtube.com\/embed\/5kekiSkTT98?feature=oembed&amp;wmode=opaque\"  allow=\"accelerometer; autoplay; clipboard-write; encrypted-media; gyroscope; picture-in-picture; web-share\" referrerpolicy=\"strict-origin-when-cross-origin\" allowfullscreen><\/iframe>\n<\/div><\/figure>\n\n\n\n<hr class=\"wp-block-separator has-css-opacity is-style-dots\"\/>\n\n\n\n<p class=\"has-text-align-center\"><strong>Vasario 16-osios min\u0117jimas<\/strong><\/p>\n\n\n\n<p> Kaip smagu gra\u017eiame draug\u0173 b\u016bry \u0161v\u0119sti Lietuvos gimtadien\u012f! Seniausiame Rauboni\u0173 pastate, kuris puikiai mena pirmuosius atkurtosios Lietuvos \u017eingsnius, \u0161iandien d\u016bzg\u0117 senieji \u012frengimai kar\u0161dami, sukdami, vydami \u0161ird\u017eiai miel\u0173 spalv\u0173 viln\u0105. Suplev\u0117suos dar viena trispalv\u0117 vilnon\u0117 v\u0117liava! D\u017eiugu, kad aplank\u0117t Raubonis, kur dar ilgai skamb\u0117jo dainos, \u0161okio s\u016bkury sukosi poros. Net kava buvo gardesn\u0117, geriama i\u0161 margaspalvi\u0173 puodeli\u0173, o \u0161ventinis tortas (a\u010di\u016b Gitana Sauliene) tiesiog tirpo burnoje. Su \u0161vente, jus, mielieji! <\/p>\n\n\n\n<hr class=\"wp-block-separator has-css-opacity is-style-dots\"\/>\n\n\n\n<p class=\"has-text-align-center\"><strong>Susitikimas su Ministru Pirmininku Sauliumi Skverneliu<\/strong><\/p>\n\n\n\n<p>Sausio 26 d. Pasval\u012f aplank\u0117 vienas svarbiausi\u0173 m\u016bs\u0173 vald\u017eios atstov\u0173 \u2013 Lietuvos Respublikos Ministras Pirmininkas Saulius Skvernelis. Jis lank\u0117si Pasvalio rajono savivaldyb\u0117s administracijoje, kur vyko susitikimas su rajono verslininkais ir \u016bkininkais, taip pat vie\u0161\u0117jo Pasvalio Petro Vilei\u0161io gimnazijoje, MB \u201eDonix\u201c \u012fmon\u0117je, AB \u201ePieno \u017evaig\u017ed\u0117s\u201c Pasvalio s\u016brin\u0117je, Rauboni\u0173 vandens mal\u016bne viln\u0173 kar\u0161ykloje \u2013 verpykloje bei susitiko su Rauboni\u0173 bendruomen\u0117s nariais.<\/p>\n\n\n\n<p>Sauli\u0173 Skvernel\u012f lyd\u0117jo Lietuvos Respublikos Seimo narys Audrys \u0160imas, Ministro Pirmininko patar\u0117jai Un\u0117 Kaunait\u0117, Skirmantas Malinauskas ir Lukas Savickas. Kartu su jais \u012f Pasval\u012f atvyko ir fotografas Darius Janutis.<\/p>\n\n\n\n<p>Apsilankymo Rauboni\u0173 vandens mal\u016bne viln\u0173 kar\u0161ykloje-verpykloje metu sve\u010diai susipa\u017eino su veikian\u010diais viln\u0173 kar\u0161yklos \u012frenginiai ir amat\u0173 centro veikla. Paskutin\u0117 Ministro Pirmininko stotel\u0117 Pasvalio rajone buvo susitikimas su Rauboni\u0173 bendruomene. Susirinkusieji tur\u0117jo galimyb\u0119 u\u017eduoti \u012fvairius, jiems aktualius klausimus. Ministras Pirmininkas tikino, jog poky\u010diai Lietuvai itin reikalingi, nors kartais ir atrodo, jog paprastam \u017emogui jie n\u0117ra svarb\u016bs. Jis kalb\u0117jo apie b\u016btinyb\u0119 ma\u017einti \u0161e\u0161\u0117lin\u0119 veikl\u0105, atlyginim\u0173 u\u017e darb\u0105 \u201evokeliuose\u201c \u012ftak\u0105 valstyb\u0117s gerovei, valstyb\u0117s biud\u017eeto paskirstym\u0105 ir art\u0117jan\u010dius poky\u010dius \u0161vietimo, mokslo, medicinos ir kitose srityse.<\/p>\n\n\n\n<hr class=\"wp-block-separator has-css-opacity is-style-dots\"\/>\n\n\n\n<p class=\"has-text-align-center\"><strong>Sausio 13 dienos min\u0117jimas<\/strong><\/p>\n\n\n\n<p> Sunku patik\u0117ti, kad prab\u0117go jau dvide\u0161imt septyni metai nuo tada, kai 1991-\u0173j\u0173 saus\u012f gyn\u0117me savo \u0161al\u012f&#8230; <\/p>","protected":false},"excerpt":{"rendered":"<p>Koncertin\u0117 i\u0161vyka \u012f Kirnai\u010dius Vie\u0161nag\u0117 Kirnai\u010diuose adventiniame pasibuvime &#8222;Atb\u0117ga elnias devyniaragis&#8221;. Folkloro ansamblis \u201eTatula\u201c \u017ei\u016brovams parod\u0117 programa \u201eVienu\u017eio dainos&nbsp;\u2013&nbsp;\u0161irdies patieka\u201c.&nbsp; Romans\u0173 vakaras \u201eApie meil\u0119 ir laim\u0119&#8230;\u201c Lapkri\u010dio 10 dien\u0105, romans\u0173 magija nune\u0161\u0119 klausytojus ten, kur nor\u0117josi b\u016bti mylimam ir pa\u010diam myl\u0117ti&#8230; \u0160irdis graudio: PKC Va\u0161k\u0173 skyriaus folkloro ansamblis ,,Kors\u201c , Nairi\u0173 kult\u016bros nam\u0173 dainuojamosios poezijos [&hellip;]<\/p>\n","protected":false},"author":1,"featured_media":0,"parent":0,"menu_order":0,"comment_status":"closed","ping_status":"closed","template":"","meta":{"cybocfi_hide_featured_image":"","footnotes":""},"class_list":["post-6602","page","type-page","status-publish","hentry"],"yoast_head":"<!-- This site is optimized with the Yoast SEO plugin v27.0 - https:\/\/yoast.com\/product\/yoast-seo-wordpress\/ -->\n<title>Kult\u016bros renginiai | 2018 m. - Rauboni\u0173 bendruomen\u0117 ir kult\u016bros namai<\/title>\n<meta name=\"robots\" content=\"index, follow, max-snippet:-1, max-image-preview:large, max-video-preview:-1\" \/>\n<link rel=\"canonical\" href=\"https:\/\/raubonys.lt\/en\/kultura-renginiai-2018\/\" \/>\n<meta property=\"og:locale\" content=\"en_GB\" \/>\n<meta property=\"og:type\" content=\"article\" \/>\n<meta property=\"og:title\" content=\"Kult\u016bros renginiai | 2018 m. - Rauboni\u0173 bendruomen\u0117 ir kult\u016bros namai\" \/>\n<meta property=\"og:description\" content=\"Koncertin\u0117 i\u0161vyka \u012f Kirnai\u010dius Vie\u0161nag\u0117 Kirnai\u010diuose adventiniame pasibuvime &#8222;Atb\u0117ga elnias devyniaragis&#8221;. Folkloro ansamblis \u201eTatula\u201c \u017ei\u016brovams parod\u0117 programa \u201eVienu\u017eio dainos&nbsp;\u2013&nbsp;\u0161irdies patieka\u201c.&nbsp; Romans\u0173 vakaras \u201eApie meil\u0119 ir laim\u0119&#8230;\u201c Lapkri\u010dio 10 dien\u0105, romans\u0173 magija nune\u0161\u0119 klausytojus ten, kur nor\u0117josi b\u016bti mylimam ir pa\u010diam myl\u0117ti&#8230; \u0160irdis graudio: PKC Va\u0161k\u0173 skyriaus folkloro ansamblis ,,Kors\u201c , Nairi\u0173 kult\u016bros nam\u0173 dainuojamosios poezijos [&hellip;]\" \/>\n<meta property=\"og:url\" content=\"https:\/\/raubonys.lt\/en\/kultura-renginiai-2018\/\" \/>\n<meta property=\"og:site_name\" content=\"Rauboni\u0173 bendruomen\u0117 ir kult\u016bros namai\" \/>\n<meta property=\"article:publisher\" content=\"https:\/\/www.facebook.com\/raubonys\/\" \/>\n<meta property=\"article:modified_time\" content=\"2023-11-06T20:54:19+00:00\" \/>\n<meta property=\"og:image\" content=\"https:\/\/raubonys.lt\/wp-content\/uploads\/2023\/10\/DJI_0306-1024x576.png\" \/>\n\t<meta property=\"og:image:width\" content=\"1024\" \/>\n\t<meta property=\"og:image:height\" content=\"576\" \/>\n\t<meta property=\"og:image:type\" content=\"image\/png\" \/>\n<meta name=\"twitter:card\" content=\"summary_large_image\" \/>\n<meta name=\"twitter:label1\" content=\"Estimated reading time\" \/>\n\t<meta name=\"twitter:data1\" content=\"4 minutes\" \/>\n<script type=\"application\/ld+json\" class=\"yoast-schema-graph\">{\"@context\":\"https:\/\/schema.org\",\"@graph\":[{\"@type\":\"WebPage\",\"@id\":\"https:\/\/raubonys.lt\/kultura-renginiai-2018\/\",\"url\":\"https:\/\/raubonys.lt\/kultura-renginiai-2018\/\",\"name\":\"Kult\u016bros renginiai | 2018 m. - Rauboni\u0173 bendruomen\u0117 ir kult\u016bros namai\",\"isPartOf\":{\"@id\":\"https:\/\/raubonys.lt\/#website\"},\"datePublished\":\"2020-03-14T07:15:22+00:00\",\"dateModified\":\"2023-11-06T20:54:19+00:00\",\"breadcrumb\":{\"@id\":\"https:\/\/raubonys.lt\/kultura-renginiai-2018\/#breadcrumb\"},\"inLanguage\":\"en-GB\",\"potentialAction\":[{\"@type\":\"ReadAction\",\"target\":[\"https:\/\/raubonys.lt\/kultura-renginiai-2018\/\"]}]},{\"@type\":\"BreadcrumbList\",\"@id\":\"https:\/\/raubonys.lt\/kultura-renginiai-2018\/#breadcrumb\",\"itemListElement\":[{\"@type\":\"ListItem\",\"position\":1,\"name\":\"Prad\u017eia\",\"item\":\"https:\/\/raubonys.lt\/\"},{\"@type\":\"ListItem\",\"position\":2,\"name\":\"Kult\u016bros renginiai | 2018 m.\"}]},{\"@type\":\"WebSite\",\"@id\":\"https:\/\/raubonys.lt\/#website\",\"url\":\"https:\/\/raubonys.lt\/\",\"name\":\"Rauboni\u0173 bendruomen\u0117 ir kult\u016bros namai\",\"description\":\"Raubonys.lt\",\"publisher\":{\"@id\":\"https:\/\/raubonys.lt\/#organization\"},\"alternateName\":\"Raubonys.lt\",\"potentialAction\":[{\"@type\":\"SearchAction\",\"target\":{\"@type\":\"EntryPoint\",\"urlTemplate\":\"https:\/\/raubonys.lt\/?s={search_term_string}\"},\"query-input\":{\"@type\":\"PropertyValueSpecification\",\"valueRequired\":true,\"valueName\":\"search_term_string\"}}],\"inLanguage\":\"en-GB\"},{\"@type\":\"Organization\",\"@id\":\"https:\/\/raubonys.lt\/#organization\",\"name\":\"Raubonys.lt\",\"url\":\"https:\/\/raubonys.lt\/\",\"logo\":{\"@type\":\"ImageObject\",\"inLanguage\":\"en-GB\",\"@id\":\"https:\/\/raubonys.lt\/#\/schema\/logo\/image\/\",\"url\":\"https:\/\/raubonys.lt\/wp-content\/uploads\/2023\/10\/raubonys.lt_logo_black.png\",\"contentUrl\":\"https:\/\/raubonys.lt\/wp-content\/uploads\/2023\/10\/raubonys.lt_logo_black.png\",\"width\":3508,\"height\":931,\"caption\":\"Raubonys.lt\"},\"image\":{\"@id\":\"https:\/\/raubonys.lt\/#\/schema\/logo\/image\/\"},\"sameAs\":[\"https:\/\/www.facebook.com\/raubonys\/\"]}]}<\/script>\n<!-- \/ Yoast SEO plugin. -->","yoast_head_json":{"title":"Kult\u016bros renginiai | 2018 m. - Rauboni\u0173 bendruomen\u0117 ir kult\u016bros namai","robots":{"index":"index","follow":"follow","max-snippet":"max-snippet:-1","max-image-preview":"max-image-preview:large","max-video-preview":"max-video-preview:-1"},"canonical":"https:\/\/raubonys.lt\/en\/kultura-renginiai-2018\/","og_locale":"en_GB","og_type":"article","og_title":"Kult\u016bros renginiai | 2018 m. - Rauboni\u0173 bendruomen\u0117 ir kult\u016bros namai","og_description":"Koncertin\u0117 i\u0161vyka \u012f Kirnai\u010dius Vie\u0161nag\u0117 Kirnai\u010diuose adventiniame pasibuvime &#8222;Atb\u0117ga elnias devyniaragis&#8221;. Folkloro ansamblis \u201eTatula\u201c \u017ei\u016brovams parod\u0117 programa \u201eVienu\u017eio dainos&nbsp;\u2013&nbsp;\u0161irdies patieka\u201c.&nbsp; Romans\u0173 vakaras \u201eApie meil\u0119 ir laim\u0119&#8230;\u201c Lapkri\u010dio 10 dien\u0105, romans\u0173 magija nune\u0161\u0119 klausytojus ten, kur nor\u0117josi b\u016bti mylimam ir pa\u010diam myl\u0117ti&#8230; \u0160irdis graudio: PKC Va\u0161k\u0173 skyriaus folkloro ansamblis ,,Kors\u201c , Nairi\u0173 kult\u016bros nam\u0173 dainuojamosios poezijos [&hellip;]","og_url":"https:\/\/raubonys.lt\/en\/kultura-renginiai-2018\/","og_site_name":"Rauboni\u0173 bendruomen\u0117 ir kult\u016bros namai","article_publisher":"https:\/\/www.facebook.com\/raubonys\/","article_modified_time":"2023-11-06T20:54:19+00:00","og_image":[{"width":1024,"height":576,"url":"https:\/\/raubonys.lt\/wp-content\/uploads\/2023\/10\/DJI_0306-1024x576.png","type":"image\/png"}],"twitter_card":"summary_large_image","twitter_misc":{"Estimated reading time":"4 minutes"},"schema":{"@context":"https:\/\/schema.org","@graph":[{"@type":"WebPage","@id":"https:\/\/raubonys.lt\/kultura-renginiai-2018\/","url":"https:\/\/raubonys.lt\/kultura-renginiai-2018\/","name":"Kult\u016bros renginiai | 2018 m. - Rauboni\u0173 bendruomen\u0117 ir kult\u016bros namai","isPartOf":{"@id":"https:\/\/raubonys.lt\/#website"},"datePublished":"2020-03-14T07:15:22+00:00","dateModified":"2023-11-06T20:54:19+00:00","breadcrumb":{"@id":"https:\/\/raubonys.lt\/kultura-renginiai-2018\/#breadcrumb"},"inLanguage":"en-GB","potentialAction":[{"@type":"ReadAction","target":["https:\/\/raubonys.lt\/kultura-renginiai-2018\/"]}]},{"@type":"BreadcrumbList","@id":"https:\/\/raubonys.lt\/kultura-renginiai-2018\/#breadcrumb","itemListElement":[{"@type":"ListItem","position":1,"name":"Prad\u017eia","item":"https:\/\/raubonys.lt\/"},{"@type":"ListItem","position":2,"name":"Kult\u016bros renginiai | 2018 m."}]},{"@type":"WebSite","@id":"https:\/\/raubonys.lt\/#website","url":"https:\/\/raubonys.lt\/","name":"Rauboni\u0173 bendruomen\u0117 ir kult\u016bros namai","description":"Raubonys.lt","publisher":{"@id":"https:\/\/raubonys.lt\/#organization"},"alternateName":"Raubonys.lt","potentialAction":[{"@type":"SearchAction","target":{"@type":"EntryPoint","urlTemplate":"https:\/\/raubonys.lt\/?s={search_term_string}"},"query-input":{"@type":"PropertyValueSpecification","valueRequired":true,"valueName":"search_term_string"}}],"inLanguage":"en-GB"},{"@type":"Organization","@id":"https:\/\/raubonys.lt\/#organization","name":"Raubonys.lt","url":"https:\/\/raubonys.lt\/","logo":{"@type":"ImageObject","inLanguage":"en-GB","@id":"https:\/\/raubonys.lt\/#\/schema\/logo\/image\/","url":"https:\/\/raubonys.lt\/wp-content\/uploads\/2023\/10\/raubonys.lt_logo_black.png","contentUrl":"https:\/\/raubonys.lt\/wp-content\/uploads\/2023\/10\/raubonys.lt_logo_black.png","width":3508,"height":931,"caption":"Raubonys.lt"},"image":{"@id":"https:\/\/raubonys.lt\/#\/schema\/logo\/image\/"},"sameAs":["https:\/\/www.facebook.com\/raubonys\/"]}]}},"_links":{"self":[{"href":"https:\/\/raubonys.lt\/en\/wp-json\/wp\/v2\/pages\/6602","targetHints":{"allow":["GET"]}}],"collection":[{"href":"https:\/\/raubonys.lt\/en\/wp-json\/wp\/v2\/pages"}],"about":[{"href":"https:\/\/raubonys.lt\/en\/wp-json\/wp\/v2\/types\/page"}],"author":[{"embeddable":true,"href":"https:\/\/raubonys.lt\/en\/wp-json\/wp\/v2\/users\/1"}],"replies":[{"embeddable":true,"href":"https:\/\/raubonys.lt\/en\/wp-json\/wp\/v2\/comments?post=6602"}],"version-history":[{"count":0,"href":"https:\/\/raubonys.lt\/en\/wp-json\/wp\/v2\/pages\/6602\/revisions"}],"wp:attachment":[{"href":"https:\/\/raubonys.lt\/en\/wp-json\/wp\/v2\/media?parent=6602"}],"curies":[{"name":"wp","href":"https:\/\/api.w.org\/{rel}","templated":true}]}}