{"id":6605,"date":"2020-03-14T09:01:24","date_gmt":"2020-03-14T09:01:24","guid":{"rendered":"http:\/\/raubonys.lt\/?page_id=1141"},"modified":"2023-11-06T21:50:17","modified_gmt":"2023-11-06T21:50:17","slug":"bendruomenes-renginiai-2018","status":"publish","type":"page","link":"https:\/\/raubonys.lt\/en\/bendruomenes-renginiai-2018\/","title":{"rendered":"Bendruomen\u0117s renginiai | 2018 m."},"content":{"rendered":"<p>Rauboni\u0173 kaimo bendruomen\u0117 dalyvavo UAB \u201eDELFI\u201c ir UAB \u201eNorfos ma\u017emena\u201c socialin\u0117je iniciatyvoje \u201eBENDRUOMEN\u0116S 2018\u201c. J\u016bs\u0173 d\u0117ka  Pasvalio rajono Rauboni\u0173 kaimo bendruomen\u0117 surinko <strong>21649<\/strong> bals\u0173! A\u010cI\u016a JUMS!<\/p>\n\n\n\n<figure class=\"wp-block-image size-large\"><img fetchpriority=\"high\" decoding=\"async\" width=\"1024\" height=\"465\" src=\"https:\/\/raubonys.lt\/wp-content\/uploads\/2023\/11\/Komentaras-2020-03-14-104956-1536x697-1-1024x465.webp\" alt=\"\" class=\"wp-image-9863\" srcset=\"https:\/\/raubonys.lt\/wp-content\/uploads\/2023\/11\/Komentaras-2020-03-14-104956-1536x697-1-1024x465.webp 1024w, https:\/\/raubonys.lt\/wp-content\/uploads\/2023\/11\/Komentaras-2020-03-14-104956-1536x697-1-300x136.webp 300w, https:\/\/raubonys.lt\/wp-content\/uploads\/2023\/11\/Komentaras-2020-03-14-104956-1536x697-1-768x349.webp 768w, https:\/\/raubonys.lt\/wp-content\/uploads\/2023\/11\/Komentaras-2020-03-14-104956-1536x697-1-350x159.webp 350w, https:\/\/raubonys.lt\/wp-content\/uploads\/2023\/11\/Komentaras-2020-03-14-104956-1536x697-1-370x168.webp 370w, https:\/\/raubonys.lt\/wp-content\/uploads\/2023\/11\/Komentaras-2020-03-14-104956-1536x697-1-255x116.webp 255w, https:\/\/raubonys.lt\/wp-content\/uploads\/2023\/11\/Komentaras-2020-03-14-104956-1536x697-1-285x129.webp 285w, https:\/\/raubonys.lt\/wp-content\/uploads\/2023\/11\/Komentaras-2020-03-14-104956-1536x697-1-600x272.webp 600w, https:\/\/raubonys.lt\/wp-content\/uploads\/2023\/11\/Komentaras-2020-03-14-104956-1536x697-1-560x254.webp 560w, https:\/\/raubonys.lt\/wp-content\/uploads\/2023\/11\/Komentaras-2020-03-14-104956-1536x697-1.webp 1536w\" sizes=\"(max-width: 1024px) 100vw, 1024px\" \/><\/figure>\n\n\n\n<hr class=\"wp-block-separator has-css-opacity is-style-dots\"\/>\n\n\n\n<p>U\u017e \u0161auni\u0105 iniciatyv\u0105 &#8211; padovanotus suoliukus, d\u0117kojame raubonie\u010diui Leonui Ma\u017euknai. <br>Liepos m\u0117nes\u012f kaimo bendruomen\u0117 rengiasi \u012fgyvendinti projekt\u0105 ,,Gra\u017einame savo kaimo aplink\u0105&#8221;, kuriam finansavim\u0105 skyr\u0117 Pasvalio rajono savivaldyb\u0117. Projekto l\u0117\u0161omis bus sutvarkytos ir perda\u017eytos medines skulpt\u016bros, sutvarkyta j\u0173 aplinka. <br>D\u017eiaugiam\u0117s, kad bendromis pastangomis gra\u017e\u0117ja m\u016bs\u0173 kaimo aplinka!<\/p>\n\n\n\n<figure class=\"wp-block-image size-large\"><img decoding=\"async\" width=\"1024\" height=\"678\" src=\"https:\/\/raubonys.lt\/wp-content\/uploads\/2023\/11\/35922547_653058771705713_3925279712573652992_o-1536x1017-1-1024x678.webp\" alt=\"\" class=\"wp-image-9862\" srcset=\"https:\/\/raubonys.lt\/wp-content\/uploads\/2023\/11\/35922547_653058771705713_3925279712573652992_o-1536x1017-1-1024x678.webp 1024w, https:\/\/raubonys.lt\/wp-content\/uploads\/2023\/11\/35922547_653058771705713_3925279712573652992_o-1536x1017-1-300x199.webp 300w, https:\/\/raubonys.lt\/wp-content\/uploads\/2023\/11\/35922547_653058771705713_3925279712573652992_o-1536x1017-1-768x509.webp 768w, https:\/\/raubonys.lt\/wp-content\/uploads\/2023\/11\/35922547_653058771705713_3925279712573652992_o-1536x1017-1-391x260.webp 391w, https:\/\/raubonys.lt\/wp-content\/uploads\/2023\/11\/35922547_653058771705713_3925279712573652992_o-1536x1017-1-350x232.webp 350w, https:\/\/raubonys.lt\/wp-content\/uploads\/2023\/11\/35922547_653058771705713_3925279712573652992_o-1536x1017-1-370x245.webp 370w, https:\/\/raubonys.lt\/wp-content\/uploads\/2023\/11\/35922547_653058771705713_3925279712573652992_o-1536x1017-1-255x169.webp 255w, https:\/\/raubonys.lt\/wp-content\/uploads\/2023\/11\/35922547_653058771705713_3925279712573652992_o-1536x1017-1-285x189.webp 285w, https:\/\/raubonys.lt\/wp-content\/uploads\/2023\/11\/35922547_653058771705713_3925279712573652992_o-1536x1017-1-600x397.webp 600w, https:\/\/raubonys.lt\/wp-content\/uploads\/2023\/11\/35922547_653058771705713_3925279712573652992_o-1536x1017-1-560x371.webp 560w, https:\/\/raubonys.lt\/wp-content\/uploads\/2023\/11\/35922547_653058771705713_3925279712573652992_o-1536x1017-1.webp 1536w\" sizes=\"(max-width: 1024px) 100vw, 1024px\" \/><\/figure>\n\n\n\n<hr class=\"wp-block-separator has-css-opacity is-style-dots\"\/>\n\n\n\n<p>\u012egyvendinamas projektas \u201eRauboni\u0173 kaimo kra\u0161tovaizd\u017eio gerinimas ir aplinkos sutvarkymas\u201c. Jo metu sutvarkytos ir nuda\u017eytos kaimo centre esan\u010dios med\u017eio skulpt\u016bros ir suoliukai, prie koply\u010dios stovintis kry\u017eius, medinis tiltelis parke. Toliau bus tvarkoma j\u0173 aplinka: \u012fsigyjama skaldel\u0117, vis\u017ealiai augalai. D\u0117kojame Augustui Juz\u0117nui u\u017e kruop\u0161\u010diai atlikt\u0105 darb\u0105.<\/p>\n\n\n\n<figure class=\"wp-block-image size-full\"><img decoding=\"async\" width=\"959\" height=\"540\" src=\"https:\/\/raubonys.lt\/wp-content\/uploads\/2023\/11\/38786265_701407990204124_6953352946130092032_o.webp\" alt=\"\" class=\"wp-image-9861\" srcset=\"https:\/\/raubonys.lt\/wp-content\/uploads\/2023\/11\/38786265_701407990204124_6953352946130092032_o.webp 959w, https:\/\/raubonys.lt\/wp-content\/uploads\/2023\/11\/38786265_701407990204124_6953352946130092032_o-300x169.webp 300w, https:\/\/raubonys.lt\/wp-content\/uploads\/2023\/11\/38786265_701407990204124_6953352946130092032_o-768x432.webp 768w, https:\/\/raubonys.lt\/wp-content\/uploads\/2023\/11\/38786265_701407990204124_6953352946130092032_o-350x197.webp 350w, https:\/\/raubonys.lt\/wp-content\/uploads\/2023\/11\/38786265_701407990204124_6953352946130092032_o-370x208.webp 370w, https:\/\/raubonys.lt\/wp-content\/uploads\/2023\/11\/38786265_701407990204124_6953352946130092032_o-255x144.webp 255w, https:\/\/raubonys.lt\/wp-content\/uploads\/2023\/11\/38786265_701407990204124_6953352946130092032_o-285x160.webp 285w, https:\/\/raubonys.lt\/wp-content\/uploads\/2023\/11\/38786265_701407990204124_6953352946130092032_o-600x338.webp 600w, https:\/\/raubonys.lt\/wp-content\/uploads\/2023\/11\/38786265_701407990204124_6953352946130092032_o-560x315.webp 560w\" sizes=\"(max-width: 959px) 100vw, 959px\" \/><\/figure>\n\n\n\n<hr class=\"wp-block-separator has-css-opacity is-style-dots\"\/>\n\n\n\n<p>Atsinaujinusios skulpt\u016bros kvieste kviet\u0117 sutvarkyti \u0161alia esant\u012f parko vaizd\u0105, i\u0161gen\u0117ti \u0161akas, kr\u016bmus. Pasitar\u0119, nusprend\u0117me parkui suteikti saul\u0117s \u0161viesos, i\u0161ry\u0161kinti atnaujintas skulpt\u016bras. Tad nieko nelauk\u0119, \u0161iandien susirink\u0119, seni, jauni, dideli ir ma\u017ei kibome \u012f darb\u0105.<br>Rezultatas pranoko pats save, pris\u0117dus ant nauj\u0173 suoleli\u0173, galime pasid\u017eiaugti, pasiger\u0117ti kaimo vaizdu.<br>A\u010di\u016b visiems prisid\u0117jusiems!<\/p>\n\n\n\n<figure class=\"wp-block-image size-full\"><img loading=\"lazy\" decoding=\"async\" width=\"960\" height=\"490\" src=\"https:\/\/raubonys.lt\/wp-content\/uploads\/2023\/11\/40238506_722064608138462_2176284869758287872_n.webp\" alt=\"\" class=\"wp-image-9860\" srcset=\"https:\/\/raubonys.lt\/wp-content\/uploads\/2023\/11\/40238506_722064608138462_2176284869758287872_n.webp 960w, https:\/\/raubonys.lt\/wp-content\/uploads\/2023\/11\/40238506_722064608138462_2176284869758287872_n-300x153.webp 300w, https:\/\/raubonys.lt\/wp-content\/uploads\/2023\/11\/40238506_722064608138462_2176284869758287872_n-768x392.webp 768w, https:\/\/raubonys.lt\/wp-content\/uploads\/2023\/11\/40238506_722064608138462_2176284869758287872_n-350x179.webp 350w, https:\/\/raubonys.lt\/wp-content\/uploads\/2023\/11\/40238506_722064608138462_2176284869758287872_n-370x189.webp 370w, https:\/\/raubonys.lt\/wp-content\/uploads\/2023\/11\/40238506_722064608138462_2176284869758287872_n-255x130.webp 255w, https:\/\/raubonys.lt\/wp-content\/uploads\/2023\/11\/40238506_722064608138462_2176284869758287872_n-285x145.webp 285w, https:\/\/raubonys.lt\/wp-content\/uploads\/2023\/11\/40238506_722064608138462_2176284869758287872_n-600x306.webp 600w, https:\/\/raubonys.lt\/wp-content\/uploads\/2023\/11\/40238506_722064608138462_2176284869758287872_n-560x286.webp 560w\" sizes=\"(max-width: 960px) 100vw, 960px\" \/><\/figure>","protected":false},"excerpt":{"rendered":"<p>Rauboni\u0173 kaimo bendruomen\u0117 dalyvavo UAB \u201eDELFI\u201c ir UAB \u201eNorfos ma\u017emena\u201c socialin\u0117je iniciatyvoje \u201eBENDRUOMEN\u0116S 2018\u201c. J\u016bs\u0173 d\u0117ka Pasvalio rajono Rauboni\u0173 kaimo bendruomen\u0117 surinko 21649 bals\u0173! A\u010cI\u016a JUMS! U\u017e \u0161auni\u0105 iniciatyv\u0105 &#8211; padovanotus suoliukus, d\u0117kojame raubonie\u010diui Leonui Ma\u017euknai. Liepos m\u0117nes\u012f kaimo bendruomen\u0117 rengiasi \u012fgyvendinti projekt\u0105 ,,Gra\u017einame savo kaimo aplink\u0105&#8221;, kuriam finansavim\u0105 skyr\u0117 Pasvalio rajono savivaldyb\u0117. Projekto l\u0117\u0161omis [&hellip;]<\/p>\n","protected":false},"author":1,"featured_media":0,"parent":0,"menu_order":0,"comment_status":"closed","ping_status":"closed","template":"","meta":{"cybocfi_hide_featured_image":"","footnotes":""},"class_list":["post-6605","page","type-page","status-publish","hentry"],"yoast_head":"<!-- This site is optimized with the Yoast SEO plugin v27.0 - https:\/\/yoast.com\/product\/yoast-seo-wordpress\/ -->\n<title>Bendruomen\u0117s renginiai | 2018 m. - Rauboni\u0173 bendruomen\u0117 ir kult\u016bros namai<\/title>\n<meta name=\"robots\" content=\"index, follow, max-snippet:-1, max-image-preview:large, max-video-preview:-1\" \/>\n<link rel=\"canonical\" href=\"https:\/\/raubonys.lt\/en\/bendruomenes-renginiai-2018\/\" \/>\n<meta property=\"og:locale\" content=\"en_GB\" \/>\n<meta property=\"og:type\" content=\"article\" \/>\n<meta property=\"og:title\" content=\"Bendruomen\u0117s renginiai | 2018 m. - Rauboni\u0173 bendruomen\u0117 ir kult\u016bros namai\" \/>\n<meta property=\"og:description\" content=\"Rauboni\u0173 kaimo bendruomen\u0117 dalyvavo UAB \u201eDELFI\u201c ir UAB \u201eNorfos ma\u017emena\u201c socialin\u0117je iniciatyvoje \u201eBENDRUOMEN\u0116S 2018\u201c. J\u016bs\u0173 d\u0117ka Pasvalio rajono Rauboni\u0173 kaimo bendruomen\u0117 surinko 21649 bals\u0173! A\u010cI\u016a JUMS! U\u017e \u0161auni\u0105 iniciatyv\u0105 &#8211; padovanotus suoliukus, d\u0117kojame raubonie\u010diui Leonui Ma\u017euknai. Liepos m\u0117nes\u012f kaimo bendruomen\u0117 rengiasi \u012fgyvendinti projekt\u0105 ,,Gra\u017einame savo kaimo aplink\u0105&#8221;, kuriam finansavim\u0105 skyr\u0117 Pasvalio rajono savivaldyb\u0117. Projekto l\u0117\u0161omis [&hellip;]\" \/>\n<meta property=\"og:url\" content=\"https:\/\/raubonys.lt\/en\/bendruomenes-renginiai-2018\/\" \/>\n<meta property=\"og:site_name\" content=\"Rauboni\u0173 bendruomen\u0117 ir kult\u016bros namai\" \/>\n<meta property=\"article:publisher\" content=\"https:\/\/www.facebook.com\/raubonys\/\" \/>\n<meta property=\"article:modified_time\" content=\"2023-11-06T21:50:17+00:00\" \/>\n<meta property=\"og:image\" content=\"https:\/\/raubonys.lt\/wp-content\/uploads\/2023\/11\/Komentaras-2020-03-14-104956-1536x697-1-1024x465.webp\" \/>\n<meta name=\"twitter:card\" content=\"summary_large_image\" \/>\n<meta name=\"twitter:label1\" content=\"Estimated reading time\" \/>\n\t<meta name=\"twitter:data1\" content=\"1 minute\" \/>\n<script type=\"application\/ld+json\" class=\"yoast-schema-graph\">{\"@context\":\"https:\/\/schema.org\",\"@graph\":[{\"@type\":\"WebPage\",\"@id\":\"https:\/\/raubonys.lt\/bendruomenes-renginiai-2018\/\",\"url\":\"https:\/\/raubonys.lt\/bendruomenes-renginiai-2018\/\",\"name\":\"Bendruomen\u0117s renginiai | 2018 m. - Rauboni\u0173 bendruomen\u0117 ir kult\u016bros namai\",\"isPartOf\":{\"@id\":\"https:\/\/raubonys.lt\/#website\"},\"primaryImageOfPage\":{\"@id\":\"https:\/\/raubonys.lt\/bendruomenes-renginiai-2018\/#primaryimage\"},\"image\":{\"@id\":\"https:\/\/raubonys.lt\/bendruomenes-renginiai-2018\/#primaryimage\"},\"thumbnailUrl\":\"https:\/\/raubonys.lt\/wp-content\/uploads\/2023\/11\/Komentaras-2020-03-14-104956-1536x697-1-1024x465.webp\",\"datePublished\":\"2020-03-14T09:01:24+00:00\",\"dateModified\":\"2023-11-06T21:50:17+00:00\",\"breadcrumb\":{\"@id\":\"https:\/\/raubonys.lt\/bendruomenes-renginiai-2018\/#breadcrumb\"},\"inLanguage\":\"en-GB\",\"potentialAction\":[{\"@type\":\"ReadAction\",\"target\":[\"https:\/\/raubonys.lt\/bendruomenes-renginiai-2018\/\"]}]},{\"@type\":\"ImageObject\",\"inLanguage\":\"en-GB\",\"@id\":\"https:\/\/raubonys.lt\/bendruomenes-renginiai-2018\/#primaryimage\",\"url\":\"https:\/\/raubonys.lt\/wp-content\/uploads\/2023\/11\/Komentaras-2020-03-14-104956-1536x697-1-1024x465.webp\",\"contentUrl\":\"https:\/\/raubonys.lt\/wp-content\/uploads\/2023\/11\/Komentaras-2020-03-14-104956-1536x697-1-1024x465.webp\"},{\"@type\":\"BreadcrumbList\",\"@id\":\"https:\/\/raubonys.lt\/bendruomenes-renginiai-2018\/#breadcrumb\",\"itemListElement\":[{\"@type\":\"ListItem\",\"position\":1,\"name\":\"Prad\u017eia\",\"item\":\"https:\/\/raubonys.lt\/\"},{\"@type\":\"ListItem\",\"position\":2,\"name\":\"Bendruomen\u0117s renginiai | 2018 m.\"}]},{\"@type\":\"WebSite\",\"@id\":\"https:\/\/raubonys.lt\/#website\",\"url\":\"https:\/\/raubonys.lt\/\",\"name\":\"Rauboni\u0173 bendruomen\u0117 ir kult\u016bros namai\",\"description\":\"Raubonys.lt\",\"publisher\":{\"@id\":\"https:\/\/raubonys.lt\/#organization\"},\"alternateName\":\"Raubonys.lt\",\"potentialAction\":[{\"@type\":\"SearchAction\",\"target\":{\"@type\":\"EntryPoint\",\"urlTemplate\":\"https:\/\/raubonys.lt\/?s={search_term_string}\"},\"query-input\":{\"@type\":\"PropertyValueSpecification\",\"valueRequired\":true,\"valueName\":\"search_term_string\"}}],\"inLanguage\":\"en-GB\"},{\"@type\":\"Organization\",\"@id\":\"https:\/\/raubonys.lt\/#organization\",\"name\":\"Raubonys.lt\",\"url\":\"https:\/\/raubonys.lt\/\",\"logo\":{\"@type\":\"ImageObject\",\"inLanguage\":\"en-GB\",\"@id\":\"https:\/\/raubonys.lt\/#\/schema\/logo\/image\/\",\"url\":\"https:\/\/raubonys.lt\/wp-content\/uploads\/2023\/10\/raubonys.lt_logo_black.png\",\"contentUrl\":\"https:\/\/raubonys.lt\/wp-content\/uploads\/2023\/10\/raubonys.lt_logo_black.png\",\"width\":3508,\"height\":931,\"caption\":\"Raubonys.lt\"},\"image\":{\"@id\":\"https:\/\/raubonys.lt\/#\/schema\/logo\/image\/\"},\"sameAs\":[\"https:\/\/www.facebook.com\/raubonys\/\"]}]}<\/script>\n<!-- \/ Yoast SEO plugin. -->","yoast_head_json":{"title":"Bendruomen\u0117s renginiai | 2018 m. - Rauboni\u0173 bendruomen\u0117 ir kult\u016bros namai","robots":{"index":"index","follow":"follow","max-snippet":"max-snippet:-1","max-image-preview":"max-image-preview:large","max-video-preview":"max-video-preview:-1"},"canonical":"https:\/\/raubonys.lt\/en\/bendruomenes-renginiai-2018\/","og_locale":"en_GB","og_type":"article","og_title":"Bendruomen\u0117s renginiai | 2018 m. - Rauboni\u0173 bendruomen\u0117 ir kult\u016bros namai","og_description":"Rauboni\u0173 kaimo bendruomen\u0117 dalyvavo UAB \u201eDELFI\u201c ir UAB \u201eNorfos ma\u017emena\u201c socialin\u0117je iniciatyvoje \u201eBENDRUOMEN\u0116S 2018\u201c. J\u016bs\u0173 d\u0117ka Pasvalio rajono Rauboni\u0173 kaimo bendruomen\u0117 surinko 21649 bals\u0173! A\u010cI\u016a JUMS! U\u017e \u0161auni\u0105 iniciatyv\u0105 &#8211; padovanotus suoliukus, d\u0117kojame raubonie\u010diui Leonui Ma\u017euknai. Liepos m\u0117nes\u012f kaimo bendruomen\u0117 rengiasi \u012fgyvendinti projekt\u0105 ,,Gra\u017einame savo kaimo aplink\u0105&#8221;, kuriam finansavim\u0105 skyr\u0117 Pasvalio rajono savivaldyb\u0117. Projekto l\u0117\u0161omis [&hellip;]","og_url":"https:\/\/raubonys.lt\/en\/bendruomenes-renginiai-2018\/","og_site_name":"Rauboni\u0173 bendruomen\u0117 ir kult\u016bros namai","article_publisher":"https:\/\/www.facebook.com\/raubonys\/","article_modified_time":"2023-11-06T21:50:17+00:00","og_image":[{"url":"https:\/\/raubonys.lt\/wp-content\/uploads\/2023\/11\/Komentaras-2020-03-14-104956-1536x697-1-1024x465.webp","type":"","width":"","height":""}],"twitter_card":"summary_large_image","twitter_misc":{"Estimated reading time":"1 minute"},"schema":{"@context":"https:\/\/schema.org","@graph":[{"@type":"WebPage","@id":"https:\/\/raubonys.lt\/bendruomenes-renginiai-2018\/","url":"https:\/\/raubonys.lt\/bendruomenes-renginiai-2018\/","name":"Bendruomen\u0117s renginiai | 2018 m. - Rauboni\u0173 bendruomen\u0117 ir kult\u016bros namai","isPartOf":{"@id":"https:\/\/raubonys.lt\/#website"},"primaryImageOfPage":{"@id":"https:\/\/raubonys.lt\/bendruomenes-renginiai-2018\/#primaryimage"},"image":{"@id":"https:\/\/raubonys.lt\/bendruomenes-renginiai-2018\/#primaryimage"},"thumbnailUrl":"https:\/\/raubonys.lt\/wp-content\/uploads\/2023\/11\/Komentaras-2020-03-14-104956-1536x697-1-1024x465.webp","datePublished":"2020-03-14T09:01:24+00:00","dateModified":"2023-11-06T21:50:17+00:00","breadcrumb":{"@id":"https:\/\/raubonys.lt\/bendruomenes-renginiai-2018\/#breadcrumb"},"inLanguage":"en-GB","potentialAction":[{"@type":"ReadAction","target":["https:\/\/raubonys.lt\/bendruomenes-renginiai-2018\/"]}]},{"@type":"ImageObject","inLanguage":"en-GB","@id":"https:\/\/raubonys.lt\/bendruomenes-renginiai-2018\/#primaryimage","url":"https:\/\/raubonys.lt\/wp-content\/uploads\/2023\/11\/Komentaras-2020-03-14-104956-1536x697-1-1024x465.webp","contentUrl":"https:\/\/raubonys.lt\/wp-content\/uploads\/2023\/11\/Komentaras-2020-03-14-104956-1536x697-1-1024x465.webp"},{"@type":"BreadcrumbList","@id":"https:\/\/raubonys.lt\/bendruomenes-renginiai-2018\/#breadcrumb","itemListElement":[{"@type":"ListItem","position":1,"name":"Prad\u017eia","item":"https:\/\/raubonys.lt\/"},{"@type":"ListItem","position":2,"name":"Bendruomen\u0117s renginiai | 2018 m."}]},{"@type":"WebSite","@id":"https:\/\/raubonys.lt\/#website","url":"https:\/\/raubonys.lt\/","name":"Rauboni\u0173 bendruomen\u0117 ir kult\u016bros namai","description":"Raubonys.lt","publisher":{"@id":"https:\/\/raubonys.lt\/#organization"},"alternateName":"Raubonys.lt","potentialAction":[{"@type":"SearchAction","target":{"@type":"EntryPoint","urlTemplate":"https:\/\/raubonys.lt\/?s={search_term_string}"},"query-input":{"@type":"PropertyValueSpecification","valueRequired":true,"valueName":"search_term_string"}}],"inLanguage":"en-GB"},{"@type":"Organization","@id":"https:\/\/raubonys.lt\/#organization","name":"Raubonys.lt","url":"https:\/\/raubonys.lt\/","logo":{"@type":"ImageObject","inLanguage":"en-GB","@id":"https:\/\/raubonys.lt\/#\/schema\/logo\/image\/","url":"https:\/\/raubonys.lt\/wp-content\/uploads\/2023\/10\/raubonys.lt_logo_black.png","contentUrl":"https:\/\/raubonys.lt\/wp-content\/uploads\/2023\/10\/raubonys.lt_logo_black.png","width":3508,"height":931,"caption":"Raubonys.lt"},"image":{"@id":"https:\/\/raubonys.lt\/#\/schema\/logo\/image\/"},"sameAs":["https:\/\/www.facebook.com\/raubonys\/"]}]}},"_links":{"self":[{"href":"https:\/\/raubonys.lt\/en\/wp-json\/wp\/v2\/pages\/6605","targetHints":{"allow":["GET"]}}],"collection":[{"href":"https:\/\/raubonys.lt\/en\/wp-json\/wp\/v2\/pages"}],"about":[{"href":"https:\/\/raubonys.lt\/en\/wp-json\/wp\/v2\/types\/page"}],"author":[{"embeddable":true,"href":"https:\/\/raubonys.lt\/en\/wp-json\/wp\/v2\/users\/1"}],"replies":[{"embeddable":true,"href":"https:\/\/raubonys.lt\/en\/wp-json\/wp\/v2\/comments?post=6605"}],"version-history":[{"count":0,"href":"https:\/\/raubonys.lt\/en\/wp-json\/wp\/v2\/pages\/6605\/revisions"}],"wp:attachment":[{"href":"https:\/\/raubonys.lt\/en\/wp-json\/wp\/v2\/media?parent=6605"}],"curies":[{"name":"wp","href":"https:\/\/api.w.org\/{rel}","templated":true}]}}