{"id":8109,"date":"2023-10-17T14:39:40","date_gmt":"2023-10-17T14:39:40","guid":{"rendered":"https:\/\/raubonys.lt\/?page_id=8109"},"modified":"2026-03-17T10:38:50","modified_gmt":"2026-03-17T08:38:50","slug":"bendruomenes-veiklos-programa","status":"publish","type":"page","link":"https:\/\/raubonys.lt\/en\/bendruomenes-veiklos-programa\/","title":{"rendered":"Bendruomen\u0117s veiklos programa"},"content":{"rendered":"<div data-elementor-type=\"wp-page\" data-elementor-id=\"8109\" class=\"elementor elementor-8109\">\n\t\t\t\t\t\t<section class=\"elementor-section elementor-top-section elementor-element elementor-element-0231864 elementor-section-boxed elementor-section-height-default elementor-section-height-default\" data-id=\"0231864\" data-element_type=\"section\" data-e-type=\"section\">\n\t\t\t\t\t\t<div class=\"elementor-container elementor-column-gap-default\">\n\t\t\t\t\t<div class=\"elementor-column elementor-col-100 elementor-top-column elementor-element elementor-element-f71d789\" data-id=\"f71d789\" data-element_type=\"column\" data-e-type=\"column\">\n\t\t\t<div class=\"elementor-widget-wrap elementor-element-populated\">\n\t\t\t\t\t\t<div class=\"elementor-element elementor-element-49e9191 elementor-widget elementor-widget-ova_heading\" data-id=\"49e9191\" data-element_type=\"widget\" data-e-type=\"widget\" data-widget_type=\"ova_heading.default\">\n\t\t\t\t<div class=\"elementor-widget-container\">\n\t\t\t\t\t\t\t<div class=\"ova-heading\">\n\t\t\t\n\t\t\t\n\t\t\t\t\t\t\t<p class=\"sub-title\">RAUBONI\u0172 KAIMO BENDRUOMEN\u0116S 2026 MET\u0172 VEIKLOS PROGRAMA<\/p>\n\t\t\t\n\t\t<\/div>\n\t\t\t\t\t\t<\/div>\n\t\t\t\t<\/div>\n\t\t\t\t<div class=\"elementor-element elementor-element-7dd607f elementor-widget-divider--view-line elementor-widget elementor-widget-divider\" data-id=\"7dd607f\" data-element_type=\"widget\" data-e-type=\"widget\" data-widget_type=\"divider.default\">\n\t\t\t\t<div class=\"elementor-widget-container\">\n\t\t\t\t\t\t\t<div class=\"elementor-divider\">\n\t\t\t<span class=\"elementor-divider-separator\">\n\t\t\t\t\t\t<\/span>\n\t\t<\/div>\n\t\t\t\t\t\t<\/div>\n\t\t\t\t<\/div>\n\t\t\t\t<div class=\"elementor-element elementor-element-d37e1e0 elementor-widget elementor-widget-text-editor\" data-id=\"d37e1e0\" data-element_type=\"widget\" data-e-type=\"widget\" data-widget_type=\"text-editor.default\">\n\t\t\t\t<div class=\"elementor-widget-container\">\n\t\t\t\t\t\t\t\t\t<ol><li>Surengti bendruomen\u0117s nari\u0173 ataskaitin\u012f rinkimin\u012f susirinkim\u0105 \u2013 per kovo m\u0117n.<\/li><li>Parengti parai\u0161k\u0105 ir gavus finansavim\u0105, \u012fgyvendinti projekt\u0105 \u201eI\u0161 kartos \u012f kart\u0105 su meile Lietuvai\u201c, renginys skirtas Valstyb\u0117s dienai ir broli\u0173 Vilei\u0161i\u0173 metams pamin\u0117ti, vyks liepos 6 d, \u0104\u017euolpam\u016b\u0161\u0117s piliakalnyje.<\/li><li>Parengti parai\u0161k\u0105 ir gavus finansavim\u0105, \u012fgyvendinti projekt\u0105 \u201eStiprinkime psichin\u0119 sveikat\u0105 6\u201c per rugs\u0117jo \u2013 lapkri\u010dio m\u0117nesius.<\/li><li>Parengti parai\u0161k\u0105 ir gavus finansavim\u0105, \u012fgyvendinti projekt\u0105 \u201eRauboni\u0173 kaimo vaik\u0173 ir jaunimo laisvalaikio u\u017eimtumo organizavimas\u201c \u2013 iki gruod\u017eio 1 d.<\/li><li>Parengti parai\u0161k\u0105, ir gavus param\u0105, \u012fgyvendinti projekt\u0105 \u201eRauboni\u0173 bendruomen\u0117s kra\u0161tovaizd\u017eio gerinimas, aplinkos tvarkymas\u201c. Per liepos \u2013 lapkri\u010dio m\u0117n.<\/li><li>Parengti parai\u0161k\u0105 pagal Rauboni\u0173 bendruomen\u0117s strategij\u0105 ir gavus finansavim\u0105, surengti i\u0161vyk\u0105 susipa\u017einti su pa\u017eangi\u0173 bendruomeni\u0173 veiklos metodais, nuvykti \u012f Bir\u017e\u0173 rajono Pa\u010deriauk\u0161t\u0117s ir Nemun\u0117lio Radvili\u0161kio bendruomenes \u2013 liepos m\u0117n.<\/li><li>Surengti 2 aplinkos tvarkymo talkas \u2013 pavasar\u012f ir ruden\u012f.<\/li><li>Surengti XI tarptautin\u012f amat\u0173 ir meno festival\u012f \u201eVilnon\u0117s dienos\u201c \u2013 rugpj\u016b\u010dio 29-30 d.<\/li><li>Pasveikinti 2026 met\u0173 bendruomen\u0117s narius jubiliatus \u2013 bendruomen\u0117s rengini\u0173 metu.<\/li><li>Aplankyti ligonius, vieni\u0161us ir i\u0161 nam\u0173 nei\u0161einan\u010dius kaimo gyventojus \u2013 prie\u0161 Kal\u0117das.<\/li><li>Surengti Met\u0173 pad\u0117kos vakar\u0105 \u2013 gruod\u017eio m\u0117n.<\/li><li>Surengti Kal\u0117din\u0117s eglut\u0117s \u012f\u017eiebim\u0105 ir vaiku\u010di\u0173 susitikim\u0105 su Kal\u0117d\u0173 seneliu \u2013 gruod\u017eio m\u0117n.<\/li><li>Padaryti sveikinimo atvirukus ir pasveikinti bendruomen\u0117s narius bei kaimo senjorus.<\/li><\/ol>\t\t\t\t\t\t\t\t<\/div>\n\t\t\t\t<\/div>\n\t\t\t\t<div class=\"elementor-element elementor-element-a83f819 elementor-widget elementor-widget-text-editor\" data-id=\"a83f819\" data-element_type=\"widget\" data-e-type=\"widget\" data-widget_type=\"text-editor.default\">\n\t\t\t\t<div class=\"elementor-widget-container\">\n\t\t\t\t\t\t\t\t\t<p>Veiklos programa patvirtinta bendruomen\u0117s tarybos pos\u0117dyje,<br>2026-01-08<\/p>\t\t\t\t\t\t\t\t<\/div>\n\t\t\t\t<\/div>\n\t\t\t\t\t<\/div>\n\t\t<\/div>\n\t\t\t\t\t<\/div>\n\t\t<\/section>\n\t\t\t\t<\/div>","protected":false},"excerpt":{"rendered":"<p>RAUBONI\u0172 KAIMO BENDRUOMEN\u0116S 2026 MET\u0172 VEIKLOS PROGRAMA Surengti bendruomen\u0117s nari\u0173 ataskaitin\u012f rinkimin\u012f susirinkim\u0105 \u2013 per kovo m\u0117n. Parengti parai\u0161k\u0105 ir gavus finansavim\u0105, \u012fgyvendinti projekt\u0105 \u201eI\u0161 kartos \u012f kart\u0105 su meile Lietuvai\u201c, renginys skirtas Valstyb\u0117s dienai ir broli\u0173 Vilei\u0161i\u0173 metams pamin\u0117ti, vyks liepos 6 d, \u0104\u017euolpam\u016b\u0161\u0117s piliakalnyje. Parengti parai\u0161k\u0105 ir gavus finansavim\u0105, \u012fgyvendinti projekt\u0105 \u201eStiprinkime psichin\u0119 [&hellip;]<\/p>\n","protected":false},"author":1,"featured_media":5865,"parent":0,"menu_order":0,"comment_status":"closed","ping_status":"closed","template":"elementor_header_footer","meta":{"cybocfi_hide_featured_image":"","footnotes":""},"class_list":["post-8109","page","type-page","status-publish","has-post-thumbnail","hentry"],"yoast_head":"<!-- This site is optimized with the Yoast SEO plugin v27.0 - https:\/\/yoast.com\/product\/yoast-seo-wordpress\/ -->\n<title>Bendruomen\u0117s veiklos programa - Rauboni\u0173 bendruomen\u0117 ir kult\u016bros namai<\/title>\n<meta name=\"robots\" content=\"index, follow, max-snippet:-1, max-image-preview:large, max-video-preview:-1\" \/>\n<link rel=\"canonical\" href=\"https:\/\/raubonys.lt\/en\/bendruomenes-veiklos-programa\/\" \/>\n<meta property=\"og:locale\" content=\"en_GB\" \/>\n<meta property=\"og:type\" content=\"article\" \/>\n<meta property=\"og:title\" content=\"Bendruomen\u0117s veiklos programa - Rauboni\u0173 bendruomen\u0117 ir kult\u016bros namai\" \/>\n<meta property=\"og:description\" content=\"RAUBONI\u0172 KAIMO BENDRUOMEN\u0116S 2026 MET\u0172 VEIKLOS PROGRAMA Surengti bendruomen\u0117s nari\u0173 ataskaitin\u012f rinkimin\u012f susirinkim\u0105 \u2013 per kovo m\u0117n. Parengti parai\u0161k\u0105 ir gavus finansavim\u0105, \u012fgyvendinti projekt\u0105 \u201eI\u0161 kartos \u012f kart\u0105 su meile Lietuvai\u201c, renginys skirtas Valstyb\u0117s dienai ir broli\u0173 Vilei\u0161i\u0173 metams pamin\u0117ti, vyks liepos 6 d, \u0104\u017euolpam\u016b\u0161\u0117s piliakalnyje. Parengti parai\u0161k\u0105 ir gavus finansavim\u0105, \u012fgyvendinti projekt\u0105 \u201eStiprinkime psichin\u0119 [&hellip;]\" \/>\n<meta property=\"og:url\" content=\"https:\/\/raubonys.lt\/en\/bendruomenes-veiklos-programa\/\" \/>\n<meta property=\"og:site_name\" content=\"Rauboni\u0173 bendruomen\u0117 ir kult\u016bros namai\" \/>\n<meta property=\"article:publisher\" content=\"https:\/\/www.facebook.com\/raubonys\/\" \/>\n<meta property=\"article:modified_time\" content=\"2026-03-17T08:38:50+00:00\" \/>\n<meta property=\"og:image\" content=\"https:\/\/raubonys.lt\/wp-content\/uploads\/2023\/10\/Rauboniu-malunas-XX-a.-4-des-scaled.jpg\" \/>\n\t<meta property=\"og:image:width\" content=\"2560\" \/>\n\t<meta property=\"og:image:height\" content=\"1564\" \/>\n\t<meta property=\"og:image:type\" content=\"image\/jpeg\" \/>\n<meta name=\"twitter:card\" content=\"summary_large_image\" \/>\n<meta name=\"twitter:label1\" content=\"Estimated reading time\" \/>\n\t<meta name=\"twitter:data1\" content=\"2 minutes\" \/>\n<script type=\"application\/ld+json\" class=\"yoast-schema-graph\">{\"@context\":\"https:\/\/schema.org\",\"@graph\":[{\"@type\":\"WebPage\",\"@id\":\"https:\/\/raubonys.lt\/bendruomenes-veiklos-programa\/\",\"url\":\"https:\/\/raubonys.lt\/bendruomenes-veiklos-programa\/\",\"name\":\"Bendruomen\u0117s veiklos programa - Rauboni\u0173 bendruomen\u0117 ir kult\u016bros namai\",\"isPartOf\":{\"@id\":\"https:\/\/raubonys.lt\/#website\"},\"primaryImageOfPage\":{\"@id\":\"https:\/\/raubonys.lt\/bendruomenes-veiklos-programa\/#primaryimage\"},\"image\":{\"@id\":\"https:\/\/raubonys.lt\/bendruomenes-veiklos-programa\/#primaryimage\"},\"thumbnailUrl\":\"https:\/\/raubonys.lt\/wp-content\/uploads\/2023\/10\/Rauboniu-malunas-XX-a.-4-des-scaled.jpg\",\"datePublished\":\"2023-10-17T14:39:40+00:00\",\"dateModified\":\"2026-03-17T08:38:50+00:00\",\"breadcrumb\":{\"@id\":\"https:\/\/raubonys.lt\/bendruomenes-veiklos-programa\/#breadcrumb\"},\"inLanguage\":\"en-GB\",\"potentialAction\":[{\"@type\":\"ReadAction\",\"target\":[\"https:\/\/raubonys.lt\/bendruomenes-veiklos-programa\/\"]}]},{\"@type\":\"ImageObject\",\"inLanguage\":\"en-GB\",\"@id\":\"https:\/\/raubonys.lt\/bendruomenes-veiklos-programa\/#primaryimage\",\"url\":\"https:\/\/raubonys.lt\/wp-content\/uploads\/2023\/10\/Rauboniu-malunas-XX-a.-4-des-scaled.jpg\",\"contentUrl\":\"https:\/\/raubonys.lt\/wp-content\/uploads\/2023\/10\/Rauboniu-malunas-XX-a.-4-des-scaled.jpg\",\"width\":2560,\"height\":1564},{\"@type\":\"BreadcrumbList\",\"@id\":\"https:\/\/raubonys.lt\/bendruomenes-veiklos-programa\/#breadcrumb\",\"itemListElement\":[{\"@type\":\"ListItem\",\"position\":1,\"name\":\"Prad\u017eia\",\"item\":\"https:\/\/raubonys.lt\/\"},{\"@type\":\"ListItem\",\"position\":2,\"name\":\"Bendruomen\u0117s veiklos programa\"}]},{\"@type\":\"WebSite\",\"@id\":\"https:\/\/raubonys.lt\/#website\",\"url\":\"https:\/\/raubonys.lt\/\",\"name\":\"Rauboni\u0173 bendruomen\u0117 ir kult\u016bros namai\",\"description\":\"Raubonys.lt\",\"publisher\":{\"@id\":\"https:\/\/raubonys.lt\/#organization\"},\"alternateName\":\"Raubonys.lt\",\"potentialAction\":[{\"@type\":\"SearchAction\",\"target\":{\"@type\":\"EntryPoint\",\"urlTemplate\":\"https:\/\/raubonys.lt\/?s={search_term_string}\"},\"query-input\":{\"@type\":\"PropertyValueSpecification\",\"valueRequired\":true,\"valueName\":\"search_term_string\"}}],\"inLanguage\":\"en-GB\"},{\"@type\":\"Organization\",\"@id\":\"https:\/\/raubonys.lt\/#organization\",\"name\":\"Raubonys.lt\",\"url\":\"https:\/\/raubonys.lt\/\",\"logo\":{\"@type\":\"ImageObject\",\"inLanguage\":\"en-GB\",\"@id\":\"https:\/\/raubonys.lt\/#\/schema\/logo\/image\/\",\"url\":\"https:\/\/raubonys.lt\/wp-content\/uploads\/2023\/10\/raubonys.lt_logo_black.png\",\"contentUrl\":\"https:\/\/raubonys.lt\/wp-content\/uploads\/2023\/10\/raubonys.lt_logo_black.png\",\"width\":3508,\"height\":931,\"caption\":\"Raubonys.lt\"},\"image\":{\"@id\":\"https:\/\/raubonys.lt\/#\/schema\/logo\/image\/\"},\"sameAs\":[\"https:\/\/www.facebook.com\/raubonys\/\"]}]}<\/script>\n<!-- \/ Yoast SEO plugin. -->","yoast_head_json":{"title":"Bendruomen\u0117s veiklos programa - Rauboni\u0173 bendruomen\u0117 ir kult\u016bros namai","robots":{"index":"index","follow":"follow","max-snippet":"max-snippet:-1","max-image-preview":"max-image-preview:large","max-video-preview":"max-video-preview:-1"},"canonical":"https:\/\/raubonys.lt\/en\/bendruomenes-veiklos-programa\/","og_locale":"en_GB","og_type":"article","og_title":"Bendruomen\u0117s veiklos programa - Rauboni\u0173 bendruomen\u0117 ir kult\u016bros namai","og_description":"RAUBONI\u0172 KAIMO BENDRUOMEN\u0116S 2026 MET\u0172 VEIKLOS PROGRAMA Surengti bendruomen\u0117s nari\u0173 ataskaitin\u012f rinkimin\u012f susirinkim\u0105 \u2013 per kovo m\u0117n. Parengti parai\u0161k\u0105 ir gavus finansavim\u0105, \u012fgyvendinti projekt\u0105 \u201eI\u0161 kartos \u012f kart\u0105 su meile Lietuvai\u201c, renginys skirtas Valstyb\u0117s dienai ir broli\u0173 Vilei\u0161i\u0173 metams pamin\u0117ti, vyks liepos 6 d, \u0104\u017euolpam\u016b\u0161\u0117s piliakalnyje. Parengti parai\u0161k\u0105 ir gavus finansavim\u0105, \u012fgyvendinti projekt\u0105 \u201eStiprinkime psichin\u0119 [&hellip;]","og_url":"https:\/\/raubonys.lt\/en\/bendruomenes-veiklos-programa\/","og_site_name":"Rauboni\u0173 bendruomen\u0117 ir kult\u016bros namai","article_publisher":"https:\/\/www.facebook.com\/raubonys\/","article_modified_time":"2026-03-17T08:38:50+00:00","og_image":[{"width":2560,"height":1564,"url":"https:\/\/raubonys.lt\/wp-content\/uploads\/2023\/10\/Rauboniu-malunas-XX-a.-4-des-scaled.jpg","type":"image\/jpeg"}],"twitter_card":"summary_large_image","twitter_misc":{"Estimated reading time":"2 minutes"},"schema":{"@context":"https:\/\/schema.org","@graph":[{"@type":"WebPage","@id":"https:\/\/raubonys.lt\/bendruomenes-veiklos-programa\/","url":"https:\/\/raubonys.lt\/bendruomenes-veiklos-programa\/","name":"Bendruomen\u0117s veiklos programa - Rauboni\u0173 bendruomen\u0117 ir kult\u016bros namai","isPartOf":{"@id":"https:\/\/raubonys.lt\/#website"},"primaryImageOfPage":{"@id":"https:\/\/raubonys.lt\/bendruomenes-veiklos-programa\/#primaryimage"},"image":{"@id":"https:\/\/raubonys.lt\/bendruomenes-veiklos-programa\/#primaryimage"},"thumbnailUrl":"https:\/\/raubonys.lt\/wp-content\/uploads\/2023\/10\/Rauboniu-malunas-XX-a.-4-des-scaled.jpg","datePublished":"2023-10-17T14:39:40+00:00","dateModified":"2026-03-17T08:38:50+00:00","breadcrumb":{"@id":"https:\/\/raubonys.lt\/bendruomenes-veiklos-programa\/#breadcrumb"},"inLanguage":"en-GB","potentialAction":[{"@type":"ReadAction","target":["https:\/\/raubonys.lt\/bendruomenes-veiklos-programa\/"]}]},{"@type":"ImageObject","inLanguage":"en-GB","@id":"https:\/\/raubonys.lt\/bendruomenes-veiklos-programa\/#primaryimage","url":"https:\/\/raubonys.lt\/wp-content\/uploads\/2023\/10\/Rauboniu-malunas-XX-a.-4-des-scaled.jpg","contentUrl":"https:\/\/raubonys.lt\/wp-content\/uploads\/2023\/10\/Rauboniu-malunas-XX-a.-4-des-scaled.jpg","width":2560,"height":1564},{"@type":"BreadcrumbList","@id":"https:\/\/raubonys.lt\/bendruomenes-veiklos-programa\/#breadcrumb","itemListElement":[{"@type":"ListItem","position":1,"name":"Prad\u017eia","item":"https:\/\/raubonys.lt\/"},{"@type":"ListItem","position":2,"name":"Bendruomen\u0117s veiklos programa"}]},{"@type":"WebSite","@id":"https:\/\/raubonys.lt\/#website","url":"https:\/\/raubonys.lt\/","name":"Rauboni\u0173 bendruomen\u0117 ir kult\u016bros namai","description":"Raubonys.lt","publisher":{"@id":"https:\/\/raubonys.lt\/#organization"},"alternateName":"Raubonys.lt","potentialAction":[{"@type":"SearchAction","target":{"@type":"EntryPoint","urlTemplate":"https:\/\/raubonys.lt\/?s={search_term_string}"},"query-input":{"@type":"PropertyValueSpecification","valueRequired":true,"valueName":"search_term_string"}}],"inLanguage":"en-GB"},{"@type":"Organization","@id":"https:\/\/raubonys.lt\/#organization","name":"Raubonys.lt","url":"https:\/\/raubonys.lt\/","logo":{"@type":"ImageObject","inLanguage":"en-GB","@id":"https:\/\/raubonys.lt\/#\/schema\/logo\/image\/","url":"https:\/\/raubonys.lt\/wp-content\/uploads\/2023\/10\/raubonys.lt_logo_black.png","contentUrl":"https:\/\/raubonys.lt\/wp-content\/uploads\/2023\/10\/raubonys.lt_logo_black.png","width":3508,"height":931,"caption":"Raubonys.lt"},"image":{"@id":"https:\/\/raubonys.lt\/#\/schema\/logo\/image\/"},"sameAs":["https:\/\/www.facebook.com\/raubonys\/"]}]}},"_links":{"self":[{"href":"https:\/\/raubonys.lt\/en\/wp-json\/wp\/v2\/pages\/8109","targetHints":{"allow":["GET"]}}],"collection":[{"href":"https:\/\/raubonys.lt\/en\/wp-json\/wp\/v2\/pages"}],"about":[{"href":"https:\/\/raubonys.lt\/en\/wp-json\/wp\/v2\/types\/page"}],"author":[{"embeddable":true,"href":"https:\/\/raubonys.lt\/en\/wp-json\/wp\/v2\/users\/1"}],"replies":[{"embeddable":true,"href":"https:\/\/raubonys.lt\/en\/wp-json\/wp\/v2\/comments?post=8109"}],"version-history":[{"count":3,"href":"https:\/\/raubonys.lt\/en\/wp-json\/wp\/v2\/pages\/8109\/revisions"}],"predecessor-version":[{"id":13207,"href":"https:\/\/raubonys.lt\/en\/wp-json\/wp\/v2\/pages\/8109\/revisions\/13207"}],"wp:featuredmedia":[{"embeddable":true,"href":"https:\/\/raubonys.lt\/en\/wp-json\/wp\/v2\/media\/5865"}],"wp:attachment":[{"href":"https:\/\/raubonys.lt\/en\/wp-json\/wp\/v2\/media?parent=8109"}],"curies":[{"name":"wp","href":"https:\/\/api.w.org\/{rel}","templated":true}]}}