{"id":8132,"date":"2023-10-17T14:51:43","date_gmt":"2023-10-17T14:51:43","guid":{"rendered":"https:\/\/raubonys.lt\/?page_id=8132"},"modified":"2023-10-17T21:23:01","modified_gmt":"2023-10-17T21:23:01","slug":"bendruomenes-daina","status":"publish","type":"page","link":"https:\/\/raubonys.lt\/en\/bendruomenes-daina\/","title":{"rendered":"Community song"},"content":{"rendered":"<div data-elementor-type=\"wp-page\" data-elementor-id=\"8132\" class=\"elementor elementor-8132\">\n\t\t\t\t\t\t<section class=\"elementor-section elementor-top-section elementor-element elementor-element-0a909ef elementor-section-boxed elementor-section-height-default elementor-section-height-default\" data-id=\"0a909ef\" data-element_type=\"section\" data-e-type=\"section\">\n\t\t\t\t\t\t<div class=\"elementor-container elementor-column-gap-default\">\n\t\t\t\t\t<div class=\"elementor-column elementor-col-100 elementor-top-column elementor-element elementor-element-f42a79c\" data-id=\"f42a79c\" data-element_type=\"column\" data-e-type=\"column\">\n\t\t\t<div class=\"elementor-widget-wrap elementor-element-populated\">\n\t\t\t\t\t\t<div class=\"elementor-element elementor-element-198c9d9 elementor-widget elementor-widget-ova_heading\" data-id=\"198c9d9\" data-element_type=\"widget\" data-e-type=\"widget\" data-widget_type=\"ova_heading.default\">\n\t\t\t\t<div class=\"elementor-widget-container\">\n\t\t\t\t\t\t\t<div class=\"ova-heading\">\n\t\t\t\n\t\t\t\t\t\t\t<h3 class=\"title second_font\">Community song<\/h3>\n\t\t\t\n\t\t\t\n\t\t<\/div>\n\t\t\t\t\t\t<\/div>\n\t\t\t\t<\/div>\n\t\t\t\t\t<\/div>\n\t\t<\/div>\n\t\t\t\t\t<\/div>\n\t\t<\/section>\n\t\t\t\t<section class=\"elementor-section elementor-top-section elementor-element elementor-element-4d924c2 elementor-section-boxed elementor-section-height-default elementor-section-height-default\" data-id=\"4d924c2\" data-element_type=\"section\" data-e-type=\"section\">\n\t\t\t\t\t\t<div class=\"elementor-container elementor-column-gap-default\">\n\t\t\t\t\t<div class=\"elementor-column elementor-col-50 elementor-top-column elementor-element elementor-element-f7f80ae\" data-id=\"f7f80ae\" data-element_type=\"column\" data-e-type=\"column\">\n\t\t\t<div class=\"elementor-widget-wrap elementor-element-populated\">\n\t\t\t\t\t\t<div class=\"elementor-element elementor-element-24eb4d4 elementor-widget__width-initial elementor-widget elementor-widget-text-editor\" data-id=\"24eb4d4\" data-element_type=\"widget\" data-e-type=\"widget\" data-widget_type=\"text-editor.default\">\n\t\t\t\t<div class=\"elementor-widget-container\">\n\t\t\t\t\t\t\t\t\t<p>Gra\u017ei gyvenviet\u0117 prie Tatulos,\u00a0<br \/>Rauboni\u0173 kaimas \u010dia.\u00a0<br \/>Greta piliakalnis didingas,\u00a0<br \/>Senoli\u0173 ten dvasia.\u00a0<br \/><br \/><em>Priedainis:<\/em><br \/>Kur Tatula ir M\u016b\u0161a susilieja,\u00a0<br \/>Kur du susikerta keliai,\u00a0<br \/>Ir darb\u0161t\u016bs \u017emon\u0117s \u010dia gyvena,\u00a0<br \/>\u010cia savo med\u012f sodinai. (4 x 2 k)\u00a0<br \/><br \/>\u010cia senas kaimas jungias su nauju,\u00a0<br \/>\u010cia ir \u017emoni\u0173 likimai jungias,\u00a0<br \/>Ir gera \u010dia gyventi ir smagu,\u00a0<br \/>I\u0161puo\u0161im savo kaim\u0105, a\u0161 ir tu.\u00a0<br \/><br \/><em>Priedainis\u00a0<br \/><br \/><\/em>Geri ir puik\u016bs \u017emon\u0117s \u010dia gyvena,\u00a0<br \/>Jie myli gro\u017e\u012f, darb\u0105, dain\u0105,\u00a0<br \/>Bendruomen\u0117n mes susib\u016br\u0117m,\u00a0<br \/>Kartu ir himn\u0105 \u0161\u012f suk\u016br\u0117m.\u00a0<br \/><br \/><em>Priedainis\u00a0<\/em><\/p>\t\t\t\t\t\t\t\t<\/div>\n\t\t\t\t<\/div>\n\t\t\t\t<div class=\"elementor-element elementor-element-72b0fe9 elementor-widget__width-initial elementor-widget elementor-widget-text-editor\" data-id=\"72b0fe9\" data-element_type=\"widget\" data-e-type=\"widget\" data-widget_type=\"text-editor.default\">\n\t\t\t\t<div class=\"elementor-widget-container\">\n\t\t\t\t\t\t\t\t\t<p><em>\u017dod\u017eiai Z. Ranonien\u0117s<\/em><\/p>\t\t\t\t\t\t\t\t<\/div>\n\t\t\t\t<\/div>\n\t\t\t\t\t<\/div>\n\t\t<\/div>\n\t\t\t\t<div class=\"elementor-column elementor-col-50 elementor-top-column elementor-element elementor-element-4c3d687\" data-id=\"4c3d687\" data-element_type=\"column\" data-e-type=\"column\">\n\t\t\t<div class=\"elementor-widget-wrap elementor-element-populated\">\n\t\t\t\t\t\t<div class=\"elementor-element elementor-element-1710b69 elementor-widget elementor-widget-image\" data-id=\"1710b69\" data-element_type=\"widget\" data-e-type=\"widget\" data-widget_type=\"image.default\">\n\t\t\t\t<div class=\"elementor-widget-container\">\n\t\t\t\t\t\t\t\t\t\t\t\t<figure class=\"wp-caption\">\n\t\t\t\t\t\t\t\t\t\t<img fetchpriority=\"high\" decoding=\"async\" width=\"2000\" height=\"1125\" src=\"https:\/\/raubonys.lt\/wp-content\/uploads\/2023\/10\/DJI_0362.png\" class=\"attachment-full size-full wp-image-5795\" alt=\"\" srcset=\"https:\/\/raubonys.lt\/wp-content\/uploads\/2023\/10\/DJI_0362.png 2000w, https:\/\/raubonys.lt\/wp-content\/uploads\/2023\/10\/DJI_0362-300x169.png 300w, https:\/\/raubonys.lt\/wp-content\/uploads\/2023\/10\/DJI_0362-1024x576.png 1024w, https:\/\/raubonys.lt\/wp-content\/uploads\/2023\/10\/DJI_0362-768x432.png 768w, https:\/\/raubonys.lt\/wp-content\/uploads\/2023\/10\/DJI_0362-1536x864.png 1536w, https:\/\/raubonys.lt\/wp-content\/uploads\/2023\/10\/DJI_0362-600x338.png 600w, https:\/\/raubonys.lt\/wp-content\/uploads\/2023\/10\/DJI_0362-560x315.png 560w\" sizes=\"(max-width: 2000px) 100vw, 2000px\" \/>\t\t\t\t\t\t\t\t\t\t\t<figcaption class=\"widget-image-caption wp-caption-text\">Raubonys i\u0161 pauk\u0161\u010dio skryd\u017eio | 2023-07-12<\/figcaption>\n\t\t\t\t\t\t\t\t\t\t<\/figure>\n\t\t\t\t\t\t\t\t\t<\/div>\n\t\t\t\t<\/div>\n\t\t\t\t\t<\/div>\n\t\t<\/div>\n\t\t\t\t\t<\/div>\n\t\t<\/section>\n\t\t\t\t<\/div>","protected":false},"excerpt":{"rendered":"<p>Bendruomen\u0117s daina Gra\u017ei gyvenviet\u0117 prie Tatulos,\u00a0Rauboni\u0173 kaimas \u010dia.\u00a0Greta piliakalnis didingas,\u00a0Senoli\u0173 ten dvasia.\u00a0 Priedainis:Kur Tatula ir M\u016b\u0161a susilieja,\u00a0Kur du susikerta keliai,\u00a0Ir darb\u0161t\u016bs \u017emon\u0117s \u010dia gyvena,\u00a0\u010cia savo med\u012f sodinai. (4 x 2 k)\u00a0 \u010cia senas kaimas jungias su nauju,\u00a0\u010cia ir \u017emoni\u0173 likimai jungias,\u00a0Ir gera \u010dia gyventi ir smagu,\u00a0I\u0161puo\u0161im savo kaim\u0105, a\u0161 ir tu.\u00a0 Priedainis\u00a0 Geri ir puik\u016bs [&hellip;]<\/p>\n","protected":false},"author":1,"featured_media":5865,"parent":0,"menu_order":0,"comment_status":"closed","ping_status":"closed","template":"elementor_header_footer","meta":{"cybocfi_hide_featured_image":"","footnotes":""},"class_list":["post-8132","page","type-page","status-publish","has-post-thumbnail","hentry"],"yoast_head":"<!-- This site is optimized with the Yoast SEO plugin v27.0 - https:\/\/yoast.com\/product\/yoast-seo-wordpress\/ -->\n<title>Bendruomen\u0117s daina - Rauboni\u0173 bendruomen\u0117 ir kult\u016bros namai<\/title>\n<meta name=\"robots\" content=\"index, follow, max-snippet:-1, max-image-preview:large, max-video-preview:-1\" \/>\n<link rel=\"canonical\" href=\"https:\/\/raubonys.lt\/en\/bendruomenes-daina\/\" \/>\n<meta property=\"og:locale\" content=\"en_GB\" \/>\n<meta property=\"og:type\" content=\"article\" \/>\n<meta property=\"og:title\" content=\"Bendruomen\u0117s daina - Rauboni\u0173 bendruomen\u0117 ir kult\u016bros namai\" \/>\n<meta property=\"og:description\" content=\"Bendruomen\u0117s daina Gra\u017ei gyvenviet\u0117 prie Tatulos,\u00a0Rauboni\u0173 kaimas \u010dia.\u00a0Greta piliakalnis didingas,\u00a0Senoli\u0173 ten dvasia.\u00a0 Priedainis:Kur Tatula ir M\u016b\u0161a susilieja,\u00a0Kur du susikerta keliai,\u00a0Ir darb\u0161t\u016bs \u017emon\u0117s \u010dia gyvena,\u00a0\u010cia savo med\u012f sodinai. (4 x 2 k)\u00a0 \u010cia senas kaimas jungias su nauju,\u00a0\u010cia ir \u017emoni\u0173 likimai jungias,\u00a0Ir gera \u010dia gyventi ir smagu,\u00a0I\u0161puo\u0161im savo kaim\u0105, a\u0161 ir tu.\u00a0 Priedainis\u00a0 Geri ir puik\u016bs [&hellip;]\" \/>\n<meta property=\"og:url\" content=\"https:\/\/raubonys.lt\/en\/bendruomenes-daina\/\" \/>\n<meta property=\"og:site_name\" content=\"Rauboni\u0173 bendruomen\u0117 ir kult\u016bros namai\" \/>\n<meta property=\"article:publisher\" content=\"https:\/\/www.facebook.com\/raubonys\/\" \/>\n<meta property=\"article:modified_time\" content=\"2023-10-17T21:23:01+00:00\" \/>\n<meta property=\"og:image\" content=\"https:\/\/raubonys.lt\/wp-content\/uploads\/2023\/10\/Rauboniu-malunas-XX-a.-4-des-scaled.jpg\" \/>\n\t<meta property=\"og:image:width\" content=\"2560\" \/>\n\t<meta property=\"og:image:height\" content=\"1564\" \/>\n\t<meta property=\"og:image:type\" content=\"image\/jpeg\" \/>\n<meta name=\"twitter:card\" content=\"summary_large_image\" \/>\n<meta name=\"twitter:label1\" content=\"Estimated reading time\" \/>\n\t<meta name=\"twitter:data1\" content=\"1 minute\" \/>\n<script type=\"application\/ld+json\" class=\"yoast-schema-graph\">{\"@context\":\"https:\/\/schema.org\",\"@graph\":[{\"@type\":\"WebPage\",\"@id\":\"https:\/\/raubonys.lt\/bendruomenes-daina\/\",\"url\":\"https:\/\/raubonys.lt\/bendruomenes-daina\/\",\"name\":\"Bendruomen\u0117s daina - Rauboni\u0173 bendruomen\u0117 ir kult\u016bros namai\",\"isPartOf\":{\"@id\":\"https:\/\/raubonys.lt\/#website\"},\"primaryImageOfPage\":{\"@id\":\"https:\/\/raubonys.lt\/bendruomenes-daina\/#primaryimage\"},\"image\":{\"@id\":\"https:\/\/raubonys.lt\/bendruomenes-daina\/#primaryimage\"},\"thumbnailUrl\":\"https:\/\/raubonys.lt\/wp-content\/uploads\/2023\/10\/Rauboniu-malunas-XX-a.-4-des-scaled.jpg\",\"datePublished\":\"2023-10-17T14:51:43+00:00\",\"dateModified\":\"2023-10-17T21:23:01+00:00\",\"breadcrumb\":{\"@id\":\"https:\/\/raubonys.lt\/bendruomenes-daina\/#breadcrumb\"},\"inLanguage\":\"en-GB\",\"potentialAction\":[{\"@type\":\"ReadAction\",\"target\":[\"https:\/\/raubonys.lt\/bendruomenes-daina\/\"]}]},{\"@type\":\"ImageObject\",\"inLanguage\":\"en-GB\",\"@id\":\"https:\/\/raubonys.lt\/bendruomenes-daina\/#primaryimage\",\"url\":\"https:\/\/raubonys.lt\/wp-content\/uploads\/2023\/10\/Rauboniu-malunas-XX-a.-4-des-scaled.jpg\",\"contentUrl\":\"https:\/\/raubonys.lt\/wp-content\/uploads\/2023\/10\/Rauboniu-malunas-XX-a.-4-des-scaled.jpg\",\"width\":2560,\"height\":1564},{\"@type\":\"BreadcrumbList\",\"@id\":\"https:\/\/raubonys.lt\/bendruomenes-daina\/#breadcrumb\",\"itemListElement\":[{\"@type\":\"ListItem\",\"position\":1,\"name\":\"Prad\u017eia\",\"item\":\"https:\/\/raubonys.lt\/\"},{\"@type\":\"ListItem\",\"position\":2,\"name\":\"Bendruomen\u0117s daina\"}]},{\"@type\":\"WebSite\",\"@id\":\"https:\/\/raubonys.lt\/#website\",\"url\":\"https:\/\/raubonys.lt\/\",\"name\":\"Rauboni\u0173 bendruomen\u0117 ir kult\u016bros namai\",\"description\":\"Raubonys.lt\",\"publisher\":{\"@id\":\"https:\/\/raubonys.lt\/#organization\"},\"alternateName\":\"Raubonys.lt\",\"potentialAction\":[{\"@type\":\"SearchAction\",\"target\":{\"@type\":\"EntryPoint\",\"urlTemplate\":\"https:\/\/raubonys.lt\/?s={search_term_string}\"},\"query-input\":{\"@type\":\"PropertyValueSpecification\",\"valueRequired\":true,\"valueName\":\"search_term_string\"}}],\"inLanguage\":\"en-GB\"},{\"@type\":\"Organization\",\"@id\":\"https:\/\/raubonys.lt\/#organization\",\"name\":\"Raubonys.lt\",\"url\":\"https:\/\/raubonys.lt\/\",\"logo\":{\"@type\":\"ImageObject\",\"inLanguage\":\"en-GB\",\"@id\":\"https:\/\/raubonys.lt\/#\/schema\/logo\/image\/\",\"url\":\"https:\/\/raubonys.lt\/wp-content\/uploads\/2023\/10\/raubonys.lt_logo_black.png\",\"contentUrl\":\"https:\/\/raubonys.lt\/wp-content\/uploads\/2023\/10\/raubonys.lt_logo_black.png\",\"width\":3508,\"height\":931,\"caption\":\"Raubonys.lt\"},\"image\":{\"@id\":\"https:\/\/raubonys.lt\/#\/schema\/logo\/image\/\"},\"sameAs\":[\"https:\/\/www.facebook.com\/raubonys\/\"]}]}<\/script>\n<!-- \/ Yoast SEO plugin. -->","yoast_head_json":{"title":"Bendruomen\u0117s daina - Rauboni\u0173 bendruomen\u0117 ir kult\u016bros namai","robots":{"index":"index","follow":"follow","max-snippet":"max-snippet:-1","max-image-preview":"max-image-preview:large","max-video-preview":"max-video-preview:-1"},"canonical":"https:\/\/raubonys.lt\/en\/bendruomenes-daina\/","og_locale":"en_GB","og_type":"article","og_title":"Bendruomen\u0117s daina - Rauboni\u0173 bendruomen\u0117 ir kult\u016bros namai","og_description":"Bendruomen\u0117s daina Gra\u017ei gyvenviet\u0117 prie Tatulos,\u00a0Rauboni\u0173 kaimas \u010dia.\u00a0Greta piliakalnis didingas,\u00a0Senoli\u0173 ten dvasia.\u00a0 Priedainis:Kur Tatula ir M\u016b\u0161a susilieja,\u00a0Kur du susikerta keliai,\u00a0Ir darb\u0161t\u016bs \u017emon\u0117s \u010dia gyvena,\u00a0\u010cia savo med\u012f sodinai. (4 x 2 k)\u00a0 \u010cia senas kaimas jungias su nauju,\u00a0\u010cia ir \u017emoni\u0173 likimai jungias,\u00a0Ir gera \u010dia gyventi ir smagu,\u00a0I\u0161puo\u0161im savo kaim\u0105, a\u0161 ir tu.\u00a0 Priedainis\u00a0 Geri ir puik\u016bs [&hellip;]","og_url":"https:\/\/raubonys.lt\/en\/bendruomenes-daina\/","og_site_name":"Rauboni\u0173 bendruomen\u0117 ir kult\u016bros namai","article_publisher":"https:\/\/www.facebook.com\/raubonys\/","article_modified_time":"2023-10-17T21:23:01+00:00","og_image":[{"width":2560,"height":1564,"url":"https:\/\/raubonys.lt\/wp-content\/uploads\/2023\/10\/Rauboniu-malunas-XX-a.-4-des-scaled.jpg","type":"image\/jpeg"}],"twitter_card":"summary_large_image","twitter_misc":{"Estimated reading time":"1 minute"},"schema":{"@context":"https:\/\/schema.org","@graph":[{"@type":"WebPage","@id":"https:\/\/raubonys.lt\/bendruomenes-daina\/","url":"https:\/\/raubonys.lt\/bendruomenes-daina\/","name":"Bendruomen\u0117s daina - Rauboni\u0173 bendruomen\u0117 ir kult\u016bros namai","isPartOf":{"@id":"https:\/\/raubonys.lt\/#website"},"primaryImageOfPage":{"@id":"https:\/\/raubonys.lt\/bendruomenes-daina\/#primaryimage"},"image":{"@id":"https:\/\/raubonys.lt\/bendruomenes-daina\/#primaryimage"},"thumbnailUrl":"https:\/\/raubonys.lt\/wp-content\/uploads\/2023\/10\/Rauboniu-malunas-XX-a.-4-des-scaled.jpg","datePublished":"2023-10-17T14:51:43+00:00","dateModified":"2023-10-17T21:23:01+00:00","breadcrumb":{"@id":"https:\/\/raubonys.lt\/bendruomenes-daina\/#breadcrumb"},"inLanguage":"en-GB","potentialAction":[{"@type":"ReadAction","target":["https:\/\/raubonys.lt\/bendruomenes-daina\/"]}]},{"@type":"ImageObject","inLanguage":"en-GB","@id":"https:\/\/raubonys.lt\/bendruomenes-daina\/#primaryimage","url":"https:\/\/raubonys.lt\/wp-content\/uploads\/2023\/10\/Rauboniu-malunas-XX-a.-4-des-scaled.jpg","contentUrl":"https:\/\/raubonys.lt\/wp-content\/uploads\/2023\/10\/Rauboniu-malunas-XX-a.-4-des-scaled.jpg","width":2560,"height":1564},{"@type":"BreadcrumbList","@id":"https:\/\/raubonys.lt\/bendruomenes-daina\/#breadcrumb","itemListElement":[{"@type":"ListItem","position":1,"name":"Prad\u017eia","item":"https:\/\/raubonys.lt\/"},{"@type":"ListItem","position":2,"name":"Bendruomen\u0117s daina"}]},{"@type":"WebSite","@id":"https:\/\/raubonys.lt\/#website","url":"https:\/\/raubonys.lt\/","name":"Rauboni\u0173 bendruomen\u0117 ir kult\u016bros namai","description":"Raubonys.lt","publisher":{"@id":"https:\/\/raubonys.lt\/#organization"},"alternateName":"Raubonys.lt","potentialAction":[{"@type":"SearchAction","target":{"@type":"EntryPoint","urlTemplate":"https:\/\/raubonys.lt\/?s={search_term_string}"},"query-input":{"@type":"PropertyValueSpecification","valueRequired":true,"valueName":"search_term_string"}}],"inLanguage":"en-GB"},{"@type":"Organization","@id":"https:\/\/raubonys.lt\/#organization","name":"Raubonys.lt","url":"https:\/\/raubonys.lt\/","logo":{"@type":"ImageObject","inLanguage":"en-GB","@id":"https:\/\/raubonys.lt\/#\/schema\/logo\/image\/","url":"https:\/\/raubonys.lt\/wp-content\/uploads\/2023\/10\/raubonys.lt_logo_black.png","contentUrl":"https:\/\/raubonys.lt\/wp-content\/uploads\/2023\/10\/raubonys.lt_logo_black.png","width":3508,"height":931,"caption":"Raubonys.lt"},"image":{"@id":"https:\/\/raubonys.lt\/#\/schema\/logo\/image\/"},"sameAs":["https:\/\/www.facebook.com\/raubonys\/"]}]}},"_links":{"self":[{"href":"https:\/\/raubonys.lt\/en\/wp-json\/wp\/v2\/pages\/8132","targetHints":{"allow":["GET"]}}],"collection":[{"href":"https:\/\/raubonys.lt\/en\/wp-json\/wp\/v2\/pages"}],"about":[{"href":"https:\/\/raubonys.lt\/en\/wp-json\/wp\/v2\/types\/page"}],"author":[{"embeddable":true,"href":"https:\/\/raubonys.lt\/en\/wp-json\/wp\/v2\/users\/1"}],"replies":[{"embeddable":true,"href":"https:\/\/raubonys.lt\/en\/wp-json\/wp\/v2\/comments?post=8132"}],"version-history":[{"count":0,"href":"https:\/\/raubonys.lt\/en\/wp-json\/wp\/v2\/pages\/8132\/revisions"}],"wp:featuredmedia":[{"embeddable":true,"href":"https:\/\/raubonys.lt\/en\/wp-json\/wp\/v2\/media\/5865"}],"wp:attachment":[{"href":"https:\/\/raubonys.lt\/en\/wp-json\/wp\/v2\/media?parent=8132"}],"curies":[{"name":"wp","href":"https:\/\/api.w.org\/{rel}","templated":true}]}}