{"id":8253,"date":"2023-10-17T16:28:25","date_gmt":"2023-10-17T16:28:25","guid":{"rendered":"https:\/\/raubonys.lt\/?page_id=8253"},"modified":"2025-11-10T10:55:01","modified_gmt":"2025-11-10T08:55:01","slug":"kolektyvai","status":"publish","type":"page","link":"https:\/\/raubonys.lt\/en\/rauboniu-kulturos-namai\/kolektyvai\/","title":{"rendered":"Art Bands"},"content":{"rendered":"<div data-elementor-type=\"wp-page\" data-elementor-id=\"8253\" class=\"elementor elementor-8253\">\n\t\t\t\t\t\t<section class=\"elementor-section elementor-top-section elementor-element elementor-element-0231864 elementor-section-boxed elementor-section-height-default elementor-section-height-default\" data-id=\"0231864\" data-element_type=\"section\" data-e-type=\"section\">\n\t\t\t\t\t\t<div class=\"elementor-container elementor-column-gap-default\">\n\t\t\t\t\t<div class=\"elementor-column elementor-col-100 elementor-top-column elementor-element elementor-element-f71d789\" data-id=\"f71d789\" data-element_type=\"column\" data-e-type=\"column\">\n\t\t\t<div class=\"elementor-widget-wrap elementor-element-populated\">\n\t\t\t\t\t\t<div class=\"elementor-element elementor-element-0da3250 elementor-widget elementor-widget-general\" data-id=\"0da3250\" data-element_type=\"widget\" data-e-type=\"widget\" data-widget_type=\"general.default\">\n\t\t\t\t<div class=\"elementor-widget-container\">\n\t\t\t\t\t\r\n            <!-- portfolio Card 19 -->\r\n            <section class=\"portfolio-area style-19 noajax\" data-swp_ajaxid=\"0da3250\" data-style=\"general-style-two\">\r\n                <div class=\"swp-container\">\r\n                    <div class=\"modal\"><\/div>\r\n                    <div class=\"swp-row\">\r\n                <div class=\"swp-col-lg-6 swp-col-md-6\">\r\n                <div class=\"swp-single-inner style-19\">\r\n                                            <div class=\"icon-img\">\r\n                            <img fetchpriority=\"high\" decoding=\"async\" width=\"550\" height=\"390\" src=\"https:\/\/raubonys.lt\/wp-content\/uploads\/2023\/10\/Tatula-550x390.jpeg\" class=\"attachment-swp-portfolio-general size-swp-portfolio-general wp-post-image\" alt=\"\" \/>                        <\/div>\r\n                                        <div class=\"content-box\">\r\n                                                    <h2 class=\"inner-title\">\r\n\r\n                                \r\n                                    <a  href=\"https:\/\/raubonys.lt\/en\/kolektyvai\/folkloro-ansamblis-tatula\/\">\r\n\r\n                                    \r\n                                        Folklore ensemble \"Tatula\"                                        <\/a>\r\n                                    \r\n                            <\/h2>\r\n                            \r\n                                                            <a  class=\"swp-readmore-text\" href=\"https:\/\/raubonys.lt\/en\/kolektyvai\/folkloro-ansamblis-tatula\/\">Read More <i class=\"fas fa-angle-double-right\"><\/i><\/a>\r\n                                                <\/div>\r\n                <\/div>\r\n            <\/div>\r\n                <div class=\"swp-col-lg-6 swp-col-md-6\">\r\n                <div class=\"swp-single-inner style-19\">\r\n                                            <div class=\"icon-img\">\r\n                            <img decoding=\"async\" width=\"550\" height=\"390\" src=\"https:\/\/raubonys.lt\/wp-content\/uploads\/2023\/10\/Radasta1-550x390.jpg\" class=\"attachment-swp-portfolio-general size-swp-portfolio-general wp-post-image\" alt=\"\" \/>                        <\/div>\r\n                                        <div class=\"content-box\">\r\n                                                    <h2 class=\"inner-title\">\r\n\r\n                                \r\n                                    <a  href=\"https:\/\/raubonys.lt\/en\/kolektyvai\/moteru-vokalinis-ansamblis-radasta\/\">\r\n\r\n                                    \r\n                                        Women's Vocal Ensemble \"Radasta\"                                        <\/a>\r\n                                    \r\n                            <\/h2>\r\n                            \r\n                                                            <a  class=\"swp-readmore-text\" href=\"https:\/\/raubonys.lt\/en\/kolektyvai\/moteru-vokalinis-ansamblis-radasta\/\">Read More <i class=\"fas fa-angle-double-right\"><\/i><\/a>\r\n                                                <\/div>\r\n                <\/div>\r\n            <\/div>\r\n                <div class=\"swp-col-lg-6 swp-col-md-6\">\r\n                <div class=\"swp-single-inner style-19\">\r\n                                            <div class=\"icon-img\">\r\n                            <img decoding=\"async\" width=\"550\" height=\"390\" src=\"https:\/\/raubonys.lt\/wp-content\/uploads\/2023\/10\/IMG_0435-scaled-1-550x390.jpg\" class=\"attachment-swp-portfolio-general size-swp-portfolio-general wp-post-image\" alt=\"\" srcset=\"https:\/\/raubonys.lt\/wp-content\/uploads\/2023\/10\/IMG_0435-scaled-1-550x390.jpg 550w, https:\/\/raubonys.lt\/wp-content\/uploads\/2023\/10\/IMG_0435-scaled-1-16x12.jpg 16w\" sizes=\"(max-width: 550px) 100vw, 550px\" \/>                        <\/div>\r\n                                        <div class=\"content-box\">\r\n                                                    <h2 class=\"inner-title\">\r\n\r\n                                \r\n                                    <a  href=\"https:\/\/raubonys.lt\/en\/kolektyvai\/tradicines-muzikos-muzikantai-tam-kart\/\">\r\n\r\n                                    \r\n                                        Traditional music musicians \u201cTam kart\u2019\u201d                                        <\/a>\r\n                                    \r\n                            <\/h2>\r\n                            \r\n                                                            <a  class=\"swp-readmore-text\" href=\"https:\/\/raubonys.lt\/en\/kolektyvai\/tradicines-muzikos-muzikantai-tam-kart\/\">Read More <i class=\"fas fa-angle-double-right\"><\/i><\/a>\r\n                                                <\/div>\r\n                <\/div>\r\n            <\/div>\r\n                <div class=\"swp-col-lg-6 swp-col-md-6\">\r\n                <div class=\"swp-single-inner style-19\">\r\n                                            <div class=\"icon-img\">\r\n                            <img loading=\"lazy\" decoding=\"async\" width=\"550\" height=\"390\" src=\"https:\/\/raubonys.lt\/wp-content\/uploads\/2023\/10\/Teatro-studija_1-550x390.jpg\" class=\"attachment-swp-portfolio-general size-swp-portfolio-general wp-post-image\" alt=\"\" \/>                        <\/div>\r\n                                        <div class=\"content-box\">\r\n                                                    <h2 class=\"inner-title\">\r\n\r\n                                \r\n                                    <a  href=\"https:\/\/raubonys.lt\/en\/kolektyvai\/teatro-studija\/\">\r\n\r\n                                    \r\n                                        Theatre Studio                                        <\/a>\r\n                                    \r\n                            <\/h2>\r\n                            \r\n                                                            <a  class=\"swp-readmore-text\" href=\"https:\/\/raubonys.lt\/en\/kolektyvai\/teatro-studija\/\">Read More <i class=\"fas fa-angle-double-right\"><\/i><\/a>\r\n                                                <\/div>\r\n                <\/div>\r\n            <\/div>\r\n    \r\n<\/div>\r\n<div class=\"swpajaxapend\"><\/div>                <\/div>\r\n            <\/section>\r\n            <!-- portfolio Card 19 -->\r\n        \r\n\t\t\t\t<\/div>\n\t\t\t\t<\/div>\n\t\t\t\t<div class=\"elementor-element elementor-element-7dd607f elementor-widget-divider--view-line elementor-widget elementor-widget-divider\" data-id=\"7dd607f\" data-element_type=\"widget\" data-e-type=\"widget\" data-widget_type=\"divider.default\">\n\t\t\t\t<div class=\"elementor-widget-container\">\n\t\t\t\t\t\t\t<div class=\"elementor-divider\">\n\t\t\t<span class=\"elementor-divider-separator\">\n\t\t\t\t\t\t<\/span>\n\t\t<\/div>\n\t\t\t\t\t\t<\/div>\n\t\t\t\t<\/div>\n\t\t\t\t\t<\/div>\n\t\t<\/div>\n\t\t\t\t\t<\/div>\n\t\t<\/section>\n\t\t\t\t<section class=\"elementor-section elementor-top-section elementor-element elementor-element-ce321fd elementor-section-boxed elementor-section-height-default elementor-section-height-default\" data-id=\"ce321fd\" data-element_type=\"section\" data-e-type=\"section\">\n\t\t\t\t\t\t<div class=\"elementor-container elementor-column-gap-default\">\n\t\t\t\t\t<div class=\"elementor-column elementor-col-100 elementor-top-column elementor-element elementor-element-b8dc07d\" data-id=\"b8dc07d\" data-element_type=\"column\" data-e-type=\"column\">\n\t\t\t<div class=\"elementor-widget-wrap elementor-element-populated\">\n\t\t\t\t\t\t<div class=\"elementor-element elementor-element-be0ea3c elementor-widget elementor-widget-spacer\" data-id=\"be0ea3c\" data-element_type=\"widget\" data-e-type=\"widget\" data-widget_type=\"spacer.default\">\n\t\t\t\t<div class=\"elementor-widget-container\">\n\t\t\t\t\t\t\t<div class=\"elementor-spacer\">\n\t\t\t<div class=\"elementor-spacer-inner\"><\/div>\n\t\t<\/div>\n\t\t\t\t\t\t<\/div>\n\t\t\t\t<\/div>\n\t\t\t\t\t<\/div>\n\t\t<\/div>\n\t\t\t\t\t<\/div>\n\t\t<\/section>\n\t\t\t\t<\/div>","protected":false},"excerpt":{"rendered":"<p>Folkloro ansamblis \u201eTatula\u201c Skaityti daugiau Moter\u0173 vokalinis ansamblis \u201eRadasta\u201c Skaityti daugiau Mi\u0161rus vokalinis ansamblis \u201e\u0160arma\u201c Skaityti daugiau Teatro studija Skaityti daugiau Humoro grup\u0117 \u201eKaimo keistuol\u0117s\u201c Skaityti daugiau<\/p>","protected":false},"author":1,"featured_media":9882,"parent":1963,"menu_order":0,"comment_status":"closed","ping_status":"closed","template":"elementor_header_footer","meta":{"cybocfi_hide_featured_image":"","footnotes":""},"class_list":["post-8253","page","type-page","status-publish","has-post-thumbnail","hentry"],"yoast_head":"<!-- This site is optimized with the Yoast SEO plugin v27.0 - https:\/\/yoast.com\/product\/yoast-seo-wordpress\/ -->\n<title>M\u0117g\u0117j\u0173 meno kolektyvai - Rauboni\u0173 bendruomen\u0117 ir kult\u016bros namai<\/title>\n<meta name=\"robots\" content=\"index, follow, max-snippet:-1, max-image-preview:large, max-video-preview:-1\" \/>\n<link rel=\"canonical\" href=\"https:\/\/raubonys.lt\/en\/rauboniu-kulturos-namai\/kolektyvai\/\" \/>\n<meta property=\"og:locale\" content=\"en_GB\" \/>\n<meta property=\"og:type\" content=\"article\" \/>\n<meta property=\"og:title\" content=\"M\u0117g\u0117j\u0173 meno kolektyvai - Rauboni\u0173 bendruomen\u0117 ir kult\u016bros namai\" \/>\n<meta property=\"og:description\" content=\"Folkloro ansamblis \u201eTatula\u201c Skaityti daugiau Moter\u0173 vokalinis ansamblis \u201eRadasta\u201c Skaityti daugiau Mi\u0161rus vokalinis ansamblis \u201e\u0160arma\u201c Skaityti daugiau Teatro studija Skaityti daugiau Humoro grup\u0117 \u201eKaimo keistuol\u0117s\u201c Skaityti daugiau\" \/>\n<meta property=\"og:url\" content=\"https:\/\/raubonys.lt\/en\/rauboniu-kulturos-namai\/kolektyvai\/\" \/>\n<meta property=\"og:site_name\" content=\"Rauboni\u0173 bendruomen\u0117 ir kult\u016bros namai\" \/>\n<meta property=\"article:publisher\" content=\"https:\/\/www.facebook.com\/raubonys\/\" \/>\n<meta property=\"article:modified_time\" content=\"2025-11-10T08:55:01+00:00\" \/>\n<meta property=\"og:image\" content=\"https:\/\/raubonys.lt\/wp-content\/uploads\/2023\/11\/DSC01629-scaled-e1665395405368.webp\" \/>\n\t<meta property=\"og:image:width\" content=\"1600\" \/>\n\t<meta property=\"og:image:height\" content=\"532\" \/>\n\t<meta property=\"og:image:type\" content=\"image\/webp\" \/>\n<meta name=\"twitter:card\" content=\"summary_large_image\" \/>\n<script type=\"application\/ld+json\" class=\"yoast-schema-graph\">{\"@context\":\"https:\/\/schema.org\",\"@graph\":[{\"@type\":\"WebPage\",\"@id\":\"https:\/\/raubonys.lt\/rauboniu-kulturos-namai\/kolektyvai\/\",\"url\":\"https:\/\/raubonys.lt\/rauboniu-kulturos-namai\/kolektyvai\/\",\"name\":\"M\u0117g\u0117j\u0173 meno kolektyvai - Rauboni\u0173 bendruomen\u0117 ir kult\u016bros namai\",\"isPartOf\":{\"@id\":\"https:\/\/raubonys.lt\/#website\"},\"primaryImageOfPage\":{\"@id\":\"https:\/\/raubonys.lt\/rauboniu-kulturos-namai\/kolektyvai\/#primaryimage\"},\"image\":{\"@id\":\"https:\/\/raubonys.lt\/rauboniu-kulturos-namai\/kolektyvai\/#primaryimage\"},\"thumbnailUrl\":\"https:\/\/raubonys.lt\/wp-content\/uploads\/2023\/11\/DSC01629-scaled-e1665395405368.webp\",\"datePublished\":\"2023-10-17T16:28:25+00:00\",\"dateModified\":\"2025-11-10T08:55:01+00:00\",\"breadcrumb\":{\"@id\":\"https:\/\/raubonys.lt\/rauboniu-kulturos-namai\/kolektyvai\/#breadcrumb\"},\"inLanguage\":\"en-GB\",\"potentialAction\":[{\"@type\":\"ReadAction\",\"target\":[\"https:\/\/raubonys.lt\/rauboniu-kulturos-namai\/kolektyvai\/\"]}]},{\"@type\":\"ImageObject\",\"inLanguage\":\"en-GB\",\"@id\":\"https:\/\/raubonys.lt\/rauboniu-kulturos-namai\/kolektyvai\/#primaryimage\",\"url\":\"https:\/\/raubonys.lt\/wp-content\/uploads\/2023\/11\/DSC01629-scaled-e1665395405368.webp\",\"contentUrl\":\"https:\/\/raubonys.lt\/wp-content\/uploads\/2023\/11\/DSC01629-scaled-e1665395405368.webp\",\"width\":1600,\"height\":532},{\"@type\":\"BreadcrumbList\",\"@id\":\"https:\/\/raubonys.lt\/rauboniu-kulturos-namai\/kolektyvai\/#breadcrumb\",\"itemListElement\":[{\"@type\":\"ListItem\",\"position\":1,\"name\":\"Prad\u017eia\",\"item\":\"https:\/\/raubonys.lt\/\"},{\"@type\":\"ListItem\",\"position\":2,\"name\":\"Rauboni\u0173 kult\u016bros namai\",\"item\":\"https:\/\/raubonys.lt\/rauboniu-kulturos-namai\/\"},{\"@type\":\"ListItem\",\"position\":3,\"name\":\"M\u0117g\u0117j\u0173 meno kolektyvai\"}]},{\"@type\":\"WebSite\",\"@id\":\"https:\/\/raubonys.lt\/#website\",\"url\":\"https:\/\/raubonys.lt\/\",\"name\":\"Rauboni\u0173 bendruomen\u0117 ir kult\u016bros namai\",\"description\":\"Raubonys.lt\",\"publisher\":{\"@id\":\"https:\/\/raubonys.lt\/#organization\"},\"alternateName\":\"Raubonys.lt\",\"potentialAction\":[{\"@type\":\"SearchAction\",\"target\":{\"@type\":\"EntryPoint\",\"urlTemplate\":\"https:\/\/raubonys.lt\/?s={search_term_string}\"},\"query-input\":{\"@type\":\"PropertyValueSpecification\",\"valueRequired\":true,\"valueName\":\"search_term_string\"}}],\"inLanguage\":\"en-GB\"},{\"@type\":\"Organization\",\"@id\":\"https:\/\/raubonys.lt\/#organization\",\"name\":\"Raubonys.lt\",\"url\":\"https:\/\/raubonys.lt\/\",\"logo\":{\"@type\":\"ImageObject\",\"inLanguage\":\"en-GB\",\"@id\":\"https:\/\/raubonys.lt\/#\/schema\/logo\/image\/\",\"url\":\"https:\/\/raubonys.lt\/wp-content\/uploads\/2023\/10\/raubonys.lt_logo_black.png\",\"contentUrl\":\"https:\/\/raubonys.lt\/wp-content\/uploads\/2023\/10\/raubonys.lt_logo_black.png\",\"width\":3508,\"height\":931,\"caption\":\"Raubonys.lt\"},\"image\":{\"@id\":\"https:\/\/raubonys.lt\/#\/schema\/logo\/image\/\"},\"sameAs\":[\"https:\/\/www.facebook.com\/raubonys\/\"]}]}<\/script>\n<!-- \/ Yoast SEO plugin. -->","yoast_head_json":{"title":"M\u0117g\u0117j\u0173 meno kolektyvai - Rauboni\u0173 bendruomen\u0117 ir kult\u016bros namai","robots":{"index":"index","follow":"follow","max-snippet":"max-snippet:-1","max-image-preview":"max-image-preview:large","max-video-preview":"max-video-preview:-1"},"canonical":"https:\/\/raubonys.lt\/en\/rauboniu-kulturos-namai\/kolektyvai\/","og_locale":"en_GB","og_type":"article","og_title":"M\u0117g\u0117j\u0173 meno kolektyvai - Rauboni\u0173 bendruomen\u0117 ir kult\u016bros namai","og_description":"Folkloro ansamblis \u201eTatula\u201c Skaityti daugiau Moter\u0173 vokalinis ansamblis \u201eRadasta\u201c Skaityti daugiau Mi\u0161rus vokalinis ansamblis \u201e\u0160arma\u201c Skaityti daugiau Teatro studija Skaityti daugiau Humoro grup\u0117 \u201eKaimo keistuol\u0117s\u201c Skaityti daugiau","og_url":"https:\/\/raubonys.lt\/en\/rauboniu-kulturos-namai\/kolektyvai\/","og_site_name":"Rauboni\u0173 bendruomen\u0117 ir kult\u016bros namai","article_publisher":"https:\/\/www.facebook.com\/raubonys\/","article_modified_time":"2025-11-10T08:55:01+00:00","og_image":[{"width":1600,"height":532,"url":"https:\/\/raubonys.lt\/wp-content\/uploads\/2023\/11\/DSC01629-scaled-e1665395405368.webp","type":"image\/webp"}],"twitter_card":"summary_large_image","schema":{"@context":"https:\/\/schema.org","@graph":[{"@type":"WebPage","@id":"https:\/\/raubonys.lt\/rauboniu-kulturos-namai\/kolektyvai\/","url":"https:\/\/raubonys.lt\/rauboniu-kulturos-namai\/kolektyvai\/","name":"M\u0117g\u0117j\u0173 meno kolektyvai - Rauboni\u0173 bendruomen\u0117 ir kult\u016bros namai","isPartOf":{"@id":"https:\/\/raubonys.lt\/#website"},"primaryImageOfPage":{"@id":"https:\/\/raubonys.lt\/rauboniu-kulturos-namai\/kolektyvai\/#primaryimage"},"image":{"@id":"https:\/\/raubonys.lt\/rauboniu-kulturos-namai\/kolektyvai\/#primaryimage"},"thumbnailUrl":"https:\/\/raubonys.lt\/wp-content\/uploads\/2023\/11\/DSC01629-scaled-e1665395405368.webp","datePublished":"2023-10-17T16:28:25+00:00","dateModified":"2025-11-10T08:55:01+00:00","breadcrumb":{"@id":"https:\/\/raubonys.lt\/rauboniu-kulturos-namai\/kolektyvai\/#breadcrumb"},"inLanguage":"en-GB","potentialAction":[{"@type":"ReadAction","target":["https:\/\/raubonys.lt\/rauboniu-kulturos-namai\/kolektyvai\/"]}]},{"@type":"ImageObject","inLanguage":"en-GB","@id":"https:\/\/raubonys.lt\/rauboniu-kulturos-namai\/kolektyvai\/#primaryimage","url":"https:\/\/raubonys.lt\/wp-content\/uploads\/2023\/11\/DSC01629-scaled-e1665395405368.webp","contentUrl":"https:\/\/raubonys.lt\/wp-content\/uploads\/2023\/11\/DSC01629-scaled-e1665395405368.webp","width":1600,"height":532},{"@type":"BreadcrumbList","@id":"https:\/\/raubonys.lt\/rauboniu-kulturos-namai\/kolektyvai\/#breadcrumb","itemListElement":[{"@type":"ListItem","position":1,"name":"Prad\u017eia","item":"https:\/\/raubonys.lt\/"},{"@type":"ListItem","position":2,"name":"Rauboni\u0173 kult\u016bros namai","item":"https:\/\/raubonys.lt\/rauboniu-kulturos-namai\/"},{"@type":"ListItem","position":3,"name":"M\u0117g\u0117j\u0173 meno kolektyvai"}]},{"@type":"WebSite","@id":"https:\/\/raubonys.lt\/#website","url":"https:\/\/raubonys.lt\/","name":"Rauboni\u0173 bendruomen\u0117 ir kult\u016bros namai","description":"Raubonys.lt","publisher":{"@id":"https:\/\/raubonys.lt\/#organization"},"alternateName":"Raubonys.lt","potentialAction":[{"@type":"SearchAction","target":{"@type":"EntryPoint","urlTemplate":"https:\/\/raubonys.lt\/?s={search_term_string}"},"query-input":{"@type":"PropertyValueSpecification","valueRequired":true,"valueName":"search_term_string"}}],"inLanguage":"en-GB"},{"@type":"Organization","@id":"https:\/\/raubonys.lt\/#organization","name":"Raubonys.lt","url":"https:\/\/raubonys.lt\/","logo":{"@type":"ImageObject","inLanguage":"en-GB","@id":"https:\/\/raubonys.lt\/#\/schema\/logo\/image\/","url":"https:\/\/raubonys.lt\/wp-content\/uploads\/2023\/10\/raubonys.lt_logo_black.png","contentUrl":"https:\/\/raubonys.lt\/wp-content\/uploads\/2023\/10\/raubonys.lt_logo_black.png","width":3508,"height":931,"caption":"Raubonys.lt"},"image":{"@id":"https:\/\/raubonys.lt\/#\/schema\/logo\/image\/"},"sameAs":["https:\/\/www.facebook.com\/raubonys\/"]}]}},"_links":{"self":[{"href":"https:\/\/raubonys.lt\/en\/wp-json\/wp\/v2\/pages\/8253","targetHints":{"allow":["GET"]}}],"collection":[{"href":"https:\/\/raubonys.lt\/en\/wp-json\/wp\/v2\/pages"}],"about":[{"href":"https:\/\/raubonys.lt\/en\/wp-json\/wp\/v2\/types\/page"}],"author":[{"embeddable":true,"href":"https:\/\/raubonys.lt\/en\/wp-json\/wp\/v2\/users\/1"}],"replies":[{"embeddable":true,"href":"https:\/\/raubonys.lt\/en\/wp-json\/wp\/v2\/comments?post=8253"}],"version-history":[{"count":1,"href":"https:\/\/raubonys.lt\/en\/wp-json\/wp\/v2\/pages\/8253\/revisions"}],"predecessor-version":[{"id":12839,"href":"https:\/\/raubonys.lt\/en\/wp-json\/wp\/v2\/pages\/8253\/revisions\/12839"}],"up":[{"embeddable":true,"href":"https:\/\/raubonys.lt\/en\/wp-json\/wp\/v2\/pages\/1963"}],"wp:featuredmedia":[{"embeddable":true,"href":"https:\/\/raubonys.lt\/en\/wp-json\/wp\/v2\/media\/9882"}],"wp:attachment":[{"href":"https:\/\/raubonys.lt\/en\/wp-json\/wp\/v2\/media?parent=8253"}],"curies":[{"name":"wp","href":"https:\/\/api.w.org\/{rel}","templated":true}]}}